{"id":13,"date":"2015-06-29T13:43:15","date_gmt":"2015-06-29T12:43:15","guid":{"rendered":"https:\/\/apps.atilf.fr\/homepages\/vandre\/?page_id=13"},"modified":"2025-12-07T11:15:02","modified_gmt":"2025-12-07T10:15:02","slug":"enseignement","status":"publish","type":"page","link":"https:\/\/perso.atilf.fr\/VirginieAndre\/enseignement\/","title":{"rendered":"Enseignements"},"content":{"rendered":"<p><strong>Licence Sciences du langage<\/strong><\/p>\n<ul>\n<li>Constitution de corpus &#8211; L2<\/li>\n<li>Analyse des interactions &#8211; L3<\/li>\n<\/ul>\n<p><strong>Master Fran\u00e7ais Langue \u00c9trang\u00e8re<br \/>\n<\/strong><\/p>\n<ul>\n<li>Langage et travail &#8211; M1<\/li>\n<li>Analyse des interactions &#8211; M1<\/li>\n<li>Recueil et traitement de donn\u00e9es orales &#8211; M1<\/li>\n<li>Enseigner aux adultes en situation professionnelle &#8211; M1<\/li>\n<li>Corpus et didactique &#8211; M2<\/li>\n<\/ul>\n<p><strong>Master Psychologie<\/strong><\/p>\n<ul>\n<li>Approche sociolinguistique des interactions verbales &#8211; M1<\/li>\n<\/ul>\n<p><strong>Master Orthophonie<\/strong><\/p>\n<ul>\n<li>Pragmatique et discours &#8211; L1<\/li>\n<\/ul>\n<p><strong>DU Fran\u00e7ais Langue d&rsquo;Int\u00e9gration et d&rsquo;Insertion<\/strong><\/p>\n<ul>\n<li>Principes de base en linguistique et en didactique<\/li>\n<li>L&rsquo;oral : description, enseignement, apprentissage<\/li>\n<li>Fran\u00e7ais langue d&rsquo;int\u00e9gration et d&rsquo;insertion professionnelle<\/li>\n<\/ul>\n<p>______________________________________________________________<\/p>\n<h2><strong>Anciens cours<\/strong><\/h2>\n<p><strong>Licence Sciences du langage<\/strong><\/p>\n<ul>\n<li>Linguistique appliqu\u00e9e &#8211; L1<\/li>\n<li>Introduction \u00e0 la sociolinguistique &#8211; L1<\/li>\n<li>Anthropologie de la communication &#8211; L1<\/li>\n<\/ul>\n<p><strong>Master Sciences du langage et Fran\u00e7ais Langue \u00c9trang\u00e8re<br \/>\n<\/strong><\/p>\n<ul>\n<li>Langage et travail &#8211; M1<\/li>\n<li>Analyse des interactions &#8211; M1<\/li>\n<li>Pragmatique et interactions &#8211; M2<\/li>\n<li>Fran\u00e7ais Langue d&rsquo;Int\u00e9gration Professionnelle : principes et dispositifs &#8211; M1<\/li>\n<li>Fran\u00e7ais Langue d&rsquo;Int\u00e9gration Professionnelle : ing\u00e9nierie de formation &#8211; M2<\/li>\n<li>Corpus pour apprendre \u00e0 comprendre et \u00e0 s&rsquo;exprimer &#8211; M2<\/li>\n<li>Sociolinguistique des interactions verbales &#8211; M2<\/li>\n<\/ul>\n<p><strong>Master Sociologie<\/strong><\/p>\n<ul>\n<li>Apprentissage logiciels &#8211; Traitement de donn\u00e9es orales &#8211; M1<\/li>\n<\/ul>\n<p><strong>Master Orthophonie<\/strong><\/p>\n<ul>\n<li>Pragmatique et discours &#8211; L1<\/li>\n<\/ul>\n","protected":false},"excerpt":{"rendered":"<p>Licence Sciences du langage Constitution de corpus &#8211; L2 Analyse des interactions &#8211; L3 Master Fran\u00e7ais Langue \u00c9trang\u00e8re Langage et travail &#8211; M1 Analyse des interactions &#8211; M1 Recueil et traitement de donn\u00e9es orales &#8211; M1 Enseigner aux adultes en &hellip; <a href=\"https:\/\/perso.atilf.fr\/VirginieAndre\/enseignement\/\">Continuer la lecture <span class=\"meta-nav\">&rarr;<\/span><\/a><\/p>\n","protected":false},"author":1,"featured_media":0,"parent":0,"menu_order":0,"comment_status":"closed","ping_status":"closed","template":"","meta":{"footnotes":""},"class_list":["post-13","page","type-page","status-publish","hentry"],"_links":{"self":[{"href":"https:\/\/perso.atilf.fr\/VirginieAndre\/wp-json\/wp\/v2\/pages\/13","targetHints":{"allow":["GET"]}}],"collection":[{"href":"https:\/\/perso.atilf.fr\/VirginieAndre\/wp-json\/wp\/v2\/pages"}],"about":[{"href":"https:\/\/perso.atilf.fr\/VirginieAndre\/wp-json\/wp\/v2\/types\/page"}],"author":[{"embeddable":true,"href":"https:\/\/perso.atilf.fr\/VirginieAndre\/wp-json\/wp\/v2\/users\/1"}],"replies":[{"embeddable":true,"href":"https:\/\/perso.atilf.fr\/VirginieAndre\/wp-json\/wp\/v2\/comments?post=13"}],"version-history":[{"count":24,"href":"https:\/\/perso.atilf.fr\/VirginieAndre\/wp-json\/wp\/v2\/pages\/13\/revisions"}],"predecessor-version":[{"id":1010,"href":"https:\/\/perso.atilf.fr\/VirginieAndre\/wp-json\/wp\/v2\/pages\/13\/revisions\/1010"}],"wp:attachment":[{"href":"https:\/\/perso.atilf.fr\/VirginieAndre\/wp-json\/wp\/v2\/media?parent=13"}],"curies":[{"name":"wp","href":"https:\/\/api.w.org\/{rel}","templated":true}]}}