{"id":244,"date":"2017-03-19T14:18:01","date_gmt":"2017-03-19T13:18:01","guid":{"rendered":"https:\/\/apps.atilf.fr\/homepages\/VirginieAndre\/?page_id=244"},"modified":"2025-12-07T11:12:52","modified_gmt":"2025-12-07T10:12:52","slug":"valorisation","status":"publish","type":"page","link":"https:\/\/perso.atilf.fr\/VirginieAndre\/valorisation\/","title":{"rendered":"Valorisation"},"content":{"rendered":"<p><strong>ITSA<\/strong>. Ressources pour d\u00e9velopper la comp\u00e9tence interactionnelle des adultes autistes. <span style=\"color: #993366\"><a style=\"color: #993366\" href=\"https:\/\/itsa.atilf.fr\/\" target=\"_blank\" rel=\"noopener\">https:\/\/itsa.atilf.fr\/<\/a>\u00a0<\/span><\/p>\n<p style=\"text-align: justify\"><strong>FLEURON<\/strong>. Dispositif d&rsquo;apprentissage du fran\u00e7ais parl\u00e9 en interaction, depuis 2016. <a href=\"https:\/\/fleuron.atilf.fr\/\">https:\/\/fleuron.atilf.fr\/<\/a><\/p>\n<p><strong>INTERFARE<\/strong>. Interagir plus facilement en r\u00e9union. Plateforme d&rsquo;apprentissage du fran\u00e7ais. <span style=\"color: #800080\"><a style=\"color: #800080\" href=\"http:\/\/icar.cnrs.fr\/interfare\" target=\"_blank\" rel=\"noopener\">http:\/\/icar.cnrs.fr\/interfare<\/a>\/<\/span><\/p>\n<p style=\"text-align: justify\"><strong>Le site FL2I. <\/strong>Site d&rsquo;informations et de mutualisation p\u00e9dagogique sur le Fran\u00e7ais Langue d&rsquo;int\u00e9gration et d&rsquo;insertion, depuis 2013. <a href=\"https:\/\/apps.atilf.fr\/fli\" target=\"_blank\" rel=\"noopener noreferrer\"><span style=\"color: #800080\">https:\/\/fli.atilf.fr\/<\/span><\/a><\/p>\n<p style=\"text-align: justify\"><strong>TCOF.<\/strong> Constitution et diffusion (acc\u00e8s libre et gratuit) du corpus TCOF (Traitement de Corpus Oraux en Fran\u00e7ais), depuis 2007. <a href=\"https:\/\/tcof.atilf.fr\/\" target=\"_blank\" rel=\"noopener\">https:\/\/tcof.atilf.fr\/<\/a><\/p>\n<p style=\"text-align: justify\"><strong>M\u00e9moire sociale et \u00e9criture<\/strong>. 2016. Cr\u00e9ation d&rsquo;un guide pratique, destin\u00e9 aux formateurs linguistique et aux animateurs socioculturels, facilitant le passage de l&rsquo;oral \u00e0 l&rsquo;\u00e9crit pour des personnes en ins\u00e9curit\u00e9 langagi\u00e8re. <a href=\"https:\/\/apps.atilf.fr\/reseaultf\/?p=803\" target=\"_blank\" rel=\"noopener noreferrer\"><span style=\"color: #993366\">Voir le guide et en savoir plus.<\/span><\/a><\/p>\n<p style=\"text-align: justify\"><strong>Lexique des m\u00e9tiers de la propret\u00e9<\/strong>, 2013, avec H. Adami et F. Poncet en collaboration avec OPCALIA Propret\u00e9. <span style=\"color: #993366\"><a style=\"color: #993366\" href=\"https:\/\/perso.atilf.fr\/VirginieAndre\/wp-content\/uploads\/sites\/47\/2019\/07\/Lexique-LesMotsClesdelaProprete.pdf\">Voir le lexique<\/a><\/span><\/p>\n<p style=\"text-align: justify\"><strong>C\u00e9d\u00e9roms<\/strong> : \u00ab R\u00e9f\u00e9rentiels d\u2019\u00e9valuation linguistique pour les demandeurs d\u2019emploi des m\u00e9tiers de la propret\u00e9 \u00bb, 2009, avec H. Adami et F. Poncet. D\u00e9p\u00f4t APP (Agence de Protection des Programmes) : IDDN.FR.001.220006.000.R.P.2009.000.40000<\/p>\n<p style=\"text-align: justify\"><strong>C\u00e9d\u00e9roms<\/strong> : \u00ab R\u00e9f\u00e9rentiel d\u2019\u00e9valuation linguistique pour les m\u00e9tiers de la propret\u00e9 \u00bb, 2008, avec H. Adami et F. Poncet. D\u00e9p\u00f4t APP (Agence de Protection des Programmes) : IDDN.FR.001.050020.R.P.2008.000.40000<\/p>\n","protected":false},"excerpt":{"rendered":"<p>ITSA. Ressources pour d\u00e9velopper la comp\u00e9tence interactionnelle des adultes autistes. https:\/\/itsa.atilf.fr\/\u00a0 FLEURON. Dispositif d&rsquo;apprentissage du fran\u00e7ais parl\u00e9 en interaction, depuis 2016. https:\/\/fleuron.atilf.fr\/ INTERFARE. Interagir plus facilement en r\u00e9union. Plateforme d&rsquo;apprentissage du fran\u00e7ais. http:\/\/icar.cnrs.fr\/interfare\/ Le site FL2I. Site d&rsquo;informations et de &hellip; <a href=\"https:\/\/perso.atilf.fr\/VirginieAndre\/valorisation\/\">Continuer la lecture <span class=\"meta-nav\">&rarr;<\/span><\/a><\/p>\n","protected":false},"author":46,"featured_media":0,"parent":0,"menu_order":0,"comment_status":"closed","ping_status":"closed","template":"","meta":{"footnotes":""},"class_list":["post-244","page","type-page","status-publish","hentry"],"_links":{"self":[{"href":"https:\/\/perso.atilf.fr\/VirginieAndre\/wp-json\/wp\/v2\/pages\/244","targetHints":{"allow":["GET"]}}],"collection":[{"href":"https:\/\/perso.atilf.fr\/VirginieAndre\/wp-json\/wp\/v2\/pages"}],"about":[{"href":"https:\/\/perso.atilf.fr\/VirginieAndre\/wp-json\/wp\/v2\/types\/page"}],"author":[{"embeddable":true,"href":"https:\/\/perso.atilf.fr\/VirginieAndre\/wp-json\/wp\/v2\/users\/46"}],"replies":[{"embeddable":true,"href":"https:\/\/perso.atilf.fr\/VirginieAndre\/wp-json\/wp\/v2\/comments?post=244"}],"version-history":[{"count":22,"href":"https:\/\/perso.atilf.fr\/VirginieAndre\/wp-json\/wp\/v2\/pages\/244\/revisions"}],"predecessor-version":[{"id":1009,"href":"https:\/\/perso.atilf.fr\/VirginieAndre\/wp-json\/wp\/v2\/pages\/244\/revisions\/1009"}],"wp:attachment":[{"href":"https:\/\/perso.atilf.fr\/VirginieAndre\/wp-json\/wp\/v2\/media?parent=244"}],"curies":[{"name":"wp","href":"https:\/\/api.w.org\/{rel}","templated":true}]}}