{"id":643,"date":"2021-12-06T18:40:31","date_gmt":"2021-12-06T17:40:31","guid":{"rendered":"https:\/\/perso.atilf.fr\/VirginieAndre\/?page_id=643"},"modified":"2025-07-19T12:35:34","modified_gmt":"2025-07-19T11:35:34","slug":"ecoles-dete","status":"publish","type":"page","link":"https:\/\/perso.atilf.fr\/VirginieAndre\/accueil\/ecoles-dete\/","title":{"rendered":"\u00c9coles th\u00e9matiques"},"content":{"rendered":"<p>ECODIC 3 : Organisation de la troisi\u00e8me \u00e9cole d&rsquo;\u00e9t\u00e9 \u00ab\u00a0Corpus et didactique\u00a0\u00bb en 2025.<\/p>\n<p><a href=\"https:\/\/perso.atilf.fr\/VirginieAndre\/wp-content\/uploads\/sites\/47\/2025\/07\/Capture-decran-2025-07-19-a-13.34.39.png\"><img loading=\"lazy\" decoding=\"async\" class=\"alignnone size-medium wp-image-975\" src=\"https:\/\/perso.atilf.fr\/VirginieAndre\/wp-content\/uploads\/sites\/47\/2025\/07\/Capture-decran-2025-07-19-a-13.34.39-300x69.png\" alt=\"\" width=\"300\" height=\"69\" srcset=\"https:\/\/perso.atilf.fr\/VirginieAndre\/wp-content\/uploads\/sites\/47\/2025\/07\/Capture-decran-2025-07-19-a-13.34.39-300x69.png 300w, https:\/\/perso.atilf.fr\/VirginieAndre\/wp-content\/uploads\/sites\/47\/2025\/07\/Capture-decran-2025-07-19-a-13.34.39.png 769w\" sizes=\"auto, (max-width: 300px) 100vw, 300px\" \/><\/a><\/p>\n<p><span style=\"color: #800000\"><a style=\"color: #800000\" href=\"https:\/\/ecodic2025.sciencesconf.org\/\" target=\"_blank\" rel=\"noopener\">Voir le site.<\/a><\/span><\/p>\n<p>______________________________________________________________<\/p>\n<p>XIHO24 : Exp\u00e9rimenter l&rsquo;interaction humain-objet : th\u00e9ories, m\u00e9thodologies, analyses.<\/p>\n<p><a href=\"https:\/\/perso.atilf.fr\/VirginieAndre\/wp-content\/uploads\/sites\/47\/2024\/05\/Psyphine.001-2.jpg\"><img loading=\"lazy\" decoding=\"async\" class=\"alignnone size-medium wp-image-870\" src=\"https:\/\/perso.atilf.fr\/VirginieAndre\/wp-content\/uploads\/sites\/47\/2024\/05\/Psyphine.001-2-300x71.jpg\" alt=\"\" width=\"300\" height=\"71\" srcset=\"https:\/\/perso.atilf.fr\/VirginieAndre\/wp-content\/uploads\/sites\/47\/2024\/05\/Psyphine.001-2-300x71.jpg 300w, https:\/\/perso.atilf.fr\/VirginieAndre\/wp-content\/uploads\/sites\/47\/2024\/05\/Psyphine.001-2-768x181.jpg 768w, https:\/\/perso.atilf.fr\/VirginieAndre\/wp-content\/uploads\/sites\/47\/2024\/05\/Psyphine.001-2.jpg 976w\" sizes=\"auto, (max-width: 300px) 100vw, 300px\" \/><\/a><\/p>\n<p><span style=\"color: #993366\"><a style=\"color: #993366\" href=\"https:\/\/xiho24.sciencesconf.org\/\" target=\"_blank\" rel=\"noopener\">Voir le site.<\/a><\/span><\/p>\n<p>______________________________________________________________<\/p>\n<p>ECODIC 2 : Organisation de la deuxi\u00e8me \u00e9cole d&rsquo;\u00e9t\u00e9 \u00ab\u00a0Corpus et didactique\u00a0\u00bb en 2023.<\/p>\n<p><a href=\"https:\/\/perso.atilf.fr\/VirginieAndre\/wp-content\/uploads\/sites\/47\/2023\/03\/Capture-decran-2023-03-14-a-14.21.50.png\"><img loading=\"lazy\" decoding=\"async\" class=\"alignnone size-medium wp-image-789\" src=\"https:\/\/perso.atilf.fr\/VirginieAndre\/wp-content\/uploads\/sites\/47\/2023\/03\/Capture-decran-2023-03-14-a-14.21.50-300x67.png\" alt=\"\" width=\"300\" height=\"67\" srcset=\"https:\/\/perso.atilf.fr\/VirginieAndre\/wp-content\/uploads\/sites\/47\/2023\/03\/Capture-decran-2023-03-14-a-14.21.50-300x67.png 300w, https:\/\/perso.atilf.fr\/VirginieAndre\/wp-content\/uploads\/sites\/47\/2023\/03\/Capture-decran-2023-03-14-a-14.21.50.png 729w\" sizes=\"auto, (max-width: 300px) 100vw, 300px\" \/><\/a><\/p>\n<p><span style=\"color: #993366\"><a style=\"color: #993366\" href=\"https:\/\/ecodic2023.sciencesconf.org\/\" target=\"_blank\" rel=\"noopener\">Voir le site.<\/a><\/span><\/p>\n<p>______________________________________________________________<\/p>\n<p>ECODIC 1 : Organisation de la premi\u00e8re \u00e9cole d&rsquo;\u00e9t\u00e9 \u00ab\u00a0Corpus et didactique\u00a0\u00bb en 2021.<\/p>\n<p><a href=\"https:\/\/corpusdidac.event.univ-lorraine.fr\/\" target=\"_blank\" rel=\"attachment noopener wp-att-650\"><img loading=\"lazy\" decoding=\"async\" class=\"alignnone wp-image-650 size-large\" src=\"https:\/\/perso.atilf.fr\/VirginieAndre\/wp-content\/uploads\/sites\/47\/2022\/01\/IMG_2100-1024x265.jpeg\" alt=\"\" width=\"640\" height=\"166\" srcset=\"https:\/\/perso.atilf.fr\/VirginieAndre\/wp-content\/uploads\/sites\/47\/2022\/01\/IMG_2100-1024x265.jpeg 1024w, https:\/\/perso.atilf.fr\/VirginieAndre\/wp-content\/uploads\/sites\/47\/2022\/01\/IMG_2100-300x78.jpeg 300w, https:\/\/perso.atilf.fr\/VirginieAndre\/wp-content\/uploads\/sites\/47\/2022\/01\/IMG_2100-768x199.jpeg 768w, https:\/\/perso.atilf.fr\/VirginieAndre\/wp-content\/uploads\/sites\/47\/2022\/01\/IMG_2100-1536x397.jpeg 1536w, https:\/\/perso.atilf.fr\/VirginieAndre\/wp-content\/uploads\/sites\/47\/2022\/01\/IMG_2100-2048x530.jpeg 2048w\" sizes=\"auto, (max-width: 640px) 100vw, 640px\" \/><\/a><\/p>\n<p><span style=\"color: #993366\"><a style=\"color: #993366\" href=\"https:\/\/perso.atilf.fr\/VirginieAndre\/wp-content\/uploads\/sites\/47\/2025\/03\/ECODIC_Programme.pdf\">Voir le programme.<\/a><\/span><\/p>\n","protected":false},"excerpt":{"rendered":"<p>ECODIC 3 : Organisation de la troisi\u00e8me \u00e9cole d&rsquo;\u00e9t\u00e9 \u00ab\u00a0Corpus et didactique\u00a0\u00bb en 2025. Voir le site. ______________________________________________________________ XIHO24 : Exp\u00e9rimenter l&rsquo;interaction humain-objet : th\u00e9ories, m\u00e9thodologies, analyses. Voir le site. ______________________________________________________________ ECODIC 2 : Organisation de la deuxi\u00e8me \u00e9cole d&rsquo;\u00e9t\u00e9 &hellip; <a href=\"https:\/\/perso.atilf.fr\/VirginieAndre\/accueil\/ecoles-dete\/\">Continuer la lecture <span class=\"meta-nav\">&rarr;<\/span><\/a><\/p>\n","protected":false},"author":46,"featured_media":0,"parent":35,"menu_order":0,"comment_status":"closed","ping_status":"closed","template":"","meta":{"footnotes":""},"class_list":["post-643","page","type-page","status-publish","hentry"],"_links":{"self":[{"href":"https:\/\/perso.atilf.fr\/VirginieAndre\/wp-json\/wp\/v2\/pages\/643","targetHints":{"allow":["GET"]}}],"collection":[{"href":"https:\/\/perso.atilf.fr\/VirginieAndre\/wp-json\/wp\/v2\/pages"}],"about":[{"href":"https:\/\/perso.atilf.fr\/VirginieAndre\/wp-json\/wp\/v2\/types\/page"}],"author":[{"embeddable":true,"href":"https:\/\/perso.atilf.fr\/VirginieAndre\/wp-json\/wp\/v2\/users\/46"}],"replies":[{"embeddable":true,"href":"https:\/\/perso.atilf.fr\/VirginieAndre\/wp-json\/wp\/v2\/comments?post=643"}],"version-history":[{"count":16,"href":"https:\/\/perso.atilf.fr\/VirginieAndre\/wp-json\/wp\/v2\/pages\/643\/revisions"}],"predecessor-version":[{"id":976,"href":"https:\/\/perso.atilf.fr\/VirginieAndre\/wp-json\/wp\/v2\/pages\/643\/revisions\/976"}],"up":[{"embeddable":true,"href":"https:\/\/perso.atilf.fr\/VirginieAndre\/wp-json\/wp\/v2\/pages\/35"}],"wp:attachment":[{"href":"https:\/\/perso.atilf.fr\/VirginieAndre\/wp-json\/wp\/v2\/media?parent=643"}],"curies":[{"name":"wp","href":"https:\/\/api.w.org\/{rel}","templated":true}]}}