{"id":837,"date":"2023-12-02T16:38:52","date_gmt":"2023-12-02T15:38:52","guid":{"rendered":"https:\/\/perso.atilf.fr\/VirginieAndre\/?page_id=837"},"modified":"2026-03-26T13:50:12","modified_gmt":"2026-03-26T12:50:12","slug":"formations-et-ateliers","status":"publish","type":"page","link":"https:\/\/perso.atilf.fr\/VirginieAndre\/formations-et-ateliers\/","title":{"rendered":"Formations et ateliers"},"content":{"rendered":"<p>Andr\u00e9, V. &amp; Boniface, Y. (2026). Les \u00e9volutions de Psyphine : du labo au bistrot. <span style=\"color: #000000\"><a style=\"color: #000000\" href=\"https:\/\/psyphine.hypotheses.org\/1259\" target=\"_blank\" rel=\"noopener\"><em>Atelier pluridisciplinaire Dessine-moi un robot<\/em><\/a><\/span>. Nancy. 20-21 mars.<\/p>\n<p>Andr\u00e9, V. (2026). Des outils pour la formation linguistique des publics en ins\u00e9curit\u00e9 langagi\u00e8re. <em>ANLCI.<\/em> 28 janvier.<\/p>\n<p>Andr\u00e9, V. (2025). Corpus vs Intelligence Artificielle G\u00e9n\u00e9rative. <em><span style=\"color: #000000\"><a style=\"color: #000000\" href=\"https:\/\/ecodic2025.sciencesconf.org\/\" target=\"_blank\" rel=\"noopener\">ECODIC 3 &#8211; \u00c9cole th\u00e9matique Corpus et Didactique<\/a><\/span>.<\/em> Nancy, 27-31 octobre.<\/p>\n<p>Andr\u00e9, V. (2025). Les fondamentaux : les interactions et la comp\u00e9tence interactionnelle. <em><span style=\"color: #000000\"><a style=\"color: #000000\" href=\"https:\/\/ecodic2025.sciencesconf.org\/\" target=\"_blank\" rel=\"noopener\">ECODIC 3 &#8211; \u00c9cole th\u00e9matique Corpus et Didactique<\/a><\/span>.<\/em> Nancy, 27-31 octobre.<\/p>\n<p>Andr\u00e9, V. (2024). La plateforme FL2I et ses activit\u00e9s de fran\u00e7ais langue professionnelle. <em><span style=\"color: #000000\"><a style=\"color: #000000\" href=\"https:\/\/www.ens-lyon.fr\/sites\/default\/files\/2025-01\/Brochure_Forpro-4.pdf\" target=\"_blank\" rel=\"noopener\">Journ\u00e9e d&rsquo;\u00e9tudes FORPRO<\/a><\/span><\/em>. Lyon, 9-10 janvier.<\/p>\n<p>Etienne, C. &amp; Andr\u00e9, V. (2024). La plateforme INTERFARE &#8211; Interagir plus facilement en r\u00e9union. <span style=\"color: #000000\"><a style=\"color: #000000\" href=\"https:\/\/www.ens-lyon.fr\/sites\/default\/files\/2025-01\/Brochure_Forpro-4.pdf\" target=\"_blank\" rel=\"noopener\"><em>Journ\u00e9e d&rsquo;\u00e9tudes FORPRO<\/em><\/a><\/span>. Lyon, 9-10 janvier.<\/p>\n<p>Andr\u00e9, V., Nassau, G. &amp; Verhaegen, F. (2024). Analyse qualitative et quantitative de l&rsquo;interaction. <span style=\"color: #000000\"><a style=\"color: #000000\" href=\"https:\/\/xiho24.sciencesconf.org\/\" target=\"_blank\" rel=\"noopener\">\u00c9cole th\u00e9matique <em>Xiho24: Exp\u00e9rimenter l&rsquo;interaction humain-objet : th\u00e9ories, m\u00e9thodologies, analyses<\/em><\/a><\/span>. Bordeaux, 28-31 octobre.<\/p>\n<p>Andr\u00e9, V. &amp; Nassau, G. (2024). Transcrire et annoter les donn\u00e9es. \u00c9cole th\u00e9matique <span style=\"color: #000000\"><a style=\"color: #000000\" href=\"https:\/\/xiho24.sciencesconf.org\/\" target=\"_blank\" rel=\"noopener\"><em>Xiho24: Exp\u00e9rimenter l&rsquo;interaction humain-objet : th\u00e9ories, m\u00e9thodologies, analyses<\/em><\/a><\/span>. Bordeaux, 28-31 octobre.<\/p>\n<p>Andr\u00e9, V. &amp; Boniface, Y. (2024). Comment et o\u00f9 enregistrer l&rsquo;interaction ? \u00c9cole th\u00e9matique <em><span style=\"color: #000000\"><a style=\"color: #000000\" href=\"https:\/\/xiho24.sciencesconf.org\/\" target=\"_blank\" rel=\"noopener\">Xiho24: Exp\u00e9rimenter l&rsquo;interaction humain-objet : th\u00e9ories, m\u00e9thodologies, analyses<\/a><\/span><\/em>. Bordeaux, 28-31 octobre.<\/p>\n<p>Andr\u00e9, V. &amp; Verhaegen, F. (2024). Approches sociolinguistique et psychologique des interactions entre humains. \u00c9cole th\u00e9matique <span style=\"color: #000000\"><a style=\"color: #000000\" href=\"https:\/\/xiho24.sciencesconf.org\/\" target=\"_blank\" rel=\"noopener\"><em>Xiho24: Exp\u00e9rimenter l&rsquo;interaction humain-objet : th\u00e9ories, m\u00e9thodologies, analyses<\/em><\/a><\/span>. Bordeaux, 28-31 octobre.<\/p>\n<p>Andr\u00e9, V. &amp; Etienne, C. (2023). Corpus oraux et multimodaux d\u2019interactions en FLE : observer les usages pour ma\u00eetriser leur variation. <i><\/i><i>Formation doctorale <span style=\"color: #000000\"><a style=\"color: #000000\" href=\"https:\/\/www.unifr.ch\/llf\/fr\/news-et-events\/evenements\/?eventid=14228\" target=\"_blank\" rel=\"noopener\">Pourquoi et comment exploiter les corpus oraux dans l\u2019enseignement \/ apprentissage du FLE ? <\/a><\/span><\/i>Universit\u00e9 de Fribourg &#8211; Suisse, 16 novembre.<\/p>\n<p>Andr\u00e9, V. &amp; Etienne, C. (2023). Les interactions en r\u00e9union professionnelle. <i>Formation doctorale <span style=\"color: #000000\"><a style=\"color: #000000\" href=\"https:\/\/www.unifr.ch\/llf\/fr\/news-et-events\/evenements\/?eventid=14228\" target=\"_blank\" rel=\"noopener\">Pourquoi et comment exploiter les corpus oraux dans l\u2019enseignement \/ apprentissage du FLE ?<\/a><\/span> <\/i>Universit\u00e9 de Fribourg &#8211; Suisse, 16 novembre.<\/p>\n<p>Andr\u00e9, V. &amp; Etienne, C. (2023). Le fran\u00e7ais parl\u00e9 de situation en situation. <i><span style=\"color: #000000\"><a style=\"color: #000000\" href=\"https:\/\/ecodic2023.sciencesconf.org\/\" target=\"_blank\" rel=\"noopener\">ECODIC 2: \u00e9cole d&rsquo;\u00e9t\u00e9 Corpus et didactique<\/a><\/span>, <\/i>ENS Lyon, 28 ao\u00fbt-1er septembre.<\/p>\n<p>Andr\u00e9, V. &amp; Poncet, F. (2023). Comment inscrire les interactions dans une s\u00e9quence compl\u00e8te d&rsquo;enseignement, un exemple avec FLEURON. <i><span style=\"color: #000000\"><a style=\"color: #000000\" href=\"https:\/\/ecodic2023.sciencesconf.org\/\" target=\"_blank\" rel=\"noopener\">ECODIC 2: \u00e9cole d&rsquo;\u00e9t\u00e9 Corpus et didactique<\/a><\/span>, <\/i>ENS Lyon, 28 ao\u00fbt-1er septembre.<\/p>\n<p>Andr\u00e9, V. &amp; Etienne, C. (2023). Les interactions en r\u00e9union professionnelle. <i><span style=\"color: #000000\"><a style=\"color: #000000\" href=\"https:\/\/ecodic2023.sciencesconf.org\/\" target=\"_blank\" rel=\"noopener\">ECODIC 2: \u00e9cole d&rsquo;\u00e9t\u00e9 Corpus et didactique<\/a><\/span>, <\/i>ENS Lyon, 28 ao\u00fbt-1er septembre.<\/p>\n<p>Etienne, C., Andr\u00e9, V., Surcouf, C. (2023). Construire une s\u00e9quence p\u00e9dagogique pour mieux comprendre les m\u00e9canismes du refus et du d\u00e9saccord tels qu&rsquo;ils sont mis en \u0153uvre par les locuteurs francophones. <span style=\"color: #000000\"><a style=\"color: #000000\" href=\"https:\/\/jlc2023.sciencesconf.org\/resource\/page\/id\/4\" target=\"_blank\" rel=\"noopener\"><i>JLC2023 &#8211; 11e Journ\u00e9es Linguistique de Corpus<\/i><\/a><\/span>, Grenoble, 4 juillet.<\/p>\n<p>Andr\u00e9, V. &amp; Etienne, C. (2021). Le fran\u00e7ais parl\u00e9 de situation en situation. <i><span style=\"color: #000000\"><a style=\"color: #000000\" href=\"https:\/\/corpusdidac.event.univ-lorraine.fr\/\" target=\"_blank\" rel=\"noopener\">ECODIC 1: \u00e9cole d&rsquo;\u00e9t\u00e9 Corpus et didactique<\/a><\/span>, <\/i>Nancy, 30 ao\u00fbt-3septembre.<\/p>\n<p>Alberdi, C., Andr\u00e9, V. &amp; Etienne, C. (2021). Quand le contexte change le sens. <i><span style=\"color: #000000\"><a style=\"color: #000000\" href=\"https:\/\/corpusdidac.event.univ-lorraine.fr\/\" target=\"_blank\" rel=\"noopener\">ECODIC 1: \u00e9cole d&rsquo;\u00e9t\u00e9 Corpus et didactique<\/a><\/span>, <\/i>Nancy, 30 ao\u00fbt-3septembre.<\/p>\n<p>Andr\u00e9, V. &amp; Etienne, C. (2020). Apprendre \u00e0 interagir en fran\u00e7ais, comment faire ? <span style=\"color: #000000\"><a style=\"color: #000000\" href=\"https:\/\/langident.hypotheses.org\/talc2020\/baby-talc2020-e-grapheles\" target=\"_blank\" rel=\"noopener\"><i>Baby-TaLC Grapheles 2020 &#8211; Langages et identit\u00e9s<\/i><\/a><\/span>, Perpignan, 15-16 octobre.<\/p>\n<p>Andr\u00e9, V. &amp; Etienne, C. (2018). Atelier num\u00e9rique Fleuron et Clapi-FLE. <span style=\"color: #000000\"><a style=\"color: #000000\" href=\"https:\/\/mddlr2.hypotheses.org\/1694\" target=\"_blank\" rel=\"noopener\"><em>J<\/em><i>ourn\u00e9e d&rsquo;\u00e9tude Ressources linguistiques et didactique des langues<\/i><\/a><\/span>, Rennes, 7 d\u00e9cembre.<\/p>\n","protected":false},"excerpt":{"rendered":"<p>Andr\u00e9, V. &amp; Boniface, Y. (2026). Les \u00e9volutions de Psyphine : du labo au bistrot. Atelier pluridisciplinaire Dessine-moi un robot. Nancy. 20-21 mars. Andr\u00e9, V. (2026). Des outils pour la formation linguistique des publics en ins\u00e9curit\u00e9 langagi\u00e8re. ANLCI. 28 janvier. &hellip; <a href=\"https:\/\/perso.atilf.fr\/VirginieAndre\/formations-et-ateliers\/\">Continuer la lecture <span class=\"meta-nav\">&rarr;<\/span><\/a><\/p>\n","protected":false},"author":46,"featured_media":0,"parent":0,"menu_order":0,"comment_status":"closed","ping_status":"closed","template":"","meta":{"footnotes":""},"class_list":["post-837","page","type-page","status-publish","hentry"],"_links":{"self":[{"href":"https:\/\/perso.atilf.fr\/VirginieAndre\/wp-json\/wp\/v2\/pages\/837","targetHints":{"allow":["GET"]}}],"collection":[{"href":"https:\/\/perso.atilf.fr\/VirginieAndre\/wp-json\/wp\/v2\/pages"}],"about":[{"href":"https:\/\/perso.atilf.fr\/VirginieAndre\/wp-json\/wp\/v2\/types\/page"}],"author":[{"embeddable":true,"href":"https:\/\/perso.atilf.fr\/VirginieAndre\/wp-json\/wp\/v2\/users\/46"}],"replies":[{"embeddable":true,"href":"https:\/\/perso.atilf.fr\/VirginieAndre\/wp-json\/wp\/v2\/comments?post=837"}],"version-history":[{"count":21,"href":"https:\/\/perso.atilf.fr\/VirginieAndre\/wp-json\/wp\/v2\/pages\/837\/revisions"}],"predecessor-version":[{"id":1031,"href":"https:\/\/perso.atilf.fr\/VirginieAndre\/wp-json\/wp\/v2\/pages\/837\/revisions\/1031"}],"wp:attachment":[{"href":"https:\/\/perso.atilf.fr\/VirginieAndre\/wp-json\/wp\/v2\/media?parent=837"}],"curies":[{"name":"wp","href":"https:\/\/api.w.org\/{rel}","templated":true}]}}