{"id":25,"date":"2015-06-29T13:45:00","date_gmt":"2015-06-29T12:45:00","guid":{"rendered":"https:\/\/apps.atilf.fr\/homepages\/?page_id=25"},"modified":"2025-09-12T14:40:17","modified_gmt":"2025-09-12T13:40:17","slug":"recherche","status":"publish","type":"page","link":"https:\/\/perso.atilf.fr\/abrahy\/recherche\/","title":{"rendered":"Th\u00e8se"},"content":{"rendered":"<h3 style=\"text-align: center\">La doctrine panhispaniste \u00e0 l\u2019\u00e9preuve du brassage hispanophone :<br \/>\nune \u00e9tude sociolinguistique et juridique \u00e0 partir de l\u2019implantation<br \/>\nhispanoam\u00e9ricaine en Espagne (1990-2025).<\/h3>\n<p style=\"text-align: center\">Sous la direction d&rsquo;Anne-Marie Chabrolle-Cerretini (ATILF \/ Universit\u00e9 de Lorraine \u2013 CNRS)<\/p>\n<p>&nbsp;<\/p>\n<h5 align=\"justify\">En abordant la th\u00e9matique du panhispanisme \u00e0 travers le double prisme sociolinguistique et juridique, cette th\u00e8se se situe au carrefour de diff\u00e9rentes disciplines. L\u2019objectif poursuivi tout au long du travail est profond\u00e9ment civilisationnel : il s\u2019agit de mettre \u00e0 l\u2019\u00e9preuve du terrain une doctrine jusqu\u2019alors purement conceptuelle, \u00e0 large spectre id\u00e9ologique et philosophique. Autrement dit, nous cherchons \u00e0 savoir si le discours panhispaniste est parvenu, au fil des \u00e9poques, \u00e0 impr\u00e9gner les imaginaires individuels et collectifs hispanophones. Le cas \u00e9ch\u00e9ant, se pose la question de savoir comment se manifeste cette id\u00e9ologie panhispaniste \u00e0 \u00e9chelle individuelle et soci\u00e9tale. C\u2019est pourquoi nous nous attachons, dans une premi\u00e8re partie du travail de th\u00e8se, \u00e0 baliser le mouvement panhispaniste tant dans sa dimension chronologique que conceptuelle. Ainsi, nous avons constat\u00e9 que le discours panhispaniste d\u00e9livre un message profond\u00e9ment identitaire et qu\u2019il a globalement vocation \u00e0 \u00e9veiller ou \u00e0 renforcer chez son destinataire le sentiment d\u2019appartenance \u00e0 une communaut\u00e9 hispanophone supranationale. Dans l\u2019optique d\u2019\u00e9prouver la port\u00e9e concr\u00e8te de ce discours sur la population hispanique, nous avons fond\u00e9 notre recherche sur une \u00e9tude de cas. Ainsi, la seconde partie de notre travail d\u00e9finit le contexte sociologique, linguistique et temporel \u00e0 partir duquel nous avons choisi de mener l\u2019exp\u00e9rience de terrain. L\u2019Espagne des ann\u00e9es 1990 \u00e0 nos jours repr\u00e9sente un choix judicieux dans la mesure o\u00f9 s\u2019op\u00e8re sur son territoire un brassage hispanophone d\u00e9mographiquement pertinent, puisque des milliers d\u2019Hispanoam\u00e9ricains traversent chaque ann\u00e9e l\u2019Atlantique pour s\u2019\u00e9tablir en p\u00e9ninsule Ib\u00e9rique. Dans l\u2019optique de mener \u00e0 bien notre projet, nous avons mis\u00e9, dans la troisi\u00e8me partie, sur deux approches correspondant \u00e0 chacune des \u00e9chelles vis\u00e9es. Pour interroger la dimension individuelle du panhispanisme, nous avons r\u00e9alis\u00e9 une enqu\u00eate sociolinguistique aupr\u00e8s d\u2019une \u00e9chantillon de quarante cinq migrants hispanoam\u00e9ricains install\u00e9s en Espagne. Ces individus ont \u00e9t\u00e9 invit\u00e9s \u00e0 r\u00e9pondre \u00e0 un questionnaire \u00e9labor\u00e9 par nos soins afin de recueillir leurs perceptions et attitudes linguistiques vis-\u00e0-vis des diff\u00e9rentes vari\u00e9t\u00e9s diatopiques de l\u2019espagnol. Concernant les r\u00e9percussions de l\u2019id\u00e9ologie panhispaniste \u00e0 l\u2019\u00e9chelle collective, nous avons choisi d\u2019analyser et de commenter un corpus de textes juridiques espagnols r\u00e9gissant, pour la plupart, les conditions d\u2019octroi de la nationalit\u00e9 espagnole ou dont la vocation est d\u2019encadrer l\u2019immigration sur le territoire national. L\u2019ensemble des informations recueillies nous permet de confronter des observations de terrain, des donn\u00e9es empiriques, aux grandes lignes id\u00e9ologiques du panhispanisme. Ce faisant, elles nous offrent la possibilit\u00e9 d\u2019\u00e9prouver l\u2019impact r\u00e9el du discours panhispaniste sur la communaut\u00e9 hispanophone.<\/h5>\n<p><a href=\"https:\/\/perso.atilf.fr\/abrahy\/wp-content\/uploads\/sites\/106\/2023\/03\/Affiche_Doctorants_2023_Brahy_ld.pdf\">Affiche_Doctorants_2023_Brahy_ld<\/a><\/p>\n","protected":false},"excerpt":{"rendered":"<p>La doctrine panhispaniste \u00e0 l\u2019\u00e9preuve du brassage hispanophone : une \u00e9tude sociolinguistique et juridique \u00e0 partir de l\u2019implantation hispanoam\u00e9ricaine en Espagne (1990-2025). Sous la direction d&rsquo;Anne-Marie Chabrolle-Cerretini (ATILF \/ Universit\u00e9 de Lorraine \u2013 CNRS) &nbsp; En abordant la th\u00e9matique du panhispanisme \u00e0 travers le double prisme sociolinguistique et juridique, cette th\u00e8se se situe au carrefour [&hellip;]<\/p>\n","protected":false},"author":1,"featured_media":0,"parent":0,"menu_order":0,"comment_status":"closed","ping_status":"closed","template":"","meta":{"footnotes":""},"class_list":["post-25","page","type-page","status-publish","hentry"],"_links":{"self":[{"href":"https:\/\/perso.atilf.fr\/abrahy\/wp-json\/wp\/v2\/pages\/25","targetHints":{"allow":["GET"]}}],"collection":[{"href":"https:\/\/perso.atilf.fr\/abrahy\/wp-json\/wp\/v2\/pages"}],"about":[{"href":"https:\/\/perso.atilf.fr\/abrahy\/wp-json\/wp\/v2\/types\/page"}],"author":[{"embeddable":true,"href":"https:\/\/perso.atilf.fr\/abrahy\/wp-json\/wp\/v2\/users\/1"}],"replies":[{"embeddable":true,"href":"https:\/\/perso.atilf.fr\/abrahy\/wp-json\/wp\/v2\/comments?post=25"}],"version-history":[{"count":22,"href":"https:\/\/perso.atilf.fr\/abrahy\/wp-json\/wp\/v2\/pages\/25\/revisions"}],"predecessor-version":[{"id":478,"href":"https:\/\/perso.atilf.fr\/abrahy\/wp-json\/wp\/v2\/pages\/25\/revisions\/478"}],"wp:attachment":[{"href":"https:\/\/perso.atilf.fr\/abrahy\/wp-json\/wp\/v2\/media?parent=25"}],"curies":[{"name":"wp","href":"https:\/\/api.w.org\/{rel}","templated":true}]}}