{"id":35,"date":"2015-06-29T13:47:31","date_gmt":"2015-06-29T12:47:31","guid":{"rendered":"https:\/\/apps.atilf.fr\/homepages\/?page_id=35"},"modified":"2025-03-18T13:50:00","modified_gmt":"2025-03-18T12:50:00","slug":"accueil","status":"publish","type":"page","link":"https:\/\/perso.atilf.fr\/abrahy\/","title":{"rendered":"Accueil"},"content":{"rendered":"<p>&nbsp;<\/p>\n<p style=\"text-align: left\"><span style=\"text-decoration: underline\"><strong>Fonctions<\/strong><\/span><\/p>\n<p><a href=\"https:\/\/perso.atilf.fr\/abrahy\/wp-content\/uploads\/sites\/106\/2024\/02\/IMG_1526.jpg\"><img loading=\"lazy\" decoding=\"async\" class=\"size-medium wp-image-401 alignleft\" src=\"https:\/\/perso.atilf.fr\/abrahy\/wp-content\/uploads\/sites\/106\/2024\/02\/IMG_1526-300x297.jpg\" alt=\"\" width=\"300\" height=\"297\" srcset=\"https:\/\/perso.atilf.fr\/abrahy\/wp-content\/uploads\/sites\/106\/2024\/02\/IMG_1526-300x297.jpg 300w, https:\/\/perso.atilf.fr\/abrahy\/wp-content\/uploads\/sites\/106\/2024\/02\/IMG_1526-1024x1015.jpg 1024w, https:\/\/perso.atilf.fr\/abrahy\/wp-content\/uploads\/sites\/106\/2024\/02\/IMG_1526-150x150.jpg 150w, https:\/\/perso.atilf.fr\/abrahy\/wp-content\/uploads\/sites\/106\/2024\/02\/IMG_1526-768x761.jpg 768w, https:\/\/perso.atilf.fr\/abrahy\/wp-content\/uploads\/sites\/106\/2024\/02\/IMG_1526.jpg 1169w\" sizes=\"auto, (max-width: 300px) 100vw, 300px\" \/>\u00a0 <\/a><\/p>\n<p>&nbsp;<\/p>\n<h4><\/h4>\n<h4><strong>Doctorant en Sociolinguistique hispanique<\/strong><\/h4>\n<p>Traducteur\/interpr\u00e8te asserment\u00e9 inscrit aupr\u00e8s de la Cour d&rsquo;appel de Nancy (fran\u00e7ais-espagnol)<\/p>\n<p>&nbsp;<\/p>\n<p>&nbsp;<\/p>\n<p>&nbsp;<\/p>\n<p>&nbsp;<\/p>\n<p>&nbsp;<\/p>\n<p><span style=\"text-decoration: underline\"><strong>Coordonn\u00e9es au laboratoire ATILF<\/strong><\/span><\/p>\n\n<table id=\"tablepress-5\" class=\"tablepress tablepress-id-5\">\n<tbody class=\"row-striping row-hover\">\n<tr class=\"row-1\">\n\t<td class=\"column-1\">\u00c9quipe<\/td><td class=\"column-2\">Linguistique historique fran\u00e7aise et romane<\/td>\n<\/tr>\n<tr class=\"row-2\">\n\t<td class=\"column-1\">Courriel<\/td><td class=\"column-2\"><a>abrahy@atilf.fr<\/a><\/td>\n<\/tr>\n<tr class=\"row-3\">\n\t<td class=\"column-1\">T\u00e9l\u00e9phone<\/td><td class=\"column-2\">+33 (0)3 54 50 53 00<\/td>\n<\/tr>\n<tr class=\"row-4\">\n\t<td class=\"column-1\">Lieu<\/td><td class=\"column-2\">Bureau 204 - 2<sup>e<\/sup> \u00e9tage - <a href=\"http:\/\/www.atilf.fr\/spip.php?article70\" target=\"_blank\" rel=\"noopener noreferrer\">B\u00e2timent CNRS<\/a><\/td>\n<\/tr>\n<tr class=\"row-5\">\n\t<td class=\"column-1\">Adresse<\/td><td class=\"column-2\">ATILF (CNRS &amp; Universit\u00e9 de Lorraine)<br \/>\n44, avenue de la Lib\u00e9ration<br \/>\nB.P. 30687<br \/>\n54063 Nancy Cedex<\/td>\n<\/tr>\n<\/tbody>\n<\/table>\n<!-- #tablepress-5 from cache -->\n<p>&nbsp;<\/p>\n<p>&nbsp;<\/p>\n","protected":false},"excerpt":{"rendered":"<p>&nbsp; Fonctions \u00a0 &nbsp; Doctorant en Sociolinguistique hispanique Traducteur\/interpr\u00e8te asserment\u00e9 inscrit aupr\u00e8s de la Cour d&rsquo;appel de Nancy (fran\u00e7ais-espagnol) &nbsp; &nbsp; &nbsp; &nbsp; &nbsp; Coordonn\u00e9es au laboratoire ATILF &nbsp; &nbsp;<\/p>\n","protected":false},"author":1,"featured_media":0,"parent":0,"menu_order":0,"comment_status":"closed","ping_status":"closed","template":"","meta":{"footnotes":""},"class_list":["post-35","page","type-page","status-publish","hentry"],"_links":{"self":[{"href":"https:\/\/perso.atilf.fr\/abrahy\/wp-json\/wp\/v2\/pages\/35","targetHints":{"allow":["GET"]}}],"collection":[{"href":"https:\/\/perso.atilf.fr\/abrahy\/wp-json\/wp\/v2\/pages"}],"about":[{"href":"https:\/\/perso.atilf.fr\/abrahy\/wp-json\/wp\/v2\/types\/page"}],"author":[{"embeddable":true,"href":"https:\/\/perso.atilf.fr\/abrahy\/wp-json\/wp\/v2\/users\/1"}],"replies":[{"embeddable":true,"href":"https:\/\/perso.atilf.fr\/abrahy\/wp-json\/wp\/v2\/comments?post=35"}],"version-history":[{"count":46,"href":"https:\/\/perso.atilf.fr\/abrahy\/wp-json\/wp\/v2\/pages\/35\/revisions"}],"predecessor-version":[{"id":460,"href":"https:\/\/perso.atilf.fr\/abrahy\/wp-json\/wp\/v2\/pages\/35\/revisions\/460"}],"wp:attachment":[{"href":"https:\/\/perso.atilf.fr\/abrahy\/wp-json\/wp\/v2\/media?parent=35"}],"curies":[{"name":"wp","href":"https:\/\/api.w.org\/{rel}","templated":true}]}}