{"id":19,"date":"2015-06-29T13:43:50","date_gmt":"2015-06-29T12:43:50","guid":{"rendered":"https:\/\/apps.atilf.fr\/homepages\/?page_id=19"},"modified":"2026-02-12T10:04:59","modified_gmt":"2026-02-12T09:04:59","slug":"animations","status":"publish","type":"page","link":"https:\/\/perso.atilf.fr\/ahamza\/animations\/","title":{"rendered":"Responsabilit\u00e9s annexes de recherche"},"content":{"rendered":"<p><span style=\"text-decoration: underline\"><strong>Responsabilit\u00e9s scientifiques actuelles<\/strong><\/span><\/p>\n<ul>\n<li>Coordinatrice GR num\u00e9rique <a href=\"https:\/\/ardaa.hypotheses.org\/groupes-de-travail-ardaa\/groupe-de-reflexion-numerique\">ARDAA<\/a>, (depuis mars 2025)<\/li>\n<li>Coordination de la rubrique \u00ab\u00a0Notes de lectures\u00a0\u00bb de la revue <a href=\"https:\/\/www.atilf.fr\/publications\/revues-atilf\/melanges-crapel\/\">M\u00e9langes Crapel<\/a>. <em>(depuis dec. 2022)<\/em><\/li>\n<li>Tr\u00e9sori\u00e8re de l&rsquo;Association Fran\u00e7aise de Linguistique Appliqu\u00e9e (<a href=\"http:\/\/www.afla-asso.org\">AFLA<\/a>). <em>(Depuis\u00a0<\/em><i>dec. 2023)<\/i><\/li>\n<li>Comit\u00e9 de pilotage du <a href=\"http:\/\/www.afla-asso.org\/wiki-section-cnu-7\/\">WIKI section 7\u00a0<\/a> pour le recrutement des enseignants-chercheurs. <em>(depuis dec. 2024)<\/em><\/li>\n<li>Membre du bureau ex\u00e9cutif de la <a href=\"https:\/\/inspe.univ-lorraine.fr\/master-meef-les-langues\/maison-pour-les-langues\">maison pour les langues en Lorraine<\/a>. <em>(depuis mai 2024)<\/em><\/li>\n<li>Responsable du stylage et de la mise en ligne, comit\u00e9 de r\u00e9daction de la revue <i>Recherche en Didactique des Langues et des Cultures\u2013Les cahiers de l\u2019ACEDLE (<a href=\"https:\/\/journals.openedition.org\/rdlc\/\">RDLC\u00a0: revue de l\u2019Association des Chercheurs et Enseignants Didacticiens des Langues \u00e9trang\u00e8res<\/a>). (Depuis Mai. 2021)<\/i><\/li>\n<\/ul>\n<p><span style=\"text-decoration: underline\"><strong>Comit\u00e9s de suivis de th\u00e8se<\/strong><\/span><\/p>\n<ul>\n<li>1 universit\u00e9 de Strasbourg (depuis 2025)<\/li>\n<li>1 universit\u00e9 de Lorraine (depuis 2025)<\/li>\n<li>1 universit\u00e9 de Cergy (depuis 2024)<\/li>\n<\/ul>\n<p><span style=\"text-decoration: underline\"><strong>Expertise scientifique\u00a0<\/strong><\/span><\/p>\n<p><strong>Comit\u00e9 scientifique de colloques\u00a0<\/strong><\/p>\n<ul>\n<li><a href=\"https:\/\/slerd.org\/\"><b>SLERD 2025<\/b><\/a> : 10th conference on Smart Learning Ecosystems and Regional Development.<\/li>\n<li><a href=\"https:\/\/techling25.sciencesconf.org\"><strong>TechLING&rsquo;25<\/strong><\/a> : 8th International Conference, Language, Linguistics, and Technology Languages, Arts and Inclusion in the Era of Innovative Technologies (02 -03 October 2025)<\/li>\n<\/ul>\n<p><strong>Expertise d&rsquo;articles scientifiques pour :\u00a0<\/strong><\/p>\n<ul>\n<li>Revue internationale de p\u00e9dagogie de l&rsquo;enseignement sup\u00e9rieur (<a href=\"https:\/\/journals.openedition.org\/ripes\/4404\">RIPES<\/a>)<\/li>\n<li>Revue Recherches et Pratiques P\u00e9dagogiques en Langues (<a href=\"https:\/\/journals.openedition.org\/apliut\/2958\">RPPL<\/a>)<\/li>\n<li>Revue Apprentissage des langues et syst\u00e8mes d&rsquo;information et de communication (<a href=\"https:\/\/journals.openedition.org\/alsic\/\">ALSIC<\/a>)<\/li>\n<li>Revue <a href=\"https:\/\/www.atilf.fr\/publications\/revues-atilf\/melanges-crapel\/\">M\u00e9langes CRAPEL<\/a><\/li>\n<li>European Journal of Applied Linguistics (<a href=\"https:\/\/www.degruyterbrill.com\/journal\/key\/eujal\/html\">EuJAL<\/a>)<\/li>\n<li>Revue internationale du <a href=\"https:\/\/revues.ulaval.ca\/ojs\/index.php\/RIC\/index\">CRIRES<\/a> : Innover dans la tradition de Vygotsky<\/li>\n<\/ul>\n","protected":false},"excerpt":{"rendered":"<p>Responsabilit\u00e9s scientifiques actuelles Coordinatrice GR num\u00e9rique ARDAA, (depuis mars 2025) Coordination de la rubrique \u00ab\u00a0Notes de lectures\u00a0\u00bb de la revue M\u00e9langes Crapel. (depuis dec. 2022) Tr\u00e9sori\u00e8re de l&rsquo;Association Fran\u00e7aise de Linguistique Appliqu\u00e9e (AFLA). (Depuis\u00a0dec. 2023) Comit\u00e9 de pilotage du WIKI &hellip; <a href=\"https:\/\/perso.atilf.fr\/ahamza\/animations\/\">Continuer la lecture <span class=\"meta-nav\">&rarr;<\/span><\/a><\/p>\n","protected":false},"author":1,"featured_media":0,"parent":0,"menu_order":0,"comment_status":"closed","ping_status":"closed","template":"","meta":{"footnotes":""},"class_list":["post-19","page","type-page","status-publish","hentry"],"_links":{"self":[{"href":"https:\/\/perso.atilf.fr\/ahamza\/wp-json\/wp\/v2\/pages\/19","targetHints":{"allow":["GET"]}}],"collection":[{"href":"https:\/\/perso.atilf.fr\/ahamza\/wp-json\/wp\/v2\/pages"}],"about":[{"href":"https:\/\/perso.atilf.fr\/ahamza\/wp-json\/wp\/v2\/types\/page"}],"author":[{"embeddable":true,"href":"https:\/\/perso.atilf.fr\/ahamza\/wp-json\/wp\/v2\/users\/1"}],"replies":[{"embeddable":true,"href":"https:\/\/perso.atilf.fr\/ahamza\/wp-json\/wp\/v2\/comments?post=19"}],"version-history":[{"count":13,"href":"https:\/\/perso.atilf.fr\/ahamza\/wp-json\/wp\/v2\/pages\/19\/revisions"}],"predecessor-version":[{"id":554,"href":"https:\/\/perso.atilf.fr\/ahamza\/wp-json\/wp\/v2\/pages\/19\/revisions\/554"}],"wp:attachment":[{"href":"https:\/\/perso.atilf.fr\/ahamza\/wp-json\/wp\/v2\/media?parent=19"}],"curies":[{"name":"wp","href":"https:\/\/api.w.org\/{rel}","templated":true}]}}