{"id":23,"date":"2015-06-29T13:44:14","date_gmt":"2015-06-29T12:44:14","guid":{"rendered":"https:\/\/apps.atilf.fr\/homepages\/?page_id=23"},"modified":"2025-04-16T15:41:49","modified_gmt":"2025-04-16T14:41:49","slug":"cv","status":"publish","type":"page","link":"https:\/\/perso.atilf.fr\/ahamza\/cv\/","title":{"rendered":"CV"},"content":{"rendered":"<p><strong>Anissa Hamza-Jamann MCF<\/strong><\/p>\n<ul>\n<li>Rattachement pour la recherche : ATILF (UL\/CNRS)<\/li>\n<li>Membre associ\u00e9e : Loria (CNRS &#8211; U. de Lorraine) et LILPA (U. de Strasbourg)<\/li>\n<li>Rattachement pour l\u2019enseignement : INSP\u00c9 de Lorraine, \u00a0site de Montigny-l\u00e8s-Metz<\/li>\n<\/ul>\n<p><span style=\"text-decoration: underline\"><strong>Exp\u00e9rience professionnelle dans l&rsquo;enseignement\u00a0<\/strong><\/span><\/p>\n<p><b>Enseignement sup\u00e9rieur<\/b><\/p>\n<ul>\n<li><strong>Depuis sep. 2022 :<\/strong> Maitre de conf\u00e9rences en sciences du langage, Didactique des langues, Universit\u00e9 de Lorraine<\/li>\n<li><b>2021-2022 :<\/b> Enseignante contractuelle\u00a0: D\u00e9partement de linguistique appliqu\u00e9e et didactique des langues, Facult\u00e9 des langues, Universit\u00e9 de Strasbourg<\/li>\n<li><b>2020-2021 :<\/b> Attach\u00e9e temporaire d\u2019enseignement et de recherche, D\u00e9partement de linguistique appliqu\u00e9e et didactique des langues, Facult\u00e9 des langues, Universit\u00e9 de Strasbourg<\/li>\n<li><b>2019-2020 :<\/b> Enseignante contractuelle, D\u00e9partement de linguistique appliqu\u00e9e et didactique des langues, Facult\u00e9 des langues, Universit\u00e9 de Strasbourg<\/li>\n<li><b>2018-2019 :<\/b> Attach\u00e9e temporaire d\u2019enseignement et de recherche, Langue \u00c9trang\u00e8res Appliqu\u00e9es, Facult\u00e9 des langues, Universit\u00e9 de Strasbourg<\/li>\n<li><b>2017-2018 :<\/b> Enseignante vacataire, Institut de d\u00e9mographie (IDUS) et d\u00e9partement de linguistique informatique, Universit\u00e9 de Strasbourg<\/li>\n<li><b>2016-2017 :<\/b> Vacataire de recherche et charg\u00e9e de cours, ED 520, Coll\u00e8ge doctoral europ\u00e9en et D\u00e9partement de linguistique appliqu\u00e9e et didactique des langues, Universit\u00e9 de Strasbourg<\/li>\n<\/ul>\n<p><b>Enseignement secondaire<\/b><\/p>\n<ul>\n<li><b>2015-2016 :<\/b> Enseignante contractuelle en anglais\u00a0: coll\u00e8ge Le Ried, Bischeim, Strasbourg<\/li>\n<\/ul>\n<p><span style=\"text-decoration: underline\"><strong>Formations\u00a0<\/strong><\/span><\/p>\n<ul>\n<li><b>2019- <\/b>Doctorat en Sciences du langage et linguistique anglaise, Universit\u00e9 de Strasbourg: Titre de la th\u00e8se : <i>La d\u00e9tection et la traduction automatique de l\u2019ellipse : enjeux th\u00e9oriques et pratiques <\/i>&#8211; Jury\u00a0: Pierrette Bouillon (PR, Gen\u00e8ve), Thierry Grass (PR, Strasbourg), Rudy Loock (PR, Lille), Philip Miller (PR, Paris, Paris-Diderot), Fran\u00e7ois Yvon (PR, Chercheur CNRS), Maryvonne Boisseau (PR, Strasbourg, Directrice), Delphine Bernard (MCF, Strasbourg, Co-directrice) <i>[Absence de mention en vertu du d\u00e9cret relatif au doctorat du 25 mai 2016]<\/i>&nbsp;<\/li>\n<li><b>2014- <\/b>Master en \u00c9tudes anglophones, Dpt Mondes anglophones, sp\u00e9cialit\u00e9 linguistique anglaise, Universit\u00e9 de Strasbourg<\/li>\n<li><b>2011-\u00a0<\/b>Master en Sciences du langage et didactique, Universit\u00e9 Abderrahmane Mira, Alg\u00e9rie<\/li>\n<li><b>2009-\u00a0<\/b>Licence en Sciences du langage et Didactique, Universit\u00e9 Abderrahmane Mira, Alg\u00e9rie<\/li>\n<\/ul>\n<p><span style=\"text-decoration: underline\"><b>Formation professionnelle<\/b><\/span><\/p>\n<ul>\n<li><b>2019-\u00a0<\/b>Management de projet et valorisation de comp\u00e9tences professionnelles, universit\u00e9 de Strasbourg, \u00c9cole doctorale des Humanit\u00e9s 520<\/li>\n<\/ul>\n","protected":false},"excerpt":{"rendered":"<p>Anissa Hamza-Jamann MCF Rattachement pour la recherche : ATILF (UL\/CNRS) Membre associ\u00e9e : Loria (CNRS &#8211; U. de Lorraine) et LILPA (U. de Strasbourg) Rattachement pour l\u2019enseignement : INSP\u00c9 de Lorraine, \u00a0site de Montigny-l\u00e8s-Metz Exp\u00e9rience professionnelle dans l&rsquo;enseignement\u00a0 Enseignement sup\u00e9rieur &hellip; <a href=\"https:\/\/perso.atilf.fr\/ahamza\/cv\/\">Continuer la lecture <span class=\"meta-nav\">&rarr;<\/span><\/a><\/p>\n","protected":false},"author":1,"featured_media":0,"parent":0,"menu_order":0,"comment_status":"closed","ping_status":"closed","template":"","meta":{"footnotes":""},"class_list":["post-23","page","type-page","status-publish","hentry"],"_links":{"self":[{"href":"https:\/\/perso.atilf.fr\/ahamza\/wp-json\/wp\/v2\/pages\/23","targetHints":{"allow":["GET"]}}],"collection":[{"href":"https:\/\/perso.atilf.fr\/ahamza\/wp-json\/wp\/v2\/pages"}],"about":[{"href":"https:\/\/perso.atilf.fr\/ahamza\/wp-json\/wp\/v2\/types\/page"}],"author":[{"embeddable":true,"href":"https:\/\/perso.atilf.fr\/ahamza\/wp-json\/wp\/v2\/users\/1"}],"replies":[{"embeddable":true,"href":"https:\/\/perso.atilf.fr\/ahamza\/wp-json\/wp\/v2\/comments?post=23"}],"version-history":[{"count":11,"href":"https:\/\/perso.atilf.fr\/ahamza\/wp-json\/wp\/v2\/pages\/23\/revisions"}],"predecessor-version":[{"id":478,"href":"https:\/\/perso.atilf.fr\/ahamza\/wp-json\/wp\/v2\/pages\/23\/revisions\/478"}],"wp:attachment":[{"href":"https:\/\/perso.atilf.fr\/ahamza\/wp-json\/wp\/v2\/media?parent=23"}],"curies":[{"name":"wp","href":"https:\/\/api.w.org\/{rel}","templated":true}]}}