{"id":35,"date":"2015-06-29T13:47:31","date_gmt":"2015-06-29T12:47:31","guid":{"rendered":"https:\/\/apps.atilf.fr\/homepages\/?page_id=35"},"modified":"2026-02-12T10:07:09","modified_gmt":"2026-02-12T09:07:09","slug":"anissa-hamza-jamann","status":"publish","type":"page","link":"https:\/\/perso.atilf.fr\/ahamza\/","title":{"rendered":"Pr\u00e9sentation"},"content":{"rendered":"<p style=\"text-align: left\"><span style=\"text-decoration: underline\"><strong><a href=\"https:\/\/perso.atilf.fr\/ahamza\/wp-content\/uploads\/sites\/110\/2026\/02\/IMG_4193-scaled.jpg\"><img loading=\"lazy\" decoding=\"async\" class=\"wp-image-555 size-medium alignleft\" src=\"https:\/\/perso.atilf.fr\/ahamza\/wp-content\/uploads\/sites\/110\/2026\/02\/IMG_4193-195x300.jpg\" alt=\"\" width=\"195\" height=\"300\" srcset=\"https:\/\/perso.atilf.fr\/ahamza\/wp-content\/uploads\/sites\/110\/2026\/02\/IMG_4193-195x300.jpg 195w, https:\/\/perso.atilf.fr\/ahamza\/wp-content\/uploads\/sites\/110\/2026\/02\/IMG_4193-667x1024.jpg 667w, https:\/\/perso.atilf.fr\/ahamza\/wp-content\/uploads\/sites\/110\/2026\/02\/IMG_4193-768x1179.jpg 768w, https:\/\/perso.atilf.fr\/ahamza\/wp-content\/uploads\/sites\/110\/2026\/02\/IMG_4193-1001x1536.jpg 1001w, https:\/\/perso.atilf.fr\/ahamza\/wp-content\/uploads\/sites\/110\/2026\/02\/IMG_4193-1334x2048.jpg 1334w, https:\/\/perso.atilf.fr\/ahamza\/wp-content\/uploads\/sites\/110\/2026\/02\/IMG_4193-scaled.jpg 1668w\" sizes=\"auto, (max-width: 195px) 100vw, 195px\" \/><\/a><\/strong><\/span><\/p>\n<p style=\"text-align: left\">Ma\u00eetre de conf\u00e9rences \u00e0 l&rsquo;<a href=\"https:\/\/inspe.univ-lorraine.fr\/presentation-de-linspe-de-lorraine\">INSPE de Lorraine<\/a>, Site de Montigny-L\u00e8s-Metz <a href=\"https:\/\/inspe.univ-lorraine.fr\/master-meef\/master-meef-1er-degre\">Master MEEF 1e degr\u00e9<\/a><\/p>\n<p>Sciences du langage (Linguistique appliqu\u00e9e)<\/p>\n<p>Qualification CNU (7 et 11)<\/p>\n<p><a href=\"https:\/\/www.atilf.fr\">ATILF<\/a> (UMR 7118 CNRS\/UL)<\/p>\n<p>Co-r\u00e9sponsable de l&rsquo;axe <a href=\"https:\/\/www.atilf.fr\/recherche\/axes-disciplinaires\/didactique-des-langues-et-sociolinguistique\/\">Didactique des langues et sociolinguistique\u00a0<\/a><\/p>\n<p>&nbsp;<\/p>\n<p><strong>Contact\u00a0<\/strong><\/p>\n<ul>\n<li><strong>Bureau <\/strong>: 44 avenue de la lib\u00e9ration, 54000 Nancy (Bureau 203)<\/li>\n<li><strong>Tel<\/strong> : +333 54 50 53 04<\/li>\n<li><strong>Email<\/strong> : ahamza[at]atilf.fr ou anissa.hamza-jamann[at]univ-lorraine.fr<\/li>\n<\/ul>\n<p><a href=\"https:\/\/www.linkedin.com\/in\/anissa-hamza\/\">Linkedin\u00a0<\/a>; <a href=\"https:\/\/orcid.org\/my-orcid?orcid=0000-0001-9484-2177\">ORCID<\/a> ; <a href=\"https:\/\/cv.hal.science\/anissa-hamza-jamann\">HAL<\/a><\/p>\n","protected":false},"excerpt":{"rendered":"<p>Ma\u00eetre de conf\u00e9rences \u00e0 l&rsquo;INSPE de Lorraine, Site de Montigny-L\u00e8s-Metz Master MEEF 1e degr\u00e9 Sciences du langage (Linguistique appliqu\u00e9e) Qualification CNU (7 et 11) ATILF (UMR 7118 CNRS\/UL) Co-r\u00e9sponsable de l&rsquo;axe Didactique des langues et sociolinguistique\u00a0 &nbsp; Contact\u00a0 Bureau : &hellip; <a href=\"https:\/\/perso.atilf.fr\/ahamza\/\">Continuer la lecture <span class=\"meta-nav\">&rarr;<\/span><\/a><\/p>\n","protected":false},"author":113,"featured_media":0,"parent":0,"menu_order":0,"comment_status":"closed","ping_status":"closed","template":"","meta":{"footnotes":""},"class_list":["post-35","page","type-page","status-publish","hentry"],"_links":{"self":[{"href":"https:\/\/perso.atilf.fr\/ahamza\/wp-json\/wp\/v2\/pages\/35","targetHints":{"allow":["GET"]}}],"collection":[{"href":"https:\/\/perso.atilf.fr\/ahamza\/wp-json\/wp\/v2\/pages"}],"about":[{"href":"https:\/\/perso.atilf.fr\/ahamza\/wp-json\/wp\/v2\/types\/page"}],"author":[{"embeddable":true,"href":"https:\/\/perso.atilf.fr\/ahamza\/wp-json\/wp\/v2\/users\/113"}],"replies":[{"embeddable":true,"href":"https:\/\/perso.atilf.fr\/ahamza\/wp-json\/wp\/v2\/comments?post=35"}],"version-history":[{"count":55,"href":"https:\/\/perso.atilf.fr\/ahamza\/wp-json\/wp\/v2\/pages\/35\/revisions"}],"predecessor-version":[{"id":556,"href":"https:\/\/perso.atilf.fr\/ahamza\/wp-json\/wp\/v2\/pages\/35\/revisions\/556"}],"wp:attachment":[{"href":"https:\/\/perso.atilf.fr\/ahamza\/wp-json\/wp\/v2\/media?parent=35"}],"curies":[{"name":"wp","href":"https:\/\/api.w.org\/{rel}","templated":true}]}}