{"id":481,"date":"2025-04-16T16:05:34","date_gmt":"2025-04-16T15:05:34","guid":{"rendered":"https:\/\/perso.atilf.fr\/ahamza\/?page_id=481"},"modified":"2025-09-23T20:44:21","modified_gmt":"2025-09-23T19:44:21","slug":"vulgarisation-et-media","status":"publish","type":"page","link":"https:\/\/perso.atilf.fr\/ahamza\/vulgarisation-et-media\/","title":{"rendered":"Vulgarisation et m\u00e9dia"},"content":{"rendered":"<p><a href=\"https:\/\/www.tv5monde.com\/tv\/video\/95816-7-jours-l-ia-rendra-t-elle-l-apprentissage-des-langues-obsolete\">TV5 monde :<\/a> Invitation de <strong>Val\u00e9rie Tibet<\/strong> dans le cadre du Magazine hebdomadaire d&rsquo;actualit\u00e9 internationale et soci\u00e9tale, <strong>\u00ab 7 jours \u00bb<\/strong> : pour tout savoir et tout comprendre&#8230; en fran\u00e7ais.<\/p>\n<p>Sur la question :<a href=\"https:\/\/www.tv5monde.com\/tv\/video\/95816-7-jours-l-ia-rendra-t-elle-l-apprentissage-des-langues-obsolete\"><img loading=\"lazy\" decoding=\"async\" class=\"alignright wp-image-487 size-medium\" src=\"https:\/\/perso.atilf.fr\/ahamza\/wp-content\/uploads\/sites\/110\/2025\/04\/IMG_2858-300x139.png\" alt=\"\" width=\"300\" height=\"139\" srcset=\"https:\/\/perso.atilf.fr\/ahamza\/wp-content\/uploads\/sites\/110\/2025\/04\/IMG_2858-300x139.png 300w, https:\/\/perso.atilf.fr\/ahamza\/wp-content\/uploads\/sites\/110\/2025\/04\/IMG_2858-1024x473.png 1024w, https:\/\/perso.atilf.fr\/ahamza\/wp-content\/uploads\/sites\/110\/2025\/04\/IMG_2858-768x355.png 768w, https:\/\/perso.atilf.fr\/ahamza\/wp-content\/uploads\/sites\/110\/2025\/04\/IMG_2858-1536x710.png 1536w, https:\/\/perso.atilf.fr\/ahamza\/wp-content\/uploads\/sites\/110\/2025\/04\/IMG_2858-2048x946.png 2048w\" sizes=\"auto, (max-width: 300px) 100vw, 300px\" \/><\/a><\/p>\n<h2 class=\"title\"><strong>L&rsquo;IA rendra-t-elle l&rsquo;apprentissage des langues obsol\u00e8te ?<\/strong><\/h2>\n<p>Magazine du 12 avril 2025<\/p>\n<hr \/>\n<p><span style=\"text-decoration: underline\"><span style=\"color: #000000\"><b>The conversation :<\/b><\/span><\/span><\/p>\n<p>Miras, G &amp; <strong>Hamza-Jamann, A.<\/strong> (2025). <a href=\"https:\/\/theconversation.com\/ia-et-langues-de-nouvelles-pratiques-a-lecole-a-quel-prix-263840\">L&rsquo;IA et langues : de nouvelles pratiques \u00e0 l&rsquo;\u00e9cole, quel prix ?<\/a> The Conversation. 2025.<\/p>\n<p><strong>Hamza-Jamann, A.<\/strong> (2024). <a href=\"https:\/\/theconversation.com\/apprendre-a-traduire-a-lere-de-lia-faut-il-encore-faire-des-exercices-de-theme-et-de-version-242169\">Apprendre \u00e0 traduire : \u00e0 l\u2019\u00e8re de l\u2019IA, faut-il encore faire des exercices de th\u00e8me et de version\u00a0? <\/a><em>The conversation<\/em>. 2024.<\/p>\n<p>Miras, G., <strong>Hamza-Jamann, A.,<\/strong> Gu\u00e9ly Costa, E. (2024). <a href=\"https:\/\/theconversation.com\/quel-choc-des-savoirs-pour-les-langues-etrangeres-222910#:~:text=Le%20principe%20de%20\u00ab%20choc%20des,pourtant%20remis%20en%20question%20politiquement.\">Quel \u00ab choc des savoirs \u00bb pour les langues \u00e9trang\u00e8res ?<\/a> <em>The Conversation<\/em>. 2024.<\/p>\n<p>&nbsp;<\/p>\n<hr \/>\n<p>Portrait [8 mars] <strong>Entretien avec Anissa Hamza-Jamann \u00e0 l&rsquo;occasion de la journ\u00e9e internationale des droits de la femme\u00a0<\/strong><\/p>\n<p><strong><a href=\"https:\/\/factuel.univ-lorraine.fr\/node\/22750\">Factuel<\/a> 8 mars 2023<\/strong><a href=\"https:\/\/www.atilf.fr\/recherche\/portraits-entretiens\/anissa-hamza-jamman\/\"><img loading=\"lazy\" decoding=\"async\" class=\"alignright wp-image-484 size-medium\" src=\"https:\/\/perso.atilf.fr\/ahamza\/wp-content\/uploads\/sites\/110\/2025\/04\/Capture-decran-2025-04-16-a-16.54.29-300x200.png\" alt=\"\" width=\"300\" height=\"200\" srcset=\"https:\/\/perso.atilf.fr\/ahamza\/wp-content\/uploads\/sites\/110\/2025\/04\/Capture-decran-2025-04-16-a-16.54.29-300x200.png 300w, https:\/\/perso.atilf.fr\/ahamza\/wp-content\/uploads\/sites\/110\/2025\/04\/Capture-decran-2025-04-16-a-16.54.29-1024x683.png 1024w, https:\/\/perso.atilf.fr\/ahamza\/wp-content\/uploads\/sites\/110\/2025\/04\/Capture-decran-2025-04-16-a-16.54.29-768x512.png 768w, https:\/\/perso.atilf.fr\/ahamza\/wp-content\/uploads\/sites\/110\/2025\/04\/Capture-decran-2025-04-16-a-16.54.29-1536x1025.png 1536w, https:\/\/perso.atilf.fr\/ahamza\/wp-content\/uploads\/sites\/110\/2025\/04\/Capture-decran-2025-04-16-a-16.54.29.png 1646w\" sizes=\"auto, (max-width: 300px) 100vw, 300px\" \/><\/a><\/p>\n<p>&nbsp;<\/p>\n<hr \/>\n<p>&nbsp;<\/p>\n","protected":false},"excerpt":{"rendered":"<p>TV5 monde : Invitation de Val\u00e9rie Tibet dans le cadre du Magazine hebdomadaire d&rsquo;actualit\u00e9 internationale et soci\u00e9tale, \u00ab 7 jours \u00bb : pour tout savoir et tout comprendre&#8230; en fran\u00e7ais. Sur la question : L&rsquo;IA rendra-t-elle l&rsquo;apprentissage des langues obsol\u00e8te &hellip; <a href=\"https:\/\/perso.atilf.fr\/ahamza\/vulgarisation-et-media\/\">Continuer la lecture <span class=\"meta-nav\">&rarr;<\/span><\/a><\/p>\n","protected":false},"author":113,"featured_media":0,"parent":0,"menu_order":0,"comment_status":"closed","ping_status":"closed","template":"","meta":{"footnotes":""},"class_list":["post-481","page","type-page","status-publish","hentry"],"_links":{"self":[{"href":"https:\/\/perso.atilf.fr\/ahamza\/wp-json\/wp\/v2\/pages\/481","targetHints":{"allow":["GET"]}}],"collection":[{"href":"https:\/\/perso.atilf.fr\/ahamza\/wp-json\/wp\/v2\/pages"}],"about":[{"href":"https:\/\/perso.atilf.fr\/ahamza\/wp-json\/wp\/v2\/types\/page"}],"author":[{"embeddable":true,"href":"https:\/\/perso.atilf.fr\/ahamza\/wp-json\/wp\/v2\/users\/113"}],"replies":[{"embeddable":true,"href":"https:\/\/perso.atilf.fr\/ahamza\/wp-json\/wp\/v2\/comments?post=481"}],"version-history":[{"count":6,"href":"https:\/\/perso.atilf.fr\/ahamza\/wp-json\/wp\/v2\/pages\/481\/revisions"}],"predecessor-version":[{"id":534,"href":"https:\/\/perso.atilf.fr\/ahamza\/wp-json\/wp\/v2\/pages\/481\/revisions\/534"}],"wp:attachment":[{"href":"https:\/\/perso.atilf.fr\/ahamza\/wp-json\/wp\/v2\/media?parent=481"}],"curies":[{"name":"wp","href":"https:\/\/api.w.org\/{rel}","templated":true}]}}