{"id":496,"date":"2025-04-16T18:00:44","date_gmt":"2025-04-16T17:00:44","guid":{"rendered":"https:\/\/perso.atilf.fr\/ahamza\/?page_id=496"},"modified":"2025-04-22T20:41:20","modified_gmt":"2025-04-22T19:41:20","slug":"recherche-formation","status":"publish","type":"page","link":"https:\/\/perso.atilf.fr\/ahamza\/recherche-formation\/","title":{"rendered":"Recherche-Formation"},"content":{"rendered":"<p><span style=\"text-decoration: underline\"><strong>Organisation \u00e0 l&rsquo;UL<\/strong><\/span><\/p>\n<p><a href=\"https:\/\/inspe.univ-lorraine.fr\/sites\/default\/files\/commun\/trace\/25_Trac\u00e9_100_1604_web.pdf\"><img loading=\"lazy\" decoding=\"async\" class=\"alignright wp-image-511 size-medium\" src=\"https:\/\/perso.atilf.fr\/ahamza\/wp-content\/uploads\/sites\/110\/2025\/04\/Capture-decran-2025-04-22-a-21.33.15-1-300x232.png\" alt=\"\" width=\"300\" height=\"232\" srcset=\"https:\/\/perso.atilf.fr\/ahamza\/wp-content\/uploads\/sites\/110\/2025\/04\/Capture-decran-2025-04-22-a-21.33.15-1-300x232.png 300w, https:\/\/perso.atilf.fr\/ahamza\/wp-content\/uploads\/sites\/110\/2025\/04\/Capture-decran-2025-04-22-a-21.33.15-1-1024x792.png 1024w, https:\/\/perso.atilf.fr\/ahamza\/wp-content\/uploads\/sites\/110\/2025\/04\/Capture-decran-2025-04-22-a-21.33.15-1-768x594.png 768w, https:\/\/perso.atilf.fr\/ahamza\/wp-content\/uploads\/sites\/110\/2025\/04\/Capture-decran-2025-04-22-a-21.33.15-1.png 1300w\" sizes=\"auto, (max-width: 300px) 100vw, 300px\" \/><\/a><\/p>\n<p><a href=\"https:\/\/factuel.univ-lorraine.fr\/node\/29321\">Journ\u00e9e d&rsquo;\u00e9tudes<\/a> dans le cadre d&rsquo;un atelier de polyvalence : Le design de l\u2019espace-classe au service des apprentissages : rencontres entre designers et p\u00e9dagogues (27 mars 2025) Co-roganisation avec Cindy De Amaral (CREM) et en partenariat avec le lyc\u00e9e Loritz &#8211; <a href=\"https:\/\/sites.ac-nancy-metz.fr\/lyc-loritz\/les-formations\/page-102-presentation-dn-made\">Dipl\u00f4me National des M\u00e9tiers d&rsquo;Art et du Design<\/a> (Financ\u00e9e par <a href=\"https:\/\/www.univ-lorraine.fr\/osezlarecherche\/\">Orion: Osez la recherche !<\/a>)<\/p>\n<p><a href=\"https:\/\/maison-langues.univ-lorraine.fr\/?formation=des-langues-aux-images\">Formation<\/a> \u00ab\u00a0Des langues aux images &#8211; Virginia Woolf illustr\u00e9e par Magali Attiogb\u00e9\u00a0\u00bb. (28 janvier 2025) Co-organisation avec V\u00e9ronique Lemoine-Bresson et avec la participation de Magali Attiogb\u00e9. Organis\u00e9e \u00e0 la <a href=\"https:\/\/inspe.univ-lorraine.fr\/culture\/la-fabulatheque\">Fabulath\u00e8que<\/a> et financ\u00e9e par la <a href=\"https:\/\/maison-langues.univ-lorraine.fr\/presentation\/\">Maison pour les Langues en Lorraine.<\/a><\/p>\n<p><a href=\"https:\/\/inspe.univ-lorraine.fr\/sites\/default\/files\/commun\/RDV-INSPE\/25_RDV-INSPE_PGM_2603.pdf\">Rendez-vous de l&rsquo;INSP\u00c9<\/a> : Intelligence Artificielle, \u00e9ducation et formation (20 novembre 2024) Co-organisation avec Eglantine Gu\u00e9ly Costa (ATILF).<\/p>\n<p><a href=\"https:\/\/inspe.univ-lorraine.fr\/entendu-episode-32\">Rendez-vous de l&rsquo;INSP\u00c9<\/a> dans le cadre d&rsquo;un atelier hors maquette : Rapport \u00e0 l&rsquo;\u00e9crit des \u00e9tudiants : entre r\u00e9flexivit\u00e9 et cr\u00e9ativit\u00e9 (20 mars 2024) Co-organisation avec Cindy De Amaral (CREM) et en partenariat avec l&rsquo;ESAL &#8211; <a href=\"https:\/\/www.esal-pmd.fr\">P\u00f4le Musique et danse<\/a><\/p>\n<p>&nbsp;<\/p>\n","protected":false},"excerpt":{"rendered":"<p>Organisation \u00e0 l&rsquo;UL Journ\u00e9e d&rsquo;\u00e9tudes dans le cadre d&rsquo;un atelier de polyvalence : Le design de l\u2019espace-classe au service des apprentissages : rencontres entre designers et p\u00e9dagogues (27 mars 2025) Co-roganisation avec Cindy De Amaral (CREM) et en partenariat avec &hellip; <a href=\"https:\/\/perso.atilf.fr\/ahamza\/recherche-formation\/\">Continuer la lecture <span class=\"meta-nav\">&rarr;<\/span><\/a><\/p>\n","protected":false},"author":113,"featured_media":0,"parent":0,"menu_order":0,"comment_status":"closed","ping_status":"closed","template":"","meta":{"footnotes":""},"class_list":["post-496","page","type-page","status-publish","hentry"],"_links":{"self":[{"href":"https:\/\/perso.atilf.fr\/ahamza\/wp-json\/wp\/v2\/pages\/496","targetHints":{"allow":["GET"]}}],"collection":[{"href":"https:\/\/perso.atilf.fr\/ahamza\/wp-json\/wp\/v2\/pages"}],"about":[{"href":"https:\/\/perso.atilf.fr\/ahamza\/wp-json\/wp\/v2\/types\/page"}],"author":[{"embeddable":true,"href":"https:\/\/perso.atilf.fr\/ahamza\/wp-json\/wp\/v2\/users\/113"}],"replies":[{"embeddable":true,"href":"https:\/\/perso.atilf.fr\/ahamza\/wp-json\/wp\/v2\/comments?post=496"}],"version-history":[{"count":5,"href":"https:\/\/perso.atilf.fr\/ahamza\/wp-json\/wp\/v2\/pages\/496\/revisions"}],"predecessor-version":[{"id":513,"href":"https:\/\/perso.atilf.fr\/ahamza\/wp-json\/wp\/v2\/pages\/496\/revisions\/513"}],"wp:attachment":[{"href":"https:\/\/perso.atilf.fr\/ahamza\/wp-json\/wp\/v2\/media?parent=496"}],"curies":[{"name":"wp","href":"https:\/\/api.w.org\/{rel}","templated":true}]}}