{"id":21,"date":"2015-06-29T13:44:07","date_gmt":"2015-06-29T12:44:07","guid":{"rendered":"https:\/\/apps.atilf.fr\/homepages\/?page_id=21"},"modified":"2026-04-08T12:47:53","modified_gmt":"2026-04-08T11:47:53","slug":"conferences-seminaires","status":"publish","type":"page","link":"https:\/\/perso.atilf.fr\/ajingand\/conferences-seminaires\/","title":{"rendered":"Communications"},"content":{"rendered":"<h3><a name=\"_Toc226066244\"><\/a><a name=\"_Toc161653518\"><\/a>Communications \u00e0 des colloques internationaux \u00e0 comit\u00e9 de s\u00e9lection (9)<\/h3>\n<ol>\n<li><strong>Jingand, A.<\/strong>, Poudat, C. &amp; Smith, A. Short paper envoy\u00e9. Contrastive exploration of prefabricated constructions in French and German \u2013 focus on markers of polemical closure in Wikipedia discussions. Journ\u00e9es d\u2019Analyse des Donn\u00e9es Textuelles, 08-10\/07\/2026, Italie (Palerme).<\/li>\n<li><strong>Jingand, A. <\/strong>&amp; Tutin, A. 2025, 23 octobre. <em>C\u2019est pas vrai, es stimmt nicht<\/em> : les phrases pr\u00e9fabriqu\u00e9es \u00e0 l\u2019aune de la linguistique contrastive. Journ\u00e9es de Linguistique de Corpus, \u00e9cole Normale Sup\u00e9rieure de Lyon.<\/li>\n<li><strong>Jingand, A. <\/strong>&amp; George, C. 2025, 23 octobre. L\u2019analyse multimodale d\u2019un corpus de m\u00e9diation scientifique sur YouTube: le projet Sciences en herbe. Journ\u00e9es de Linguistique de Corpus, \u00e9cole Normale Sup\u00e9rieure de Lyon.<\/li>\n<li>Yibokou, K.S. &amp; <strong>Jingand, A<\/strong>. 2025, 16 octobre. Assessing the ecological awareness of additional language learners in the era of GenAI tools use. <a href=\"https:\/\/docs.google.com\/document\/d\/17cL508FgAsFeH0t0KII9dxBGXL8hBrbi4IuzRgpu684\/edit?tab=t.0\">5th School of Languages Conference<\/a>. School of Languages, University of Ghana, Legon, Ghana (Accra).<\/li>\n<li>Jingand, A. 2025, 21-23 juillet. Die Krise im \u00f6kologischen Diskurs von Aktivist:innen in Frankreich und Deutschland: eine kontrastive Analyse rund um einen Weltuntergangsdiskurs. Internationale Vereinigung f\u00fcr Germanistik, Autriche (Graz).<\/li>\n<li>Jingand, A. 2025, 02-04 juillet. Repr\u00e9sentations sociolinguistiques dans le roman postmoderne <em>T\u00e8 Mawon<\/em>: hybridit\u00e9 des pratiques langagi\u00e8res dans une dystopie technocratique. Colloque de l\u2019AFLA N\u00e9ala \u00ab\u00a0Naturel et artificiel en linguistique appliqu\u00e9e\u00a0\u00bb, Nancy.<\/li>\n<li>Yibokou, K.S. &amp; <strong>Jingand, A.<\/strong> 2025, 10-12 juin. Informal Language Learning and the Flow Experience: A Dynamic Approach. International Conference: The Dynamics of Languages for Specific Purposes, innovative Approaches and Strategies, Roumanie (Cluj-Napoca).<\/li>\n<li>Jingand, A. 2023, 10 juin.\u00a0Quand les imaginaires linguistiques rencontrent la science-fiction. Colloque de la GeSuS, l\u2019Association pour le langage et les langues, Cr\u00e9teil.<\/li>\n<li>Jingand, A. 2018, 23 novembre. Dystopie et personnages f\u00e9minins : repr\u00e9sentations des linguistes savantes. Colloque international jeunes chercheurs VocUM, Universit\u00e9 de Montr\u00e9al, Canada (Montr\u00e9al).<\/li>\n<\/ol>\n<h3><a name=\"_Toc226066245\"><\/a><a name=\"_Toc161653519\"><\/a><a name=\"_Toc161058506\"><\/a>Communications \u00e0 des colloques nationaux \u00e0 comit\u00e9 de s\u00e9lection (9)<\/h3>\n<ol>\n<li>Jingand, A. \u00c0 venir : 27-29\/05\/2026. Le traitement de l\u2019\u00e9cologie et du d\u00e9veloppement durable dans une revue d\u2019apprentissage de langues en anglais, allemand et espagnol. 46e congr\u00e8s de l\u2019APLIUT : d\u00e9veloppement durable dans l\u2019enseignement-apprentissage des langues, Saint-Etienne.<\/li>\n<li>George, C. &amp; <strong>Jingand, A<\/strong>. 23\/04\/2026. Les pratiques de tonte en discussion sur YouTube. Colloque du LACITO, Les changements \u00e9cosyst\u00e9miques au prisme du langage\u00a0: perspectives en anthropologie et en linguistique, Roscoff.<\/li>\n<li>Yibokou, K.S. &amp; <strong>Jingand, A. <\/strong>2025, 14 juin. Distinguer une production d\u2019\u00e9tudiant\u00b7e\u00b7s g\u00e9n\u00e9r\u00e9e par une IA d\u2019une production sans intervention directe d\u2019une IA : r\u00e9flexions et pratiques autour de l\u2019anglais et de l\u2019allemand. 45<sup>e<\/sup> congr\u00e8s de l\u2019APLIUT: Les intelligences artificielles dans l\u2019enseignement\/apprentissage des langues \u00e9trang\u00e8res, Colmar.<\/li>\n<li>Jingand, A. 2025, 16 mai. Repr\u00e9sentations sociolinguistiques exprim\u00e9es par les n\u00e9ologismes dans un corpus de science-fiction. Journ\u00e9e de recherche de l\u2019axe Lexique, ATILF (Nancy).<\/li>\n<li>Jingand, A. 2024, 15 novembre. L\u2019interdiscursivit\u00e9 au service d\u2019un <em>ethos <\/em>militant \u00e9cologiste en France et en Allemagne\u00a0: confrontation aux pouvoirs, place du savoir dans les discours. Colloque du laboratoire IMAGER, Universit\u00e9 Paris-Est Cr\u00e9teil, 14-15 novembre 2024, Cr\u00e9teil.<\/li>\n<li>Jingand, A. 2024, 18 avril. Strat\u00e9gies discursives des militants \u00e9cologistes en France et en Allemagne. Journ\u00e9es d\u2019\u00e9tudes du laboratoire LLSETI, Universit\u00e9 Savoie Mont Blanc, 17-18 avril 2024, Chamb\u00e9ry.<\/li>\n<li>Jingand, A. 2020, 05 d\u00e9cembre. M\u00e9taphores et repr\u00e9sentations sociolinguistiques. <a href=\"http:\/\/www.canalc2.tv\/video\/15690\">Colloque Jeunes Chercheurs de LiLPa<\/a>, Strasbourg.<\/li>\n<li>Jingand, A. 2019, 12 octobre. <em>2084<\/em> de Boualem Sansal : de la fiction politique \u00e0 la fiction linguistique. Colloque Jeunes Chercheurs LIS, Nancy.<\/li>\n<li>Jingand, A. 2017, 16 juin. Les repr\u00e9sentations linguistiques dans des \u0153uvres dystopiques : le rapport de l\u2019\u00e9crit et l\u2019oral. Doctoriales de LiLPa, Strasbourg.<\/li>\n<\/ol>\n<h3><a name=\"_Toc226066246\"><\/a><a name=\"_Toc161653520\"><\/a><a name=\"_Toc161058507\"><\/a>Conf\u00e9rence dans des s\u00e9minaires de recherche (9)<\/h3>\n<ol>\n<li>Jingand, A.(2026, 29 janvier. Das PREFAB-Projekt und die kontrastive Analyse der Wikidiscussionen. S\u00e9minaire interne du Leibniz-Institut f\u00fcr deutsche Sprache, Allemagne (Mannheim).<\/li>\n<li>Jingand, A. 2025, 29 octobre. Languages-Cultures Contacts and Learning\u00a0: Representations though the Lens of Fiction. Multilingual Engagement, Berkeley University, \u00e9tats-Unis (Berkeley). <strong>Invit\u00e9e<em>.<\/em><\/strong><\/li>\n<li>Yibokou, K.S. &amp; <strong>Jingand, A. <\/strong>2025, 09 septembre. Rep\u00e9rer des indices d\u2019utilisation de l\u2019IA dans des textes, r\u00e9flexions et pratiques autour de l\u2019anglais et de l\u2019allemand. Webinaire IA &amp; didactique des langues, Lille. <strong>Invit\u00e9s.<\/strong><\/li>\n<li>Jingand, A. 2025, 22 avril. Repr\u00e9sentations de l\u2019enseignement et apprentissage des langues-cultures au prisme de la fiction. <a href=\"https:\/\/www.atilf.fr\/recherche\/manifestations\/seminaires-atilf\/\">S\u00e9minaire de l\u2019axe Didactique des langues et sociolinguistique<\/a>, ATILF (Nancy). <strong>Invit\u00e9e.<\/strong><\/li>\n<li>Jingand, A. 2024, 13 septembre. Le lexique \u00e9cologique dans les strat\u00e9gies argumentatives d\u2019associations militantes \u00e9cologistes en France et en Allemagne. Demi-journ\u00e9e th\u00e9matique et transversale \u00ab\u00a0Lexique et Argumentation\u00a0\u00bb, ATILF (Nancy). <strong>Invit\u00e9e<\/strong>.<\/li>\n<li>Jingand, A. 2024, 01 mars. Lexicom\u00e9trie et militantisme\u00a0: la r\u00e9sistance du mouvement activiste \u00e9cologiste allemand <em>Letzte Generation.<\/em> S\u00e9minaire doctoral de linguistique du CeLiSo, Paris.<\/li>\n<li>Jingand, A. 2024, 16 janvier. Interculturalit\u00e9, plurilinguisme et repr\u00e9sentations\u00a0: bilan et perspectives de pratiques en didactique des langues et cultures. Formation de proximit\u00e9 entre pairs organis\u00e9e par le rectorat de Nancy pour les formateurs en langues. Conf\u00e9rence inaugurale d\u2019une heure <strong>invit\u00e9e<\/strong>.<\/li>\n<li>Jingand, A. 2023, 03 mars. Francophonies et variations diachroniques imagin\u00e9es dans la dystopie : <em>T\u00e8 Mawon<\/em> (Michael Roch, 2022) et \u00ab\u00a0Les Hauts\u00ae Parleurs\u00ae\u00a0\u00bb (Alain Damasio, 2012). S\u00e9minaire du th\u00e8me 2 \u00ab\u00a0Variations \u00bb de LiLPa, Strasbourg.<\/li>\n<li>Jingand, A. 2023, 01 f\u00e9vrier. Les imaginaires linguistiques dans des \u0153uvres de fiction dystopique : le cas de <em>Das kugeltranszendentale Vorhaben<\/em> de Johanna et G\u00fcnter Braun. D\u00e9jeuner recherche du laboratoire HCTI, Lorient. <strong>Invit\u00e9e<\/strong>.<\/li>\n<\/ol>\n","protected":false},"excerpt":{"rendered":"<p>Communications \u00e0 des colloques internationaux \u00e0 comit\u00e9 de s\u00e9lection (9) Jingand, A., Poudat, C. &amp; Smith, A. Short paper envoy\u00e9. Contrastive exploration of prefabricated constructions in French and German \u2013 focus on markers of polemical closure in Wikipedia discussions. Journ\u00e9es d\u2019Analyse des Donn\u00e9es Textuelles, 08-10\/07\/2026, Italie (Palerme). Jingand, A. &amp; Tutin, A. 2025, 23 octobre. [&hellip;]<\/p>\n","protected":false},"author":1,"featured_media":0,"parent":0,"menu_order":3,"comment_status":"closed","ping_status":"closed","template":"","meta":{"footnotes":""},"class_list":["post-21","page","type-page","status-publish","hentry"],"_links":{"self":[{"href":"https:\/\/perso.atilf.fr\/ajingand\/wp-json\/wp\/v2\/pages\/21","targetHints":{"allow":["GET"]}}],"collection":[{"href":"https:\/\/perso.atilf.fr\/ajingand\/wp-json\/wp\/v2\/pages"}],"about":[{"href":"https:\/\/perso.atilf.fr\/ajingand\/wp-json\/wp\/v2\/types\/page"}],"author":[{"embeddable":true,"href":"https:\/\/perso.atilf.fr\/ajingand\/wp-json\/wp\/v2\/users\/1"}],"replies":[{"embeddable":true,"href":"https:\/\/perso.atilf.fr\/ajingand\/wp-json\/wp\/v2\/comments?post=21"}],"version-history":[{"count":11,"href":"https:\/\/perso.atilf.fr\/ajingand\/wp-json\/wp\/v2\/pages\/21\/revisions"}],"predecessor-version":[{"id":417,"href":"https:\/\/perso.atilf.fr\/ajingand\/wp-json\/wp\/v2\/pages\/21\/revisions\/417"}],"wp:attachment":[{"href":"https:\/\/perso.atilf.fr\/ajingand\/wp-json\/wp\/v2\/media?parent=21"}],"curies":[{"name":"wp","href":"https:\/\/api.w.org\/{rel}","templated":true}]}}