{"id":25,"date":"2015-06-29T13:45:00","date_gmt":"2015-06-29T12:45:00","guid":{"rendered":"https:\/\/apps.atilf.fr\/homepages\/?page_id=25"},"modified":"2026-04-08T12:50:01","modified_gmt":"2026-04-08T11:50:01","slug":"recherche","status":"publish","type":"page","link":"https:\/\/perso.atilf.fr\/ajingand\/recherche\/","title":{"rendered":"Responsabilit\u00e9s collectives"},"content":{"rendered":"<h2><a name=\"_Toc226066229\"><\/a>Responsabilit\u00e9s collectives d&rsquo;enseignement (8)<\/h2>\n<ol>\n<li>2026\u00a0: co-coordinatrice du work package 2 du projet LangUEscape \u00e0 l\u2019Insp\u00e9 de l\u2019Universit\u00e9 de Lorraine\u00a0: renforcer les pratiques p\u00e9dagogiques par et avec l&rsquo;Europe<\/li>\n<li>2025\u00a0: membre de jury de la certification CAPEFE de l\u2019Insp\u00e9 de l\u2019Universit\u00e9 de Lorraine<\/li>\n<li>2024\u00a0: membre de jury de la certification CAPEFE de l\u2019Insp\u00e9 de l\u2019Universit\u00e9 de Lorraine<\/li>\n<li>2022-2023\u00a0: membre de jury de licences et masters LEA de l\u2019Universit\u00e9 Bretagne Sud<\/li>\n<li>2019-2020\u00a0: membre de jury de la licence LLCER en Enseignement \u00e0 Distance de l\u2019Universit\u00e9 de Strasbourg<\/li>\n<li>2017 &#8211; 2021\u00a0: repr\u00e9sentante d\u00e9l\u00e9gu\u00e9e des doctorants du Groupe d\u2019\u00c9tude sur le Plurilinguisme Europ\u00e9en (GEPE) au Conseil d\u2019Unit\u00e9 de LiLPa<\/li>\n<li>2018 &#8211; 2020\u00a0: repr\u00e9sentante des doctorants au Conseil Scientifique de la Biblioth\u00e8que Nationale Universitaire de Strasbourg<\/li>\n<li>2016 &#8211; 2019\u00a0: repr\u00e9sentante des \u00e9tudiants de la Facult\u00e9 de Langues au <em>Collegium<\/em> Arts, Lettres et Langues \u00e0 l\u2019Universit\u00e9 de Strasbourg<\/li>\n<\/ol>\n<h2><a name=\"_Toc226066230\"><\/a>Responsabilit\u00e9s d\u2019encadrement (5)<\/h2>\n<ol>\n<li>2025 \u2013 2026\u00a0: Suivi de stagiaires en master 1 MEEF (2) et en master 2 MEEF (2)<br \/>\nEncadrement d\u2019un m\u00e9moire de master 1 MEEF (1) et de master 2 MEEF (2)<br \/>\nMembre de jury de m\u00e9moires de master 2 MEEF (3)<\/li>\n<li>2024 \u2013 2025\u00a0: Responsable du recrutement d\u2019un stagiaire dans le projet ANR PREFAB et de son suivi<br \/>\nResponsable du recrutement d\u2019un vacataire dans le projet ANR PREFAB et de son suivi<\/li>\n<li>2023 \u2013 2024\u00a0: Suivi de stagiaires en master 2 MEEF (2)<\/li>\n<li>2023 \u2013 2024\u00a0: Encadrement d\u2019un m\u00e9moire de master 2 MEEF (1)<br \/>\nMembre de jury de m\u00e9moires de master 2 MEEF (2)<\/li>\n<li>2022 \u2013 2023\u00a0: Suivi de stagiaires en licence 2 LEA (3), licence 3 LEA (2)<\/li>\n<\/ol>\n<p>&nbsp;<\/p>\n<p>&nbsp;<\/p>\n<h2><a name=\"_Toc226066247\"><\/a><a name=\"_Toc161653521\"><\/a><a name=\"_Toc161058510\"><\/a>Participation \u00e0 l\u2019organisation d\u2019\u00e9v\u00e9nements scientifiques (10)<\/h2>\n<ol>\n<li>Depuis 2026\u00a0: membre du comit\u00e9 scientifique de l\u2019APLIUT.<\/li>\n<li>11-12\/06\/2026\u00a0: membre du comit\u00e9 d\u2019organisation de la <a href=\"https:\/\/jeoralprefab.sciencesconf.org\/\">journ\u00e9e d\u2019\u00e9tude<\/a> \u00ab\u00a0Pr\u00e9fabrication et oral repr\u00e9sent\u00e9\u00a0\u00bb, \u00e9cole Nationale Sup\u00e9rieure de Lyon.<\/li>\n<li>11-12\/06\/2026\u00a0: membre du comit\u00e9 scientifique de la <a href=\"https:\/\/jeoralprefab.sciencesconf.org\/\">journ\u00e9e d\u2019\u00e9tude<\/a> \u00ab\u00a0Pr\u00e9fabrication et oral repr\u00e9sent\u00e9\u00a0\u00bb, \u00e9cole Nationale Sup\u00e9rieure de Lyon.<\/li>\n<li>02-04\/07\/2025\u00a0: membre du comit\u00e9 d\u2019organisation du <a href=\"https:\/\/neala2025.sciencesconf.org\/\">colloque N\u00e9ala<\/a> de l\u2019Association Fran\u00e7aise de Linguistique Appliqu\u00e9e (AFLA), \u00ab\u00a0Naturel et artificiel en linguistique appliqu\u00e9e\u00a0\u00bb, \u00e0 Nancy.<\/li>\n<li>02-04\/07\/2025\u00a0: membre du comit\u00e9 scientifique du <a href=\"https:\/\/neala2025.sciencesconf.org\/\">colloque N\u00e9ala<\/a> de l\u2019Association Fran\u00e7aise de Linguistique Appliqu\u00e9e (AFLA), \u00ab\u00a0Naturel et artificiel en linguistique appliqu\u00e9e\u00a0\u00bb, \u00e0 Nancy.<\/li>\n<li>19\/01\/2024\u00a0: co-organisation de la demi-journ\u00e9e de l\u2019axe Didactique des Langues et Sociolinguistique \u00ab\u00a0<a href=\"https:\/\/www.atilf.fr\/recherche\/manifestations\/colloques\/20240119-je-axe-ddls\/\">Immersion\u00a0<\/a>\u00bb. Table ronde, conf\u00e9rences, bibliographie collective.<\/li>\n<li>13\/03\/2023\u00a0: <strong>porteuse du projet<\/strong> \u00ab\u00a0Apprendre l\u2019allemand, du coll\u00e8ge \u00e0 l\u2019Universit\u00e9\u00a0: rencontres\u00a0\u00bb, en partenariat avec l\u2019Universit\u00e9 Bretagne Sud et co-financ\u00e9 par l\u2019UFA dans le cadre des 60 ans du Trait\u00e9 de l\u2019\u00e9lys\u00e9e \u00ab\u00a0Trait\u00e9 de l\u2019\u00c9lys\u00e9e\u00a0: regarder ensemble vers l\u2019avenir\u00a0\u00bb<\/li>\n<li>24\/06\/22\u00a0: co-organisation des Doctoriales de LiLPa<\/li>\n<li>25\/06\/21\u00a0: co-organisation des Doctoriales de LiLPa<\/li>\n<li>24\/05\/16 : co-organisation de la Journ\u00e9e d\u2019\u00e9tude dans le cadre du Master 2 Plurilinguisme et Interculturalit\u00e9 intitul\u00e9e : \u00ab Diversit\u00e9 des parcours et des passages : Le r\u00f4le de la langue dans la revendication identitaire d\u2019une communaut\u00e9 linguistique \u00bb<\/li>\n<\/ol>\n","protected":false},"excerpt":{"rendered":"<p>Responsabilit\u00e9s collectives d&rsquo;enseignement (8) 2026\u00a0: co-coordinatrice du work package 2 du projet LangUEscape \u00e0 l\u2019Insp\u00e9 de l\u2019Universit\u00e9 de Lorraine\u00a0: renforcer les pratiques p\u00e9dagogiques par et avec l&rsquo;Europe 2025\u00a0: membre de jury de la certification CAPEFE de l\u2019Insp\u00e9 de l\u2019Universit\u00e9 de Lorraine 2024\u00a0: membre de jury de la certification CAPEFE de l\u2019Insp\u00e9 de l\u2019Universit\u00e9 de Lorraine [&hellip;]<\/p>\n","protected":false},"author":1,"featured_media":0,"parent":0,"menu_order":0,"comment_status":"closed","ping_status":"closed","template":"","meta":{"footnotes":""},"class_list":["post-25","page","type-page","status-publish","hentry"],"_links":{"self":[{"href":"https:\/\/perso.atilf.fr\/ajingand\/wp-json\/wp\/v2\/pages\/25","targetHints":{"allow":["GET"]}}],"collection":[{"href":"https:\/\/perso.atilf.fr\/ajingand\/wp-json\/wp\/v2\/pages"}],"about":[{"href":"https:\/\/perso.atilf.fr\/ajingand\/wp-json\/wp\/v2\/types\/page"}],"author":[{"embeddable":true,"href":"https:\/\/perso.atilf.fr\/ajingand\/wp-json\/wp\/v2\/users\/1"}],"replies":[{"embeddable":true,"href":"https:\/\/perso.atilf.fr\/ajingand\/wp-json\/wp\/v2\/comments?post=25"}],"version-history":[{"count":7,"href":"https:\/\/perso.atilf.fr\/ajingand\/wp-json\/wp\/v2\/pages\/25\/revisions"}],"predecessor-version":[{"id":418,"href":"https:\/\/perso.atilf.fr\/ajingand\/wp-json\/wp\/v2\/pages\/25\/revisions\/418"}],"wp:attachment":[{"href":"https:\/\/perso.atilf.fr\/ajingand\/wp-json\/wp\/v2\/media?parent=25"}],"curies":[{"name":"wp","href":"https:\/\/api.w.org\/{rel}","templated":true}]}}