{"id":35,"date":"2015-06-29T13:47:31","date_gmt":"2015-06-29T12:47:31","guid":{"rendered":"https:\/\/apps.atilf.fr\/homepages\/?page_id=35"},"modified":"2025-12-18T11:34:50","modified_gmt":"2025-12-18T10:34:50","slug":"accueil","status":"publish","type":"page","link":"https:\/\/perso.atilf.fr\/ajingand\/","title":{"rendered":"Accueil"},"content":{"rendered":"<h1 style=\"text-align: center\"><a href=\"https:\/\/perso.atilf.fr\/ajingand\/wp-content\/uploads\/sites\/123\/2024\/10\/IMG_9151-scaled-e1729856368467.jpg\"><img loading=\"lazy\" decoding=\"async\" class=\"alignnone size-medium wp-image-364\" src=\"https:\/\/perso.atilf.fr\/ajingand\/wp-content\/uploads\/sites\/123\/2024\/10\/IMG_9151-scaled-e1729856368467-282x300.jpg\" alt=\"\" width=\"282\" height=\"300\" srcset=\"https:\/\/perso.atilf.fr\/ajingand\/wp-content\/uploads\/sites\/123\/2024\/10\/IMG_9151-scaled-e1729856368467-282x300.jpg 282w, https:\/\/perso.atilf.fr\/ajingand\/wp-content\/uploads\/sites\/123\/2024\/10\/IMG_9151-scaled-e1729856368467-963x1024.jpg 963w, https:\/\/perso.atilf.fr\/ajingand\/wp-content\/uploads\/sites\/123\/2024\/10\/IMG_9151-scaled-e1729856368467-768x817.jpg 768w, https:\/\/perso.atilf.fr\/ajingand\/wp-content\/uploads\/sites\/123\/2024\/10\/IMG_9151-scaled-e1729856368467.jpg 1211w\" sizes=\"auto, (max-width: 282px) 100vw, 282px\" \/><\/a><\/h1>\n<h1><\/h1>\n<h1 style=\"text-align: left\">Fonctions<\/h1>\n<p>Docteure en sciences du langage<\/p>\n<p>Attach\u00e9e Temporaire d&rsquo;Enseignement et de Recherche en didactique de l&rsquo;allemand et interculturel (sections 7 et 12)<\/p>\n<h1>Coordonn\u00e9es au laboratoire ATILF<\/h1>\n\n<table id=\"tablepress-4\" class=\"tablepress tablepress-id-4\">\n<tbody class=\"row-striping\">\n<tr class=\"row-1\">\n\t<td class=\"column-1\">\u00c9quipe<\/td><td class=\"column-2\">Lexique<br \/>\nDidactique des langues et sociolinguistique<\/td>\n<\/tr>\n<tr class=\"row-2\">\n\t<td class=\"column-1\">Courriel<\/td><td class=\"column-2\"><a href=\"mailto:ajingand@atilf.fr\">ajingand@atilf.fr<\/a><\/td>\n<\/tr>\n<tr class=\"row-3\">\n\t<td class=\"column-1\">Lieu<\/td><td class=\"column-2\">Bureau 209 - 2eme \u00e9tage - <a href=\"http:\/\/www.atilf.fr\/spip.php?article70\" target=\"_blank\" rel=\"noopener\">B\u00e2timent CNRS<\/a><\/td>\n<\/tr>\n<tr class=\"row-4\">\n\t<td class=\"column-1\">Adresse<\/td><td class=\"column-2\">ATILF (CNRS &amp; Universit\u00e9 de Lorraine) <br \/>\n44, avenue de la Lib\u00e9ration <br \/>\nB.P. 30687 <br \/>\n54063 Nancy Cedex<\/td>\n<\/tr>\n<\/tbody>\n<\/table>\n<!-- #tablepress-4 from cache -->\n<p>&nbsp;<\/p>\n<h1><a name=\"_Toc161058496\"><\/a><a name=\"_Toc189493689\"><\/a><a name=\"_Toc161653507\"><\/a>Th\u00e8mes de recherche<\/h1>\n<table width=\"639\">\n<tbody>\n<tr>\n<td width=\"368\">\n<p style=\"text-align: center\">Sociolinguistique<\/p>\n<p style=\"text-align: center\">Repr\u00e9sentations sociolinguistiques<\/p>\n<p style=\"text-align: center\">\u00c9pist\u00e9mologie des sciences du langage<\/p>\n<p style=\"text-align: center\">Didactique des langues<\/p>\n<p style=\"text-align: center\">Analyse de discours<\/p>\n<\/td>\n<td width=\"271\">\n<p style=\"text-align: center\">Linguistique de corpus<\/p>\n<p style=\"text-align: center\"><em>Ethos <\/em>militant \u00e9cologiste<\/p>\n<p style=\"text-align: center\">Innovation linguistique<\/p>\n<p style=\"text-align: center\">Dystopie et science-fiction<\/p>\n<p style=\"text-align: center\">Linguistique contrastive<\/p>\n<\/td>\n<\/tr>\n<\/tbody>\n<\/table>\n<h1><a name=\"_Toc189493690\"><\/a><a name=\"_Toc161653508\"><\/a>\u00c9quipes de rattachement<\/h1>\n<p>Depuis 2023\u00a0: UMR 7118 ATILF (Analyse et Traitement Informatique de la Langue Fran\u00e7aise), axe Didactique des langues et sociolinguistique et axe Lexique, Universit\u00e9 de Lorraine<\/p>\n<p>Membre associ\u00e9e depuis 2022\u00a0: UR 1339 LiLPa (Linguistique, Langues, Parole), Th\u00e8me 2 Variations, Universit\u00e9 de Strasbourg<\/p>\n<p>2022-2024\u00a0: EA 4249 HCTI (H\u00e9ritages, Constructions dans le Texte et l\u2019Image), Universit\u00e9 Bretagne Sud<\/p>\n","protected":false},"excerpt":{"rendered":"<p>Fonctions Docteure en sciences du langage Attach\u00e9e Temporaire d&rsquo;Enseignement et de Recherche en didactique de l&rsquo;allemand et interculturel (sections 7 et 12) Coordonn\u00e9es au laboratoire ATILF &nbsp; Th\u00e8mes de recherche Sociolinguistique Repr\u00e9sentations sociolinguistiques \u00c9pist\u00e9mologie des sciences du langage Didactique des langues Analyse de discours Linguistique de corpus Ethos militant \u00e9cologiste Innovation linguistique Dystopie et science-fiction [&hellip;]<\/p>\n","protected":false},"author":1,"featured_media":0,"parent":0,"menu_order":1,"comment_status":"closed","ping_status":"closed","template":"","meta":{"footnotes":""},"class_list":["post-35","page","type-page","status-publish","hentry"],"_links":{"self":[{"href":"https:\/\/perso.atilf.fr\/ajingand\/wp-json\/wp\/v2\/pages\/35","targetHints":{"allow":["GET"]}}],"collection":[{"href":"https:\/\/perso.atilf.fr\/ajingand\/wp-json\/wp\/v2\/pages"}],"about":[{"href":"https:\/\/perso.atilf.fr\/ajingand\/wp-json\/wp\/v2\/types\/page"}],"author":[{"embeddable":true,"href":"https:\/\/perso.atilf.fr\/ajingand\/wp-json\/wp\/v2\/users\/1"}],"replies":[{"embeddable":true,"href":"https:\/\/perso.atilf.fr\/ajingand\/wp-json\/wp\/v2\/comments?post=35"}],"version-history":[{"count":37,"href":"https:\/\/perso.atilf.fr\/ajingand\/wp-json\/wp\/v2\/pages\/35\/revisions"}],"predecessor-version":[{"id":410,"href":"https:\/\/perso.atilf.fr\/ajingand\/wp-json\/wp\/v2\/pages\/35\/revisions\/410"}],"wp:attachment":[{"href":"https:\/\/perso.atilf.fr\/ajingand\/wp-json\/wp\/v2\/media?parent=35"}],"curies":[{"name":"wp","href":"https:\/\/api.w.org\/{rel}","templated":true}]}}