{"id":179,"date":"2020-10-09T09:34:25","date_gmt":"2020-10-09T08:34:25","guid":{"rendered":"https:\/\/perso.atilf.fr\/amchabrol\/?page_id=179"},"modified":"2020-10-09T09:34:25","modified_gmt":"2020-10-09T08:34:25","slug":"hal","status":"publish","type":"page","link":"https:\/\/perso.atilf.fr\/amchabrol\/hal\/","title":{"rendered":"HAL"},"content":{"rendered":"Plugin is not configured correctly or shortcode parameters are not valid, please check the <a href=\"https:\/\/doc.archives-ouvertes.fr\/afficher-une-liste-de-publications-dans-wordpress\/\" target=\"_blank\" id=\"wrong_params\">documentation<\/a><div class=\"wphal-footer\"><p style=\"color:#B3B2B0\">Documents r\u00e9cup\u00e9r\u00e9s de l'archive ouverte HAL&nbsp;<a href=\"https:\/\/hal.science\/\" target=\"_blank\"><img decoding=\"async\" alt=\"logo\" src=\"https:\/\/perso.atilf.fr\/amchabrol\/wp-content\/plugins\/hal\/img\/logo-hal.png\" style=\"width:90px\"><\/a><\/p><\/div>\n","protected":false},"excerpt":{"rendered":"","protected":false},"author":32,"featured_media":0,"parent":0,"menu_order":0,"comment_status":"closed","ping_status":"closed","template":"","meta":{"footnotes":""},"class_list":["post-179","page","type-page","status-publish","hentry"],"_links":{"self":[{"href":"https:\/\/perso.atilf.fr\/amchabrol\/wp-json\/wp\/v2\/pages\/179","targetHints":{"allow":["GET"]}}],"collection":[{"href":"https:\/\/perso.atilf.fr\/amchabrol\/wp-json\/wp\/v2\/pages"}],"about":[{"href":"https:\/\/perso.atilf.fr\/amchabrol\/wp-json\/wp\/v2\/types\/page"}],"author":[{"embeddable":true,"href":"https:\/\/perso.atilf.fr\/amchabrol\/wp-json\/wp\/v2\/users\/32"}],"replies":[{"embeddable":true,"href":"https:\/\/perso.atilf.fr\/amchabrol\/wp-json\/wp\/v2\/comments?post=179"}],"version-history":[{"count":1,"href":"https:\/\/perso.atilf.fr\/amchabrol\/wp-json\/wp\/v2\/pages\/179\/revisions"}],"predecessor-version":[{"id":180,"href":"https:\/\/perso.atilf.fr\/amchabrol\/wp-json\/wp\/v2\/pages\/179\/revisions\/180"}],"wp:attachment":[{"href":"https:\/\/perso.atilf.fr\/amchabrol\/wp-json\/wp\/v2\/media?parent=179"}],"curies":[{"name":"wp","href":"https:\/\/api.w.org\/{rel}","templated":true}]}}