{"id":15,"date":"2015-06-29T13:43:26","date_gmt":"2015-06-29T12:43:26","guid":{"rendered":"https:\/\/apps.atilf.fr\/homepages\/apolguer\/?page_id=15"},"modified":"2018-01-05T08:29:51","modified_gmt":"2018-01-05T07:29:51","slug":"lexical-systems","status":"publish","type":"page","link":"https:\/\/perso.atilf.fr\/apolguere\/fr\/lexical-systems\/","title":{"rendered":"Syst\u00e8mes Lexicaux"},"content":{"rendered":"<p>Les <b>Syst\u00e8mes Lexicaux<\/b> sont des mod\u00e8les lexicographiques du type <i>r\u00e9seaux lexicaux<\/i>. Contrairement aux mod\u00e8les textuels traditionnels que sont les dictionnaires, les Syst\u00e8mes Lexicaux structurent l&rsquo;information lexicale de fa\u00e7on fondamentalement relationnelle\u00a0: chaque unit\u00e9 lexicale est principalement caract\u00e9ris\u00e9e par un ensemble de liens paradigmatiques et syntagmatiques qui la connectent aux autres unit\u00e9s lexicales de la langue. L&rsquo;ossature relationnelle des Syst\u00e8mes Lexicaux repose sur les <a class=\"lien\" href=\"https:\/\/en.wikipedia.org\/wiki\/Lexical_function\" target=\"_blank\">fonctions lexicales<\/a> de la th\u00e9orie Sens-Texte :<\/p>\n<ol type=\"1\">\n<li>fonctions lexicales paradigmatiques, qui connectent l&rsquo;unit\u00e9 lexicale \u00e0 ses d\u00e9riv\u00e9s s\u00e9mantiques \u2013\u00a0<b><tt>Syn<\/tt><\/b> (synonymie), <b><tt>Anti<\/tt><\/b> (antonymie), <b><tt>Gener<\/tt><\/b> (g\u00e9n\u00e9rique), <b><tt>S<sub>0<\/sub><\/tt><\/b>\/<b><tt>V<sub>0<\/sub><\/tt><\/b>\/<b><tt>A<sub>0<\/sub><\/tt><\/b>\/<b><tt>Adv<sub>0<\/sub><\/tt><\/b> (nominalisation, verbalisation, adjectivisation, adverbialisation), <b><tt>S<sub>i<\/sub><\/tt><\/b> (nom d&rsquo;actant typique), etc. ;<\/li>\n<li>fonctions lexicales syntagmatiques, qui connectent l&rsquo;unit\u00e9 lexicale \u00e0 ses collocatifs au sein de collocations dont elle est la base \u2013 <b><tt>Magn<\/tt><\/b> (intensificateur), <b><tt>Oper<sub>i<\/sub><\/tt><\/b>\/<b><tt>Func<sub>i<\/sub><\/tt><\/b>\/<b><tt>Labor<sub>ij<\/sub><\/tt><\/b> (verbes supports), <b><tt>Real<sub>i<\/sub><\/tt><\/b>\/<b><tt>Fact<sub>i<\/sub><\/tt><\/b>\/<b><tt>Labreal<sub>ij<\/sub><\/tt><\/b> (verbes de r\u00e9alisation), etc.<\/li>\n<\/ol>\n<p>Formellement, un Syst\u00e8me Lexical est un graphe d&rsquo;unit\u00e9s lexicales de type <i>petit monde<\/i> (Watts &amp; Strogatz 1998), dont la structure \u00e9voque celle d&rsquo;un \u00ab\u00a0r\u00e9seau social d&rsquo;unit\u00e9s lexicales\u00a0\u00bb.<img decoding=\"async\" src=\"https:\/\/perso.atilf.fr\/polguere\/wp-content\/uploads\/sites\/17\/2017\/12\/SOLEIL-RL-fr.jpg\" style=\"float:right;width:110px\"> Il se distingue ainsi radicalement des mod\u00e8les de types taxinomiques, o\u00f9 le lexique est organis\u00e9 principalement comme une hi\u00e9rarchie de classes d&rsquo;unit\u00e9s lexicales. On trouvera dans Polgu\u00e8re (2009) une premi\u00e8re th\u00e9orisation de la notion de Syst\u00e8me Lexical et dans Polgu\u00e8re (2014) une pr\u00e9sentation de la lexicographie des Syst\u00e8mes Lexicaux, fond\u00e9e sur les acquis des travaux men\u00e9s, notamment, sur le <i>R\u00e9seau Lexical du Fran\u00e7ais<\/i> (RL-fr).<\/p>\n<ul>\n<li>Polgu\u00e8re A. (2014) <a class=\"lien\" href=\"https:\/\/academic.oup.com\/ijl\/article-pdf\/27\/4\/396\/2752206\/ecu017.pdf\" target=\"_blank\">From Writing Dictionaries to Weaving Lexical Networks<\/a>. <i>International Journal of Lexicography<\/i> <b>27(4)<\/b>, pp. 396&ndash;418.<\/li>\n<li>Polgu\u00e8re A. (2009) Lexical systems: graph models of natural language lexicons, <i>Language Resources and Evaluation<\/i> <b>43(1)<\/b>, pp. 41&ndash;55. <\/li>\n<li>Watts D. J., Strogatz S. H. (1998) Collective dynamics of &lsquo;small-world&rsquo; networks. <i>Nature<\/i> <b>393<\/b>, pp. 440&ndash;442.<\/li>\n<\/ul>\n","protected":false},"excerpt":{"rendered":"<p>Les Syst\u00e8mes Lexicaux sont des mod\u00e8les lexicographiques du type r\u00e9seaux lexicaux. Contrairement aux mod\u00e8les textuels traditionnels que sont les dictionnaires, les Syst\u00e8mes Lexicaux structurent l&rsquo;information lexicale de fa\u00e7on fondamentalement relationnelle\u00a0: chaque unit\u00e9 lexicale est principalement caract\u00e9ris\u00e9e par un ensemble de liens paradigmatiques et syntagmatiques qui la connectent aux autres unit\u00e9s lexicales de la langue. L&rsquo;ossature [&hellip;]<\/p>\n","protected":false},"author":1,"featured_media":0,"parent":0,"menu_order":0,"comment_status":"closed","ping_status":"closed","template":"","meta":{"footnotes":""},"class_list":["post-15","page","type-page","status-publish","hentry"],"_links":{"self":[{"href":"https:\/\/perso.atilf.fr\/apolguere\/wp-json\/wp\/v2\/pages\/15","targetHints":{"allow":["GET"]}}],"collection":[{"href":"https:\/\/perso.atilf.fr\/apolguere\/wp-json\/wp\/v2\/pages"}],"about":[{"href":"https:\/\/perso.atilf.fr\/apolguere\/wp-json\/wp\/v2\/types\/page"}],"author":[{"embeddable":true,"href":"https:\/\/perso.atilf.fr\/apolguere\/wp-json\/wp\/v2\/users\/1"}],"replies":[{"embeddable":true,"href":"https:\/\/perso.atilf.fr\/apolguere\/wp-json\/wp\/v2\/comments?post=15"}],"version-history":[{"count":48,"href":"https:\/\/perso.atilf.fr\/apolguere\/wp-json\/wp\/v2\/pages\/15\/revisions"}],"predecessor-version":[{"id":737,"href":"https:\/\/perso.atilf.fr\/apolguere\/wp-json\/wp\/v2\/pages\/15\/revisions\/737"}],"wp:attachment":[{"href":"https:\/\/perso.atilf.fr\/apolguere\/wp-json\/wp\/v2\/media?parent=15"}],"curies":[{"name":"wp","href":"https:\/\/api.w.org\/{rel}","templated":true}]}}