{"id":245,"date":"2017-08-30T12:01:33","date_gmt":"2017-08-30T11:01:33","guid":{"rendered":"https:\/\/apps.atilf.fr\/homepages\/polguere\/?page_id=245"},"modified":"2018-01-04T16:03:10","modified_gmt":"2018-01-04T15:03:10","slug":"lexsys-bibliography","status":"publish","type":"page","link":"https:\/\/perso.atilf.fr\/apolguere\/fr\/lexsys-bibliography\/","title":{"rendered":"Syst\u00e8mes&nbsp;Lexicaux&nbsp;: Bibliographie"},"content":{"rendered":"<p>Fonseca A., Sadat F., Lareau F. (2017) Combining Dependency Parsing and a Lexical Network Based on Lexical Functions for the Identification of Collocations. In R. Mitkov (ed.): <i>Computational and Corpus-Based Phraseology (Second International Conference, Europhras 2017 London, UK, November 13&ndash;14, 2017 Proceedings)<\/i>, Lecture Notes in Computer Science (LNCS) 10596, Springer, Berlin\/Heidelberg, pp. 447&ndash;461.<\/p>\n<p>Paus\u00e9 M.-S. (2017) <i><a class=\"lien\" href=\"https:\/\/hal.archives-ouvertes.fr\/tel-01657880\/document\" target=\"_blank\">Structure lexico-syntaxique des locutions du fran\u00e7ais et incidence sur leur combinatoire<\/a><\/i>. Th\u00e8se de doctorat, Universit\u00e9 de Lorraine, Nancy.<\/p>\n<p>Kim M. H. (2017) <i>\u00c9tude contrastive de la phras\u00e9ologie des noms d&rsquo;\u00e9l\u00e9ments du corps en cor\u00e9en et en fran\u00e7ais<\/i>. Th\u00e8se de doctorat, Universit\u00e9 de Lorraine, Nancy.<\/p>\n<p>Ollinger S., Polgu\u00e8re A. (2017) <a class=\"lien\" href=\"https:\/\/repository.ortolang.fr\/api\/content\/lexical-system-fr\/3\/documentationSL-V1-fr.pdf\" target=\"_blank\">&laquo; Distribution des syst\u00e8mes lexicaux. version 1.0 &raquo;<\/a>. Rapport technique, ATILF CNRS, Nancy.<\/p>\n<p>Polgu\u00e8re A. (2016) <a class=\"lien\" href=\"https:\/\/www.shs-conferences.org\/articles\/shsconf\/pdf\/2016\/05\/shsconf_cmlf2016_01002.pdf\" target=\"_blank\">La question de la g\u00e9om\u00e9trie du lexique<\/a>. <i>SHS Web of Conferences<\/i> <b>27<\/b>, 01002 [F.&nbsp;Neveu <i>et coll.<\/i>: <i>Actes du &laquo; 5<sup>e<\/sup> Congr\u00e8s Mondial de Linguistique Fran\u00e7aise (CMLF 2016) &raquo;<\/i>, Tours].<\/p>\n<p>Ingrosso F., Polgu\u00e8re A. (2015) <a class=\"lien\" href=\"http:\/\/ceur-ws.org\/Vol-1495\/paper_11.pdf\" target=\"_blank\">How Terms Meet in Small-World Lexical Networks : The Case of Chemistry Terminology<\/a>. <i>Proceedings of the 11<sup>th<\/sup> International Conference on Terminology and Artificial Intelligence (TIA 2015)<\/i>, Granada, pp. 167&ndash;171.<\/p>\n<p>Polgu\u00e8re A. (2015) <a class=\"lien\" href=\"https:\/\/hal.archives-ouvertes.fr\/hal-01184621\/document\" target=\"_blank\">Lexicon Embedded Syntax<\/a>. <i>Proceedings of the Third International Conference on Dependency Linguistics (Depling 2015)<\/i>, Uppsala, pp. 2&ndash;9.<\/p>\n<p>Polgu\u00e8re A. (2014) <a class=\"lien\" href=\"https:\/\/academic.oup.com\/ijl\/article-pdf\/27\/4\/396\/2752206\/ecu017.pdf\" target=\"_blank\">From Writing Dictionaries to Weaving Lexical Networks<\/a>. <i>International Journal of Lexicography<\/i> <b>27(4)<\/b>, pp. 396&ndash;418.<\/p>\n<p>Ollinger S. (2014) <i><a class=\"lien\" href=\"https:\/\/halshs.archives-ouvertes.fr\/tel-01107631\/document\" target=\"_blank\">Le raisonnement analogique en lexicographie, son informatisation et son application au R\u00e9seau Lexical du Fran\u00e7ais<\/a><\/i>. Th\u00e8se de doctorat, Universit\u00e9 de Lorraine, Nancy.<\/p>\n<p>Ollinger S. (2014) <a class=\"lien\" href=\"https:\/\/halshs.archives-ouvertes.fr\/halshs-01021152\/document\" target=\"_blank\">Regroupement de structures de derivations lexicales par raisonnement analogique<\/a>. Dans B. Bigi (dir.) : <i>TALN-RECITAL &ndash; 16<sup>e<\/sup> Rencontre des \u00e9tudiants Chercheurs en Informatique pour le Traitement Automatique des Langues<\/i>, Marseille, pp. 92&ndash;103.<\/p>\n<p>Gader&nbsp;N., Koehl&nbsp;A., Polgu\u00e8re&nbsp;A. (2014) A Lexical Network with a Morphological Model in It. <i>Proceedings of the 4<sup>th<\/sup> Workshop on Cognitive Aspects of the Lexicon (CogALex IV)<\/i>, Association for Computational Linguistics and Dublin City University, Dublin, pp. 154&ndash;165.<\/p>\n<p>Gader&nbsp;N., Ollinger&nbsp;S., Polgu\u00e8re&nbsp;A. (2014) <a class=\"lien\" href=\"http:\/\/www.aclweb.org\/anthology\/W14-0122\" target=\"_blank\">One Lexicon, Two Structures : So What Gives ?<\/a> Dans H.&nbsp;Orav, C.&nbsp;D.&nbsp;Fellbaum &amp; P.&nbsp;Vossen (dir.) : <i>Proceedings of the Seventh Global Wordnet Conference (GWC2014)<\/i>, Global WordNet Association, Tartu, pp. 163&ndash;171.<\/p>\n<p>Polgu\u00e8re A. (2014) Principes de modelisation syst\u00e9mique des r\u00e9seaux lexicaux. Dans B.&nbsp;Bigi (dir.): <i>Actes de TALN 2014 (Volume 1: Articles longs)<\/i>, Association pour le Traitement Automatique des Langues, Marseille, pp. 79&ndash;90.<\/p>\n<p>Polgu\u00e8re A., Sikora D. (2013) Mod\u00e8le lexicographique de croissance du vocabulaire fond\u00e9 sur un processus al\u00e9atoire, mais syst\u00e9matique. Dans C. Garcia-Debanc, C. Masseron &amp; C. Ronveaux (dir.): <i>Enseigner le lexique<\/i>, Recherches en didactique du fran\u00e7ais 5, Presses Universitaires de Namur, Namur, pp. 35&ndash;63.<\/p>\n<p>Delaite C., Polgu\u00e8re A. (2013) Sex-Based Nominal Pairs in the French Lexical Network : It&rsquo;s Not What You Think. Dans V.&nbsp;Apresjan, B.&nbsp;Iomdin &amp; E.&nbsp;Ageeva (dir.): <i>Proceedings of the Sixth International Conference on Meaning-Text Theory (MTT&rsquo;13)<\/i>, Prague, pp. 29&ndash;40. Republi\u00e9 dans <i>Wiener Slawistischer Almanach<\/i>, Sonderband 85 (2013).<\/p>\n<p>Delaite C., Polgu\u00e8re A. (2013) &laquo; M\u00e9mo RLF. Traitement lexicographique des correspondances N<sub>masc<\/sub> &#126; N<sub>f\u00e9m<\/sub> en fran\u00e7ais : la r\u00e9ponse du berger \u00e0 la berg\u00e8re &raquo;. Rapport technique, Projet RELIEF\/RLF, ATILF CNRS, Nancy.<\/p>\n<p>Gader N., Lux-Pogodalla V. &amp; Polgu\u00e8re A. (2012) Hand-Crafting a Lexical Network With a Knowledge-Based Graph Editor. <i>Proceedings of the Third Workshop on Cognitive Aspects of the Lexicon (CogALex III)<\/i>, The COLING 2012 Organizing Committee, Mumbai, pp. 109&ndash;125.<\/p>\n<p>Polgu\u00e8re A. (2012) Like a Lexicographer Weaving Her Lexical Network [R\u00e9sum\u00e9 de conf\u00e9rence invit\u00e9e]. <i>Proceedings of the Third Workshop on Cognitive Aspects of the Lexicon (CogALex III)<\/i>, The COLING 2012 Organizing Committee, Mumbai, pp. 1&ndash;3.<\/p>\n<p>Polgu\u00e8re A. (2012) Lexicographie des dictionnaires virtuels. Dans Y. Apresjan, I. Boguslavsky, M.-C. L\u2019Homme, L. Iomdin, J. Mili\u0107evi\u0107, A. Polgu\u00e8re &amp; L. Wanner (dir.) : <i>Meanings, Texts, and Other Exciting Things. A Festschrift to Commemorate the 80<sup>th<\/sup> Anniversary of Professor Igor Alexandrovi\u010d Mel\u2019\u010duk<\/i>, Jazyki slavjanskoj kultury Publishers, Moscou, pp. 509&ndash;523.<\/p>\n<p>Polgu\u00e8re A. (2012) &laquo; M\u00e9mo RLF. Norme de qualit\u00e9 pour la publication d&rsquo;un vocable &raquo;. Rapport technique, Projet RELIEF\/RLF, ATILF CNRS, Nancy.<\/p>\n<p>Lux-Pogodalla V., Polgu\u00e8re A. (2011) Construction of a French Lexical Network : Methodological Issues. <i>Proceedings of the First International Workshop on Lexical Resources, WoLeR 2011. An ESSLLI 2011 Workshop<\/i>, Ljubljana, pp. 54&ndash;61.<\/p>\n<p>Benoit J.-L., Lux-Pogodalla V., Polgu\u00e8re A. (2011) &laquo; M\u00e9mo RLF. Exemples lexicographiques &raquo;. Rapport technique, Projet RELIEF\/RLF, ATILF CNRS, Nancy.<\/p>\n<p>Polgu\u00e8re A. (2011) &laquo; M\u00e9mo RLF. Traitement lexicographique des formes <i>se V<\/i> &raquo;. Rapport technique, Projet RELIEF\/RLF, ATILF CNRS, Nancy.<\/p>\n<p>Polgu\u00e8re A. (2011) &laquo; M\u00e9mo RLF. \u00c9tapes dans la r\u00e9daction d&rsquo;une entr\u00e9e de vocable &raquo;. Rapport technique, Projet RELIEF\/RLF, ATILF CNRS, Nancy.<\/p>\n<p>Polgu\u00e8re A. (2009) Lexical systems : graph models of natural language lexicons, <i>Language Resources and Evaluation<\/i> <b>43(1)<\/b>, pp. 41&ndash;55.<\/p>\n<p>Polgu\u00e8re A. (2007) Structure de graphe de la base lexicale DiCo. <i>Actes du Colloque Bases de donn\u00e9s lexicales : construction et applications (BDL-CA)<\/i>, Montr\u00e9al, pp. 13&ndash;27.<\/p>\n<p>Polgu\u00e8re A. (2006) Structural Properties of Lexical Systems : Monolingual and Multilingual Perspectives. <i>Proceedings of the Workshop on Multilingual Language Resources and Interoperability (COLING\/ACL 2006)<\/i>, Association for Computational Linguistics, Sydney, pp. 50&ndash;59.<\/p>\n","protected":false},"excerpt":{"rendered":"<p>Fonseca A., Sadat F., Lareau F. (2017) Combining Dependency Parsing and a Lexical Network Based on Lexical Functions for the Identification of Collocations. In R. Mitkov (ed.): Computational and Corpus-Based Phraseology (Second International Conference, Europhras 2017 London, UK, November 13&ndash;14, 2017 Proceedings), Lecture Notes in Computer Science (LNCS) 10596, Springer, Berlin\/Heidelberg, pp. 447&ndash;461. Paus\u00e9 M.-S. [&hellip;]<\/p>\n","protected":false},"author":21,"featured_media":0,"parent":0,"menu_order":0,"comment_status":"closed","ping_status":"closed","template":"","meta":{"footnotes":""},"class_list":["post-245","page","type-page","status-publish","hentry"],"_links":{"self":[{"href":"https:\/\/perso.atilf.fr\/apolguere\/wp-json\/wp\/v2\/pages\/245","targetHints":{"allow":["GET"]}}],"collection":[{"href":"https:\/\/perso.atilf.fr\/apolguere\/wp-json\/wp\/v2\/pages"}],"about":[{"href":"https:\/\/perso.atilf.fr\/apolguere\/wp-json\/wp\/v2\/types\/page"}],"author":[{"embeddable":true,"href":"https:\/\/perso.atilf.fr\/apolguere\/wp-json\/wp\/v2\/users\/21"}],"replies":[{"embeddable":true,"href":"https:\/\/perso.atilf.fr\/apolguere\/wp-json\/wp\/v2\/comments?post=245"}],"version-history":[{"count":44,"href":"https:\/\/perso.atilf.fr\/apolguere\/wp-json\/wp\/v2\/pages\/245\/revisions"}],"predecessor-version":[{"id":708,"href":"https:\/\/perso.atilf.fr\/apolguere\/wp-json\/wp\/v2\/pages\/245\/revisions\/708"}],"wp:attachment":[{"href":"https:\/\/perso.atilf.fr\/apolguere\/wp-json\/wp\/v2\/media?parent=245"}],"curies":[{"name":"wp","href":"https:\/\/api.w.org\/{rel}","templated":true}]}}