{"id":299,"date":"2017-09-12T05:12:45","date_gmt":"2017-09-12T04:12:45","guid":{"rendered":"https:\/\/apps.atilf.fr\/homepages\/polguere\/?page_id=299"},"modified":"2024-11-27T20:41:32","modified_gmt":"2024-11-27T19:41:32","slug":"publications-2","status":"publish","type":"page","link":"https:\/\/perso.atilf.fr\/apolguere\/publications-2\/","title":{"rendered":"Publications"},"content":{"rendered":"<h4><strong><a href=\"https:\/\/perso.atilf.fr\/polguere\/wp-content\/uploads\/sites\/17\/2019\/01\/POLGUERE-PUBLICATIONS_en.pdf\" target=\"_blank\">Full list of publications (PDF)<\/a><\/strong><\/h4>\n<h4><strong>Summary of publications<\/strong><\/h4>\n<p style=\"text-align: left\"><strong>Monographs<\/strong><\/p>\n<ul>\n<li><a class=\"lien\" href=\"https:\/\/www.pum.umontreal.ca\/catalogue\/lexicologie_et_semantique_lexicale_3e_ed\" target=\"_blank\" rel=\"noopener\">Polgu\u00e8re A. (2016) <i>Lexicologie et s\u00e9mantique lexicale. Notions fondamentales<\/i>. Third edition, Les Presses de l\u2019Universit\u00e9 de Montr\u00e9al, Montreal.<\/a> [First edition in 2003; 4<sup>th<\/sup> edition planned for summer 2025]<\/b><br \/>\nPortuguese translation:<\/b><br \/>\n<a class=\"lien\" href=\"https:\/\/www.editoracontexto.com.br\/produto\/lexicologia-e-semantica-lexical-nocoes-fundamentais\/1496746\" target=\"_blank\" rel=\"noopener\">Polgu\u00e8re A. (2018) <i>Lexicologia e Sem\u00e2ntica Lexical. No\u00e7\u00f5es Fundamentais<\/i>. Editora Contexto, S\u00e3o Paulo.<\/a> [Translated by Sabrina Pereira de Abreu].<\/li>\n<li>Mel\u2019\u010duk I., Polgu\u00e8re A. (2007) <i>Lexique actif du fran\u00e7ais. L\u2019apprentissage du vocabulaire fond\u00e9 sur 20\u2009000 d\u00e9rivations s\u00e9mantiques et collocations du fran\u00e7ais<\/i>, De Boeck &amp; Larcier, Brussels.<\/li>\n<li>Mel\u2019\u010duk I., Arbatchewsky-Jumarie N., Iordanskaja L., Mantha S., Polgu\u00e8re A. (1999) <i>Dictionnaire explicatif et combinatoire du fran\u00e7ais contemporain. Recherches lexico-s\u00e9mantiques IV<\/i>, Les Presses de l\u2019Universit\u00e9 de Montr\u00e9al, Montreal.<\/li>\n<li>Mel\u2019\u010duk I., Clas A., Polgu\u00e8re A. (1995) <i>Introduction \u00e0 la lexicologie explicative et combinatoire<\/i>, Duculot, Paris\/Louvain-la-Neuve.<\/li>\n<\/ul>\n<p style=\"text-align: left\"><strong>Collective books (as editor)<\/strong><\/p>\n<ul>\n<li>Jacquet-Pfau, Polgu\u00e8re A. [eds.]  (2024) <i>Cahiers de lexicologie<\/i>, &#8220;Varia&#8221; issue <b>124<\/b>. <\/li>\n<li>Iomdin L., Mili\u0107evi\u0107 J., Polgu\u00e8re, A. [eds.]  (2022) <i>Lifetime linguistic inspirations. To Igor Mel\u2019\u010duk from colleagues and friends for his 90<sup>th<\/sup> birthday<\/i>, Wiener Slawistischer Almanach, Sonderband 101. Peter Lang, Berlin <i>et al.<\/i> <\/li>\n<li>Jacquet-Pfau, Polgu\u00e8re A. [eds.]  (2022) <i>Cahiers de lexicologie<\/i>, &#8220;Varia&#8221; issue <b>120<\/b>. <\/li>\n<li>Jacquet-Pfau, Polgu\u00e8re A. [eds.]  (2020) <i>Cahiers de lexicologie<\/i>, &#8220;Varia&#8221; issue <b>117<\/b>. <\/li>\n<li>Jacquet-Pfau, Polgu\u00e8re A. [eds.]  (2019) <i>Cahiers de lexicologie<\/i>, &#8220;Varia&#8221; issue <b>115<\/b>. <\/li>\n<li>Polgu\u00e8re A., Sikora D. [eds.]  (2016) <i>Cahiers de lexicologie<\/i>, special issue &#8220;La d\u00e9finition&#8221; <b>109<\/b>. <\/li>\n<li>Apresjan Y., Boguslavsky I., L\u2019Homme M.-C., Iomdin L., Mili\u0107evi\u0107 J., Polgu\u00e8re, A., Wanner L. [eds.]  (2012) <i>Meanings, Texts, and Other Exciting Things. A Festschrift to Commemorate the 80<sup>th<\/sup> Anniversary of Professor Igor Alexandrovi\u010d Mel\u2019\u010duk<\/i>, Jazyki slavjanskoj kultury publishers, Moscow. <\/li>\n<li>Polgu\u00e8re A., Mel\u2019\u010duk I. [eds.] (2009) <i>Dependency in Linguistic Description<\/i>, John Benjamins, Amsterdam\/Philadelphia. <\/li>\n<li>Beck D., Gerdes K., Mili\u0107evi\u0107 J., Polgu\u00e8re A. [eds.]  (2009) <i>Proceedings of the Fourth International Conference on Meaning-Text Theory (MTT\u201909)<\/i>, Universit\u00e9 de Montr\u00e9al, Montreal. <\/li>\n<li>Kahane S., Polgu\u00e8re A. [eds.] (1998) <i>Processing of Dependency-Based Grammars: Proceedings of the Workshop<\/i>, Universit\u00e9 de Montr\u00e9al, Montreal. <\/li>\n<\/ul>\n<p style=\"text-align: left\"><strong>Co-edition of monographs<\/strong><\/p>\n<ul>\n<li>Mel\u2019\u010duk I. (2015) <i>Semantics: From meaning to text, volume 3<\/i>, Studies in Language Companion Series 168, John Benjamins, Amsterdam\/Philadelphia. D. Beck &amp; A. Polgu\u00e8re (eds.). <\/li>\n<li>Mel\u2019\u010duk I. (2013) <i>Semantics: From meaning to text, volume 2<\/i>, Studies in Language Companion Series 135, John Benjamins, Amsterdam\/Philadelphia. D. Beck &amp; A. Polgu\u00e8re (eds.). <\/li>\n<li>Mel\u2019\u010duk I. (2012) <i>Semantics: From meaning to text<\/i> (volume 1), Studies in Language Companion Series 129, John Benjamins, Amsterdam\/Philadelphia. D. Beck &amp; A. Polgu\u00e8re (eds.). <\/li>\n<\/ul>\n<p style=\"text-align: left\"><strong>Selected articles<\/strong><\/p>\n<ul>\n<li><a class=\"lien\" href=\"http:\/\/jcs.snu.ac.kr\/jcs\/issue\/vol19\/no4\/01+Igor+Alain.pdf\" target=\"_blank\" rel=\"noopener\">Mel\u2019\u010duk I., Polgu\u00e8re A. (2018) Theory and Practice of Lexicographic Definition. <i>Journal of Cognitive Science<\/i> <b>19(4)<\/b>, pp. 417&ndash;470.<\/a><\/li>\n<li><a class=\"lien\" href=\"http:\/\/journals.rudn.ru\/linguistics\/article\/view\/20165\" target=\"_blank\" rel=\"noopener\">Polgu\u00e8re A. (2018) A Lexicographic Approach to the Study of Copolysemy Relations. <i>Russian Journal of Linguistics<\/i> <b>22(4)<\/b>, pp. 788&ndash;820.<\/a><\/li>\n<li>Kim M. H., Polgu\u00e8re A. (2017) Korean Morphological Collocations: Theoretical and Descriptive Implications. In R. Mitkov (ed.): <i>Computational and Corpus-Based Phraseology (Second International Conference, Europhras 2017 London, UK, November 13&ndash;14, 2017 Proceedings)<\/i>, Lecture Notes in Computer Science (LNCS) 10596, Springer, Berlin\/Heidelberg, pp. 398&ndash;411.<\/li>\n<li>Mel\u2019\u010duk I., Polgu\u00e8re A. (2016) La d\u00e9finition lexicographique selon la lexicologie explicative et combinatoire. <i>Cahiers de lexicologie<\/i> <b>109<\/b>, pp. 61&ndash;91.<\/li>\n<li>Polgu\u00e8re A. (2016) La question de la g\u00e9om\u00e9trie du lexique. <i>SHS Web of Conferences<\/i> <b>27<\/b>, 01002 [F. Neveu <i>et al.<\/i>: <i>Proceedings of the &ldquo;5<sup>e<\/sup> Congr\u00e8s Mondial de Linguistique Fran\u00e7aise (CMLF 2016)&rdquo;<\/i>, Tours (France)].<\/li>\n<li>Polgu\u00e8re A. (2016) Il y a un tra\u00eetre par minou: le statut lexical des clich\u00e9s linguistiques. <i>Corela<\/i> <b>19<\/b> [On line].<\/li>\n<li>Polgu\u00e8re A. (2015) Lexical Contextualism: The Ab\u00e9lard Syndrome. In N. Gala, R. Rapp &amp; G. Bel-Enguix (eds.): <i>Language Production, Cognition, and the Lexicon<\/i>, Text, Speech and Language Technology 48, Springer, Cham Hei-delberg New York Dordrecht London, pp. 53&ndash;73.<\/li>\n<li>Ingrosso, F., Polgu\u00e8re A. (2015) How Terms Meet in Small-World Lexical Networks: The Case of Chemistry Terminology. <i>Proceedings of the 11<sup>th<\/sup> International Conference on Terminology and Artificial Intelligence (TIA 2015)<\/i>, Granada, pp. 167&ndash;171.<\/li>\n<li>Polgu\u00e8re A. (2015) Non-compositionnalit\u00e9: ce sont toujours les locutions faibles qui trinquent. <i>Verbum<\/i> <b>XXXVII(2)<\/b>, pp. 257&ndash;280.<\/li>\n<li>Polgu\u00e8re A. (2015) Lexicon Embedded Syntax. <i>Proceedings of the Third International Conference on Dependency Linguistics (Depling 2015)<\/i>, Uppsala, pp. 2&ndash;9.<\/li>\n<li>Polgu\u00e8re A. (2014) From Writing Dictionaries to Weaving Lexical Networks. <i>International Journal of Lexicography<\/i> <b>27(4)<\/b>, pp. 396&ndash;418.<\/li>\n<li>Gader&nbsp;N., Koehl&nbsp;A., Polgu\u00e8re&nbsp;A. (2014) A Lexical Network with a Morphological Model in It. <i>Proceedings of the 4<sup>th<\/sup> Workshop on Cognitive Aspects of the Lexicon (CogALex IV)<\/i>, Association for Computational Linguistics and Dublin City University, Dublin, pp. 154&ndash;165.<\/li>\n<li>Gader&nbsp;N., Ollinger&nbsp;S., Polgu\u00e8re&nbsp;A. (2014) One Lexicon, Two Structures: So What Gives? In H.&nbsp;Orav, C.&nbsp;D.&nbsp;Fellbaum &amp; P.&nbsp;Vossen (eds.): <i>Proceedings of the Seventh Global Wordnet Conference (GWC2014)<\/i>, Global WordNet Association, Tartu, pp. 163&ndash;171.<\/li>\n<li>Polgu\u00e8re A. (2014) Terminologie grammaticale&#8230; et lexicale. <i>Rep\u00e8res (recherches en didactique du fran\u00e7ais langue maternelle)<\/i> <b>49<\/b>, pp. 115&ndash;130.<\/li>\n<li>Polgu\u00e8re A. (2014) Rection nominale: retour sur les constructions \u00e9valuatives. <i>Travaux de linguistique<\/i> <b>68<\/b>, pp. 83&ndash;102.<\/li>\n<li>Polgu\u00e8re A. (2014) Du syncr\u00e9tisme \u00e0 SYNCR\u00c9TISME: perspective lexicographique. In M. B. Collini &amp; P. Auraix-Jonchi\u00e8re (eds.): <i>Syncr\u00e9tismes, mythes et litt\u00e9ratures<\/i>, Crois\u00e9e des SHS, Presses Universitaires Blaise Pascal, Clermont-Ferrand, pp. 41&ndash;65.<\/li>\n<li>Polgu\u00e8re A. (2013) Les petits soucis ne poussent plus dans le champ lexical des sentiments. In F. Baider &amp; G. Cislaru (eds.): <i>Cartographie des \u00e9motions. Propositions linguistiques et sociolinguistiques<\/i>, Presses Sorbonne Nouvelle, Paris, pp. 21&ndash;41.<\/li>\n<li>Barque L., Polgu\u00e8re A. (2013) Enrichissement formel des d\u00e9finitions du <i>Tr\u00e9sor de la Langue Fran\u00e7aise informatis\u00e9<\/i> (TLFi) dans une perspective lexicographique. <i>Lexique<\/i> <b>21<\/b>, pp. 221&ndash;244.<\/li>\n<li>Polgu\u00e8re A., Sikora D. (2013) Mod\u00e8le lexicographique de croissance du vocabulaire fond\u00e9 sur un processus al\u00e9atoire, mais syst\u00e9matique. In C. Garcia-Debanc, C. Masseron &amp; C. Ronveaux (eds.): <i>Enseigner le lexique<\/i>, Recherches en didactique du fran\u00e7ais 5, Presses Universitaires de Namur, Namur, pp. 35&ndash;63.<\/li>\n<li>Delaite C., Polgu\u00e8re A. (2013) Sex-Based Nominal Pairs in the French Lexical Network: It&rsquo;s Not What You Think. In V. Apresjan, B. Iomdin &amp; E. Ageeva (eds.): <i>Proceedings of the Sixth International Conference on Meaning-Text Theory (MTT&rsquo;13)<\/i>, Prague, pp. 29&ndash;40. Republished in <i>Wiener Slawistischer Almanach<\/i>, Sonderband 85 (2013).<\/li>\n<li>Gader N., Lux-Pogodalla V., Polgu\u00e8re A. (2012) Hand-Crafting a Lexical Network With a Knowledge-Based Graph Editor. <i>Proceedings of the Third Workshop on Cognitive Aspects of the Lexicon (CogALex III)<\/i>, The COLING 2012 Organizing Committee, Mumbai, pp. 109&ndash;125. <\/li>\n<li>Fl\u00e9chon G., Frassi P., Polgu\u00e8re A. (2012) Les pragmat\u00e8mes ont-ils un charme ind\u00e9finissable? In P. Ligas &amp; P. Frassi (eds.) : <i>Lexiques. Identit\u00e9s. Cultures<\/i>, QuiEdit, Verona, pp. 81&ndash;104. <\/li>\n<li>Polgu\u00e8re A. (2012) Lexicographie des dictionnaires virtuels. In Y. Apresjan, I. Boguslavsky, M.-C. L\u2019Homme, L. Iomdin, J. Mili\u0107evi\u0107, A. Polgu\u00e8re &amp; L. Wanner (eds.): <i>Meanings, Texts, and Other Exciting Things. A Festschrift to Commemorate the 80<sup>th<\/sup> Anniversary of Professor Igor Alexandrovi\u010d Mel\u2019\u010duk<\/i>, Jazyki slavjanskoj kultury Publishers, Moscow, pp. 509&ndash;523. <\/li>\n<li>Polgu\u00e8re A. (2012) Propri\u00e9t\u00e9s s\u00e9mantiques et combinatoires des quasi-pr\u00e9dicats s\u00e9mantiques, <i>Scolia<\/i> <b>26<\/b>, pp. 131&ndash;152.\n<li>Lux-Pogodalla V., Polgu\u00e8re A. (2011) Construction of a French Lexical Network: Methodological Issues. <i>Proceedings of the First International Workshop on Lexical Resources, WoLeR 2011. An ESSLLI 2011 Workshop<\/i>, Ljubljana, pp. 54&ndash;61. <\/li>\n<li>Polgu\u00e8re A. (2011) Classification s\u00e9mantique des lexies fond\u00e9e sur le paraphrasage, <i>Cahiers de lexicologie<\/i> <b>98<\/b>, pp. 197&ndash;211. <\/li>\n<li>Polgu\u00e8re A. (2011) Perspective \u00e9pist\u00e9mologique sur l\u2019approche linguistique Sens-Texte, <i>M\u00e9moires de la Soci\u00e9t\u00e9 de Linguistique de Paris<\/i> <b>XX<\/b>, pp. 79&ndash;114. <\/li>\n<li>Polgu\u00e8re A. (2011) Figement et ellipse dans une perspective lexicographique: le cas de <i>d\u00e9 \u00e0 jouer<\/i> et <i>d\u00e9 \u00e0 coudre<\/i>. In J.-C. Anscombre &amp; S. Mejri (eds.): <i>Le figement linguistique: la parole entrav\u00e9e<\/i>, Champion, Paris, pp. 363&ndash;373. <\/li>\n<li>Barque L., Nasr A., Polgu\u00e8re A. (2010) From the Definitions of the <i>Tr\u00e9sor de la Langue Fran\u00e7aise<\/i> To a Semantic Database of the French Language. In A. Dykstra &amp; T. Schoonheim (eds.): <i>Proceedings of the XIV Euralex International Congress<\/i>, Fryske Akademy, Leeuwarden, pp. 245&ndash;252. <\/li>\n<li>Mili\u0107evi\u0107 J., Polgu\u00e8re A. (2010) Ambivalence s\u00e9mantique des noms de communication langagi\u00e8re du fran\u00e7ais. In F. Neveu, V. Muni Toke, J. Durand, T. Klingler, L. Mondada &amp; S. Pr\u00e9vost (eds.): <i>Actes de la section &laquo; Lexique et morphologie &raquo; du 2<sup>e<\/sup> Congr\u00e8s Mondial de Linguistique Fran\u00e7aise (CMLF\u201910)<\/i>, Institut de Linguistique Fran\u00e7aise (ILF), New Orleans, pp. 1029&ndash;1050. <\/li>\n<li>Polgu\u00e8re A. (2009) Lexical systems: graph models of natural language lexicons, <i>Language Resources and Evaluation<\/i> <b>43(1)<\/b>, pp. 41&ndash;55. <\/li>\n<li>Mel\u2019\u010duk I. &amp; Polgu\u00e8re A. (2008) Pr\u00e9dicats et quasi-pr\u00e9dicats s\u00e9mantiques dans une perspective lexicographique,<i> Revue de linguistique et de didactique des langues (Lidil)<\/i> <b>37<\/b>, pp. 99&ndash;114. <\/li>\n<li>Polgu\u00e8re A. (2007) Lexical function standardness. In L. Wanner (ed.): <i>Selected Lexical and Grammatical Issues in the Meaning-Text Theory. In Honour of Igor Mel\u2019\u010duk<\/i>, John Benjamins, Amsterdam\/Philadelphia, pp. 43&ndash;95. <\/li>\n<li>Polgu\u00e8re A. (2007) <i>Soleil insoutenable<\/i> et <i>chaleur de plomb<\/i>: le statut linguistique des greffes collocationnelles. In M.-C. L\u2019Homme &amp; S. Vandaele (eds.): <i>Lexicographie et terminologie : compatibilit\u00e9 des mod\u00e8les et des m\u00e9thodes<\/i>, Ottawa University Press, Ottawa, pp. 247&ndash;291. <\/li>\n<li>Polgu\u00e8re A. (2007) Is &ldquo;Meaning-Text Generative Lexicon&rdquo; a Swearword? <i>Proceedings of the Fourth International Workshop on Generative Approaches to the Lexicon (GL\u20192007)<\/i>, Paris. <\/li>\n<li>Polgu\u00e8re A. (2007) Lessons from the <i>Lexique actif du fran\u00e7ais<\/i>. In K. Gerdes,  T. Reuther &amp; L. Wanner (eds.): <i>Meaning-Text Theory 2007. Proceedings of the Third International Conference on the Meaning Text Theory<\/i>, Klagenfurt, May 20&ndash;24, 2007, Wiener Slawistischer Almanach Sonderband 69, M\u00fcnchen&ndash;Wien, pp. 397&ndash;405. <\/li>\n<li>Polgu\u00e8re A., Mel\u2019\u010duk I. (2006) D\u00e9rivations s\u00e9mantiques et collocations dans le DiCo\/LAF, <i>Langue fran\u00e7aise<\/i> <b>150<\/b>, pp. 66&ndash;83. <\/li>\n<li>Iordanskaja L., Polgu\u00e8re A. (2005) Hooking up syntagmatic lexical functions to lexicographic definitions. <i>Proceedings of the Second International Conference on the Meaning Text Theory (MTT\u20192005)<\/i>, Moscow, pp. 176&ndash;186. <\/li>\n<li>Steinlin J., Kahane S., Polgu\u00e8re A. (2005) Compiling a &ldquo;classical&rdquo; explanatory combinatorial lexicographic description into a relational database. <i>Proceedings of the Second International Conference on the Meaning Text Theory (MTT\u20192005)<\/i>, Moscow, pp. 477&ndash;485. <\/li>\n<li>Polgu\u00e8re A. (2003) Collocations et fonctions lexicales: pour un mod\u00e8le d\u2019apprentissage, <i>Revue Fran\u00e7aise de Linguistique Appliqu\u00e9e<\/i> <b>E(1)<\/b>, pp. 117&ndash;133. <\/li>\n<li>Polgu\u00e8re A. (2003) \u00c9tiquetage s\u00e9mantique des lexies dans la base de donn\u00e9es DiCo, <i>Traitement Automatique des Langues (T.a.l.)<\/i> <b>44(2)<\/b>, pp. 39&ndash;68. <\/li>\n<li>Kahane S., Polgu\u00e8re A. (2001) Formal Foundation of Lexical Functions. <i>Actes du colloque  &ldquo;COLLOCATION: Computational Extraction, Analysis and Exploitation,&rdquo;<\/i> Toulouse, pp. 8&ndash;15. <\/li>\n<li>Polgu\u00e8re A. (2000) Une base de donn\u00e9es lexicales du fran\u00e7ais et ses applications possibles en didactique, <i>Revue de linguistique et de didactique des langues (Lidil)<\/i> <b>21<\/b>, pp. 75&ndash;97. <\/li>\n<li>Dostie G., Mel\u2019\u010duk I., Polgu\u00e8re A. (1999) M\u00e9thodologie d\u2019\u00e9laboration des articles du Dictionnaire explicatif et combinatoire du fran\u00e7ais contemporain. In I. Mel\u2019\u010duk, N. Arbatchewsky-Jumarie, L. Iordanskaja, S. Mantha &amp; A. Polgu\u00e8re (eds.): <i>Dictionnaire explicatif et combinatoire du fran\u00e7ais contemporain: recherches lexico-s\u00e9mantiques IV<\/i>, Les Presses de l\u2019Universit\u00e9 de Montr\u00e9al, Montreal, pp. 11&ndash;28. <\/li>\n<li>Polgu\u00e8re A. (1998) Pour un mod\u00e8le stratifi\u00e9 de la lexicalisation en g\u00e9n\u00e9ration de texte, <i>Traitement Automatique des Langues (T.a.l.)<\/i> <b>39(2)<\/b>, pp. 57&ndash;76. <\/li>\n<li>Polgu\u00e8re A. (1997) Meaning-Text Semantic Networks as a Formal Language. In L. Wanner (ed.): <i>Recent Trends in Meaning-Text Theory<\/i>, John Benjamins, Amsterdam\/Philadelphia, pp. 1&ndash;24. <\/li>\n<li>Iordanskaja L., Kim M., Polgu\u00e8re A. (1996) Some Procedural Problems in the Implementation of Lexical Functions for Text Generation. In L. Wanner (ed.): <i>Lexical Functions in Lexicography and Natural Language Processing<\/i>, John Benjamins, Amsterdam\/Philadelphia, pp. 279&ndash;297. <\/li>\n<li>Kittredge R., Polgu\u00e8re A. (1991) Dependency Grammars for Bilingual Text Generation: Inside FoG\u2019s Stratificational Models. <i>Proceedings of the International Conference on Current Issues in Computational Linguistics<\/i>, Penang, pp. 318&ndash;330. <\/li>\n<li>Goldberg E., Kittredge R., Polgu\u00e8re A. (1988) Computer Generation of Marine Weather Forecast Text, <i>Journal of Atmospheric and Oceanic Technology<\/i> <b>5(4)<\/b>, pp. 473&ndash;483. <\/li>\n<\/ul>\n","protected":false},"excerpt":{"rendered":"<p>Full list of publications (PDF) Summary of publications Monographs Polgu\u00e8re A. (2016) Lexicologie et s\u00e9mantique lexicale. Notions fondamentales. Third edition, Les Presses de l\u2019Universit\u00e9 de Montr\u00e9al, Montreal. [First edition in 2003; 4th edition planned for summer 2025] Portuguese translation: Polgu\u00e8re A. (2018) Lexicologia e Sem\u00e2ntica Lexical. No\u00e7\u00f5es Fundamentais. Editora Contexto, S\u00e3o Paulo. [Translated by Sabrina [&hellip;]<\/p>\n","protected":false},"author":21,"featured_media":0,"parent":0,"menu_order":0,"comment_status":"closed","ping_status":"closed","template":"","meta":{"footnotes":""},"class_list":["post-299","page","type-page","status-publish","hentry"],"_links":{"self":[{"href":"https:\/\/perso.atilf.fr\/apolguere\/wp-json\/wp\/v2\/pages\/299","targetHints":{"allow":["GET"]}}],"collection":[{"href":"https:\/\/perso.atilf.fr\/apolguere\/wp-json\/wp\/v2\/pages"}],"about":[{"href":"https:\/\/perso.atilf.fr\/apolguere\/wp-json\/wp\/v2\/types\/page"}],"author":[{"embeddable":true,"href":"https:\/\/perso.atilf.fr\/apolguere\/wp-json\/wp\/v2\/users\/21"}],"replies":[{"embeddable":true,"href":"https:\/\/perso.atilf.fr\/apolguere\/wp-json\/wp\/v2\/comments?post=299"}],"version-history":[{"count":46,"href":"https:\/\/perso.atilf.fr\/apolguere\/wp-json\/wp\/v2\/pages\/299\/revisions"}],"predecessor-version":[{"id":968,"href":"https:\/\/perso.atilf.fr\/apolguere\/wp-json\/wp\/v2\/pages\/299\/revisions\/968"}],"wp:attachment":[{"href":"https:\/\/perso.atilf.fr\/apolguere\/wp-json\/wp\/v2\/media?parent=299"}],"curies":[{"name":"wp","href":"https:\/\/api.w.org\/{rel}","templated":true}]}}