{"id":799,"date":"2019-01-10T07:22:17","date_gmt":"2019-01-10T06:22:17","guid":{"rendered":"https:\/\/apps.atilf.fr\/homepages\/polguere\/?page_id=799"},"modified":"2024-11-20T15:25:31","modified_gmt":"2024-11-20T14:25:31","slug":"directions-de-theses-en-cours","status":"publish","type":"page","link":"https:\/\/perso.atilf.fr\/apolguere\/fr\/directions-de-theses-en-cours\/","title":{"rendered":"Direction de th\u00e8se en cours"},"content":{"rendered":"<p><b>Younghyun Ha<\/b> &laquo;&nbsp;Phras\u00e9ologie somatique du lexique des sentiments : une \u00e9tude multilingue fond\u00e9e sur le cas du cor\u00e9en et du fran\u00e7ais&nbsp;&raquo;, direction Alain Polgu\u00e8re, Universit\u00e9 de Lorraine, depuis 2023.<\/p>\n","protected":false},"excerpt":{"rendered":"<p>Younghyun Ha &laquo;&nbsp;Phras\u00e9ologie somatique du lexique des sentiments : une \u00e9tude multilingue fond\u00e9e sur le cas du cor\u00e9en et du fran\u00e7ais&nbsp;&raquo;, direction Alain Polgu\u00e8re, Universit\u00e9 de Lorraine, depuis 2023.<\/p>\n","protected":false},"author":21,"featured_media":0,"parent":0,"menu_order":0,"comment_status":"closed","ping_status":"closed","template":"","meta":{"footnotes":""},"class_list":["post-799","page","type-page","status-publish","hentry"],"_links":{"self":[{"href":"https:\/\/perso.atilf.fr\/apolguere\/wp-json\/wp\/v2\/pages\/799","targetHints":{"allow":["GET"]}}],"collection":[{"href":"https:\/\/perso.atilf.fr\/apolguere\/wp-json\/wp\/v2\/pages"}],"about":[{"href":"https:\/\/perso.atilf.fr\/apolguere\/wp-json\/wp\/v2\/types\/page"}],"author":[{"embeddable":true,"href":"https:\/\/perso.atilf.fr\/apolguere\/wp-json\/wp\/v2\/users\/21"}],"replies":[{"embeddable":true,"href":"https:\/\/perso.atilf.fr\/apolguere\/wp-json\/wp\/v2\/comments?post=799"}],"version-history":[{"count":10,"href":"https:\/\/perso.atilf.fr\/apolguere\/wp-json\/wp\/v2\/pages\/799\/revisions"}],"predecessor-version":[{"id":898,"href":"https:\/\/perso.atilf.fr\/apolguere\/wp-json\/wp\/v2\/pages\/799\/revisions\/898"}],"wp:attachment":[{"href":"https:\/\/perso.atilf.fr\/apolguere\/wp-json\/wp\/v2\/media?parent=799"}],"curies":[{"name":"wp","href":"https:\/\/api.w.org\/{rel}","templated":true}]}}