{"id":802,"date":"2019-01-10T07:22:06","date_gmt":"2019-01-10T06:22:06","guid":{"rendered":"https:\/\/apps.atilf.fr\/homepages\/polguere\/?page_id=802"},"modified":"2024-11-20T15:25:47","modified_gmt":"2024-11-20T14:25:47","slug":"current-phd-supervisions","status":"publish","type":"page","link":"https:\/\/perso.atilf.fr\/apolguere\/current-phd-supervisions\/","title":{"rendered":"Current PhD supervision"},"content":{"rendered":"<p><b>Younghyun Ha<\/b> &ldquo;Phras\u00e9ologie somatique du lexique des sentiments : une \u00e9tude multilingue fond\u00e9e sur le cas du cor\u00e9en et du fran\u00e7ais&rdquo; [Somatic phraseology of the lexicon of feelings: a multilingual study based on the case of Korean and French], supervision Alain Polgu\u00e8re, Universit\u00e9 de Lorraine, since 2023.<\/p>\n","protected":false},"excerpt":{"rendered":"<p>Younghyun Ha &ldquo;Phras\u00e9ologie somatique du lexique des sentiments : une \u00e9tude multilingue fond\u00e9e sur le cas du cor\u00e9en et du fran\u00e7ais&rdquo; [Somatic phraseology of the lexicon of feelings: a multilingual study based on the case of Korean and French], supervision Alain Polgu\u00e8re, Universit\u00e9 de Lorraine, since 2023.<\/p>\n","protected":false},"author":21,"featured_media":0,"parent":0,"menu_order":0,"comment_status":"closed","ping_status":"closed","template":"","meta":{"footnotes":""},"class_list":["post-802","page","type-page","status-publish","hentry"],"_links":{"self":[{"href":"https:\/\/perso.atilf.fr\/apolguere\/wp-json\/wp\/v2\/pages\/802","targetHints":{"allow":["GET"]}}],"collection":[{"href":"https:\/\/perso.atilf.fr\/apolguere\/wp-json\/wp\/v2\/pages"}],"about":[{"href":"https:\/\/perso.atilf.fr\/apolguere\/wp-json\/wp\/v2\/types\/page"}],"author":[{"embeddable":true,"href":"https:\/\/perso.atilf.fr\/apolguere\/wp-json\/wp\/v2\/users\/21"}],"replies":[{"embeddable":true,"href":"https:\/\/perso.atilf.fr\/apolguere\/wp-json\/wp\/v2\/comments?post=802"}],"version-history":[{"count":10,"href":"https:\/\/perso.atilf.fr\/apolguere\/wp-json\/wp\/v2\/pages\/802\/revisions"}],"predecessor-version":[{"id":899,"href":"https:\/\/perso.atilf.fr\/apolguere\/wp-json\/wp\/v2\/pages\/802\/revisions\/899"}],"wp:attachment":[{"href":"https:\/\/perso.atilf.fr\/apolguere\/wp-json\/wp\/v2\/media?parent=802"}],"curies":[{"name":"wp","href":"https:\/\/api.w.org\/{rel}","templated":true}]}}