{"id":19,"date":"2015-06-29T13:43:50","date_gmt":"2015-06-29T12:43:50","guid":{"rendered":"https:\/\/apps.atilf.fr\/homepages\/apotheloz\/?page_id=19"},"modified":"2025-05-13T16:15:56","modified_gmt":"2025-05-13T15:15:56","slug":"corpus","status":"publish","type":"page","link":"https:\/\/perso.atilf.fr\/apotheloz\/corpus\/","title":{"rendered":"Corpus divers"},"content":{"rendered":"<h4 style=\"text-align: center\"><strong>Corpus de fran\u00e7ais parl\u00e9 et \u00e9crit<\/strong><\/h4>\n<p>&nbsp;<\/p>\n<p><strong>CORPUS DE FRAN\u00c7AIS PARL\u00c9<\/strong><\/p>\n<p>\u2022\u2022 Archives de la parole, Ferdinand Brunot (1911-1914)<br \/>\n<a href=\"https:\/\/cocoon.huma-num.fr\/exist\/crdo\/meta\/cocoon-02961b22-916d-38ea-ae32-f0d34356c5d6\">https:\/\/cocoon.huma-num.fr\/exist\/crdo\/meta\/cocoon-02961b22-916d-38ea-ae32-f0d34356c5d6<\/a><\/p>\n<p>\u2022\u2022 CEFC (Corpus d&rsquo;\u00c9tude pour le Fran\u00e7ais Contemporain)<br \/>\n<a href=\"https:\/\/repository.ortolang.fr\/api\/content\/cefc-orfeo\/4\/documentation\/site-orfeo\/home\/index.html\">https:\/\/repository.ortolang.fr\/api\/content\/cefc-orfeo\/4\/documentation\/site-orfeo\/home\/index.html<\/a><\/p>\n<p>\u2022\u2022 CFPP2000 (Corpus de fran\u00e7ais parl\u00e9 parisien des ann\u00e9es 2000)<br \/>\n<a href=\"http:\/\/cfpp2000.univ-paris3.fr\/\">http:\/\/cfpp2000.univ-paris3.fr\/<\/a><\/p>\n<p>\u2022\u2022 CFPR (Corpus du fran\u00e7ais parl\u00e9 de nos r\u00e9gions)<br \/>\n<a href=\"https:\/\/cfpr.huma-num.fr\/\">https:\/\/cfpr.huma-num.fr\/<\/a><\/p>\n<p>\u2022\u2022 CFPQ (Corpus de fran\u00e7ais parl\u00e9 au Qu\u00e9bec)<br \/>\n<a href=\"https:\/\/applis.flsh.usherbrooke.ca\/cfpq\/\" target=\"_blank\" rel=\"noopener noreferrer\">https:\/\/applis.flsh.usherbrooke.ca\/cfpq\/<\/a><\/p>\n<p>\u2022\u2022 CFPB (Corpus de fran\u00e7ais parl\u00e9 \u00e0 Bruxelles)<br \/>\n<a href=\"http:\/\/cfpp2000.univ-paris3.fr\/cfpb.html\">http:\/\/cfpp2000.univ-paris3.fr\/cfpb.html<\/a><\/p>\n<p>\u2022\u2022 Ciel-f (Corpus international \u00e9cologique de la langue fran\u00e7aise)<br \/>\n<a href=\"http:\/\/www.ciel-f.org\">http:\/\/www.ciel-f.org<\/a><\/p>\n<p>\u2022\u2022 CLAPI (Corpus de langues parl\u00e9es en interaction)<br \/>\n<a href=\"http:\/\/clapi.ish-lyon.cnrs.fr\/\">http:\/\/clapi.ish-lyon.cnrs.fr\/<\/a><\/p>\n<p>\u2022\u2022 C-PROM (Corpus libre de parole multigenre)<br \/>\n<a href=\"https:\/\/sites.google.com\/site\/corpusprom\/\">https:\/\/sites.google.com\/site\/corpusprom\/<\/a><\/p>\n<p>\u2022\u2022 Elicop (Etude linguistique de la communication parl\u00e9e)<br \/>\n<a href=\"https:\/\/limo.libis.be\/primo-explore\/fulldisplay?docid=LIRIAS1797250&amp;context=L&amp;vid=Lirias&amp;search_scope=Lirias&amp;tab=default_tab&amp;lang=en_US&amp;fromSitemap=1\" target=\"_blank\" rel=\"noopener noreferrer\">https:\/\/limo.libis.be\/primo-explore\/fulldisplay?docid=LIRIAS1797250&amp;context=L&amp;vid=Lirias&amp;search_scope=Lirias&amp;tab=default_tab&amp;lang=en_US&amp;fromSitemap=1<\/a><\/p>\n<p>\u2022\u2022 ESLO (Enqu\u00eates sociolinguistiques \u00e0 Orl\u00e9ans)<br \/>\n<a href=\"http:\/\/eslo.huma-num.fr\">http:\/\/eslo.huma-num.fr<\/a><\/p>\n<p>\u2022\u2022 FONC (French Oral Narrative Corpus)<br \/>\n<a href=\"http:\/\/frenchoralnarrative.qub.ac.uk\">http:\/\/frenchoralnarrative.qub.ac.uk<\/a><\/p>\n<p>\u2022\u2022 MLE-MPF (Multicultural London English and Multicultural Paris French)<br \/>\n<a href=\"https:\/\/www.cambridge.org\/core\/books\/abs\/francobritish-academic-partnerships\/multicultural-london-englishmulticultural-paris-french\/8C2E93F1EBC593261EFAF1B82164C0CB\" target=\"_blank\" rel=\"noopener noreferrer\">https:\/\/www.cambridge.org\/core\/books\/abs\/francobritish-academic-partnerships\/multicultural-london-englishmulticultural-paris-french\/8C2E93F1EBC593261EFAF1B82164C0CB<\/a><\/p>\n<p>\u2022\u2022 MPF (Multicultural Paris French)<br \/>\n<a href=\"https:\/\/www.ortolang.fr\/market\/corpora\/mpf\/\" target=\"_blank\" rel=\"noopener noreferrer\">https:\/\/www.ortolang.fr\/market\/corpora\/mpf\/<\/a><\/p>\n<p>\u2022\u2022 OFROM (Corpus oral de fran\u00e7ais de Suisse Romande)<br \/>\n<a href=\"http:\/\/ofrom.unine.ch\/\">http:\/\/ofrom.unine.ch<\/a><\/p>\n<p>\u2022\u2022 TCOF (Traitement de corpus oraux en fran\u00e7ais)<br \/>\n<a href=\"http:\/\/cnrtl.fr\/corpus\/tcof\/\">http:\/\/cnrtl.fr\/corpus\/tcof\/<\/a><\/p>\n<p>\u2022\u2022 Corpora CHILDES (corpus multilingue de langage enfantin)<br \/>\n<a href=\"https:\/\/childes.talkbank.org\/access\/\">https:\/\/childes.talkbank.org\/access\/<\/a><\/p>\n<p>&nbsp;<\/p>\n<p><strong>CORPUS DE FRAN\u00c7AIS \u00c9CRIT (sms INCLUS)<\/strong><\/p>\n<p>\u2022\u2022 The ARTFL Project<br \/>\n(Project for American and French Research on the Treasury of the French Language)<br \/>\n<a href=\"https:\/\/www.lib.uchicago.edu\/efts\/ARTFL\/\">https:\/\/www.lib.uchicago.edu\/efts\/ARTFL\/<\/a><\/p>\n<p>\u2022\u2022 BFM (Base de fran\u00e7ais m\u00e9di\u00e9val)<br \/>\n<a href=\"http:\/\/bfm.ens-lyon.fr\">http:\/\/bfm.ens-lyon.fr<\/a><\/p>\n<p>\u2022\u2022 GORDES (Groupe d&rsquo;Observation et de Recherche sur les Documents Epistolaires du Seizi\u00e8me si\u00e8cle)<br \/>\n<a href=\"http:\/\/www.projetgordes.fr\/1\/accueil\">http:\/\/www.projetgordes.fr\/1\/accueil<\/a><\/p>\n<p>\u2022\u2022 FRANTEXT<br \/>\n<a href=\"http:\/\/www.frantext.fr\">http:\/\/www.frantext.fr<\/a><\/p>\n<p>\u2022\u2022 CORPUS MACINTOSH (corpus de correspondances des XVIIe et XVIIIe si\u00e8cles)<br \/>\n<a href=\"https:\/\/diachronie.org\/2016\/08\/01\/corpus-macintosh-correspondance-des-17e-et-18e-siecles\/\">https:\/\/diachronie.org\/2016\/08\/01\/corpus-macintosh-correspondance-des-17e-et-18e-siecles\/<\/a><\/p>\n<p>\u2022\u2022 ORTOLANG (Outils et ressources pour un traitement optimis\u00e9 de la langue)<br \/>\n<a href=\"https:\/\/www.ortolang.fr\">https:\/\/www.ortolang.fr<\/a><\/p>\n<p>\u2022\u2022 frWAC: French corpus from the .fr domain (Sketch Engine)<br \/>\n<a href=\"https:\/\/www.sketchengine.eu\/frwac-french-corpus\/\" target=\"_blank\" rel=\"noopener noreferrer\">https:\/\/www.sketchengine.eu\/frwac-french-corpus\/<\/a><\/p>\n<p>\u2022\u2022 88milSMS<br \/>\n<a href=\"http:\/\/88milsms.huma-num.fr\">http:\/\/88milsms.huma-num.fr<\/a><\/p>\n<p>\u2022\u2022 sms4science<br \/>\n<a href=\"http:\/\/www.sms4science.org\">http:\/\/www.sms4science.org<\/a><\/p>\n<p>\u2022\u2022 Corpus Leipzig<br \/>\n<a href=\"http:\/\/wortschatz.uni-leipzig.de\/fr\">http:\/\/wortschatz.uni-leipzig.de\/ws_fra\/<\/a><\/p>\n<p>\u2022\u2022 e-Books libres et gratuits<br \/>\n<a href=\"http:\/\/www.ebooksgratuits.com\/ebooks.php\">http:\/\/www.ebooksgratuits.com\/ebooks.php<\/a><\/p>\n<p>\u2022\u2022 BNR: Biblioth\u00e8que num\u00e9rique romande<br \/>\n<a href=\"https:\/\/ebooks-bnr.com\/par\/auteurs\/\">https:\/\/ebooks-bnr.com\/par\/auteurs\/<\/a><\/p>\n<p>\u2022\u2022 La Biblioth\u00e8que \u00e9lectronique du Qu\u00e9bec<br \/>\n<a href=\"http:\/\/beq.ebooksgratuits.com\" target=\"_blank\" rel=\"noopener noreferrer\">http:\/\/beq.ebooksgratuits.com<\/a><\/p>\n<p>\u2022\u2022 Wikisource (\u2248 390&rsquo;000 textes libres et gratuits)<br \/>\n<a href=\"https:\/\/fr.wikisource.org\/wiki\/Wikisource:Accueil\">https:\/\/fr.wikisource.org\/wiki\/Wikisource:Accueil<\/a><\/p>\n<p><strong><br \/>\nAUTRES<\/strong><\/p>\n<p>\u2022\u2022 ARANEA (A Family of Comparable Gigaword Web Corpora)<br \/>\n<a href=\"http:\/\/ucts.uniba.sk\/aranea_about\/\">http:\/\/ucts.uniba.sk\/aranea_about\/<\/a><\/p>\n<p>\u2022\u2022 Base de textes pour l&rsquo;\u00e9tude du r\u00eave<br \/>\n<a href=\"https:\/\/reves.ca\/index.php\">https:\/\/reves.ca<\/a><\/p>\n","protected":false},"excerpt":{"rendered":"<p>Corpus de fran\u00e7ais parl\u00e9 et \u00e9crit &nbsp; CORPUS DE FRAN\u00c7AIS PARL\u00c9 \u2022\u2022 Archives de la parole, Ferdinand Brunot (1911-1914) https:\/\/cocoon.huma-num.fr\/exist\/crdo\/meta\/cocoon-02961b22-916d-38ea-ae32-f0d34356c5d6 \u2022\u2022 CEFC (Corpus d&rsquo;\u00c9tude pour le Fran\u00e7ais Contemporain) https:\/\/repository.ortolang.fr\/api\/content\/cefc-orfeo\/4\/documentation\/site-orfeo\/home\/index.html \u2022\u2022 CFPP2000 (Corpus de fran\u00e7ais parl\u00e9 parisien des ann\u00e9es 2000) http:\/\/cfpp2000.univ-paris3.fr\/ \u2022\u2022 CFPR (Corpus du fran\u00e7ais parl\u00e9 de nos r\u00e9gions) https:\/\/cfpr.huma-num.fr\/ \u2022\u2022 CFPQ (Corpus de fran\u00e7ais [&hellip;]<\/p>\n","protected":false},"author":1,"featured_media":0,"parent":0,"menu_order":0,"comment_status":"closed","ping_status":"closed","template":"","meta":{"footnotes":""},"class_list":["post-19","page","type-page","status-publish","hentry"],"_links":{"self":[{"href":"https:\/\/perso.atilf.fr\/apotheloz\/wp-json\/wp\/v2\/pages\/19","targetHints":{"allow":["GET"]}}],"collection":[{"href":"https:\/\/perso.atilf.fr\/apotheloz\/wp-json\/wp\/v2\/pages"}],"about":[{"href":"https:\/\/perso.atilf.fr\/apotheloz\/wp-json\/wp\/v2\/types\/page"}],"author":[{"embeddable":true,"href":"https:\/\/perso.atilf.fr\/apotheloz\/wp-json\/wp\/v2\/users\/1"}],"replies":[{"embeddable":true,"href":"https:\/\/perso.atilf.fr\/apotheloz\/wp-json\/wp\/v2\/comments?post=19"}],"version-history":[{"count":45,"href":"https:\/\/perso.atilf.fr\/apotheloz\/wp-json\/wp\/v2\/pages\/19\/revisions"}],"predecessor-version":[{"id":2150,"href":"https:\/\/perso.atilf.fr\/apotheloz\/wp-json\/wp\/v2\/pages\/19\/revisions\/2150"}],"wp:attachment":[{"href":"https:\/\/perso.atilf.fr\/apotheloz\/wp-json\/wp\/v2\/media?parent=19"}],"curies":[{"name":"wp","href":"https:\/\/api.w.org\/{rel}","templated":true}]}}