{"id":476,"date":"2016-10-27T13:52:52","date_gmt":"2016-10-27T12:52:52","guid":{"rendered":"https:\/\/apps.atilf.fr\/homepages\/apotheloz\/?page_id=476"},"modified":"2022-04-29T10:45:59","modified_gmt":"2022-04-29T09:45:59","slug":"egf","status":"publish","type":"page","link":"https:\/\/perso.atilf.fr\/apotheloz\/egf\/","title":{"rendered":"Encyclop\u00e9die grammaticale du fran\u00e7ais (EGF)"},"content":{"rendered":"<p>&nbsp;<\/p>\n<p>&nbsp;<\/p>\n<p><a href=\"http:\/\/encyclogram.fr\">Acc\u00e8s \u00e0 l&rsquo;Encyclop\u00e9die grammaticale du fran\u00e7ais<\/a><\/p>\n","protected":false},"excerpt":{"rendered":"<p>&nbsp; &nbsp; Acc\u00e8s \u00e0 l&rsquo;Encyclop\u00e9die grammaticale du fran\u00e7ais<\/p>\n","protected":false},"author":59,"featured_media":0,"parent":0,"menu_order":0,"comment_status":"closed","ping_status":"closed","template":"","meta":{"footnotes":""},"class_list":["post-476","page","type-page","status-publish","hentry"],"_links":{"self":[{"href":"https:\/\/perso.atilf.fr\/apotheloz\/wp-json\/wp\/v2\/pages\/476","targetHints":{"allow":["GET"]}}],"collection":[{"href":"https:\/\/perso.atilf.fr\/apotheloz\/wp-json\/wp\/v2\/pages"}],"about":[{"href":"https:\/\/perso.atilf.fr\/apotheloz\/wp-json\/wp\/v2\/types\/page"}],"author":[{"embeddable":true,"href":"https:\/\/perso.atilf.fr\/apotheloz\/wp-json\/wp\/v2\/users\/59"}],"replies":[{"embeddable":true,"href":"https:\/\/perso.atilf.fr\/apotheloz\/wp-json\/wp\/v2\/comments?post=476"}],"version-history":[{"count":9,"href":"https:\/\/perso.atilf.fr\/apotheloz\/wp-json\/wp\/v2\/pages\/476\/revisions"}],"predecessor-version":[{"id":1667,"href":"https:\/\/perso.atilf.fr\/apotheloz\/wp-json\/wp\/v2\/pages\/476\/revisions\/1667"}],"wp:attachment":[{"href":"https:\/\/perso.atilf.fr\/apotheloz\/wp-json\/wp\/v2\/media?parent=476"}],"curies":[{"name":"wp","href":"https:\/\/api.w.org\/{rel}","templated":true}]}}