{"id":25,"date":"2015-06-29T13:45:00","date_gmt":"2015-06-29T12:45:00","guid":{"rendered":"https:\/\/apps.atilf.fr\/homepages\/bbouard\/?page_id=25"},"modified":"2016-12-02T15:39:12","modified_gmt":"2016-12-02T14:39:12","slug":"recherche","status":"publish","type":"page","link":"https:\/\/perso.atilf.fr\/bbouard\/recherche\/","title":{"rendered":"Recherche"},"content":{"rendered":"<p><strong><span style=\"text-decoration: underline\">Domaines<br \/>\n<\/span><\/strong><\/p>\n<p>Histoire des id\u00e9es linguistiques<\/p>\n<p>Grammaires de l&rsquo;Age classique au 19\u00e8me si\u00e8cle<\/p>\n<p>&nbsp;<\/p>\n<p><strong>Th\u00e9matiques<\/strong><\/p>\n<p>Histoire de la syntaxe : proposition, classes de mots<\/p>\n<p>Histoire du m\u00e9talangage<\/p>\n<p>Histoire de la grammaire scolaire<\/p>\n<p>&nbsp;<\/p>\n<p><strong>Mots clefs<\/strong><\/p>\n<p>&nbsp;<\/p>\n<p><span style=\"text-decoration: underline\"><strong>Liens<br \/>\n<\/strong><\/span><\/p>\n","protected":false},"excerpt":{"rendered":"<p>Domaines Histoire des id\u00e9es linguistiques Grammaires de l&rsquo;Age classique au 19\u00e8me si\u00e8cle &nbsp; Th\u00e9matiques Histoire de la syntaxe : proposition, classes de mots Histoire du m\u00e9talangage Histoire de la grammaire scolaire &nbsp; Mots clefs &nbsp; Liens<\/p>\n","protected":false},"author":1,"featured_media":0,"parent":0,"menu_order":0,"comment_status":"closed","ping_status":"closed","template":"","meta":{"footnotes":""},"class_list":["post-25","page","type-page","status-publish","hentry"],"_links":{"self":[{"href":"https:\/\/perso.atilf.fr\/bbouard\/wp-json\/wp\/v2\/pages\/25","targetHints":{"allow":["GET"]}}],"collection":[{"href":"https:\/\/perso.atilf.fr\/bbouard\/wp-json\/wp\/v2\/pages"}],"about":[{"href":"https:\/\/perso.atilf.fr\/bbouard\/wp-json\/wp\/v2\/types\/page"}],"author":[{"embeddable":true,"href":"https:\/\/perso.atilf.fr\/bbouard\/wp-json\/wp\/v2\/users\/1"}],"replies":[{"embeddable":true,"href":"https:\/\/perso.atilf.fr\/bbouard\/wp-json\/wp\/v2\/comments?post=25"}],"version-history":[{"count":5,"href":"https:\/\/perso.atilf.fr\/bbouard\/wp-json\/wp\/v2\/pages\/25\/revisions"}],"predecessor-version":[{"id":210,"href":"https:\/\/perso.atilf.fr\/bbouard\/wp-json\/wp\/v2\/pages\/25\/revisions\/210"}],"wp:attachment":[{"href":"https:\/\/perso.atilf.fr\/bbouard\/wp-json\/wp\/v2\/media?parent=25"}],"curies":[{"name":"wp","href":"https:\/\/api.w.org\/{rel}","templated":true}]}}