{"id":21,"date":"2015-06-29T13:44:07","date_gmt":"2015-06-29T12:44:07","guid":{"rendered":"https:\/\/apps.atilf.fr\/homepages\/benzitoun\/?page_id=21"},"modified":"2023-12-15T19:23:28","modified_gmt":"2023-12-15T18:23:28","slug":"conferences-seminaires","status":"publish","type":"page","link":"https:\/\/perso.atilf.fr\/benzitoun\/conferences-seminaires\/","title":{"rendered":"Conf\u00e9rences \/ S\u00e9minaires"},"content":{"rendered":"<p><span style=\"text-decoration: underline\"><strong>Participation en tant que conf\u00e9rencier invit\u00e9<br \/>\n<\/strong><\/span><\/p>\n<ul>\n<li><strong>9 d\u00e9c. 2023<\/strong> Pour d\u00e9mocratiser l&rsquo;orthographe, il faut la changer, Conf\u00e9rence donn\u00e9e \u00e0 l&rsquo;INSPE de Lille dans le cadre du cycle <em>Changer de regard sur l&rsquo;\u00e9cole et les apprentissages<\/em>. \u00c0 revoir \u00e0 cette <a href=\"https:\/\/webtv.univ-lille.fr\/video\/12647\/changer-de-regard-sur-l8217ecole-et-les-apprentissages-pour-democratiser-l8217orthographe-il-faut-la-changer\" target=\"_blank\" rel=\"noopener\">adresse<\/a>.<\/li>\n<li><strong>26 oct. 2023 <\/strong>[Ap\u00e9ro scientifique] \u00ab Ah, ces jeunes ! \u00bb Ou comment les fautes de fran\u00e7ais se normalisent, Universit\u00e9 de Lorraine.<\/li>\n<li><strong>17 oct. 2023 <\/strong>Enseignement de l\u2019orthographe et de la grammaire : diagnostic et (fausses) solutions, Colloque ressource du 1er degr\u00e9 organis\u00e9 par les \u00e9quipes num\u00e9riques de l&rsquo;Acad\u00e9mie Nancy-Metz et la DRANE \u00e0 Thaon-les-Vosges.<\/li>\n<li><strong>11-12 nov. 2022<\/strong> Conf\u00e9rencier invit\u00e9 \u00e0 l\u2019universit\u00e9 de Melbourne (Australie). Organisation FATFA\/AFTV.<br \/>\nTitre : Le fran\u00e7ais \u00e9crit est-il (encore) enseignable ?<br \/>\nTitre : Les \u00e9volutions du fran\u00e7ais au XXIe si\u00e8cle.<\/li>\n<li><strong>8 nov. 2022<\/strong> Conf\u00e9rencier invit\u00e9 par l\u2019ambassade de France \u00e0 Canberra (Australie) dans le cadre de la Nuit des id\u00e9es.<br \/>\nTitre : Discrimination \u00e0 l\u2019accent et technologie.<\/li>\n<li><strong>24 sept. 2022<\/strong> Invitation \u00e0 l\u2019Acad\u00e9mie royale de Belgique pour pr\u00e9senter l\u2019Encyclop\u00e9die grammaticale du fran\u00e7ais dans le cadre d\u2019un symposium sur les grammaires du fran\u00e7ais.<\/li>\n<li><strong>24 mars 2022<\/strong> Conf\u00e9rence sur l\u2019ouvrage Qui veut la peau du fran\u00e7ais \u00e0 l\u2019universit\u00e9 de Perpignan, Unit\u00e9 de Recherche CRESEM.<\/li>\n<li><strong>26 janv 2022<\/strong> Invitation au caf\u00e9 scientifique de l\u2019universit\u00e9 de Neuch\u00e2tel sur la th\u00e9matique : Faut-il corriger l\u2019orthographe ?<\/li>\n<li><strong>19 nov 2021<\/strong> Participation \u00e0 la journ\u00e9e d\u2019\u00e9tudes intitul\u00e9 \u00ab Annoter l\u2019oral \u00bb (Paris Sorbonne Nouvelle). Communication sur l\u2019annotation automatique en parties du discours de transcriptions de jeunes enfants.<\/li>\n<li><strong>12 nov 2021<\/strong> Participation \u00e0 la journ\u00e9e d\u2019\u00e9tudes TraSoGal (Li\u00e8ge, Belgique). Communication sur le fonctionnement de combien en fran\u00e7ais contemporain.<\/li>\n<li><strong>8 mai 2019 <\/strong>Invitation \u00e0 faire une s\u00e9ance de cours sur l\u2019analyse syntaxique du fran\u00e7ais parl\u00e9 en troisi\u00e8me ann\u00e9e \u00e0 l\u2019universit\u00e9 de Li\u00e8ge (Belgique).<\/li>\n<li><strong>8 mars 2019<\/strong> Conf\u00e9rence d\u00e9bat organis\u00e9e par la ville de Nancy : Auteure\/autrice, lecteure\/lectrice ? Quand la langue cherche un f\u00e9minin.<\/li>\n<li><strong>1<sup>er<\/sup> mars 2019 <\/strong>Invitation au s\u00e9minaire du laboratoire STL \u00e0 l\u2019universit\u00e9 de Lille. Communication sur la question de l\u2019enseignement du langage oral dans les \u00e9coles primaires et sur les difficult\u00e9s de compr\u00e9hension de probl\u00e8mes de math\u00e9matiques.<\/li>\n<li><strong>3 mai 2018 <\/strong>Responsable du module de formation \u00ab Distinction entre oral et \u00e9crit : variation diam\u00e9sique ou diaphasique ? \u00bb du programme doctoral Swissuniversities en linguistique fran\u00e7aise portant sur la variation dans la langue.<\/li>\n<li><strong>16 mars 2018 <\/strong>Intervention \u00e0 la Haute \u00c9cole de P\u00e9dagogie (HEP) de Lausanne : <em>Fran\u00e7ais parl\u00e9 et enseignement<\/em>.<\/li>\n<li><strong>9 mars 2018 <\/strong>Invitation au s\u00e9minaire du Lilpa \u00e0 l\u2019universit\u00e9 de Strasbourg autour de la probl\u00e9matique des normes et des variations. Communication intitul\u00e9e : <em>\u00c0 qui pourrait ressembler une norme du fran\u00e7ais parl\u00e9\u00a0?<\/em><\/li>\n<li><strong>17 nov 2017 <\/strong>Intervention au s\u00e9minaire du GEHLF (Paris IV Sorbonne) : <em>S\u00e9quences, \u00e9nonc\u00e9s, p\u00e9riodes, regroupements : les unit\u00e9s du fran\u00e7ais (parl\u00e9) dans les cadres macrosyntaxiques<\/em>.<\/li>\n<li><strong>10 mai 2017 <\/strong>Conf\u00e9rencier invit\u00e9 \u00e0 la journ\u00e9e d\u2019\u00e9tude <em>Noms de marque, noms de produit et corpus : un gage de culture<\/em>, Universit\u00e9 de Bologne. Pr\u00e9sentation du corpus et des outils du projet ORFEO.<\/li>\n<li><strong>17 mars 2017 <\/strong>Intervention \u00e0 la Haute \u00c9cole de P\u00e9dagogie (HEP) de Lausanne : <em>Compr\u00e9hension en fran\u00e7ais parl\u00e9<\/em>.<\/li>\n<li><strong>15 mars 2017 <\/strong>Intervention au s\u00e9minaire de Joaquim Dolz \u00e0 l\u2019Universit\u00e9 de Gen\u00e8ve : <em>R\u00e9flexions sur le fran\u00e7ais parl\u00e9 dans un contexte d\u2019enseignement<\/em>.<\/li>\n<li><strong>23 octobre 2015 <\/strong>Responsable de la table ronde intitul\u00e9e <em>Corpus et Crowdsourcing <\/em>dans le cadre de la journ\u00e9e d\u2019\u00e9tude intitul\u00e9e <em>Variation linguistique et crowdsourcing : \u00e9tudier la variation au 21<sup>\u00e8me<\/sup> si\u00e8cle<\/em>, Universit\u00e9 de Strasbourg.<\/li>\n<li><strong>7-8 mai 2015<\/strong> La notion d\u2019\u00e9nonc\u00e9 (et ses \u00e9quivalents terminologiques) dans le cadre macrosyntaxique aixois, Atelier <em>Syntaxe et Discours II<\/em>, organis\u00e9 par Pascal Montchaud, Neuch\u00e2tel.<\/li>\n<li><strong>10 avril 2015<\/strong> S\u00e9quences, \u00e9nonc\u00e9s, p\u00e9riodes, regroupements : Les unit\u00e9s du fran\u00e7ais (parl\u00e9 ?) en question, Journ\u00e9e d\u2019\u00e9tude <em>Une grammaire sous influence de l\u2019oral<\/em>, organis\u00e9e par Paul Cappeau, Poitiers.<\/li>\n<li><strong>5 f\u00e9vrier 2015 <\/strong>Invitation au S\u00e9minaire CLLE-ERSS (Universit\u00e9 Toulouse Jean Jaur\u00e8s). Deux interventions. Titre 1 : <em>R\u00e9flexions autour de la notion de marquage des relations en fran\u00e7ais (parl\u00e9)<\/em>\u00a0; Titre 2\u00a0: <em>Quelles conceptions pour les d\u00e9pendances entre constructions ?<\/em><\/li>\n<li><strong>14 mai 2014<\/strong> (avec Gilles Corminboeuf), Liaisons de pr\u00e9dications \u00ab non marqu\u00e9es \u00bb : cuisine et d\u00e9pendances, Colloque international <em>Les liaisons de pr\u00e9dications \u2018non marqu\u00e9es\u2019<\/em>, Universit\u00e9 Libre de Bruxelles.<\/li>\n<li><strong>8-9 mais 2014<\/strong> (avec J.-M. Debaisieux &amp; J. Deulofeu), Pr\u00e9sentation du projet ORFEO, Colloque international <em>Corpus de fran\u00e7ais parl\u00e9s et fran\u00e7ais parl\u00e9s des corpus<\/em>, Neuch\u00e2tel.<\/li>\n<li><strong>13 mars 2014 <\/strong>Journ\u00e9e d\u2019\u00e9tude sur l\u2019annotation morphosyntaxique des corpus oraux \u2013 Laboratoire Modyco \/ Universit\u00e9 Paris Ouest, organis\u00e9e par Giulia Barreca et Julie Peuvergne\n<ul>\n<li>Pr\u00e9sentation du projet ORFEO<\/li>\n<\/ul>\n<\/li>\n<li><strong>30 nov 2012 <\/strong>Invit\u00e9 au Loria dans le cadre du <em>Workshop on the Syntax of Spoken French.<\/em>\n<ul>\n<li>Titre\u00a0: Les annotations macrosyntaxiques dans le projet Rhapsodie.<\/li>\n<\/ul>\n<\/li>\n<li><strong>6 janvier 2012 <\/strong>Invit\u00e9 \u00e0 Paris 3 (ILPGA) pour faire une pr\u00e9sentation d\u00e9taill\u00e9e de la m\u00e9thodologie mise en \u0153uvre dans le cadre d\u2019un projet d\u2019annotation morphosyntaxique de corpus oraux et des premiers r\u00e9sultats.<\/li>\n<li><strong>21 avril 2011 <\/strong>Invit\u00e9 par la chaire de linguistique fran\u00e7aise de l&rsquo;Institut des Sciences du Langage et de la Communication Universit\u00e9 de Neuch\u00e2tel\n<ul>\n<li>Titre\u00a0: Typologie des couplages de constructions verbales.<\/li>\n<\/ul>\n<\/li>\n<li><strong>18 nov. 2009 <\/strong>Conf\u00e9rencier invit\u00e9 au s\u00e9minaire de Modyco.\n<ul>\n<li>Titre\u00a0: R\u00e9flexions en vue d\u2019une typologie des regroupements de constructions verbales en fran\u00e7ais<\/li>\n<\/ul>\n<\/li>\n<li><strong>9 avril 2009 Invit\u00e9 <\/strong>dans le cadre du s\u00e9minaire de l\u2019\u00e9quipe TALEP, Marseille. Titre de la communication\u00a0: <em>Quels outils pour les \u00e9tudes grammaticales sur corpus\u00a0?<\/em><\/li>\n<li><strong>27 mars 2009<\/strong> Et si demain on voulait faire une grammaire du fran\u00e7ais parl\u00e9\u2026, Journ\u00e9e d\u2019\u00e9tude <em>Corpus oraux : probl\u00e8mes m\u00e9thodologiques de recueil et d\u2019analyse de donn\u00e9es<\/em>, Nancy.<\/li>\n<li><strong>\u00a0janv. 2009 <\/strong>Invit\u00e9 \u00e0 l\u2019Universit\u00e9 de Paris X &#8211; Nanterre dans le cadre du Groupe de Travail Diachronie pour faire une intervention sur <em>avant que<\/em> et <em>quand<\/em>.<\/li>\n<li><strong>31 janv. 2007 <\/strong>Invit\u00e9 \u00e0 l\u2019Universit\u00e9 de <strong>Neuch\u00e2tel<\/strong> au s\u00e9minaire de 3<sup>e<\/sup> cycle pour faire une intervention sur la description de <em>quand<\/em>.<\/li>\n<li><strong>20-22 avr. 2006 <\/strong>Invit\u00e9 aux <em>Journ\u00e9es linguistiques <\/em>\u00e0 l\u2019Universit\u00e9 de <strong>Munich<\/strong>\n<ul>\n<li>Titre de la communication\u00a0: Description du mot <em>quand<\/em> en fran\u00e7ais parl\u00e9 contemporain.<\/li>\n<\/ul>\n<\/li>\n<li><strong>4 avr. 2006<\/strong> S\u00e9minaire de recherche de Mich\u00e8le Olivi\u00e9ri \u00e0 l\u2019Universit\u00e9 de <strong>Nice<\/strong>\n<ul>\n<li>Deux communications\u00a0: Analyse syntaxique de l\u2019oral et description du mot <em>quand<\/em> en fran\u00e7ais parl\u00e9<\/li>\n<\/ul>\n<\/li>\n<li><strong>2 d\u00e9c. 2005 <\/strong>Expos\u00e9 \u00e0 <strong>Nancy<\/strong> (ATILF-CNRS) sur la m\u00e9thodologie pour la constitution et l\u2019exploitation de corpus oraux informatis\u00e9s.<\/li>\n<li><strong>27-30 juin 2005<\/strong> Pr\u00e9sentation du logiciel d\u2019assistance \u00e0 la transcription de corpus oraux <em>Transcriber<\/em>, Colloque <em>Transcription de la langue parl\u00e9e. Aspects th\u00e9oriques, pratiques et technologiques<\/em>, Perpignan.<\/li>\n<li><strong> 2005 <\/strong>Article en ligne sur les <em>Outils informatis\u00e9s pour la constitution et l\u2019exploitation de corpus oraux<\/em> dans le cadre du s\u00e9minaire doctoral de Sciences du langage intitul\u00e9 <em>Construire une probl\u00e9matique de l\u2019oral<\/em> du 3 juin organis\u00e9 par Fran\u00e7oise Gadet Universit\u00e9 de <strong>Paris X<\/strong> Nanterre.\n<ul>\n<li>Adresse\u00a0: <u>http:\/\/www.u-paris10.fr\/38450865\/0\/fiche_7C__pagelibre\/<\/u><\/li>\n<\/ul>\n<\/li>\n<li><strong>23 nov. 2001<\/strong>\u00a0 Co-intervenant avec J. Deulofeu au s\u00e9minaire de 3<sup>\u00e8me<\/sup> cycle de A. Berrendonner \u00e0 l\u2019Universit\u00e9 de <strong>Fribourg<\/strong> (Suisse) sur l\u2019\u00e9tude statistique de quelques \u00ab\u00a0conjonctions de subordination\u00a0\u00bb bas\u00e9e sur la distinction fonctionnement macrosyntaxique\/microsyntaxique dans des corpus r\u00e9partis en fonction de leur \u00ab\u00a0genre\u00a0\u00bb.<\/li>\n<\/ul>\n<p><span style=\"text-decoration: underline\"><strong>Participation \u00e0 des conf\u00e9rences<\/strong><\/span><\/p>\n<ul>\n<li>(2023) (avec Christine da Silva-Genest, Caroline Masson, Lo\u00efc Li\u00e9geois et Marine Le Men\u00e9) Cr\u00e9ation d\u2019un r\u00e9f\u00e9rentiel lexical \u00e0 partir des productions verbales d\u2019enfants \u00e0 d\u00e9veloppement typique et atypique en situation de jeu, Journ\u00e9es de Linguistique de Corpus, Universit\u00e9 Grenoble-Alpes, juillet.<\/li>\n<li>(2022) (avec Dominique Legallois) Dispositif et m\u00e9thode pour cartographier l\u2019\u00e9volution des comp\u00e9tences r\u00e9dactionnelles, Journ\u00e9e inter-ANR E-Calm \/ PRO-Text, Sorbonne nouvelle, octobre.<\/li>\n<li>(2022) Orthographe fran\u00e7aise au XXIe si\u00e8cle : un cas de non-assistance \u00e0 langue en danger ?, Colloque Question(s) d\u2019orthographe, Universit\u00e9 Saint-Louis Bruxelles, mai.<\/li>\n<li>(2022) (avec Pauline Gillet) Les interrogatives directes en fran\u00e7ais parl\u00e9 : entre norme et \u00e9volution, Journ\u00e9es d\u2019\u00e9tude Variation(s) en fran\u00e7ais, 17-18 novembre, Nancy.<\/li>\n<li>(2022) (avec Dominique Legallois) Grilles syntaxiques, jonction propositionnelle et relation de coh\u00e9rence : trois niveaux d\u2019analyse pour cartographier l\u2019\u00e9volution des comp\u00e9tences r\u00e9dactionnelles (CE2-6\u00e8me), Colloque E-Calm, Universit\u00e9 de Bordeaux, juin.<\/li>\n<li>(2019) Atelier sur la prise en main de la plateforme ORFEO dans le cadre des journ\u00e9es de linguistique de corpus, Grenoble, novembre.<\/li>\n<li>(2019) Quand un linguiste fait l\u2019\u00e9cole buissonni\u00e8re, Colloque Prela, ENS Lyon, 23-26 juin.<\/li>\n<li>(2017) (avec Carole Etienne, Lo\u00efc Li\u00e9geois &amp; Christophe Parisse) Agr\u00e9gation automatis\u00e9e de corpus de fran\u00e7ais parl\u00e9, 9\u00e8mes journ\u00e9es internationale de la linguistique de corpus, Grenoble, 4-6 juillet.<\/li>\n<li>(2017) (avec Roxane Gagnon) \u00ab Cachez cet oral que je ne saurais enseigner! \u00bb : traitement du fran\u00e7ais parl\u00e9 dans les plans d\u2019\u00e9tudes francophones et pistes pour la formation des maitres, 4e Colloque international en \u00e9ducation, Montr\u00e9al (Qu\u00e9bec, Canada), 18-19 mai.<\/li>\n<li>(2017) (avec Carole Etienne et Lolita B\u00e9rard) Constituer un corpus d\u2019\u00e9tudes \u00e0 partir de diff\u00e9rentes sources de donn\u00e9es orales\u00a0: quelle m\u00e9thodologie et quelle solution proposer\u00a0?, Colloque Floral, Orl\u00e9ans, 15-17 mars.<\/li>\n<li>(2017) (avec Carole Etienne, Lo\u00efc Li\u00e9geois &amp; Christophe Parisse) Vers un format pivot commun pour la mutualisation, l\u2019\u00e9change et l\u2019analyse des corpus oraux, Data session, Colloque Floral, Orl\u00e9ans, 15-17 mars.<\/li>\n<li>(2017) (avec Christophe Cerisara, Dominique Fohr, Odile Mella &amp; Guillaume Serri\u00e8re) Alignement texte-audio et anonymisation dans le projet ORFEO, Colloque Floral, Orl\u00e9ans, 15-17 mars.<\/li>\n<li>(2017) (avec Caroline Masson) L\u2019acquisition des adjectifs en fran\u00e7ais parl\u00e9 dans des corpus d\u2019enfants francophones, Colloque international <em>L\u2019Adjectivit\u00e9<\/em>, 7-9 septembre, Paris-Sorbonne.<\/li>\n<li>(2016) (avec Lo\u00efc Li\u00e9geois, Carole Etienne, Christophe Parisse &amp; Christian Chanard) Utilisation d\u2019un format commun pour structurer les m\u00e9tadonn\u00e9es des corpus oraux et multimodaux\u00a0: objectifs, enjeux et m\u00e9thode, Journ\u00e9e d\u2019\u00e9tude <em>Donn\u00e9es, m\u00e9tadonn\u00e9es des corpus et catalogage des objets en sciences humaines et sociales<\/em>, Poitiers, 6-7 juin.<\/li>\n<li>(2015) (avec Gilles Corminboeuf et Paul Cappeau) R\u00e9flexions sur les exploitations diff\u00e9renci\u00e9es de la grammaire, Deuxi\u00e8me colloque international Dia du fran\u00e7ais actuel, 4-6 novembre, Neuch\u00e2tel.<\/li>\n<li>(2014) (avec Paul Cappeau), Quel accord\u00a0? Retour sur les cas de \u00ab\u00a0non accord\u00a0\u00bb entre sujet et verbe \u00e0 l\u2019oral, Colloque international <em>Les relations d\u2019accord dans la syntaxe du fran\u00e7ais<\/em>, Universit\u00e9 de Fribourg (Suisse), 25-16 septembre.<\/li>\n<li>(2012) (avec F. Sabio), Les \u00ab\u00a0dispositifs de la rection\u00a0\u00bb du Groupe Aixois de Recherche en Syntaxe &#8211; quelques remarques critiques \u00e0 la lumi\u00e8re des relations entre syntaxe et discours, Colloque international <em>Linguistique Compar\u00e9e des Langues Romanes (LiCoLaR)<\/em>, Aix-en-Provence, 18-19 octobre.<\/li>\n<li>(2011) (avec L. B\u00e9rard), Premiers tests en vue de l\u2019\u00e9tiquetage d\u2019un corpus oral par apprentissage exclusivement endog\u00e8ne, colloque de l\u2019afls, Nancy, 8-10 septembre.<\/li>\n<li>(2011) (avec L. B\u00e9rard), Mutualisation de corpus oraux\u00a0: retour d\u2019exp\u00e9rience, colloque Jeunes chercheurs Praxiling, Montpellier, 9-10 juin.<\/li>\n<li>(2009) (avec Dister Anne, Gerdes Kim, Kahane Sylvain et Marlet Renaud), \u00ab annoter du des textes tu te demandes si c\u2019est syntaxique tu vois \u00bb, <em>The 28<sup>th <\/sup>Conference on Lexis and Grammar, <\/em>Arena Romanistica 4, Presses de l\u2019Universit\u00e9 de Bergen, Bergen, pp.16-27<em>.<\/em><\/li>\n<li>(2009) Le linguiste, l\u2019ordinateur et le corpus, <em>L\u2019exemple et le corpus\u00a0: quel statut\u00a0?<\/em>, 23<sup>\u00e8me<\/sup> colloque international du Cerlico, 4-6 juin, Poitiers.<\/li>\n<li>(2008) (et alii) Traitement informatique de donn\u00e9es orales\u00a0: quels outils pour quelles analyses\u00a0?, Colloque Analogiqual, 21-22 octobre, Luxembourg.<\/li>\n<li>(2007) (avec Mathieu Avanzi, Julie Glikman) Comment se comprendre sans se m\u00e9prendre\u00a0? L\u2019exemple de trois termes probl\u00e9matiques\u00a0: <em>p\u00e9riode<\/em>, <em>parataxe<\/em>, <em>subordination inverse<\/em>, Conf\u00e9rence <em>Coldoc<\/em> 2007, 20-21 juin 2007, Paris X.<\/li>\n<li>(2007) Comment tirer profit de la para-taxe\u00a0?, Colloque sur <em>la parataxe<\/em>, 12-15 f\u00e9vrier, Neuch\u00e2tel, Suisse.<\/li>\n<li>(2006) Qui est <em>quand<\/em>?, Journ\u00e9e sur <em>les proformes ind\u00e9finies\u00a0: assertion et subordination<\/em>, 8 d\u00e9cembre, Paris 3 (article en cours d\u2019expertise).<\/li>\n<li>(2006) Subordination temporelle. Remettre les pendules \u00e0 l\u2019heure, Colloque international <em>Chronos 7<\/em>, 18-20 septembre 2006, Anvers, Belgique (article en cours d\u2019expertise).<\/li>\n<li>(2006) Annotation morphosyntaxique\u00a0: <em>o<\/em>\u00f9 est le probl\u00e8me, Colloque <em>Description Linguistique pour le Traitement Automatique du Fran\u00e7ais<\/em>, 15-19 mai, Montr\u00e9al, Canada (publication dans revue \u00e0 comit\u00e9 de lecture).<\/li>\n<li>(2006) Approche comparative de la notion de degr\u00e9 en syntaxe \u00e0 travers l\u2019opposition entre subordination et coordination, Colloque <em>La<\/em> <em>scalarit\u00e9 \u2013 autant de moyens d\u2019expression, autant d\u2019effets de sens<\/em>, 24-25 f\u00e9vrier, Bruxelles, Belgique (publication dans revue \u00e0 comit\u00e9 de lecture).<\/li>\n<li>(2005) Examen de la notion de \u00ab\u00a0subordination\u00a0\u00bb\u00a0: le cas des <em>quand <\/em>\u00ab\u00a0insubordonn\u00e9s\u00a0\u00bb, Colloque <em>Typologie et mod\u00e9lisation de la coordination et de la subordination<\/em>, 26-28 mai, Paris (publication dans revue \u00e0 comit\u00e9 de lecture).<\/li>\n<li>(2005) Ce que nous apprennent les corpus sur la synonymie entre <em>lorsque <\/em>et <em>quand<\/em>, <em>Quatri\u00e8mes Journ\u00e9es de la linguistique de corpus<\/em>, 15-17 septembre, Lorient (publication dans ouvrage collectif).<\/li>\n<li>(2005) Description d\u00e9taill\u00e9e des subordonn\u00e9es non d\u00e9pendantes\u00a0: le cas de <em>quand<\/em>, Conf\u00e9rence <em>TALN<\/em>, 6-10 juin, Dourdan (publication dans les actes).<\/li>\n<li>(2004) L\u2019annotation syntaxique de corpus oraux constitue-t-elle un probl\u00e8me sp\u00e9cifique\u00a0?, Conf\u00e9rence <em>RECITAL<\/em>, 19-22 avril, F\u00e8s, Maroc (publication dans les actes).<\/li>\n<li>(2003) \u00c9tude syntaxique du mot <em>quand<\/em> en fran\u00e7ais contemporain : probl\u00e8mes et m\u00e9thode, Mouret, Raynal, Tellier (\u00e9d.), <em>Huiti\u00e8me Atelier des Doctorants en Linguistique<\/em>, 7-8 juillet, Paris (publication dans les actes).<\/li>\n<li>(2002) (avec Sandrine Cadd\u00e9o) Indices linguistiques pour le rep\u00e9rage automatique de certains types d\u2019apposition dans un corpus de presse, <em>Deuxi\u00e8mes journ\u00e9es de la linguistique de corpus<\/em>, 12-14 septembre, Lorient (publication dans ouvrage collectif).<\/li>\n<\/ul>\n","protected":false},"excerpt":{"rendered":"<p>Participation en tant que conf\u00e9rencier invit\u00e9 9 d\u00e9c. 2023 Pour d\u00e9mocratiser l&rsquo;orthographe, il faut la changer, Conf\u00e9rence donn\u00e9e \u00e0 l&rsquo;INSPE de Lille dans le cadre du cycle Changer de regard sur l&rsquo;\u00e9cole et les apprentissages. \u00c0 revoir \u00e0 cette adresse. 26 oct. 2023 [Ap\u00e9ro scientifique] \u00ab Ah, ces jeunes ! \u00bb Ou comment les fautes [&hellip;]<\/p>\n","protected":false},"author":1,"featured_media":0,"parent":0,"menu_order":0,"comment_status":"closed","ping_status":"closed","template":"","meta":{"footnotes":""},"class_list":["post-21","page","type-page","status-publish","hentry"],"_links":{"self":[{"href":"https:\/\/perso.atilf.fr\/benzitoun\/wp-json\/wp\/v2\/pages\/21","targetHints":{"allow":["GET"]}}],"collection":[{"href":"https:\/\/perso.atilf.fr\/benzitoun\/wp-json\/wp\/v2\/pages"}],"about":[{"href":"https:\/\/perso.atilf.fr\/benzitoun\/wp-json\/wp\/v2\/types\/page"}],"author":[{"embeddable":true,"href":"https:\/\/perso.atilf.fr\/benzitoun\/wp-json\/wp\/v2\/users\/1"}],"replies":[{"embeddable":true,"href":"https:\/\/perso.atilf.fr\/benzitoun\/wp-json\/wp\/v2\/comments?post=21"}],"version-history":[{"count":15,"href":"https:\/\/perso.atilf.fr\/benzitoun\/wp-json\/wp\/v2\/pages\/21\/revisions"}],"predecessor-version":[{"id":334,"href":"https:\/\/perso.atilf.fr\/benzitoun\/wp-json\/wp\/v2\/pages\/21\/revisions\/334"}],"wp:attachment":[{"href":"https:\/\/perso.atilf.fr\/benzitoun\/wp-json\/wp\/v2\/media?parent=21"}],"curies":[{"name":"wp","href":"https:\/\/api.w.org\/{rel}","templated":true}]}}