{"id":13,"date":"2015-06-29T13:43:15","date_gmt":"2015-06-29T12:43:15","guid":{"rendered":"https:\/\/apps.atilf.fr\/homepages\/?page_id=13"},"modified":"2025-09-24T20:48:22","modified_gmt":"2025-09-24T19:48:22","slug":"enseignement","status":"publish","type":"page","link":"https:\/\/perso.atilf.fr\/ccousinard\/enseignement\/","title":{"rendered":"Enseignements"},"content":{"rendered":"<h4 style=\"text-align: left\">Licence Sciences du Langage &#8211; UFR SHS<\/h4>\n<ul>\n<li>\n<h6><strong>Pr\u00e9-professionnalisation : linguistique et didactique<br \/>\n<\/strong><em>Licence 2 Sciences du Langage (10h TD &#8211; 2024\/2025)<\/em><\/h6>\n<\/li>\n<li>\n<h6><strong>Introduction \u00e0 la sociolinguistique<br \/>\n<\/strong><em>Licence 1 Sciences du Langage (9h TD &#8211; 2020\/2021).<\/em><\/h6>\n<\/li>\n<li>\n<h6 style=\"text-align: justify\"><strong>Introduction \u00e0 la didactique des langues : apprentissage et acquisition d&rsquo;une langue<br \/>\n<\/strong><em>Licence 1 &#8211; mineure Sciences du Langage (24h CM &#8211; 2020\/2021 ; 2021\/2022 ; 2022\/2023)<\/em><\/h6>\n<\/li>\n<li>\n<h6 style=\"text-align: justify\"><strong>M\u00e9thodologie du travail universitaire<br \/>\n<\/strong><em>Licence 1 Sciences du Langage (12h TD &#8211; 2020\/2021)<\/em><\/h6>\n<\/li>\n<li>\n<h6 style=\"text-align: justify\"><strong>Ecrit, oral : structures et variations<br \/>\n<\/strong><em>Licence 2 Sciences du Langage + Licence 3 EAM (12h TD, 12h CM &#8211; 2020\/2021 ; 2021\/2022 ; 2022\/2023)<\/em><\/h6>\n<\/li>\n<li>\n<h6><strong>Constitution de corpus<br \/>\n<\/strong><em>Licence 2 Sciences du Langage + Licence 3 EAM (12h TD &#8211; 2023\/2024)<\/em><\/h6>\n<\/li>\n<li>\n<h6><strong>Analyse des interactions<br \/>\n<\/strong><em>Licence 3 Sciences du Langage (10h TD &#8211; 2023\/2024)<\/em><\/h6>\n<\/li>\n<\/ul>\n<p>&nbsp;<\/p>\n<h4 style=\"text-align: left\">Licence LLCER anglais &#8211; UFR ALL<\/h4>\n<ul>\n<li style=\"text-align: justify\">\n<h6><strong>Didactique de l&rsquo;anglais<br \/>\n<\/strong><em>Licence 3 LLCER anglais, option enseignement (18h TD &#8211; 2022\/2023)<\/em><\/h6>\n<\/li>\n<\/ul>\n<p>&nbsp;<\/p>\n<h4 style=\"text-align: left\">Licences SHS\/ALL confondues &#8211; UFR LANSAD<\/h4>\n<ul>\n<li>\n<h6><strong>Production \u00e9crite<br \/>\n<\/strong><em>Licence 2 SHS\/ALL (48h TD &#8211; 2024\/2025)<\/em><\/h6>\n<\/li>\n<li>\n<h6><strong>Compr\u00e9hension \u00e9crite<br \/>\n<\/strong><em>Licence 1 SHS\/ALL (24h TD &#8211; 2024\/2025)<\/em><\/h6>\n<\/li>\n<li>\n<h6><strong>Compr\u00e9hension orale<br \/>\n<\/strong><em>Licence 2 SHS\/ALL (18h TD &#8211; 2023\/2024)<\/em><\/h6>\n<\/li>\n<li>\n<h6><strong>Production orale<br \/>\n<\/strong><em>Licence 3 SHS\/ALL (24h TD &#8211; 2023\/2024)<\/em><\/h6>\n<\/li>\n<li>\n<h6><strong>M\u00e9thodologie de l&rsquo;anglais \u00e0 l&rsquo;universit\u00e9<br \/>\n<\/strong><em>Licence 1 SHS\/ALL (6h TD &#8211; 2021\/2022)<\/em><\/h6>\n<\/li>\n<\/ul>\n<p>&nbsp;<\/p>\n<h4 style=\"text-align: left\">Masters SHS &#8211; UFR LANSAD<\/h4>\n<ul>\n<li>\n<h6><strong>Anglais de sp\u00e9cialit\u00e9<br \/>\n<\/strong><em>Master 1 Psychologie (24h TD &#8211; 2024\/2025)<\/em><\/h6>\n<\/li>\n<li>\n<h6><strong>Anglais de sp\u00e9cialit\u00e9<br \/>\n<\/strong><em>Master 2 Psychologie (24h TD &#8211; 2025\/2026)<\/em><\/h6>\n<\/li>\n<li>\n<h6><strong>Anglais de sp\u00e9cialit\u00e9<br \/>\n<\/strong><em>Master 1 Information Communication (24h TD &#8211; 2024\/2025 ; 2025\/2026)<\/em><\/h6>\n<\/li>\n<li>\n<h6><strong>Anglais de sp\u00e9cialit\u00e9<br \/>\n<\/strong><em>Master 2 Information Communication (24h TD &#8211; 2025\/2026)<\/em><\/h6>\n<\/li>\n<li>\n<h6><strong>Anglais de sp\u00e9cialit\u00e9<br \/>\n<\/strong><em>Master 1 Sociologie (24h TD &#8211; 2025\/2026)<\/em><\/h6>\n<\/li>\n<\/ul>\n","protected":false},"excerpt":{"rendered":"<p>Licence Sciences du Langage &#8211; UFR SHS Pr\u00e9-professionnalisation : linguistique et didactique Licence 2 Sciences du Langage (10h TD &#8211; 2024\/2025) Introduction \u00e0 la sociolinguistique Licence 1 Sciences du Langage (9h TD &#8211; 2020\/2021). Introduction \u00e0 la didactique des langues : apprentissage et acquisition d&rsquo;une langue Licence 1 &#8211; mineure Sciences du Langage (24h CM [&hellip;]<\/p>\n","protected":false},"author":1,"featured_media":0,"parent":0,"menu_order":0,"comment_status":"closed","ping_status":"closed","template":"","meta":{"footnotes":""},"class_list":["post-13","page","type-page","status-publish","hentry"],"_links":{"self":[{"href":"https:\/\/perso.atilf.fr\/ccousinard\/wp-json\/wp\/v2\/pages\/13","targetHints":{"allow":["GET"]}}],"collection":[{"href":"https:\/\/perso.atilf.fr\/ccousinard\/wp-json\/wp\/v2\/pages"}],"about":[{"href":"https:\/\/perso.atilf.fr\/ccousinard\/wp-json\/wp\/v2\/types\/page"}],"author":[{"embeddable":true,"href":"https:\/\/perso.atilf.fr\/ccousinard\/wp-json\/wp\/v2\/users\/1"}],"replies":[{"embeddable":true,"href":"https:\/\/perso.atilf.fr\/ccousinard\/wp-json\/wp\/v2\/comments?post=13"}],"version-history":[{"count":22,"href":"https:\/\/perso.atilf.fr\/ccousinard\/wp-json\/wp\/v2\/pages\/13\/revisions"}],"predecessor-version":[{"id":507,"href":"https:\/\/perso.atilf.fr\/ccousinard\/wp-json\/wp\/v2\/pages\/13\/revisions\/507"}],"wp:attachment":[{"href":"https:\/\/perso.atilf.fr\/ccousinard\/wp-json\/wp\/v2\/media?parent=13"}],"curies":[{"name":"wp","href":"https:\/\/api.w.org\/{rel}","templated":true}]}}