{"id":23,"date":"2015-06-29T13:44:14","date_gmt":"2015-06-29T12:44:14","guid":{"rendered":"https:\/\/apps.atilf.fr\/homepages\/?page_id=23"},"modified":"2025-12-02T19:09:42","modified_gmt":"2025-12-02T18:09:42","slug":"cv","status":"publish","type":"page","link":"https:\/\/perso.atilf.fr\/ccousinard\/cv\/","title":{"rendered":"CV"},"content":{"rendered":"<h3>Formation<\/h3>\n<ul>\n<li style=\"text-align: justify\">\n<h6 style=\"text-align: justify\"><b>2025<\/b> : <strong>Doctorat en Sciences du Langage<\/strong>, <em>Universit\u00e9 de Lorraine, Nancy<\/em><\/h6>\n<ul>\n<li>\n<h6><em>Vers une didactique de l\u2019interaction : l\u2019apprentissage avec et sur corpus au service du d\u00e9veloppement de la comp\u00e9tence interactionnelle en FLE.<\/em><\/h6>\n<\/li>\n<\/ul>\n<\/li>\n<li style=\"text-align: justify\">\n<h6 style=\"text-align: justify\"><b>2020<\/b> : <strong>Master Fran\u00e7ais Langue Etrang\u00e8re<\/strong>, <em>Universit\u00e9 de Lorraine, Nancy<\/em><\/h6>\n<ul>\n<li>\n<h6><em>L&rsquo;apprentissage sur corpus &#8211; Un concordancier au service de l&rsquo;enseignement-apprentissage de la comp\u00e9tence grammaticale en classe de FLE.<\/em><\/h6>\n<\/li>\n<\/ul>\n<\/li>\n<li style=\"text-align: justify\">\n<h6 style=\"text-align: justify\"><b>2018<\/b> : <strong>Master recherche LLCE anglais<\/strong>, parcours linguistique, <em>Universit\u00e9 de Reims Champagne-Ardenne, Reims<\/em><\/h6>\n<ul>\n<li>\n<h6><em>Etude de deux variations grammaticales dans les versions UK et US de\u00a0<\/em>HP6<em> : valeurs de -ED et alternance -ED\/HAD -EN.<\/em><\/h6>\n<\/li>\n<\/ul>\n<\/li>\n<li style=\"text-align: justify\">\n<h6 style=\"text-align: justify\"><b>2016-2017<\/b> : <strong>Laur\u00e9ate <a href=\"https:\/\/fulbright-france.org\/\">Fulbright<\/a><\/strong> programme FLTA,\u00a0<em>The College of Wooster, Wooster, OH (USA)<\/em><\/h6>\n<ul>\n<li>\n<h6><span style=\"text-decoration: underline\">Cours suivis :<\/span> Phonetic Transcription and Phonology ; Using Phonics to Teach Reading and Develop Literacy ; Language Development in Children ; Racism 101 ; Imagining America.<\/h6>\n<\/li>\n<\/ul>\n<\/li>\n<li style=\"text-align: justify\">\n<h6 style=\"text-align: justify\"><b>2015<\/b> : <strong>Masters of Arts in Modern French Studies<\/strong>,\u00a0<em>The University of Kent, Canterbury (UK)<\/em><\/h6>\n<ul>\n<li>\n<h6><span style=\"text-decoration: underline\">Cours suivis :<\/span> Postmodern French Detective Program ; Writing Networks in the XIXth century ; Literature and Theory ; Theories of Art in Modern French Thought<\/h6>\n<\/li>\n<\/ul>\n<\/li>\n<li style=\"text-align: justify\">\n<h6 style=\"text-align: justify\"><b>2014<\/b> : <strong>Licence LLCE anglais<\/strong>,\u00a0<em>Universit\u00e9 de Reims Champagne-Ardenne, Reims<\/em><\/h6>\n<\/li>\n<li>\n<h6 style=\"text-align: justify\"><b>2011<\/b> : <strong>Baccalaur\u00e9at g\u00e9n\u00e9ral s\u00e9rie scientifique<\/strong> sp\u00e9cialit\u00e9 SVT et section europ\u00e9enne anglais, <em>Lyc\u00e9e Chanzy, Charleville-M\u00e9zi\u00e8res<\/em><\/h6>\n<\/li>\n<\/ul>\n<p>&nbsp;<\/p>\n<h3>Exp\u00e9riences professionnelles<\/h3>\n<ul>\n<li>\n<h6 style=\"text-align: justify\"><b>2025-2026 <\/b>: Attach\u00e9e Temporaire d&rsquo;Enseignement et de Recherche, UFR LANSAD, d\u00e9partement PEARL,\u00a0<em>Universit\u00e9 de Lorraine, Nancy<\/em><\/h6>\n<\/li>\n<li>\n<h6 style=\"text-align: justify\"><b>2024-2025<\/b> : Attach\u00e9e Temporaire d&rsquo;Enseignement et de Recherche, UFR LANSAD, d\u00e9partement PEARL,\u00a0<em>Universit\u00e9 de Lorraine, Nancy<\/em><\/h6>\n<\/li>\n<li>\n<h6 style=\"text-align: justify\"><b>Depuis 2021<\/b> : Doctorante contractuelle charg\u00e9e d&rsquo;enseignements, Ecole Doctorale SLTC, <em>Universit\u00e9 de Lorraine, Nancy<\/em><\/h6>\n<\/li>\n<li>\n<h6 style=\"text-align: justify\"><b>2020 &#8211; 2021<\/b> : Vacataire d&rsquo;enseignement en Sciences du Langage (voir page <a href=\"https:\/\/perso.atilf.fr\/ccousinard\/enseignement\/\">enseignements<\/a>),\u00a0<em>Universit\u00e9 de Lorraine, Nancy<\/em><\/h6>\n<\/li>\n<li>\n<h6><b>2020 &#8211; 2021 <\/b>: Professeure d&rsquo;anglais,\u00a0<em>Institut Sup\u00e9rieur d&rsquo;Optique, Nancy<\/em><\/h6>\n<\/li>\n<li>\n<h6 style=\"text-align: justify\"><b>2020 &#8211; 2021 <\/b>: Professeure de lettres modernes,\u00a0<em>Lyc\u00e9e professionnel Marie Immacul\u00e9e, Nancy<\/em><\/h6>\n<\/li>\n<li>\n<h6 style=\"text-align: justify\"><b>2020<\/b>\u00a0: Stage d&rsquo;enseignement du FLE,\u00a0<em>D\u00e9FLE UFR LANSAD<\/em><em>, Universit\u00e9 de Lorraine, Nancy<\/em><\/h6>\n<\/li>\n<li>\n<h6 style=\"text-align: justify\"><b>2018<\/b> : Animatrice linguistique,\u00a0<em>Centre du Val d&rsquo;Ante, Givry-en-Argonne<\/em><\/h6>\n<\/li>\n<li>\n<h6 style=\"text-align: justify\"><b>2016 &#8211; 2017 <\/b>: Lectrice de Fran\u00e7ais Langue Etrang\u00e8re,\u00a0<em>The College of Wooster, Wooster, OH (USA)<\/em><\/h6>\n<\/li>\n<li>\n<h6 style=\"text-align: justify\"><b>2014 &#8211; 2015 <\/b>: Lectrice de Fran\u00e7ais Langue Etrang\u00e8re,\u00a0<em>The University of Kent, Canterbury (UK)<\/em><\/h6>\n<\/li>\n<\/ul>\n","protected":false},"excerpt":{"rendered":"<p>Formation 2025 : Doctorat en Sciences du Langage, Universit\u00e9 de Lorraine, Nancy Vers une didactique de l\u2019interaction : l\u2019apprentissage avec et sur corpus au service du d\u00e9veloppement de la comp\u00e9tence interactionnelle en FLE. 2020 : Master Fran\u00e7ais Langue Etrang\u00e8re, Universit\u00e9 de Lorraine, Nancy L&rsquo;apprentissage sur corpus &#8211; Un concordancier au service de l&rsquo;enseignement-apprentissage de la [&hellip;]<\/p>\n","protected":false},"author":1,"featured_media":0,"parent":0,"menu_order":0,"comment_status":"closed","ping_status":"closed","template":"","meta":{"footnotes":""},"class_list":["post-23","page","type-page","status-publish","hentry"],"_links":{"self":[{"href":"https:\/\/perso.atilf.fr\/ccousinard\/wp-json\/wp\/v2\/pages\/23","targetHints":{"allow":["GET"]}}],"collection":[{"href":"https:\/\/perso.atilf.fr\/ccousinard\/wp-json\/wp\/v2\/pages"}],"about":[{"href":"https:\/\/perso.atilf.fr\/ccousinard\/wp-json\/wp\/v2\/types\/page"}],"author":[{"embeddable":true,"href":"https:\/\/perso.atilf.fr\/ccousinard\/wp-json\/wp\/v2\/users\/1"}],"replies":[{"embeddable":true,"href":"https:\/\/perso.atilf.fr\/ccousinard\/wp-json\/wp\/v2\/comments?post=23"}],"version-history":[{"count":17,"href":"https:\/\/perso.atilf.fr\/ccousinard\/wp-json\/wp\/v2\/pages\/23\/revisions"}],"predecessor-version":[{"id":515,"href":"https:\/\/perso.atilf.fr\/ccousinard\/wp-json\/wp\/v2\/pages\/23\/revisions\/515"}],"wp:attachment":[{"href":"https:\/\/perso.atilf.fr\/ccousinard\/wp-json\/wp\/v2\/media?parent=23"}],"curies":[{"name":"wp","href":"https:\/\/api.w.org\/{rel}","templated":true}]}}