{"id":23,"date":"2015-06-29T13:44:14","date_gmt":"2015-06-29T12:44:14","guid":{"rendered":"https:\/\/apps.atilf.fr\/homepages\/?page_id=23"},"modified":"2024-10-24T19:45:10","modified_gmt":"2024-10-24T18:45:10","slug":"cv","status":"publish","type":"page","link":"https:\/\/perso.atilf.fr\/cgeorge\/cv\/","title":{"rendered":"CV"},"content":{"rendered":"<p><span style=\"text-decoration: underline\"><strong>T\u00e9l\u00e9chargement<\/strong><\/span><\/p>\n<h3><span style=\"text-decoration: underline\"><strong>Formation<\/strong><\/span><\/h3>\n<p><strong>d\u00e9cembre 2018- d\u00e9cembre 2024 : Doctorat <\/strong>en<strong> Sciences du langage<\/strong>, universit\u00e9 de Lorraine, laboratoire ATILF, \u00e9cole doctorale SLTC, Nancy<\/p>\n<blockquote><p>th\u00e8se \u00ab<em>Oui chef ! \u00bb Une \u00e9tude ethnographique, multimodale et longitudinale de l&rsquo;interaction ma\u00eetre apprentie en cuisine : contribution au d\u00e9veloppent d&rsquo;un logiciel d&rsquo;aide \u00e0 l&rsquo;analyse de corpus de donn\u00e9es audiovisuelles annot\u00e9s<\/em><\/p><\/blockquote>\n<p><strong>2011 &#8211; 2014 : Master <\/strong>en<strong> Sciences du langage et didactique des langues<\/strong>, universit\u00e9 de Lorraine, Nancy<\/p>\n<blockquote><p>parcours Ing\u00e9nierie en Didactique des Langues, m\u00e9moire <em>Environnement et autonomie d\u2019apprentissage de langue: le cas d\u2019apprenants de FLE apprentis en France<\/em><\/p><\/blockquote>\n<p><strong>2010 &#8211; 2014 : Master <\/strong>en<strong> Lettres, Art et Cultures<\/strong>,\u00a0universit\u00e9 de Nancy 2<\/p>\n<blockquote><p>parcours Litt\u00e9rature compar\u00e9e, m\u00e9moire\u00a0 <em>Exil, identit\u00e9 et \u00e9critures<\/em><\/p><\/blockquote>\n<p><strong>2009 &#8211; 2010 : Master 1 <\/strong>en<strong> Studii francofone<\/strong>, universitatea Alexandru Ioan Cuza, Iasi (Roumanie)<\/p>\n<p><strong>2006 &#8211; 2009 : Licence <\/strong>en<strong> Lettres modernes<\/strong>,\u00a0universit\u00e9 de Nancy 2<\/p>\n<h3><span style=\"text-decoration: underline\"><strong>Exp\u00e9rience professionnelle<\/strong><\/span><\/h3>\n<p>2022 &#8211; 2024 : ATER ; UFR Sciences Humaines et Sociales, d\u00e9partement Sciences du Langage, universit\u00e9 de Lorraine, Nancy<\/p>\n<p>2021 &#8211; 2022 : Enseignante vacataire ; UFR Sciences Humaines et Sociales, d\u00e9partement Sciences du Langage, universit\u00e9 de Lorraine, Nancy<\/p>\n<p>2014 &#8211; 2021 : Enseignante de Fran\u00e7ais Langue Etrang\u00e8re (FLE), fran\u00e7ais, culture g\u00e9n\u00e9rale et expression, histoire-g\u00e9ographie ; Centre de Formation des Apprentis, Centre de Formation des Apprentis de l&rsquo;Industrie, Association de formation professionnelle, r\u00e9gion Grand-Est<\/p>\n<p>2012 &#8211; 2013 : Enseignante de Fran\u00e7ais Langue Etrang\u00e8re (FLE), Stage long du Minist\u00e8re des Affaires Etrang\u00e8res ; Universit\u00e9 de la D\u00e9fense, Acad\u00e9mie Technique Militaire, Bucarest (Roumanie)<\/p>\n<p>2010 &#8211; 2011 : Soutien \u00e0 l&rsquo;accueil et au catalogage (Sudoc) ; Institut de Lettres, journalisme et Infocom, Universit\u00e9 Nancy 2<\/p>\n<p>2009 &#8211; 2011 : R\u00e9dactrice, contribution \u00e0 la revue d&rsquo;une association d&rsquo;histoire locale, biographie d&rsquo;acteur-ices du \u00ab\u00a0monde agricole\u00a0\u00bb en Lorraine<\/p>\n","protected":false},"excerpt":{"rendered":"<p>T\u00e9l\u00e9chargement Formation d\u00e9cembre 2018- d\u00e9cembre 2024 : Doctorat en Sciences du langage, universit\u00e9 de Lorraine, laboratoire ATILF, \u00e9cole doctorale SLTC, Nancy th\u00e8se \u00abOui chef ! \u00bb Une \u00e9tude ethnographique, multimodale et longitudinale de l&rsquo;interaction ma\u00eetre apprentie en cuisine : contribution au d\u00e9veloppent d&rsquo;un logiciel d&rsquo;aide \u00e0 l&rsquo;analyse de corpus de donn\u00e9es audiovisuelles annot\u00e9s 2011 &#8211; [&hellip;]<\/p>\n","protected":false},"author":1,"featured_media":0,"parent":0,"menu_order":0,"comment_status":"closed","ping_status":"closed","template":"","meta":{"footnotes":""},"class_list":["post-23","page","type-page","status-publish","hentry"],"_links":{"self":[{"href":"https:\/\/perso.atilf.fr\/cgeorge\/wp-json\/wp\/v2\/pages\/23","targetHints":{"allow":["GET"]}}],"collection":[{"href":"https:\/\/perso.atilf.fr\/cgeorge\/wp-json\/wp\/v2\/pages"}],"about":[{"href":"https:\/\/perso.atilf.fr\/cgeorge\/wp-json\/wp\/v2\/types\/page"}],"author":[{"embeddable":true,"href":"https:\/\/perso.atilf.fr\/cgeorge\/wp-json\/wp\/v2\/users\/1"}],"replies":[{"embeddable":true,"href":"https:\/\/perso.atilf.fr\/cgeorge\/wp-json\/wp\/v2\/comments?post=23"}],"version-history":[{"count":9,"href":"https:\/\/perso.atilf.fr\/cgeorge\/wp-json\/wp\/v2\/pages\/23\/revisions"}],"predecessor-version":[{"id":331,"href":"https:\/\/perso.atilf.fr\/cgeorge\/wp-json\/wp\/v2\/pages\/23\/revisions\/331"}],"wp:attachment":[{"href":"https:\/\/perso.atilf.fr\/cgeorge\/wp-json\/wp\/v2\/media?parent=23"}],"curies":[{"name":"wp","href":"https:\/\/api.w.org\/{rel}","templated":true}]}}