{"id":13,"date":"2015-06-29T13:43:15","date_gmt":"2015-06-29T12:43:15","guid":{"rendered":"https:\/\/apps.atilf.fr\/homepages\/chaut\/?page_id=13"},"modified":"2016-03-30T16:07:07","modified_gmt":"2016-03-30T15:07:07","slug":"enseignement","status":"publish","type":"page","link":"https:\/\/perso.atilf.fr\/chaut\/enseignement\/","title":{"rendered":"Enseignement"},"content":{"rendered":"<p><span style=\"text-decoration: underline\"><strong>Contexte institutionnel<\/strong><\/span><\/p>\n<p>2014-2015 : ATER, Universit\u00e9 de Lorraine<\/p>\n<p>2012-2013 : demi-ATER, Universit\u00e9 de Lorraine<\/p>\n<p>2009-2012 : Contrat doctoral avec charge d&rsquo;enseignement sup\u00e9rieur, Universit\u00e9 de Lorraine<\/p>\n<p><span style=\"text-decoration: underline\"><strong>Enseignements<\/strong><\/span><\/p>\n<p>UFR SDL, Universit\u00e9 de Lorraine :<\/p>\n<table>\n<tbody>\n<tr>\n<td width=\"88\"><\/td>\n<td width=\"16\"><\/td>\n<td width=\"404\"><\/td>\n<\/tr>\n<tr>\n<td width=\"88\"><strong>L1<\/strong><\/td>\n<td width=\"16\">:<\/td>\n<td width=\"404\">Histoire de la langue fran\u00e7aise<\/p>\n<p>Objets, m\u00e9thodes et analyses en grammaire<\/p>\n<p>\u00c9nonciation<\/p>\n<p>Approche de la discipline SDL<\/p>\n<p>Lexique\u00a0: unit\u00e9s et relations de sens<\/p>\n<p>Linguistique appliqu\u00e9e<\/p>\n<p>MTU et Ma\u00eetrise de l\u2019expression \u00e9crite et orale<\/td>\n<\/tr>\n<tr>\n<td width=\"88\"><strong>L1, L3 EAM<\/strong><\/td>\n<td width=\"16\">:<\/td>\n<td width=\"404\">Langue et Culture<\/td>\n<\/tr>\n<tr>\n<td width=\"88\"><strong>L2<\/strong><\/td>\n<td width=\"16\">:<\/td>\n<td width=\"404\">Syntaxe<\/p>\n<p>Approche de la sociolinguistique<\/p>\n<p>Psycholinguistique et acquisition<\/p>\n<p>M\u00e9thodologie du travail universitaire<\/td>\n<\/tr>\n<tr>\n<td width=\"88\"><strong>L2, L3 EAM\u00a0<\/strong><\/td>\n<td width=\"16\">:<\/td>\n<td width=\"404\">Langue, Langage et Soci\u00e9t\u00e9<\/td>\n<\/tr>\n<tr>\n<td width=\"88\"><strong>L3<\/strong><\/td>\n<td width=\"16\">:<\/td>\n<td width=\"404\">\u00c9nonciation<\/td>\n<\/tr>\n<tr>\n<td width=\"88\"><strong>M1<\/strong><\/td>\n<td width=\"16\">:<\/td>\n<td width=\"404\">Didactique et linguistique<\/td>\n<\/tr>\n<\/tbody>\n<\/table>\n<p>&nbsp;<\/p>\n<p><span style=\"text-decoration: underline\"><strong>\u00a0<\/strong><\/span><\/p>\n","protected":false},"excerpt":{"rendered":"<p>Contexte institutionnel 2014-2015 : ATER, Universit\u00e9 de Lorraine 2012-2013 : demi-ATER, Universit\u00e9 de Lorraine 2009-2012 : Contrat doctoral avec charge d&rsquo;enseignement sup\u00e9rieur, Universit\u00e9 de Lorraine Enseignements UFR SDL, Universit\u00e9 de Lorraine : L1 : Histoire de la langue fran\u00e7aise Objets, m\u00e9thodes et analyses en grammaire \u00c9nonciation Approche de la discipline SDL Lexique\u00a0: unit\u00e9s et relations [&hellip;]<\/p>\n","protected":false},"author":1,"featured_media":0,"parent":0,"menu_order":0,"comment_status":"closed","ping_status":"closed","template":"","meta":{"footnotes":""},"class_list":["post-13","page","type-page","status-publish","hentry"],"_links":{"self":[{"href":"https:\/\/perso.atilf.fr\/chaut\/wp-json\/wp\/v2\/pages\/13","targetHints":{"allow":["GET"]}}],"collection":[{"href":"https:\/\/perso.atilf.fr\/chaut\/wp-json\/wp\/v2\/pages"}],"about":[{"href":"https:\/\/perso.atilf.fr\/chaut\/wp-json\/wp\/v2\/types\/page"}],"author":[{"embeddable":true,"href":"https:\/\/perso.atilf.fr\/chaut\/wp-json\/wp\/v2\/users\/1"}],"replies":[{"embeddable":true,"href":"https:\/\/perso.atilf.fr\/chaut\/wp-json\/wp\/v2\/comments?post=13"}],"version-history":[{"count":11,"href":"https:\/\/perso.atilf.fr\/chaut\/wp-json\/wp\/v2\/pages\/13\/revisions"}],"predecessor-version":[{"id":196,"href":"https:\/\/perso.atilf.fr\/chaut\/wp-json\/wp\/v2\/pages\/13\/revisions\/196"}],"wp:attachment":[{"href":"https:\/\/perso.atilf.fr\/chaut\/wp-json\/wp\/v2\/media?parent=13"}],"curies":[{"name":"wp","href":"https:\/\/api.w.org\/{rel}","templated":true}]}}