{"id":17,"date":"2015-06-29T13:43:37","date_gmt":"2015-06-29T12:43:37","guid":{"rendered":"https:\/\/apps.atilf.fr\/homepages\/chaut\/?page_id=17"},"modified":"2017-01-10T14:32:36","modified_gmt":"2017-01-10T13:32:36","slug":"publications","status":"publish","type":"page","link":"https:\/\/perso.atilf.fr\/chaut\/publications\/","title":{"rendered":"Publications et communications"},"content":{"rendered":"<p><span style=\"text-decoration: underline\"><strong>Publications<br \/>\n<\/strong><\/span><\/p>\n<p><strong>Articles dans des actes de colloque \u00e0 comit<\/strong><strong>\u00e9<\/strong><strong> de lecture<\/strong><\/p>\n<table>\n<tbody>\n<tr>\n<td width=\"83\">A para\u00eetre<\/td>\n<td width=\"624\">Haut C. \u00ab\u00a0Entre norme et grammaticalisation\u00a0: Le cas des locutions conjonctives temporelles <em>tandis que<\/em> et <em>tant\u00f4t que<\/em>\u00a0\u00bb. Velinova M. (\u00e9d.) (2017), <em>Normes et grammaticalisation : le cas des langues romanes<\/em>, Sofia, CU Romanistika.<\/td>\n<\/tr>\n<tr>\n<td width=\"83\">2015<\/td>\n<td width=\"624\">Haut C. \u00ab\u00a0Une exception fran\u00e7aise\u00a0? \u00c9volution et disparition de la locution conjonctive <em>endementiers que<\/em>\u00a0\u00bb. <em>Disparitions. Contributions \u00e0 l\u2019\u00e9tude du changement linguistique<\/em>. Paris\u00a0: H. Champion (\u00e9d.). pp.407-418.<\/td>\n<\/tr>\n<\/tbody>\n<\/table>\n<p>&nbsp;<\/p>\n<p><strong>Pr<\/strong><strong>\u00e9<\/strong><strong>sentation de th<\/strong><strong>\u00e8<\/strong><strong>se dans une revue \u00e0 comit<\/strong><strong>\u00e9<\/strong><strong> de lecture<\/strong><\/p>\n<table>\n<tbody>\n<tr>\n<td width=\"83\">2015<\/td>\n<td width=\"624\">Haut C. \u00ab\u00a0Un cas de grammaticalisation\u00a0: La formation de certaines locutions conjonctives temporelles a\u0300 base adverbiale ou a\u0300 base nominale en fran\u00e7ais\u00a0\u00bb. <em>L\u2019information grammaticale<\/em> <em>145<\/em>, mars 2015. pp.53-55.<\/td>\n<\/tr>\n<\/tbody>\n<\/table>\n<p>&nbsp;<\/p>\n<p><strong>R<\/strong><strong>\u00e9<\/strong><strong>daction de notices <\/strong><strong>\u00e9<\/strong><strong>tymologiques pour la base du TLF-<\/strong><strong>\u00c9<\/strong><strong>tym <\/strong>(<a href=\"http:\/\/www.atilf.fr\/tlf-etym\/\">http:\/\/www.atilf.fr\/tlf-etym\/<\/a>)<\/p>\n<table>\n<tbody>\n<tr>\n<td width=\"83\">2009<\/td>\n<td width=\"624\">Haut C. Notices\u00a0\u00e9tymologiques : <em>adaptation, descendance, esp\u00e8ce, filiation, instant, variabilit\u00e9<\/em>\u00a0: sens de\u00a0 mots-cl\u00e9s li\u00e9s \u00e0 la th\u00e9orie de Darwin, projet \u00ab\u00a0\u00c9volution des mots, Mots de l\u2019\u00e9volution\u00a0\u00bb, F\u00eate de la Science.<\/p>\n<p><em>Exposition virtuelle<\/em>\u00a0: <a href=\"http:\/\/www.atilf.fr\/ressources\/grand-public\/darwin2009\/index.htm\">http:\/\/www.atilf.fr\/ressources\/grand-public\/darwin2009\/index.htm<\/a><\/p>\n<p><em>Exposition itin\u00e9rante<\/em> : <a href=\"http:\/\/www.atilf.fr\/spip.php?article271\">http:\/\/www.atilf.fr\/spip.php?article271<\/a><\/td>\n<\/tr>\n<\/tbody>\n<\/table>\n<p>&nbsp;<\/p>\n<p><span style=\"text-decoration: underline\"><strong>Communications<\/strong><\/span><\/p>\n<p><strong>Communications dans des colloques internationaux \u00e0 comit<\/strong><strong>\u00e9<\/strong><strong> de lecture<\/strong><\/p>\n<p>&nbsp;<\/p>\n<table>\n<tbody>\n<tr>\n<td width=\"71\"><em>Accept\u00e9e<\/em><\/td>\n<td width=\"593\">Haut C. \u00ab\u00a0D\u00e9veloppement syntaxique et s\u00e9mantique de la locution conjonctive <em>du moment qu-<\/em>\u00bb. Colloque international <em>Diachro VIII, Sur le changement linguistique et l&rsquo;\u00e9volution de la langue fran\u00e7aise, <\/em>Universit\u00e9 de Strasbourg, 2-4 f\u00e9vrier 2017.<\/td>\n<\/tr>\n<\/tbody>\n<\/table>\n<table>\n<tbody>\n<tr>\n<td width=\"73\">2015<\/td>\n<td width=\"634\">Haut C. \u00ab\u00a0Entre norme et grammaticalisation\u00a0: Le cas des locutions conjonctives temporelles <em>tandis que<\/em> et <em>tant\u00f4t que<\/em>.\u00a0\u00bb. Colloque international d\u2019\u00e9tudes romanes, section <em>Normes et grammaticalisation\u00a0: le cas des langues romanes<\/em>, Universit\u00e9 de Sofia, 20-21 novembre 2015.<\/td>\n<\/tr>\n<tr>\n<td width=\"73\">2011<\/td>\n<td width=\"634\">Haut C. \u00ab\u00a0Int\u00e9r\u00eats des donn\u00e9es issues de corpus informatis\u00e9s en linguistique historique\u00a0\u00bb. Colloque international de l\u2019AFLS,\u00a0\u00ab\u00a0Regards nouveaux sur les liens entre th\u00e9ories, m\u00e9thodes et donn\u00e9es en linguistique fran\u00e7aise\u00a0\u00bb, Nancy, 8-10 septembre 2011.<\/td>\n<\/tr>\n<tr>\n<td width=\"73\">2011<\/td>\n<td width=\"634\">Haut C. \u00ab\u00a0Une exception fran\u00e7aise\u00a0? \u00c9volution et disparition de la locution conjonctive <em>endementiers que<\/em>\u00a0\u00bb. Colloque international <em>Disparitions et Changements linguistiques<\/em>, Universit\u00e9 de Bourgogne, 17-18 juin 2011.<\/td>\n<\/tr>\n<\/tbody>\n<\/table>\n<p>&nbsp;<\/p>\n<p><strong>\u00a0<\/strong><\/p>\n<p><strong>Communications pr<\/strong><strong>\u00e9<\/strong><strong>sent<\/strong><strong>\u00e9<\/strong><strong>es dans le <\/strong><strong>g<\/strong><strong>roupe de travail \u00ab\u00a0les <\/strong><strong>c<\/strong><strong>onjonctions en diachronie\u00a0\u00bb, UMR MoDyCo,Universit<\/strong><strong>\u00e9<\/strong><strong> Paris Ouest Nanterre <\/strong><strong>L<\/strong><strong>a\u00a0D\u00e9fense<\/strong><\/p>\n<table>\n<tbody>\n<tr>\n<td width=\"73\">2014<\/td>\n<td width=\"634\">Haut C. \u00ab\u00a0Un cas de grammaticalisation\u00a0: la formation de la locution conjonctive temporelle <em>tant\u00f4t que<\/em>\u00a0\u00bb, 20 juin 2014.<\/td>\n<\/tr>\n<tr>\n<td width=\"73\">2012<\/td>\n<td width=\"634\">Verjans T., Haut C. \u00ab\u00a0Le mot <em>o\u00f9 <\/em>dans les locutions conjonctives\u00a0\u00bb, 16 mars 2012.<\/td>\n<\/tr>\n<tr>\n<td width=\"73\">2011<\/td>\n<td width=\"634\">Haut C. \u00ab\u00a0La formation de la locution conjonctive temporelle <em>tandis que<\/em>\u00a0: un cas de grammaticalisation\u00a0\u00bb, 6 mai 2011.<\/td>\n<\/tr>\n<\/tbody>\n<\/table>\n<p><span style=\"text-decoration: underline\"><strong>\u00a0<\/strong><\/span><\/p>\n<p>&nbsp;<\/p>\n<p><span style=\"text-decoration: underline\"><strong>\u00a0<\/strong><\/span><\/p>\n","protected":false},"excerpt":{"rendered":"<p>Publications Articles dans des actes de colloque \u00e0 comit\u00e9 de lecture A para\u00eetre Haut C. \u00ab\u00a0Entre norme et grammaticalisation\u00a0: Le cas des locutions conjonctives temporelles tandis que et tant\u00f4t que\u00a0\u00bb. Velinova M. (\u00e9d.) (2017), Normes et grammaticalisation : le cas des langues romanes, Sofia, CU Romanistika. 2015 Haut C. \u00ab\u00a0Une exception fran\u00e7aise\u00a0? \u00c9volution et disparition [&hellip;]<\/p>\n","protected":false},"author":1,"featured_media":0,"parent":0,"menu_order":0,"comment_status":"closed","ping_status":"closed","template":"","meta":{"footnotes":""},"class_list":["post-17","page","type-page","status-publish","hentry"],"_links":{"self":[{"href":"https:\/\/perso.atilf.fr\/chaut\/wp-json\/wp\/v2\/pages\/17","targetHints":{"allow":["GET"]}}],"collection":[{"href":"https:\/\/perso.atilf.fr\/chaut\/wp-json\/wp\/v2\/pages"}],"about":[{"href":"https:\/\/perso.atilf.fr\/chaut\/wp-json\/wp\/v2\/types\/page"}],"author":[{"embeddable":true,"href":"https:\/\/perso.atilf.fr\/chaut\/wp-json\/wp\/v2\/users\/1"}],"replies":[{"embeddable":true,"href":"https:\/\/perso.atilf.fr\/chaut\/wp-json\/wp\/v2\/comments?post=17"}],"version-history":[{"count":8,"href":"https:\/\/perso.atilf.fr\/chaut\/wp-json\/wp\/v2\/pages\/17\/revisions"}],"predecessor-version":[{"id":197,"href":"https:\/\/perso.atilf.fr\/chaut\/wp-json\/wp\/v2\/pages\/17\/revisions\/197"}],"wp:attachment":[{"href":"https:\/\/perso.atilf.fr\/chaut\/wp-json\/wp\/v2\/media?parent=17"}],"curies":[{"name":"wp","href":"https:\/\/api.w.org\/{rel}","templated":true}]}}