{"id":13,"date":"2015-06-29T13:43:15","date_gmt":"2015-06-29T12:43:15","guid":{"rendered":"https:\/\/apps.atilf.fr\/homepages\/?page_id=13"},"modified":"2025-04-25T15:47:16","modified_gmt":"2025-04-25T14:47:16","slug":"teaching","status":"publish","type":"page","link":"https:\/\/perso.atilf.fr\/ckalyaniwala\/teaching\/","title":{"rendered":"Teaching"},"content":{"rendered":"<p style=\"text-align: center\"><span style=\"color: #0000ff\"><strong>Principal Teaching Affiliation<\/strong><\/span><\/p>\n<p style=\"text-align: center\"><span style=\"color: #0000ff\"><strong>UFR Langues pour Sp\u00e9cialistes d&rsquo;Autres Disciplines (LANSAD) &#8211; Universit\u00e9 de Lorraine, Nancy, France<\/strong><\/span><\/p>\n<p style=\"text-align: center\"><strong>Courses currently teaching (2022-23)<\/strong><\/p>\n<ul>\n<li><span style=\"color: #333333\">L3 Magist\u00e8res &#8211; English for Legal Purposes<\/span><\/li>\n<li><span style=\"color: #333333\">M1, M2 Sciences de l\u2019\u00e9ducation (Education)<\/span><\/li>\n<li><span style=\"color: #333333\">M1, M2 Construire une posture r\u00e9flexive (Master MEEF)<\/span><\/li>\n<li><span style=\"color: #333333\">M1 MEEF (M\u00e9tiers de l\u2019Enseignement, de l\u2019\u00c9ducation et de la Formation), sp\u00e9cialit\u00e9 Encadrement Educatif<\/span><\/li>\n<\/ul>\n<p style=\"text-align: center\"><strong>Teacher-training (future and in-service teachers)<\/strong><\/p>\n<ul>\n<li><span style=\"color: #333333\"><strong>2021.\u00a0<\/strong>Ecole d&rsquo;\u00e9t\u00e9, Corpus et didactique (ECODIC), \u00ab De la multimodalit\u00e9 aux affordances pour l&rsquo;enseignement-apprentissage des langues dans les Environnements Virtuels Immersifs\u00a0\u00bb, 3 septembre 2021, Universit\u00e9 de Lorraine, Nancy.<\/span><\/li>\n<li><span style=\"color: #333333\"><strong>2019.<\/strong> Formation des formateurs du FLE, \u00ab La pratique de l&rsquo;oral en classe\u00a0\u00bb, 25-26 novembre 2019, Gulf University of Science and Technology, Kuwait.<\/span><\/li>\n<\/ul>\n<p style=\"text-align: center\"><strong>Courses previously taught<br \/>\n<\/strong><\/p>\n<ul>\n<li><span style=\"color: #333333\">M1, M2 Ing\u00e9nierie Financi\u00e8re du March\u00e9 (Finance and Marketing)<\/span><\/li>\n<li><span style=\"color: #333333\">M2 Mettre en oeuvre des dispositifs p\u00e9dagogiques (Master MEEF) (Pre-service teacher training)<\/span><\/li>\n<li><span style=\"color: #333333\">English for Specific Purposes: Common law (Droit), Engineering (Phelma-INP), Grammaire-Traduction (LEA)<\/span><\/li>\n<li><span style=\"color: #333333\">M1, M\u00e9thodologie de la recherche en didactique, Master Monde Anglophone<\/span><\/li>\n<li><span style=\"color: #333333\">M1\/M2, Didactique des langues et Transposition didactique, Master MEEF<\/span><\/li>\n<li><span style=\"color: #333333\">L1\/L2\/L3, Translation (th\u00e8me), Anglais des m\u00e9dias, Phon\u00e9tique et langue orale, Litt\u00e9rature, Civilisation, Ecrire et analyser en anglais, English department<\/span><\/li>\n<li><span style=\"color: #333333\">Fran\u00e7ais Langue Etrang\u00e8re, Alliance Fran\u00e7aise de Bombay<\/span><\/li>\n<\/ul>\n","protected":false},"excerpt":{"rendered":"<p>Principal Teaching Affiliation UFR Langues pour Sp\u00e9cialistes d&rsquo;Autres Disciplines (LANSAD) &#8211; Universit\u00e9 de Lorraine, Nancy, France Courses currently teaching (2022-23) L3 Magist\u00e8res &#8211; English for Legal Purposes M1, M2 Sciences de l\u2019\u00e9ducation (Education) M1, M2 Construire une posture r\u00e9flexive (Master MEEF) M1 MEEF (M\u00e9tiers de l\u2019Enseignement, de l\u2019\u00c9ducation et de la Formation), sp\u00e9cialit\u00e9 Encadrement Educatif [&hellip;]<\/p>\n","protected":false},"author":1,"featured_media":0,"parent":0,"menu_order":0,"comment_status":"closed","ping_status":"closed","template":"","meta":{"footnotes":""},"class_list":["post-13","page","type-page","status-publish","hentry"],"_links":{"self":[{"href":"https:\/\/perso.atilf.fr\/ckalyaniwala\/wp-json\/wp\/v2\/pages\/13","targetHints":{"allow":["GET"]}}],"collection":[{"href":"https:\/\/perso.atilf.fr\/ckalyaniwala\/wp-json\/wp\/v2\/pages"}],"about":[{"href":"https:\/\/perso.atilf.fr\/ckalyaniwala\/wp-json\/wp\/v2\/types\/page"}],"author":[{"embeddable":true,"href":"https:\/\/perso.atilf.fr\/ckalyaniwala\/wp-json\/wp\/v2\/users\/1"}],"replies":[{"embeddable":true,"href":"https:\/\/perso.atilf.fr\/ckalyaniwala\/wp-json\/wp\/v2\/comments?post=13"}],"version-history":[{"count":34,"href":"https:\/\/perso.atilf.fr\/ckalyaniwala\/wp-json\/wp\/v2\/pages\/13\/revisions"}],"predecessor-version":[{"id":513,"href":"https:\/\/perso.atilf.fr\/ckalyaniwala\/wp-json\/wp\/v2\/pages\/13\/revisions\/513"}],"wp:attachment":[{"href":"https:\/\/perso.atilf.fr\/ckalyaniwala\/wp-json\/wp\/v2\/media?parent=13"}],"curies":[{"name":"wp","href":"https:\/\/api.w.org\/{rel}","templated":true}]}}