{"id":23,"date":"2015-06-29T13:44:14","date_gmt":"2015-06-29T12:44:14","guid":{"rendered":"https:\/\/apps.atilf.fr\/homepages\/?page_id=23"},"modified":"2025-12-13T23:15:01","modified_gmt":"2025-12-13T22:15:01","slug":"cv","status":"publish","type":"page","link":"https:\/\/perso.atilf.fr\/ckalyaniwala\/cv\/","title":{"rendered":"Curriculum Vitae"},"content":{"rendered":"<h3><span style=\"color: #0000ff\"><strong>Career history<\/strong><\/span><\/h3>\n<ul>\n<li>\n<h5><span style=\"color: #000000\"><strong>2019- <\/strong>\u00a0Associate Professor (Ma\u00eetresse de conf\u00e9rences),\u00a0UFR Lansad, Universit\u00e9 de Lorraine.<\/span><\/h5>\n<\/li>\n<li>\n<h5><span style=\"color: #000000\"><strong>2018-2019.<\/strong> Contractual teacher, English department, Universit\u00e9 de Lorraine.<\/span><\/h5>\n<\/li>\n<li>\n<h5><span style=\"color: #000000\"><strong>2016-2018.<\/strong> Attach\u00e9 Temporaire d&rsquo;Enseignement et de Recherche (ATER), English department, Universit\u00e9 de Lorraine.<\/span><\/h5>\n<\/li>\n<li>\n<h5><span style=\"color: #000000\"><strong>2011-2013.<\/strong> Ma\u00eetre de langue, English department, Universit\u00e9 de Grenoble-Alpes.<\/span><\/h5>\n<\/li>\n<li>\n<h5><span style=\"color: #000000\"><strong>2010-2011.<\/strong>\u00a0Contractual teacher, English department\/ LANSAD, Universit\u00e9 de Grenoble-Alpes.<\/span><\/h5>\n<\/li>\n<li>\n<h5><span style=\"color: #000000\"><strong>2008-2010.<\/strong> Teacher,<span lang=\"FR\">\u00a0Alliance Fran\u00e7aise de Bombay <span style=\"text-decoration: underline\">and<\/span> B.D. Somani International School, Mumbai.<\/span><\/span><\/h5>\n<\/li>\n<li>\n<h5><span style=\"color: #000000\"><strong>2006-2007.<\/strong> English assistant, <span lang=\"FR\">Acad\u00e9mie de Versailles.<\/span><\/span><\/h5>\n<\/li>\n<\/ul>\n<h3><span style=\"color: #0000ff\"><b>Current responsibilities<\/b><\/span><\/h3>\n<ul>\n<li>\n<h5><span style=\"color: #000000\">Coordinatrice CLES, Universit\u00e9 de Lorraine<\/span><\/h5>\n<\/li>\n<li>\n<h5><span style=\"color: #000000\">Conseil d&rsquo;administration, (<a style=\"color: #000000\" href=\"https:\/\/www.ranacles.org\/qui-sommes-nous\/\">RANACLES<\/a>)<\/span><\/h5>\n<\/li>\n<li>\n<h5><span style=\"color: #000000\">Executive committee, in-charge of communications (<a style=\"color: #000000\" href=\"https:\/\/www.geras.fr\/english-website\/overview-of-geras\/executive-committee\"><span style=\"text-decoration: underline\">GERAS<\/span><\/a>)<\/span><\/h5>\n<\/li>\n<li>\n<h5><span style=\"color: #000000\">Think-tank, \u00ab\u00a0Digital SLA\u00a0\u00bb\u00a0(<a style=\"color: #000000\" href=\"https:\/\/ardaa.hypotheses.org\/groupes-de-travail-ardaa\/groupe-de-reflexion-numerique\"><span style=\"text-decoration: underline\">ARDAA<\/span><\/a>)<\/span><\/h5>\n<\/li>\n<li>\n<h5><span style=\"color: #000000\">In-charge of scientific decisions taken for the axe <em>Didactique des langues et Sociolinguistique <\/em>of the ATILF laboratory (<span style=\"text-decoration: underline\"><a style=\"color: #000000;text-decoration: underline\" href=\"https:\/\/www.atilf.fr\/laboratoire\/organigramme\/\">organigramme<\/a><\/span>)<\/span><\/h5>\n<\/li>\n<li>\n<h5><span style=\"color: #000000\">Council member of the<em> UFR LANSAD<\/em>\u00a0(2019-)<\/span><\/h5>\n<\/li>\n<li>\n<h5><span style=\"color: #000000\">In-charge of local research groups RePlayD (digital games) and AAAA (<em>Autonomie, Autonomisation et Apprentissage Auto-dirig\u00e9<\/em>)<\/span><\/h5>\n<\/li>\n<\/ul>\n<h3><span style=\"color: #0000ff\"><strong>Academic degrees and qualification<\/strong><\/span><\/h3>\n<ul>\n<li>\n<h5><span style=\"color: #000000\"><strong>2019.<\/strong> Campagne de recrutement pour le poste de Ma\u00eetre de Conf\u00e9rences<em>Class\u00e9e 1\u00e8re, Universit\u00e9 de Lille, Universit\u00e9 de Lorraine et Universit\u00e9 de Toulouse<br \/>\nClass\u00e9e 2e, Universit\u00e9 de Rennes<\/em><\/span><\/h5>\n<\/li>\n<li>\n<h5><span style=\"color: #000000\"><strong>2018<\/strong>. Qualification: CNU section 11 (English) and section 7 (Linguistics). N\u02da: 19211259300<\/span><\/h5>\n<\/li>\n<li>\n<h5><span style=\"color: #000000\"><strong>2018<\/strong>. PhD in Didactics and Linguistics. Title: <em>Emergence de l\u2019autonomie sociale soutenue par le num\u00e9rique dans une formation pr\u00e9-professionnelle en didactique des langues.<\/em> LIDILEM (EA 609), Universit\u00e9 Grenoble-Alpes. Jury: Annick Rivens Mompean (pr\u00e9sident), Alex Boulton (rapporteur), Fran\u00e7ois Mangenot (co-directeur),\u00a0Thierry Soubri\u00e9, (co-directeur), Shona Whyte (rapporteur).<\/span><\/h5>\n<\/li>\n<li>\n<h5><span style=\"color: #000000\"><strong>2011<\/strong>. <span lang=\"FR\">Master 2 Recherche, Didactique des Langues et Ing\u00e9nierie P\u00e9dagogique Multim\u00e9dia (DILIPEM)<\/span><span lang=\"FR\">, Universit\u00e9 Grenoble-Alpes.<\/span><\/span><\/h5>\n<\/li>\n<li>\n<h5><span style=\"color: #000000\"><strong>2008<\/strong>. <span lang=\"FR\">Master 2 Recherche en Sciences du Langage \u2013 Didactique des Langues<\/span><span lang=\"FR\">, sp\u00e9cialit\u00e9 Didactique du Fran\u00e7ais et des Langues, Universit\u00e9 Paris 3.<\/span><\/span><\/h5>\n<\/li>\n<li>\n<h5><span style=\"color: #000000\"><strong>2006<\/strong>. <span lang=\"EN-AU\">Master of Arts<\/span><span lang=\"EN-AU\">, English Literature, University of Mumbai<\/span><span lang=\"EN-AU\">.<\/span><\/span><\/h5>\n<\/li>\n<li>\n<h5><span style=\"color: #000000\"><strong>2004.<\/strong> Bachelor of Arts, English Literature, <span lang=\"EN-AU\">University of Mumbai<\/span><span lang=\"EN-AU\">.<\/span><\/span><\/h5>\n<\/li>\n<\/ul>\n","protected":false},"excerpt":{"rendered":"<p>Career history 2019- \u00a0Associate Professor (Ma\u00eetresse de conf\u00e9rences),\u00a0UFR Lansad, Universit\u00e9 de Lorraine. 2018-2019. Contractual teacher, English department, Universit\u00e9 de Lorraine. 2016-2018. Attach\u00e9 Temporaire d&rsquo;Enseignement et de Recherche (ATER), English department, Universit\u00e9 de Lorraine. 2011-2013. Ma\u00eetre de langue, English department, Universit\u00e9 de Grenoble-Alpes. 2010-2011.\u00a0Contractual teacher, English department\/ LANSAD, Universit\u00e9 de Grenoble-Alpes. 2008-2010. Teacher,\u00a0Alliance Fran\u00e7aise de Bombay [&hellip;]<\/p>\n","protected":false},"author":1,"featured_media":0,"parent":0,"menu_order":0,"comment_status":"closed","ping_status":"closed","template":"","meta":{"footnotes":""},"class_list":["post-23","page","type-page","status-publish","hentry"],"_links":{"self":[{"href":"https:\/\/perso.atilf.fr\/ckalyaniwala\/wp-json\/wp\/v2\/pages\/23","targetHints":{"allow":["GET"]}}],"collection":[{"href":"https:\/\/perso.atilf.fr\/ckalyaniwala\/wp-json\/wp\/v2\/pages"}],"about":[{"href":"https:\/\/perso.atilf.fr\/ckalyaniwala\/wp-json\/wp\/v2\/types\/page"}],"author":[{"embeddable":true,"href":"https:\/\/perso.atilf.fr\/ckalyaniwala\/wp-json\/wp\/v2\/users\/1"}],"replies":[{"embeddable":true,"href":"https:\/\/perso.atilf.fr\/ckalyaniwala\/wp-json\/wp\/v2\/comments?post=23"}],"version-history":[{"count":36,"href":"https:\/\/perso.atilf.fr\/ckalyaniwala\/wp-json\/wp\/v2\/pages\/23\/revisions"}],"predecessor-version":[{"id":608,"href":"https:\/\/perso.atilf.fr\/ckalyaniwala\/wp-json\/wp\/v2\/pages\/23\/revisions\/608"}],"wp:attachment":[{"href":"https:\/\/perso.atilf.fr\/ckalyaniwala\/wp-json\/wp\/v2\/media?parent=23"}],"curies":[{"name":"wp","href":"https:\/\/api.w.org\/{rel}","templated":true}]}}