{"id":35,"date":"2015-06-29T13:47:31","date_gmt":"2015-06-29T12:47:31","guid":{"rendered":"https:\/\/apps.atilf.fr\/homepages\/?page_id=35"},"modified":"2025-12-13T23:12:51","modified_gmt":"2025-12-13T22:12:51","slug":"accueil","status":"publish","type":"page","link":"https:\/\/perso.atilf.fr\/ckalyaniwala\/","title":{"rendered":"Homepage"},"content":{"rendered":"<h3><a href=\"https:\/\/perso.atilf.fr\/ckalyaniwala\/wp-content\/uploads\/sites\/83\/2021\/09\/Biographie-CK-photo-modified.png\"><img loading=\"lazy\" decoding=\"async\" class=\"wp-image-464 alignright\" src=\"https:\/\/perso.atilf.fr\/ckalyaniwala\/wp-content\/uploads\/sites\/83\/2021\/09\/Biographie-CK-photo-modified-300x300.png\" alt=\"\" width=\"227\" height=\"227\" srcset=\"https:\/\/perso.atilf.fr\/ckalyaniwala\/wp-content\/uploads\/sites\/83\/2021\/09\/Biographie-CK-photo-modified-300x300.png 300w, https:\/\/perso.atilf.fr\/ckalyaniwala\/wp-content\/uploads\/sites\/83\/2021\/09\/Biographie-CK-photo-modified-150x150.png 150w, https:\/\/perso.atilf.fr\/ckalyaniwala\/wp-content\/uploads\/sites\/83\/2021\/09\/Biographie-CK-photo-modified-768x768.png 768w, https:\/\/perso.atilf.fr\/ckalyaniwala\/wp-content\/uploads\/sites\/83\/2021\/09\/Biographie-CK-photo-modified.png 784w\" sizes=\"auto, (max-width: 227px) 100vw, 227px\" \/><\/a><\/h3>\n<h5><span style=\"color: #0000ff\">Ma\u00eetresse de conf\u00e9rences (Associate Professor)<\/span><br \/>\n<span style=\"color: #0000ff\">UFR Lansad ATILF CNRS UMR 7118 &amp; Universit\u00e9 de Lorraine<\/span><\/h5>\n<h5><span style=\"color: #0000ff\">Axe <span style=\"text-decoration: underline\"><a style=\"color: #0000ff;text-decoration: underline\" href=\"https:\/\/www.atilf.fr\/recherche\/axes-disciplinaires\/didactique-des-langues-et-sociolinguistique\/\">Didactique des langues et Sociolinguistique<\/a><\/span><\/span><\/h5>\n<h5><span style=\"color: #0000ff\">Co-Editrice, <span style=\"text-decoration: underline\"><a style=\"color: #0000ff;text-decoration: underline\" href=\"https:\/\/www.atilf.fr\/publications\/revues-atilf\/melanges-crapel\/\">M\u00e9langes CRAPEL<\/a><\/span> (2021- )<\/span><\/h5>\n<h5><span style=\"color: #0000ff\">Coordinatrice <span style=\"text-decoration: underline\"><a style=\"color: #0000ff;text-decoration: underline\" href=\"https:\/\/lansad.univ-lorraine.fr\/cles\/\">CLES<\/a><\/span>, Universit\u00e9 de Lorraine (2025- )<\/span><\/h5>\n<h5><span style=\"color: #0000ff\">Comit\u00e9 scientifique national, CLES (2023-)<\/span><\/h5>\n<h5><span style=\"color: #0000ff\">Membre Conseil d&rsquo;administration, Charg\u00e9e communication, <span style=\"text-decoration: underline\"><a href=\"https:\/\/www.geras.fr\/english-website\/overview-of-geras\/executive-committee\">GERAS<\/a><\/span> (2024- )<\/span><\/h5>\n<h5><span style=\"color: #0000ff\">Membre\u00a0Conseil d&rsquo;administration, RANACLES (2025-)<\/span><\/h5>\n<p>&nbsp;<\/p>\n<p>&nbsp;<\/p>\n<p><span style=\"color: #0000ff\">\n<table id=\"tablepress-4\" class=\"tablepress tablepress-id-4\">\n<tbody>\n<tr class=\"row-1\">\n\t<td class=\"column-1\">Laboratory<\/td><td class=\"column-2\">ATILF CNRS<\/td>\n<\/tr>\n<tr class=\"row-2\">\n\t<td class=\"column-1\">Main research team<\/td><td class=\"column-2\">Didactique des langues et sociolinguistique<\/td>\n<\/tr>\n<tr class=\"row-3\">\n\t<td class=\"column-1\">Email<\/td><td class=\"column-2\">carmenne.kalyaniwala@univ-lorraine.fr<\/td>\n<\/tr>\n<tr class=\"row-4\">\n\t<td class=\"column-1\">Bureau\/Office<\/td><td class=\"column-2\">CLSH-B\u00e2timent F<br \/>\n23 Boulevard Albert 1er<br \/>\nB.P. 133-97<br \/>\n54015 NANCY cedex<\/td>\n<\/tr>\n<tr class=\"row-5\">\n\t<td class=\"column-1\">Telephone (Office)<\/td><td class=\"column-2\">+33 (0)3 72 74 30 45<\/td>\n<\/tr>\n<tr class=\"row-6\">\n\t<td class=\"column-1\">Orcid<\/td><td class=\"column-2\"><div><a href=\"https:\/\/orcid.org\/0000-0003-3441-1273\" target=\"orcid.widget\" rel=\"me noopener noreferrer\" style=\"vertical-align:top\"><img decoding=\"async\" src=\"https:\/\/orcid.org\/sites\/default\/files\/images\/orcid_16x16.png\" style=\"width:1em;margin-right:.5em\" alt=\"ORCID iD icon\">https:\/\/orcid.org\/0000-0003-3441-1273<\/a><\/div><\/td>\n<\/tr>\n<tr class=\"row-7\">\n\t<td class=\"column-1\">ResearchGate<\/td><td class=\"column-2\"><a href=\"https:\/\/www.researchgate.net\/profile\/Carmenne_Kalyaniwala\" rel=\"noopener noreferrer\" target=\"_blank\">Link<\/a><\/td>\n<\/tr>\n<tr class=\"row-8\">\n\t<td class=\"column-1\">Academia<\/td><td class=\"column-2\"><a href=\"https:\/\/univ-lorraine.academia.edu\/CarmenneKalyaniwala\" rel=\"noopener noreferrer\" target=\"_blank\">Link<\/a><\/td>\n<\/tr>\n<\/tbody>\n<\/table>\n<!-- #tablepress-4 from cache --><\/span><\/p>\n<p>&nbsp;<\/p>\n","protected":false},"excerpt":{"rendered":"<p>Ma\u00eetresse de conf\u00e9rences (Associate Professor) UFR Lansad ATILF CNRS UMR 7118 &amp; Universit\u00e9 de Lorraine Axe Didactique des langues et Sociolinguistique Co-Editrice, M\u00e9langes CRAPEL (2021- ) Coordinatrice CLES, Universit\u00e9 de Lorraine (2025- ) Comit\u00e9 scientifique national, CLES (2023-) Membre Conseil d&rsquo;administration, Charg\u00e9e communication, GERAS (2024- ) Membre\u00a0Conseil d&rsquo;administration, RANACLES (2025-) &nbsp; &nbsp; &nbsp;<\/p>\n","protected":false},"author":1,"featured_media":0,"parent":0,"menu_order":0,"comment_status":"closed","ping_status":"closed","template":"","meta":{"footnotes":""},"class_list":["post-35","page","type-page","status-publish","hentry"],"_links":{"self":[{"href":"https:\/\/perso.atilf.fr\/ckalyaniwala\/wp-json\/wp\/v2\/pages\/35","targetHints":{"allow":["GET"]}}],"collection":[{"href":"https:\/\/perso.atilf.fr\/ckalyaniwala\/wp-json\/wp\/v2\/pages"}],"about":[{"href":"https:\/\/perso.atilf.fr\/ckalyaniwala\/wp-json\/wp\/v2\/types\/page"}],"author":[{"embeddable":true,"href":"https:\/\/perso.atilf.fr\/ckalyaniwala\/wp-json\/wp\/v2\/users\/1"}],"replies":[{"embeddable":true,"href":"https:\/\/perso.atilf.fr\/ckalyaniwala\/wp-json\/wp\/v2\/comments?post=35"}],"version-history":[{"count":53,"href":"https:\/\/perso.atilf.fr\/ckalyaniwala\/wp-json\/wp\/v2\/pages\/35\/revisions"}],"predecessor-version":[{"id":607,"href":"https:\/\/perso.atilf.fr\/ckalyaniwala\/wp-json\/wp\/v2\/pages\/35\/revisions\/607"}],"wp:attachment":[{"href":"https:\/\/perso.atilf.fr\/ckalyaniwala\/wp-json\/wp\/v2\/media?parent=35"}],"curies":[{"name":"wp","href":"https:\/\/api.w.org\/{rel}","templated":true}]}}