{"id":19,"date":"2015-06-29T13:43:50","date_gmt":"2015-06-29T12:43:50","guid":{"rendered":"https:\/\/apps.atilf.fr\/homepages\/?page_id=19"},"modified":"2021-11-29T09:18:13","modified_gmt":"2021-11-29T08:18:13","slug":"contributions","status":"publish","type":"page","link":"https:\/\/perso.atilf.fr\/clandure\/contributions\/","title":{"rendered":"Contributions \u00e0 la vie universitaire"},"content":{"rendered":"<h2>Participation aux comit\u00e9s, conseils et groupes de travail (de 2009 \u00e0 2021)<\/h2>\n<p>\u2022 Relectrice du Bulletin Suisse de Linguistique Appliqu\u00e9e (VALS-ASLA)<br \/>\n\u2022 Co-coordinatrice de la revue Recherche et Pratiques P\u00e9dagogiques en Langues de Sp\u00e9cialit\u00e9s (RPPLS) \u2013 Cahiers de l\u2019APLIUT (parution en 2022)<br \/>\n\u2022 Membre du Comit\u00e9 Scientifique du 42\u00b0 Congr\u00e8s de l\u2019APLIUT 2020 \u00e0 l\u2019IUT de Schiltigheim-Strasbourg<br \/>\n\u2022 Responsable du Comit\u00e9 d\u2019Organisation du 41\u00b0 Congr\u00e8s 2019 de l\u2019APLIUT \u00e0 l\u2019IUT d\u2019\u00c9pinal<br \/>\n\u2022 \u00c9valuatrice occasionnelle au Comit\u00e9 de lecture de ReCALL (Cambridge University Press ; revue internationale class\u00e9e INT2)<br \/>\n\u2022 Participation \u00e0 un entretien film\u00e9 dans le cadre des exp\u00e9riences et formations sur les p\u00e9dagogies innovantes \u2013 SU2IP de l\u2019Universit\u00e9 de Lorraine<br \/>\n\u2022 Membre du Comit\u00e9 Scientifique des Journ\u00e9es Europ\u00e9ennes des Langues \u2013 Universit\u00e9 de Lorraine<br \/>\n\u2022 Membre du Comit\u00e9 Scientifique Paris Diderot \u2013 Doctoriales en Sciences du Langage<br \/>\n\u2022 Membre du Groupe de Travail du Conseil de la Formation de l\u2019Universit\u00e9 de Lorraine<br \/>\n\u2022 Membre du GERAS \u2013 Groupe d\u2019\u00c9tude et de Recherche en Anglais de Sp\u00e9cialit\u00e9<br \/>\n\u2022 Membre de l\u2019APLIUT \u2013 Association des Professeurs de Langues des IUT<\/p>\n<h2>Responsabilit\u00e9s au sein de l\u2019IUT<\/h2>\n<p>\u2022 Responsable de la Licence Professionnelle Management des Activit\u00e9s Commerciales &#8211; Parcours Lancement de Nouveaux Produits<br \/>\n\u2022 Porteur et responsable du Projet Exp\u00e9rimental d\u2019une Classe Bilangue en 2\u00b0 ann\u00e9e de DUT (classe MOCCA \u2013 MOdules C\u0153ur de Comp\u00e9tence en Anglais)<br \/>\n\u2022 Co-auteur du projet PEPS pour promouvoir les p\u00e9dagogies innovantes dans l\u2019enseignement sup\u00e9rieur<br \/>\n\u2022 Membre \u00e9lue (2016) au Conseil d\u2019Institut de l\u2019IUT \u00c9pinal Hubert Curien<br \/>\n\u2022 Membre du Bureau (2016) du Conseil Restreint et du Comit\u00e9 de Direction<br \/>\n\u2022 Responsable des Relations Internationales de l\u2019IUT d\u2019\u00c9pinal \u2013 Programme Erasmus (2011-2020)<br \/>\n\u2022 Responsable et suivi des rapports de projets tuteur\u00e9s Lpro MAC LNP<br \/>\n\u2022 Suivi de stages professionnels et de la r\u00e9daction des rapports de stage<br \/>\n\u2022 Membre du Jury de soutenance DUT 1, 2 et Licence professionnelle<br \/>\n\u2022 Membre du Jury de la Commission d\u2019examen des admissions en DUT et Licence professionnelle<\/p>\n","protected":false},"excerpt":{"rendered":"<p>Participation aux comit\u00e9s, conseils et groupes de travail (de 2009 \u00e0 2021) \u2022 Relectrice du Bulletin Suisse de Linguistique Appliqu\u00e9e (VALS-ASLA) \u2022 Co-coordinatrice de la revue Recherche et Pratiques P\u00e9dagogiques en Langues de Sp\u00e9cialit\u00e9s (RPPLS) \u2013 Cahiers de l\u2019APLIUT (parution en 2022) \u2022 Membre du Comit\u00e9 Scientifique du 42\u00b0 Congr\u00e8s de l\u2019APLIUT 2020 \u00e0 l\u2019IUT [&hellip;]<\/p>\n","protected":false},"author":1,"featured_media":0,"parent":0,"menu_order":0,"comment_status":"closed","ping_status":"closed","template":"","meta":{"footnotes":""},"class_list":["post-19","page","type-page","status-publish","hentry"],"_links":{"self":[{"href":"https:\/\/perso.atilf.fr\/clandure\/wp-json\/wp\/v2\/pages\/19","targetHints":{"allow":["GET"]}}],"collection":[{"href":"https:\/\/perso.atilf.fr\/clandure\/wp-json\/wp\/v2\/pages"}],"about":[{"href":"https:\/\/perso.atilf.fr\/clandure\/wp-json\/wp\/v2\/types\/page"}],"author":[{"embeddable":true,"href":"https:\/\/perso.atilf.fr\/clandure\/wp-json\/wp\/v2\/users\/1"}],"replies":[{"embeddable":true,"href":"https:\/\/perso.atilf.fr\/clandure\/wp-json\/wp\/v2\/comments?post=19"}],"version-history":[{"count":3,"href":"https:\/\/perso.atilf.fr\/clandure\/wp-json\/wp\/v2\/pages\/19\/revisions"}],"predecessor-version":[{"id":320,"href":"https:\/\/perso.atilf.fr\/clandure\/wp-json\/wp\/v2\/pages\/19\/revisions\/320"}],"wp:attachment":[{"href":"https:\/\/perso.atilf.fr\/clandure\/wp-json\/wp\/v2\/media?parent=19"}],"curies":[{"name":"wp","href":"https:\/\/api.w.org\/{rel}","templated":true}]}}