{"id":35,"date":"2015-06-29T13:47:31","date_gmt":"2015-06-29T12:47:31","guid":{"rendered":"https:\/\/apps.atilf.fr\/homepages\/?page_id=35"},"modified":"2021-11-29T09:06:39","modified_gmt":"2021-11-29T08:06:39","slug":"accueil","status":"publish","type":"page","link":"https:\/\/perso.atilf.fr\/clandure\/","title":{"rendered":"Accueil"},"content":{"rendered":"<p style=\"text-align: left\"><span style=\"text-decoration: underline\"><strong>Fonctions<\/strong><\/span><\/p>\n\n<table id=\"tablepress-3\" class=\"tablepress tablepress-id-3\">\n<tbody class=\"row-striping row-hover\">\n<tr class=\"row-1\">\n\t<td class=\"column-1\"><a href=\"https:\/\/perso.atilf.fr\/clandure\/wp-content\/uploads\/sites\/107\/2021\/11\/corinne_landure.jpg\"><img decoding=\"async\" src=\"https:\/\/perso.atilf.fr\/clandure\/wp-content\/uploads\/sites\/107\/2021\/11\/corinne_landure.jpg\" alt=\"Corinne Landure\" class=\"alignleft size-full wp-image-115\" \/><\/a><\/td><td class=\"column-2\">Ma\u00eetre de conf\u00e9rences (Associate Professor)<br \/>\nAnglais de sp\u00e9cialit\u00e9<br \/>\n<br \/>\nIUT \u00c9pinal \u2013 Universit\u00e9 de Lorraine<br \/>\n<br \/>\nResponsable licence professionnelle :<br \/>\nManagement des Activit\u00e9s Commerciales<\/td>\n<\/tr>\n<\/tbody>\n<\/table>\n<!-- #tablepress-3 from cache -->\n<p><span style=\"text-decoration: underline\"><strong>Coordonn\u00e9es<\/strong><\/span><\/p>\n\n<table id=\"tablepress-4\" class=\"tablepress tablepress-id-4\">\n<tbody class=\"row-striping\">\n<tr class=\"row-1\">\n\t<td class=\"column-1\">Groupe de recherche<\/td><td class=\"column-2\">Didactique des Langues et Sociolinguistique (Crapel)<\/td>\n<\/tr>\n<tr class=\"row-2\">\n\t<td class=\"column-1\">Int\u00e9r\u00eats de recherche<\/td><td class=\"column-2\">Linguistique de corpus et traduction automatique neuronale pour l\u2019apprentissage de l\u2019anglais par des apprenants LANSAD<\/td>\n<\/tr>\n<tr class=\"row-3\">\n\t<td class=\"column-1\">Email<\/td><td class=\"column-2\"><a href=\"mailto:corinne.landure@univ-lorraine.fr\">corinne.landure@univ-lorraine.fr<\/a><\/td>\n<\/tr>\n<tr class=\"row-4\">\n\t<td class=\"column-1\">Adresse laboratoire<\/td><td class=\"column-2\">(Crapel) - CLSH - B\u00e2timent F<br \/>\n23 Boulevard Albert 1er<br \/>\n54015 NANCY<\/td>\n<\/tr>\n<tr class=\"row-5\">\n\t<td class=\"column-1\">Adresse professionnelle<\/td><td class=\"column-2\">Institut Universitaire de Technologie \u00c9pinal Hubert Curien  <br \/>\nD\u00e9partement Techniques de Commercialisation  <br \/>\n7, rue des Fusill\u00e9s de la R\u00e9sistance, 88000 \u00c9PINAL <br \/>\n<\/td>\n<\/tr>\n<tr class=\"row-6\">\n\t<td class=\"column-1\">T\u00e9l professionnel <\/td><td class=\"column-2\">03 54 50 48 48<\/td>\n<\/tr>\n<\/tbody>\n<\/table>\n<!-- #tablepress-4 from cache -->\n","protected":false},"excerpt":{"rendered":"<p>Fonctions Coordonn\u00e9es<\/p>\n","protected":false},"author":1,"featured_media":0,"parent":0,"menu_order":0,"comment_status":"closed","ping_status":"closed","template":"","meta":{"footnotes":""},"class_list":["post-35","page","type-page","status-publish","hentry"],"_links":{"self":[{"href":"https:\/\/perso.atilf.fr\/clandure\/wp-json\/wp\/v2\/pages\/35","targetHints":{"allow":["GET"]}}],"collection":[{"href":"https:\/\/perso.atilf.fr\/clandure\/wp-json\/wp\/v2\/pages"}],"about":[{"href":"https:\/\/perso.atilf.fr\/clandure\/wp-json\/wp\/v2\/types\/page"}],"author":[{"embeddable":true,"href":"https:\/\/perso.atilf.fr\/clandure\/wp-json\/wp\/v2\/users\/1"}],"replies":[{"embeddable":true,"href":"https:\/\/perso.atilf.fr\/clandure\/wp-json\/wp\/v2\/comments?post=35"}],"version-history":[{"count":34,"href":"https:\/\/perso.atilf.fr\/clandure\/wp-json\/wp\/v2\/pages\/35\/revisions"}],"predecessor-version":[{"id":313,"href":"https:\/\/perso.atilf.fr\/clandure\/wp-json\/wp\/v2\/pages\/35\/revisions\/313"}],"wp:attachment":[{"href":"https:\/\/perso.atilf.fr\/clandure\/wp-json\/wp\/v2\/media?parent=35"}],"curies":[{"name":"wp","href":"https:\/\/api.w.org\/{rel}","templated":true}]}}