{"id":21,"date":"2015-06-29T13:44:07","date_gmt":"2015-06-29T12:44:07","guid":{"rendered":"https:\/\/apps.atilf.fr\/homepages\/combette\/?page_id=21"},"modified":"2025-12-12T17:11:17","modified_gmt":"2025-12-12T16:11:17","slug":"conferences-seminaires","status":"publish","type":"page","link":"https:\/\/perso.atilf.fr\/combettes\/conferences-seminaires\/","title":{"rendered":"Conf\u00e9rences \/ S\u00e9minaires"},"content":{"rendered":"<p><span style=\"text-decoration: underline\"><strong>Conf\u00e9rences<\/strong><\/span><\/p>\n<p><strong>2016<\/strong><\/p>\n<p>Lundi 26 octobre : Universit\u00e9 de Poitiers : \u00ab\u00a0Continuit\u00e9 r\u00e9f\u00e9rentielle et texte argumentatif en moyen fran\u00e7ais\u00a0\u00bb<\/p>\n<p>Vendredi 20 novembre : Paris 4 : \u00ab\u00a0Les fragments apr\u00e8s le point : une cat\u00e9gorie pertinente en fran\u00e7ais pr\u00e9classique et classique\u00a0\u00bb (Groupe d&rsquo;\u00e9tude sur l&rsquo;histoire de la langue fran\u00e7aise)<\/p>\n<p><strong>2017<\/strong><\/p>\n<p>2-4 f\u00e9vrier : Strasbourg Diachro VIII : Conf\u00e9rence (\u00e9volution de la coh\u00e9rence textuelle) ; communication avec S. Pr\u00e9vost (l&rsquo;impersonnel en ancien et moyen fran\u00e7ais)<\/p>\n<p>22-23 juin : Paris 3 : Conf\u00e9rence (paliers de traitement et diachronie)<\/p>\n<p>7-9 septembre : Paris 4 : Colloque \u00ab\u00a0adjectivit\u00e9\u00a0\u00bb : communication (adjectif verbal et valence)<\/p>\n<p>14 novembre\u00a0: Universit\u00e9 Paris 10\u00a0: participation \u00e0 la table ronde du Colloque \u00ab\u00a0Discours tenant lieu\u00a0\u00bb<\/p>\n<p>25 novembre\u00a0: Tokyo\u00a0: Conf\u00e9rence\u00a0 \u00e0 l\u2019Universit\u00e9 des Langues \u00e9trang\u00e8res: \u00ab\u00a0Aspects diachroniques des mots du discours\u00a0\u00bb<\/p>\n<p>1 d\u00e9cembre\u00a0: Kyoto\u00a0: Conf\u00e9rence\u00a0\u00e0 l\u2019Universit\u00e9 : \u00ab\u00a0R\u00e9diger une grammaire historique du fran\u00e7ais\u00a0\u00bb<\/p>\n<p>12 d\u00e9cembre\u00a0: Conf\u00e9rence Universit\u00e9 de Luxembourg\u00a0: \u00ab\u00a0Les relations cataphoriques\u00a0\u00bb<\/p>\n<p><strong>2018<\/strong><\/p>\n<p>Universit\u00e9 de Neuch\u00e2tel : Colloque de la Soci\u00e9t\u00e9 internationale de diachronie du fran\u00e7ais : communication avec M. Dargnat : \u00ab L\u2019\u00e9volution de <em>d\u2019autant que <\/em>et <em>pour autant que<\/em>\u00a0\u00bb<\/p>\n<p>24 novembre\u00a0: Sofia\u00a0: conf\u00e9rence au colloque \u00ab\u00a0Complexit\u00e9 des syst\u00e8mes linguistiques\u00a0\u00bb<\/p>\n<p>7 d\u00e9cembre\u00a0: Strasbourg\u00a0: communication au colloque \u00ab\u00a0Ce disant, que fait-on\u00a0?\u00a0\u00bb\u00a0: \u00ab\u00a0L\u2019opposition <em>que \/ ce<\/em> <em>que<\/em>\u00a0: aspects diachroniques\u00a0\u00bb<\/p>\n<p>11 d\u00e9cembre\u00a0: Conf\u00e9rence Universit\u00e9 de Luxembourg\u00a0: \u00ab\u00a0Les cha\u00eenes anaphoriques\u00a0\u00bb<\/p>\n<p><strong>2019<\/strong><\/p>\n<p>Salamanque\u00a0: Communication au Colloque <em>Diachro<\/em><\/p>\n<p>Helsinki\u00a0: Conf\u00e9rence au colloque \u00ab\u00a0Constructions segment\u00e9es\u00a0\u00bb<\/p>\n<p>Paris 3\u00a0: Conf\u00e9rence au colloque \u00ab\u00a0Christine de Pisan\u00a0\u00bb<\/p>\n<p><strong>2020<\/strong><\/p>\n<p>13 mars\u00a0: Universit\u00e9 Paris 4\u00a0: Conf\u00e9rence dans le cadre du GEHLF (Groupe d\u2019\u00e9tudes sur l\u2019histoire de la langue fran\u00e7aise)\u00a0: \u00ab\u00a0Les latinismes en syntaxe\u00a0\u00bb<\/p>\n<p>27 octobre\u00a0: Universit\u00e9 de S\u00e9ville\u00a0: conf\u00e9rence au Congr\u00e8s \u00ab\u00a0Constructions et op\u00e9rateurs discursifs\u00a0\u00bb<\/p>\n<p><strong>2021<\/strong><\/p>\n<p>23 janvier\u00a0: conf\u00e9rence \u00e0 la Soci\u00e9t\u00e9 des m\u00e9di\u00e9vistes\u00a0: \u00ab\u00a0Pr\u00e9sentation de la <em>Grande Grammaire<\/em> <em>historique du fran\u00e7ais<\/em>\u00a0\u00bb<\/p>\n<p>12 mars\u00a0: conf\u00e9rence \u00e0 la journ\u00e9e du GEHLF\u00a0: \u00ab\u00a0La <em>Grande Grammaire historique du fran\u00e7ais<\/em>\u00a0\u00bb<\/p>\n<p><strong>2022<\/strong><\/p>\n<p>13 mai\u00a0: Paris 10\u00a0: conf\u00e9rence \u00e0 la remise des M\u00e9langes A. Bertin\u00a0: \u00ab\u00a0Linguistique diachronique et corpus informatis\u00e9s\u00a0\u00bb<\/p>\n<p>18 novembre\u00a0: Nancy ATILF\u00a0: Conf\u00e9rence \u00e0 la Journ\u00e9e \u00ab\u00a0Variation\u00a0\u00bb\u00a0: \u00ab\u00a0La variation individuelle en diachronie\u00a0\u00bb<\/p>\n<p>25 novembre : Lausanne (HEP) : conf\u00e9rence : \u00ab Les unit\u00e9s pertinentes en grammaire de phrase et en grammaire de texte \u00bb<\/p>\n<p><strong>2023<\/strong><\/p>\n<p>3 mars\u00a0: Universit\u00e9 de Strasbourg\u00a0: conf\u00e9rence dans le cadre de l\u2019\u00e9quipe de recherche Lilpa\u00a0: \u00ab\u00a0Variation et p\u00e9riodisation\u00a0\u00bb<\/p>\n<p>8 mars\u00a0: Universit\u00e9 de Mons\u00a0: pr\u00e9sentation de la <em>Grande Grammaire du fran\u00e7ais<\/em>.<\/p>\n<p>31 ao\u00fbt\u00a0: Universit\u00e9 libre de Bruxelles\u00a0: conf\u00e9rence au Colloque sur l\u2019enseignement de la grammaire scolaire : \u00ab\u00a0Les avatars de la grammaire de texte dans la didactique du fran\u00e7ais\u00a0\u00bb<\/p>\n<p>24 novembre\u00a0: Visio-conf\u00e9rence (Ecole rh\u00e9nane des Sciences du Langage)\u00a0: \u00ab\u00a0Evolutions dans le domaine de la transitivit\u00e9\u00a0\u00bb<\/p>\n<p><strong>2024<\/strong><\/p>\n<p>1 f\u00e9vrier : Universit\u00e9 de Strasbourg : conf\u00e9rence : \u00ab Variation individuelle et diachronie\u00bb<\/p>\n<p>23 mai\u00a0: Universit\u00e9 Complutense de Madrid\u00a0: communication au colloque Diachro XI avec Annie Kuyumcuyan\u00a0: \u00ab\u00a0Un exemple de la relation syntaxe s\u00e9mantique\u00a0: l\u2019\u00e9volution de la subordonn\u00e9e infinitive en fran\u00e7ais pr\u00e9classique\u00a0\u00bb<\/p>\n<p>27 mai\u00a0: Universit\u00e9 Paris 7\u00a0: expos\u00e9 avec Marie Odoul sur la Grammaire de Wailly<\/p>\n<p>21 juin\u00a0: Nancy\u00a0: Maison de l\u2019Asn\u00e9e\u00a0: conf\u00e9rence\u00a0: \u00ab\u00a0Le cardinal Tisserant et l\u2019orientalisme\u00a0\u00bb<\/p>\n<p><strong>2025<\/strong><\/p>\n<p>12 juin\u00a0: Universit\u00e9 de Nice\u00a0: Journ\u00e9e sur l\u2019ordre des mots dans les grammaires classiques : avec M. Odoul\u00a0: \u00ab\u00a0L\u2019ordre des mots dans la grammaire de Wailly\u00a0\u00bb (1754)<\/p>\n<p>21 mai\u00a0: Universit\u00e9 de Grenoble\u00a0: communication au Colloque SIDF : \u00ab\u00a0Aspects diachroniques de la relation de cataphore\u00a0\u00bb<\/p>\n<p>25 septembre\u00a0: Universit\u00e9 de Constance\u00a0: communication au Colloque Romanistiktag\u00a0: \u00ab\u00a0Ajouts et ponctuation en fran\u00e7ais classique\u00a0\u00bb<\/p>\n<p>21 novembre : Universit\u00e9 de Strasbourg : conf\u00e9rence au Master \u00ab\u00a0Etudes m\u00e9di\u00e9vales\u00a0\u00bb : \u00ab\u00a0Le passage du latin tardif \u00e0 l&rsquo;ancien fran\u00e7ais\u00a0\u00bb<\/p>\n<p>4 d\u00e9cembre : Universit\u00e9 de Grenoble : conf\u00e9rence au \u00ab\u00a0Colloque des Jeunes Chercheurs en diachronie\u00a0\u00bb : \u00ab\u00a0Probl\u00e8mes pos\u00e9s par la p\u00e9riodisation dans la diachronie du fran\u00e7ais\u00a0\u00bb<\/p>\n<p>18 d\u00e9cembre : Universit\u00e9 Paris 4 : conf\u00e9rence au Master \u00ab\u00a0Linguistique historique\u00a0\u00bb : La prise en compte des g\u00e9n\u00e9rations de locuteurs dans les \u00e9tudes diachroniques\u00a0\u00bb<\/p>\n","protected":false},"excerpt":{"rendered":"<p>Conf\u00e9rences 2016 Lundi 26 octobre : Universit\u00e9 de Poitiers : \u00ab\u00a0Continuit\u00e9 r\u00e9f\u00e9rentielle et texte argumentatif en moyen fran\u00e7ais\u00a0\u00bb Vendredi 20 novembre : Paris 4 : \u00ab\u00a0Les fragments apr\u00e8s le point : une cat\u00e9gorie pertinente en fran\u00e7ais pr\u00e9classique et classique\u00a0\u00bb (Groupe d&rsquo;\u00e9tude sur l&rsquo;histoire de la langue fran\u00e7aise) 2017 2-4 f\u00e9vrier : Strasbourg Diachro VIII : [&hellip;]<\/p>\n","protected":false},"author":1,"featured_media":0,"parent":0,"menu_order":0,"comment_status":"closed","ping_status":"closed","template":"","meta":{"footnotes":""},"class_list":["post-21","page","type-page","status-publish","hentry"],"_links":{"self":[{"href":"https:\/\/perso.atilf.fr\/combettes\/wp-json\/wp\/v2\/pages\/21","targetHints":{"allow":["GET"]}}],"collection":[{"href":"https:\/\/perso.atilf.fr\/combettes\/wp-json\/wp\/v2\/pages"}],"about":[{"href":"https:\/\/perso.atilf.fr\/combettes\/wp-json\/wp\/v2\/types\/page"}],"author":[{"embeddable":true,"href":"https:\/\/perso.atilf.fr\/combettes\/wp-json\/wp\/v2\/users\/1"}],"replies":[{"embeddable":true,"href":"https:\/\/perso.atilf.fr\/combettes\/wp-json\/wp\/v2\/comments?post=21"}],"version-history":[{"count":10,"href":"https:\/\/perso.atilf.fr\/combettes\/wp-json\/wp\/v2\/pages\/21\/revisions"}],"predecessor-version":[{"id":298,"href":"https:\/\/perso.atilf.fr\/combettes\/wp-json\/wp\/v2\/pages\/21\/revisions\/298"}],"wp:attachment":[{"href":"https:\/\/perso.atilf.fr\/combettes\/wp-json\/wp\/v2\/media?parent=21"}],"curies":[{"name":"wp","href":"https:\/\/api.w.org\/{rel}","templated":true}]}}