{"id":23,"date":"2015-06-29T13:44:14","date_gmt":"2015-06-29T12:44:14","guid":{"rendered":"https:\/\/apps.atilf.fr\/homepages\/combette\/?page_id=23"},"modified":"2015-11-25T17:35:55","modified_gmt":"2015-11-25T16:35:55","slug":"cv","status":"publish","type":"page","link":"https:\/\/perso.atilf.fr\/combettes\/cv\/","title":{"rendered":"CV"},"content":{"rendered":"<p><span style=\"text-decoration: underline\"><strong>\u00a0<\/strong><\/span><\/p>\n<p>&nbsp;<\/p>\n<p>Bernard Combettes<\/p>\n<p>&nbsp;<\/p>\n<p>N\u00e9 le 6 juin 1942 \u00e0 Montpellier<\/p>\n<p>&nbsp;<\/p>\n<p>Fonction : Professeur \u00e9m\u00e9rite Universit\u00e9 de Lorraine<\/p>\n<p>&nbsp;<\/p>\n<p>Cursus :<\/p>\n<p>Agr\u00e9gation de Grammaire 1964<\/p>\n<p>Th\u00e8se compl\u00e9mentaire (th\u00e8se de troisi\u00e8me cycle) : \u00ab\u00a0Le parler de Viols-le-Fort (H\u00e9rault)\u00a0\u00bb Universit\u00e9 de Nancy (1968)<\/p>\n<p>Doctorat d&rsquo;Etat : \u00ab\u00a0Recherches sur l&rsquo;ordre des \u00e9l\u00e9ments de la phrase en moyen fran\u00e7ais\u00a0\u00bb Universit\u00e9 de Nancy 2 (1988)<\/p>\n<p>Dipl\u00f4me sup\u00e9rieur de Bantou de L&rsquo;Institut National des Langues et Civilisations Orientales.<\/p>\n<p>&nbsp;<\/p>\n<p>Carri\u00e8re professionnelle :<\/p>\n<p>Ma\u00eetre-assistant, puis Ma\u00eetre de Conf\u00e9rences \u00e0 l&rsquo;Universit\u00e9 de Nancy de 1965 \u00e0 1994<\/p>\n<p>Professeur \u00e0 l&rsquo;Universit\u00e9 de Nancy 2, puis \u00e0 l&rsquo;Universit\u00e9 de Lorraine de 1995 \u00e0 2010<\/p>\n<p>&nbsp;<\/p>\n<p>&#8211; Codirecteur du Laboratoire ATILF (Analyse et traitement automatique de la langue fran\u00e7aise), UMR CNRS Nancy 2 (2000-2004)<\/p>\n<p>&#8211; Codirecteur de la revue <em>Verbum<\/em> (Revue de Linguistique de l&rsquo;Universit\u00e9 de Nancy 2)<\/p>\n<p>&nbsp;<\/p>\n<p>Activit\u00e9s de recherche :<\/p>\n<p>&nbsp;<\/p>\n<p>&#8211; Coresponsable (avec C. Marchello-Nizia et S. Pr\u00e9vost) du projet : \u00ab\u00a0Grammaire historique du fran\u00e7ais\u00a0\u00bb (projet soutenu par l&rsquo;ILF (Institut de Linguistique fran\u00e7aise CNRS)<\/p>\n<p>&nbsp;<\/p>\n<p>Recherches portant actuellement sur deux domaines : histoire du fran\u00e7ais (plus particuli\u00e8rement sur les faits de grammaticalisation) ; linguistique textuelle (structure informationnelle de l&rsquo;\u00e9nonc\u00e9).<\/p>\n<p>&nbsp;<\/p>\n<p>&nbsp;<\/p>\n<p><strong>\u00a0<\/strong><\/p>\n<p><strong>\u00a0<\/strong><\/p>\n<p>&nbsp;<\/p>\n<p>&nbsp;<\/p>\n<p>&nbsp;<\/p>\n<p>&nbsp;<\/p>\n<p>&nbsp;<\/p>\n<p><span style=\"text-decoration: underline\"><strong>\u00a0<\/strong><\/span><\/p>\n<p>&nbsp;<\/p>\n","protected":false},"excerpt":{"rendered":"<p>\u00a0 &nbsp; Bernard Combettes &nbsp; N\u00e9 le 6 juin 1942 \u00e0 Montpellier &nbsp; Fonction : Professeur \u00e9m\u00e9rite Universit\u00e9 de Lorraine &nbsp; Cursus : Agr\u00e9gation de Grammaire 1964 Th\u00e8se compl\u00e9mentaire (th\u00e8se de troisi\u00e8me cycle) : \u00ab\u00a0Le parler de Viols-le-Fort (H\u00e9rault)\u00a0\u00bb Universit\u00e9 de Nancy (1968) Doctorat d&rsquo;Etat : \u00ab\u00a0Recherches sur l&rsquo;ordre des \u00e9l\u00e9ments de la phrase en [&hellip;]<\/p>\n","protected":false},"author":1,"featured_media":0,"parent":0,"menu_order":0,"comment_status":"closed","ping_status":"closed","template":"","meta":{"footnotes":""},"class_list":["post-23","page","type-page","status-publish","hentry"],"_links":{"self":[{"href":"https:\/\/perso.atilf.fr\/combettes\/wp-json\/wp\/v2\/pages\/23","targetHints":{"allow":["GET"]}}],"collection":[{"href":"https:\/\/perso.atilf.fr\/combettes\/wp-json\/wp\/v2\/pages"}],"about":[{"href":"https:\/\/perso.atilf.fr\/combettes\/wp-json\/wp\/v2\/types\/page"}],"author":[{"embeddable":true,"href":"https:\/\/perso.atilf.fr\/combettes\/wp-json\/wp\/v2\/users\/1"}],"replies":[{"embeddable":true,"href":"https:\/\/perso.atilf.fr\/combettes\/wp-json\/wp\/v2\/comments?post=23"}],"version-history":[{"count":9,"href":"https:\/\/perso.atilf.fr\/combettes\/wp-json\/wp\/v2\/pages\/23\/revisions"}],"predecessor-version":[{"id":230,"href":"https:\/\/perso.atilf.fr\/combettes\/wp-json\/wp\/v2\/pages\/23\/revisions\/230"}],"wp:attachment":[{"href":"https:\/\/perso.atilf.fr\/combettes\/wp-json\/wp\/v2\/media?parent=23"}],"curies":[{"name":"wp","href":"https:\/\/api.w.org\/{rel}","templated":true}]}}