{"id":19,"date":"2015-06-29T13:43:50","date_gmt":"2015-06-29T12:43:50","guid":{"rendered":"https:\/\/apps.atilf.fr\/homepages\/dmacaire\/?page_id=19"},"modified":"2017-08-06T10:28:23","modified_gmt":"2017-08-06T09:28:23","slug":"animations","status":"publish","type":"page","link":"https:\/\/perso.atilf.fr\/dmacaire\/animations\/","title":{"rendered":"Responsabilit\u00e9s institutionnelles"},"content":{"rendered":"<p><span style=\"text-decoration: underline\"><strong>Responsabilit\u00e9s actuelles<\/strong><\/span><\/p>\n<p>Responsable de l&rsquo;axe de recherche CELMI (Cultures d&rsquo;enseignement des langues en milieu institutionnel), laboratoire ATILF<\/p>\n<p>Responsable du projet financ\u00e9 <em>Kidi+<\/em><\/p>\n<p><span style=\"text-decoration: underline\"><strong>Responsabilit\u00e9s pass\u00e9es<\/strong><\/span><\/p>\n<p>Septembre 2012 &#8211; D\u00e9cembre 2016 : Directrice de l&rsquo;Ecole Doctorale <em>Stanislas, Langages, Temps, Soci\u00e9t\u00e9s<\/em>, Universit\u00e9 de Lorraine (10 laboratoires, environ 220 doctorants)<\/p>\n<p>&nbsp;<\/p>\n","protected":false},"excerpt":{"rendered":"<p>Responsabilit\u00e9s actuelles Responsable de l&rsquo;axe de recherche CELMI (Cultures d&rsquo;enseignement des langues en milieu institutionnel), laboratoire ATILF Responsable du projet financ\u00e9 Kidi+ Responsabilit\u00e9s pass\u00e9es Septembre 2012 &#8211; D\u00e9cembre 2016 : Directrice de l&rsquo;Ecole Doctorale Stanislas, Langages, Temps, Soci\u00e9t\u00e9s, Universit\u00e9 de Lorraine (10 laboratoires, environ 220 doctorants) &nbsp;<\/p>\n","protected":false},"author":1,"featured_media":0,"parent":0,"menu_order":0,"comment_status":"closed","ping_status":"closed","template":"","meta":{"footnotes":""},"class_list":["post-19","page","type-page","status-publish","hentry"],"_links":{"self":[{"href":"https:\/\/perso.atilf.fr\/dmacaire\/wp-json\/wp\/v2\/pages\/19","targetHints":{"allow":["GET"]}}],"collection":[{"href":"https:\/\/perso.atilf.fr\/dmacaire\/wp-json\/wp\/v2\/pages"}],"about":[{"href":"https:\/\/perso.atilf.fr\/dmacaire\/wp-json\/wp\/v2\/types\/page"}],"author":[{"embeddable":true,"href":"https:\/\/perso.atilf.fr\/dmacaire\/wp-json\/wp\/v2\/users\/1"}],"replies":[{"embeddable":true,"href":"https:\/\/perso.atilf.fr\/dmacaire\/wp-json\/wp\/v2\/comments?post=19"}],"version-history":[{"count":7,"href":"https:\/\/perso.atilf.fr\/dmacaire\/wp-json\/wp\/v2\/pages\/19\/revisions"}],"predecessor-version":[{"id":240,"href":"https:\/\/perso.atilf.fr\/dmacaire\/wp-json\/wp\/v2\/pages\/19\/revisions\/240"}],"wp:attachment":[{"href":"https:\/\/perso.atilf.fr\/dmacaire\/wp-json\/wp\/v2\/media?parent=19"}],"curies":[{"name":"wp","href":"https:\/\/api.w.org\/{rel}","templated":true}]}}