{"id":35,"date":"2015-06-29T13:47:31","date_gmt":"2015-06-29T12:47:31","guid":{"rendered":"https:\/\/apps.atilf.fr\/homepages\/dmacaire\/?page_id=35"},"modified":"2022-07-05T12:21:24","modified_gmt":"2022-07-05T11:21:24","slug":"accueil","status":"publish","type":"page","link":"https:\/\/perso.atilf.fr\/dmacaire\/","title":{"rendered":"Accueil"},"content":{"rendered":"<p>&nbsp;<\/p>\n<p style=\"text-align: left\"><strong><a style=\"text-decoration: underline\" href=\"https:\/\/perso.atilf.fr\/dmacaire\/wp-content\/uploads\/sites\/27\/2020\/12\/IAvec-le-chat-en-Chine.jpg\"><img loading=\"lazy\" decoding=\"async\" class=\"alignnone size-medium wp-image-698\" src=\"https:\/\/perso.atilf.fr\/dmacaire\/wp-content\/uploads\/sites\/27\/2020\/12\/IAvec-le-chat-en-Chine-208x300.jpg\" alt=\"\" width=\"208\" height=\"300\" srcset=\"https:\/\/perso.atilf.fr\/dmacaire\/wp-content\/uploads\/sites\/27\/2020\/12\/IAvec-le-chat-en-Chine-208x300.jpg 208w, https:\/\/perso.atilf.fr\/dmacaire\/wp-content\/uploads\/sites\/27\/2020\/12\/IAvec-le-chat-en-Chine-712x1024.jpg 712w, https:\/\/perso.atilf.fr\/dmacaire\/wp-content\/uploads\/sites\/27\/2020\/12\/IAvec-le-chat-en-Chine-768x1105.jpg 768w, https:\/\/perso.atilf.fr\/dmacaire\/wp-content\/uploads\/sites\/27\/2020\/12\/IAvec-le-chat-en-Chine-1067x1536.jpg 1067w, https:\/\/perso.atilf.fr\/dmacaire\/wp-content\/uploads\/sites\/27\/2020\/12\/IAvec-le-chat-en-Chine.jpg 1080w\" sizes=\"auto, (max-width: 208px) 100vw, 208px\" \/> \u00a0<\/a><u>\u00a0\u00a0<\/u><\/strong><\/p>\n<p><strong>Dominique\u00a0MACAIRE\u00a0<\/strong><\/p>\n<p><span style=\"color: #3366ff\"><strong>Fonctions<\/strong><\/span><\/p>\n<p>Enseignant-Chercheure en didactique des langues et du plurilinguisme<\/p>\n<p>Forme des enseignants de la maternelle au sup\u00e9rieur<\/p>\n<p>Professeure des universit\u00e9s, classe exceptionnelle<\/p>\n<p>7\u00e8me section du CNU (sciences du langage et didactique des langues) &amp; 12\u00e8me section du CNU (germanistique)<\/p>\n<p><span style=\"color: #3366ff\"><strong>Curriculum Vitae<\/strong><\/span><\/p>\n<p>Curriculum Vitae en fran\u00e7ais (version longue) :\u00a0<a href=\"https:\/\/perso.atilf.fr\/dmacaire\/wp-content\/uploads\/sites\/27\/2022\/07\/MACAIRE-CV-07-2022.docx\">MACAIRE CV 07 2022<\/a><\/p>\n<p>Curriculum Vitae (version courte) :<\/p>\n<p><a href=\"https:\/\/perso.atilf.fr\/dmacaire\/wp-content\/uploads\/sites\/27\/2019\/04\/MACAIRE-CV-FRAN\u00c7AIS-042019.pdf\">MACAIRE CV FRAN\u00c7AIS 042019<\/a>;<\/p>\n<p><a href=\"https:\/\/perso.atilf.fr\/dmacaire\/wp-content\/uploads\/sites\/27\/2019\/04\/MACAIRE-CV-ENGLISH-042019.pdf\">MACAIRE CV ENGLISH 042019<\/a>;<\/p>\n<p><a href=\"https:\/\/perso.atilf.fr\/dmacaire\/wp-content\/uploads\/sites\/27\/2019\/04\/MACAIRE-CV-DEUTSCH-042019.pdf\">MACAIRE CV DEUTSCH 042019;\u00a0 <\/a><\/p>\n<p><a href=\"https:\/\/perso.atilf.fr\/dmacaire\/wp-content\/uploads\/sites\/27\/2019\/07\/MACAIRE-CV-FRAN\u00c7AIS-CHINOIS-072019-.pdf\">MACAIRE CV FRAN\u00c7AIS CHINOIS 072019<\/a><\/p>\n<p><span style=\"color: #3366ff\"><strong>Coordonn\u00e9es au laboratoire ATILF, UMR 7118<\/strong><\/span><\/p>\n<p>44, avenue de la Lib\u00e9ration<\/p>\n<p>BP30687<\/p>\n<p>F 54063 NANCY Cedex<\/p>\n<p><span style=\"color: #3366ff\"><strong>Pour me joindre<\/strong><\/span><\/p>\n<p>dominique.macaire@univ-lorraine.fr<\/p>\n<p>Tel. portable: +33 607 655 442<\/p>\n","protected":false},"excerpt":{"rendered":"<p>&nbsp; \u00a0\u00a0\u00a0 Dominique\u00a0MACAIRE\u00a0 Fonctions Enseignant-Chercheure en didactique des langues et du plurilinguisme Forme des enseignants de la maternelle au sup\u00e9rieur Professeure des universit\u00e9s, classe exceptionnelle 7\u00e8me section du CNU (sciences du langage et didactique des langues) &amp; 12\u00e8me section du CNU (germanistique) Curriculum Vitae Curriculum Vitae en fran\u00e7ais (version longue) :\u00a0MACAIRE CV 07 2022 Curriculum [&hellip;]<\/p>\n","protected":false},"author":1,"featured_media":0,"parent":0,"menu_order":0,"comment_status":"closed","ping_status":"closed","template":"","meta":{"footnotes":""},"class_list":["post-35","page","type-page","status-publish","hentry"],"_links":{"self":[{"href":"https:\/\/perso.atilf.fr\/dmacaire\/wp-json\/wp\/v2\/pages\/35","targetHints":{"allow":["GET"]}}],"collection":[{"href":"https:\/\/perso.atilf.fr\/dmacaire\/wp-json\/wp\/v2\/pages"}],"about":[{"href":"https:\/\/perso.atilf.fr\/dmacaire\/wp-json\/wp\/v2\/types\/page"}],"author":[{"embeddable":true,"href":"https:\/\/perso.atilf.fr\/dmacaire\/wp-json\/wp\/v2\/users\/1"}],"replies":[{"embeddable":true,"href":"https:\/\/perso.atilf.fr\/dmacaire\/wp-json\/wp\/v2\/comments?post=35"}],"version-history":[{"count":86,"href":"https:\/\/perso.atilf.fr\/dmacaire\/wp-json\/wp\/v2\/pages\/35\/revisions"}],"predecessor-version":[{"id":771,"href":"https:\/\/perso.atilf.fr\/dmacaire\/wp-json\/wp\/v2\/pages\/35\/revisions\/771"}],"wp:attachment":[{"href":"https:\/\/perso.atilf.fr\/dmacaire\/wp-json\/wp\/v2\/media?parent=35"}],"curies":[{"name":"wp","href":"https:\/\/api.w.org\/{rel}","templated":true}]}}