{"id":13,"date":"2015-06-29T13:43:15","date_gmt":"2015-06-29T12:43:15","guid":{"rendered":"https:\/\/apps.atilf.fr\/homepages\/?page_id=13"},"modified":"2023-05-09T06:57:33","modified_gmt":"2023-05-09T05:57:33","slug":"enseignement","status":"publish","type":"page","link":"https:\/\/perso.atilf.fr\/ebeaumont\/enseignement\/","title":{"rendered":"Enseignement"},"content":{"rendered":"<p>2022-2023 \u2013 <strong>Doctorante en mission d\u2019enseignement<\/strong> \u00e0 l\u2019Universit\u00e9 de Lorraine (64h)<\/p>\n<ul>\n<li>CM <em>Genre et langage<\/em>, mineure de la licence 1 de Sciences du Langage (24hCM)<\/li>\n<li>CM <em>Sens et signification<\/em>, mineure de la licence 1 de Sciences du Langage (18hCM)<\/li>\n<li>Intervention dans le CM <em>Enseignement du lexique en FLE<\/em> \u00e0 l&rsquo;Universit\u00e9 de Marmara (Istanbul, Turquie) (2h CM)<\/li>\n<li>Intervention \u00e0 l&rsquo;Universit\u00e9 Galatasaray (Istanbul, Turquie) : \u00ab Langue(s) et pouvoir \u00bb (2h CM)<\/li>\n<\/ul>\n<p>2021-2022 \u2013 <strong>Doctorante en mission d\u2019enseignement<\/strong> \u00e0 l\u2019Universit\u00e9 de Lorraine (64h)<\/p>\n<ul>\n<li>CM <em>Genre et langage<\/em>, mineure de la licence 1 de Sciences du Langage (24h CM)<\/li>\n<li>CM <em>Sens et signification<\/em>, mineure de la licence 1 de Sciences du Langage (18h CM)<\/li>\n<\/ul>\n<p>2020-2021 &#8211; <strong>Doctorante en mission d\u2019enseignement<\/strong> \u00e0 l\u2019Universit\u00e9 Lyon 2 (64h)<\/p>\n<ul>\n<li>TD <em>Pratiques d\u2019\u00e9criture litt\u00e9raire<\/em>, Portail 5 \u00ab Langages et communication \u00bb<\/li>\n<li>TD <em>Analyse ou pratique des \u0153uvres<\/em>, Portail 3 \u00ab Arts \u00bb<\/li>\n<li>Remplacement : TD <em>Histoire litt\u00e9raire des textes en fran\u00e7ais<\/em>, M1 LMI (Lettres Modernes \u00e0 l\u2019International)<\/li>\n<\/ul>\n<p>2017-2020 &#8211; <strong>Lectrice en Lettres modernes<\/strong> \u00e0 l\u2019Universit\u00e9 Galatasaray (Istanbul)<\/p>\n<ul>\n<li>CM <em>Civilisation fran\u00e7aise<\/em>, L1 Litt\u00e9rature et linguistique compar\u00e9e, 2h\/semaine au semestre 1<\/li>\n<li>CM <em>Civilisation latine<\/em>, L1 Litt\u00e9rature et linguistique compar\u00e9e, 2h\/semaine au semestre 2<\/li>\n<li>TD <em>Expression \u00e9crite<\/em>, TC, 3h\/semaine<\/li>\n<li>TD <em>Expression orale<\/em>, TC, 3h\/semaine<\/li>\n<li>Tutorat pour les \u00e9l\u00e8ves de premi\u00e8re ann\u00e9e de classe pr\u00e9paratoire, 4h\/semaine<\/li>\n<\/ul>\n<p>2017-2018 &#8211; <strong>Enseignante de FLE<\/strong> \u00e0 l\u2019Institut fran\u00e7ais d\u2019Istanbul<\/p>\n<ul>\n<li>Niveau A1 : 30h<\/li>\n<li>Niveau B1 : 30h<\/li>\n<\/ul>\n<p><span style=\"text-decoration: underline\"><strong>Direction de m\u00e9moires<\/strong><\/span><\/p>\n<ul>\n<li>Direction de 5 m\u00e9moires de licence, en litt\u00e9rature et linguistique fran\u00e7aise, \u00e0 l&rsquo;Universit\u00e9 Galatasaray (2017 &#8211; 2020)<\/li>\n<\/ul>\n","protected":false},"excerpt":{"rendered":"<p>2022-2023 \u2013 Doctorante en mission d\u2019enseignement \u00e0 l\u2019Universit\u00e9 de Lorraine (64h) CM Genre et langage, mineure de la licence 1 de Sciences du Langage (24hCM) CM Sens et signification, mineure de la licence 1 de Sciences du Langage (18hCM) Intervention dans le CM Enseignement du lexique en FLE \u00e0 l&rsquo;Universit\u00e9 de Marmara (Istanbul, Turquie) (2h [&hellip;]<\/p>\n","protected":false},"author":1,"featured_media":0,"parent":0,"menu_order":0,"comment_status":"closed","ping_status":"closed","template":"","meta":{"footnotes":""},"class_list":["post-13","page","type-page","status-publish","hentry"],"_links":{"self":[{"href":"https:\/\/perso.atilf.fr\/ebeaumont\/wp-json\/wp\/v2\/pages\/13","targetHints":{"allow":["GET"]}}],"collection":[{"href":"https:\/\/perso.atilf.fr\/ebeaumont\/wp-json\/wp\/v2\/pages"}],"about":[{"href":"https:\/\/perso.atilf.fr\/ebeaumont\/wp-json\/wp\/v2\/types\/page"}],"author":[{"embeddable":true,"href":"https:\/\/perso.atilf.fr\/ebeaumont\/wp-json\/wp\/v2\/users\/1"}],"replies":[{"embeddable":true,"href":"https:\/\/perso.atilf.fr\/ebeaumont\/wp-json\/wp\/v2\/comments?post=13"}],"version-history":[{"count":13,"href":"https:\/\/perso.atilf.fr\/ebeaumont\/wp-json\/wp\/v2\/pages\/13\/revisions"}],"predecessor-version":[{"id":377,"href":"https:\/\/perso.atilf.fr\/ebeaumont\/wp-json\/wp\/v2\/pages\/13\/revisions\/377"}],"wp:attachment":[{"href":"https:\/\/perso.atilf.fr\/ebeaumont\/wp-json\/wp\/v2\/media?parent=13"}],"curies":[{"name":"wp","href":"https:\/\/api.w.org\/{rel}","templated":true}]}}