{"id":17,"date":"2015-06-29T13:43:37","date_gmt":"2015-06-29T12:43:37","guid":{"rendered":"https:\/\/apps.atilf.fr\/homepages\/?page_id=17"},"modified":"2023-12-12T10:33:45","modified_gmt":"2023-12-12T09:33:45","slug":"publications","status":"publish","type":"page","link":"https:\/\/perso.atilf.fr\/ebeaumont\/publications\/","title":{"rendered":"Publications"},"content":{"rendered":"<p><strong>Articles \u00e9valu\u00e9s en double aveugle<\/strong><\/p>\n<p>2024 (accept\u00e9, \u00e0 paraitre) &#8211; \u00ab Enseigner une langue qui \u00e9volue : la f\u00e9minisation des noms de m\u00e9tier en didactique du FLE \u00bb, <em>LIDIL<\/em>, 69.<\/p>\n<p>2023 &#8211; (avec Marie Flesch) \u00ab Usages informels du fran\u00e7ais inclusif : \u00e9tude des doublets abr\u00e9g\u00e9s et complets sur TWITTER, REDDIT et YOUTUBE \u00bb, <em>Langue fran\u00e7aise<\/em>, 220, pp. 59-78.<\/p>\n<p>2023 &#8211; <a href=\"http:\/\/journals.openedition.org\/rdlc\/12269\"><span dir=\"ltr\">\u00ab\u00a0Vers une prise en compte de la non-binarit\u00e9 dans l\u2019enseignement du FLE\u00a0\u00bb<\/span><\/a>,\u00a0<em>Recherches en didactique des langues et des cultures<\/em> [En ligne], 21-1\u00a0|\u00a02023, mis en ligne le <span dir=\"ltr\">15 avril 2023<\/span>, consult\u00e9 le <span dir=\"ltr\">23 avril 2023<\/span>.<\/p>\n<p>&nbsp;<\/p>\n<p><strong>Chapitres d&rsquo;ouvrages (avec comit\u00e9 de lecture)<\/strong><\/p>\n<p>2023 &#8211; \u00ab\u00a0Je pense que c&rsquo;est juste pour les hommes\u00a0\u00bb : ambigu\u00eft\u00e9s du masculin g\u00e9n\u00e9rique en FLE, <em><a href=\"https:\/\/www.egitimyayinevi.com\/recherches-et-pratiques-actuelles-en-didactique-des-langues-et-des-cultures\">Recherches et pratiques actuelles en didactique des langues et des cultures<\/a>,\u00a0<\/em>Bet\u00fcl Ertek (dir.),\u00a0E\u011fitim Yay\u0131nevi : Turquie, 148 p.<\/p>\n<p>&nbsp;<\/p>\n<p><strong>Actes de colloque<\/strong><\/p>\n<p>2020 &#8211; (avec Am\u00e9lie Niot) <a href=\"http:\/\/revue-signes.gsu.edu.tr\/article\/-MJGI2eb7Yq5o_Nr_X4N\">\u00ab P\u00e9dagogie de projet et litt\u00e9rature : retour sur la mise en place d\u2019une exposition \u00bb<\/a>, in F. Leli\u00e8vre (coord.), <em>Signes, Discours et Soci\u00e9t\u00e9s<\/em>, XXI. [Actes du Congr\u00e8s de la Francophonie en Turquie, tenu en 2019]\n<p>&nbsp;<\/p>\n<p><strong>Chroniques<\/strong><\/p>\n<p>2023 &#8211; \u00ab <a href=\"https:\/\/journals.openedition.org\/glad\/6828\">Didactique des langues-cultures, genre, intersectionnalit\u00e9 et\u00a0<em>empowerment\u00a0<\/em>f\u00e9ministe : un entretien avec V\u00e9ronique Perry<\/a> \u00bb,\u00a0<em>GLAD!<\/em> [En ligne], 14 | 2023. <span dir=\"ltr\">DOI<\/span>: https:\/\/doi.org\/10.4000\/glad.6828<\/p>\n<p><span dir=\"ltr\">2022 &#8211; <a href=\"http:\/\/journals.openedition.org\/glad\/5927\">\u00ab Le turc, une langue sans genre grammatical : la solution pour une langue plus \u00e9galitaire ? \u00a0\u00bb<\/a><\/span>,\u00a0<em>GLAD!<\/em> [En ligne], 13 | 2022.\u00a0<span dir=\"ltr\">DOI<\/span>\u00a0: https:\/\/doi.org\/10.4000\/glad.5927<\/p>\n<p>&nbsp;<\/p>\n<p><strong>Comptes-rendus d\u2019ouvrage<\/strong><\/p>\n<p>2022 \u2013 <a href=\"https:\/\/www.fabula.org\/lodel\/acta\/document14742.php\">Vinay Swamy et Louisa Mackenzie (dir). 2022 <em>Devenir non-binaire en fran\u00e7ais contemporain<\/em><\/a>, \u00c9ditions Le Manuscrit, Revue <em>Fabula<\/em><\/p>\n<p>2022 \u2013 <a href=\"https:\/\/journals.openedition.org\/glad\/4512\">Pascal Gygax, Sandrine Zufferey et Ute Gabriel. 2021. <em>Le cerveau pense-t-il au masculin\u00a0?<\/em><\/a>, \u00c9ditions Le Robert, Revue <em>Glad\u00a0!<\/em><\/p>\n<p>2021 &#8211; <a href=\"https:\/\/journals.openedition.org\/glad\/2654\">Alain Rabatel et Laurence Rosier (dir.). 2019. \u00ab Les d\u00e9fis de l\u2019\u00e9criture inclusive \u00bb, <em>Le discours et la langue<\/em> 11(1)<\/a>, Revue <em>Glad!<\/em><\/p>\n","protected":false},"excerpt":{"rendered":"<p>Articles \u00e9valu\u00e9s en double aveugle 2024 (accept\u00e9, \u00e0 paraitre) &#8211; \u00ab Enseigner une langue qui \u00e9volue : la f\u00e9minisation des noms de m\u00e9tier en didactique du FLE \u00bb, LIDIL, 69. 2023 &#8211; (avec Marie Flesch) \u00ab Usages informels du fran\u00e7ais inclusif : \u00e9tude des doublets abr\u00e9g\u00e9s et complets sur TWITTER, REDDIT et YOUTUBE \u00bb, Langue [&hellip;]<\/p>\n","protected":false},"author":1,"featured_media":0,"parent":0,"menu_order":0,"comment_status":"closed","ping_status":"closed","template":"","meta":{"footnotes":""},"class_list":["post-17","page","type-page","status-publish","hentry"],"_links":{"self":[{"href":"https:\/\/perso.atilf.fr\/ebeaumont\/wp-json\/wp\/v2\/pages\/17","targetHints":{"allow":["GET"]}}],"collection":[{"href":"https:\/\/perso.atilf.fr\/ebeaumont\/wp-json\/wp\/v2\/pages"}],"about":[{"href":"https:\/\/perso.atilf.fr\/ebeaumont\/wp-json\/wp\/v2\/types\/page"}],"author":[{"embeddable":true,"href":"https:\/\/perso.atilf.fr\/ebeaumont\/wp-json\/wp\/v2\/users\/1"}],"replies":[{"embeddable":true,"href":"https:\/\/perso.atilf.fr\/ebeaumont\/wp-json\/wp\/v2\/comments?post=17"}],"version-history":[{"count":10,"href":"https:\/\/perso.atilf.fr\/ebeaumont\/wp-json\/wp\/v2\/pages\/17\/revisions"}],"predecessor-version":[{"id":379,"href":"https:\/\/perso.atilf.fr\/ebeaumont\/wp-json\/wp\/v2\/pages\/17\/revisions\/379"}],"wp:attachment":[{"href":"https:\/\/perso.atilf.fr\/ebeaumont\/wp-json\/wp\/v2\/media?parent=17"}],"curies":[{"name":"wp","href":"https:\/\/api.w.org\/{rel}","templated":true}]}}