{"id":21,"date":"2015-06-29T13:44:07","date_gmt":"2015-06-29T12:44:07","guid":{"rendered":"https:\/\/apps.atilf.fr\/homepages\/?page_id=21"},"modified":"2023-12-12T10:43:55","modified_gmt":"2023-12-12T09:43:55","slug":"conferences-seminaires","status":"publish","type":"page","link":"https:\/\/perso.atilf.fr\/ebeaumont\/conferences-seminaires\/","title":{"rendered":"Communications"},"content":{"rendered":"<p><strong>Organisation d&rsquo;\u00e9v\u00e8nements scientifiques\u00a0<\/strong><\/p>\n<p>2024 : Colloque international, \u00ab D\u00e9crire et enseigner les langues au prisme du genre \u00bb, \u00e0 l&rsquo;Universit\u00e9 de Lorraine, organis\u00e9e avec le groupe de recherche GIFLEX<\/p>\n<p>2023 : JE jeunes chercheureuses, \u00ab Actualit\u00e9 de la recherche en Genre &amp; Langage \u00bb, (Maison de la Recherche, Universit\u00e9 Sorbonne Nouvelle, Paris), organis\u00e9e avec No\u00e9mie Trovato, Selene Monfort et Tiago Joseph du groupe JCGL (Jeunes Chercheureuses en Genre &amp; Langage)<\/p>\n<p>2023 : JE, <em>Looking through the Gender Lense: Interdisciplinary Perspectives on Gender Studies in Turkey<\/em> (Istanbul, Institut Fran\u00e7ais des \u00c9tudes Anatoliennes), organis\u00e9e avec Marine Ledroit, Eva Bernard et Ludovica Tua<\/p>\n<p>2022 : JE du Collectif GIFLEX (ATILF), <em>Enseignement des langues-cultures et inclusion, dans une perspective f\u00e9ministe\u00a0<\/em>(Nancy, Universit\u00e9 de Lorraine), organis\u00e9e avec Sophie Bailly, Carine Martin et V\u00e9ronique Lemoine-Bresson<\/p>\n<p>2021 : JE du groupe de jeunes chercheureuses Ayak, <em>Enqu\u00eater sur un terrain sensible et\/ou difficile : secrets, tabous, silences, non-dits<\/em> (Istanbul, Institut Fran\u00e7ais des \u00c9tudes Anatoliennes), organis\u00e9e avec Elif Can<\/p>\n<p>&nbsp;<\/p>\n<p><strong>Colloques internationaux <\/strong><\/p>\n<p>2023 \u2013 \u00ab\u00a0Inclusive French on the internet: a quantitative study of tweets and Reddit comments\u00a0\u00bb, <em>2023 AILA World Congress<\/em>, juillet 2023, Lyon, avec Marie Flesch (ATILF).<\/p>\n<p>2023 &#8211; \u00ab\u00a0Apprendre le fran\u00e7ais quand sa langue premi\u00e8re n\u2019a pas de genre grammatical : didactique du FLE et non-binarit\u00e9 en Turquie\u00a0\u00bb, <em>No(s) Futur(s). Genre : bouleversements, utopies, impatiences.<\/em> Congr\u00e8s international du GIS Genre, Toulouse (France), 4-7 juillet 2023.<\/p>\n<p>2022 \u2013 \u00ab Contacts entre langue genr\u00e9e et langue non-genr\u00e9e\u00a0: un enjeu pour l\u2019enseignement-apprentissage du FLE en Turquie \u00bb, Colloque international <em>Le fran\u00e7ais au contact des cultures<\/em>, Association for French Language Studies, Exeter (Royaume-Uni), 18-20 juillet 2022.<\/p>\n<p>2022 \u2013 \u00ab\u00a0Giving Teachers a Voice: Challenges and Opportunities of Collaborative Research to Implement Feminist and Queer Pedagogies at University\u201d, 11<sup>th<\/sup> European Feminist Research Conference, Milan (Italie), 15-18 juin 2022.<\/p>\n<p>&nbsp;<\/p>\n<p><strong>Journ\u00e9es d\u2019\u00e9tude<\/strong><\/p>\n<p>2023 \u2013 (chercheuse invit\u00e9e) \u00ab Learning a gendered language when one&rsquo;s first language has no gender: from constraint to emancipation \u00bb, Workshop <em>Gender and Langage<\/em>, Universit\u00e9 de Stockholm (Su\u00e8de).<\/p>\n<p>2022 \u2013 \u00ab Le langage inclusif en classe de FLE : un outil \u00e0 la fronti\u00e8re entre le\u00a0<em>safe space<\/em> et la conscientisation \u00bb, Journ\u00e9e d&rsquo;\u00c9tude organis\u00e9e par Collectif GIFLEX,\u00a0<em>Enseignement des langues-cultures et inclusion, dans une perspective f\u00e9ministe<\/em>, 9 d\u00e9cembre 2022. <a href=\"https:\/\/ultv.univ-lorraine.fr\/video\/14342-le-langage-inclusif-en-classe-de-fle-un-outil-a-la-frontiere-entre-le-safe-space-et-la-conscientisation-eleonore-de-beaumont-universite-de-lorraine-atilf-equipe-ddlscrapel\/\">Captation vid\u00e9o<\/a><\/p>\n<p>2022 \u2013 (chercheuse invit\u00e9e) <em>Regards crois\u00e9s sur le langage inclusif : Perspectives et mises en pratique en classe de langue<\/em>\u00a0\u00e0 l\u2019Universit\u00e9 McGill (Montr\u00e9al, Canada).<\/p>\n<ul>\n<li>Participation \u00e0 une table ronde sur le langage inclusif, avec Alexandra Dupuy (UQAM)<\/li>\n<li>Communication\u00a0: \u00ab\u00a0Le langage inclusif en classe de langue\u00a0: pourquoi\u00a0? Comment\u00a0? \u00bb<\/li>\n<li>Animation d\u2019un workshop : \u00ab Int\u00e9grer le langage inclusif dans l\u2019enseignement du FLS \u00e0 McGill : pistes d\u2019action concr\u00e8tes et discussion \u00bb<\/li>\n<\/ul>\n<p>2022 \u2013 \u00ab Le genre grammatical \u00e0 l&rsquo;interface entre le fran\u00e7ais et le turc : un enjeu pour la didactique du FLE \u00bb, Journ\u00e9e d&rsquo;\u00c9tude du master Sciences du langage de l&rsquo;Universit\u00e9 de Lorraine. <a href=\"https:\/\/ultv.univ-lorraine.fr\/video\/12345-le-genre-grammatical-a-linterface-entre-le-francais-et-le-turc-un-enjeu-pour-lenseignement-du-fle-eleonore-de-beaumont\/?is_iframe=true\">Captation vid\u00e9o<\/a><\/p>\n<p>2021 &#8211; \u00ab Se taire en tant que chercheuse : des non-dits n\u00e9cessaires ? \u00bb, Journ\u00e9e d\u2019\u00e9tude Ayak, <em>Enqu\u00eater sur un terrain sensible et\/ou difficile : secrets, tabous, silences, non-dits<\/em><\/p>\n<p>&nbsp;<\/p>\n<p><strong>Poster<\/strong><\/p>\n<p>2021 &#8211; \u00ab Le genre grammatical en classe de FLE : attitudes et repr\u00e9sentations des apprenant\u00b7es turcophones \u00bb, Journ\u00e9e scientifique de l\u2019\u00e9cole doctorale SLTC, <em>Un poster pour pr\u00e9senter sa th\u00e8se<\/em> (en ligne)<\/p>\n<p>2021 &#8211; \u00ab Apprendre le fran\u00e7ais lorsque sa langue premi\u00e8re n\u2019a pas de genre \u2013 L\u2019impact des attitudes linguistiques sur l\u2019apprentissage \u00bb, colloque ICODOC 2021, \u00e0 Lyon.<\/p>\n","protected":false},"excerpt":{"rendered":"<p>Organisation d&rsquo;\u00e9v\u00e8nements scientifiques\u00a0 2024 : Colloque international, \u00ab D\u00e9crire et enseigner les langues au prisme du genre \u00bb, \u00e0 l&rsquo;Universit\u00e9 de Lorraine, organis\u00e9e avec le groupe de recherche GIFLEX 2023 : JE jeunes chercheureuses, \u00ab Actualit\u00e9 de la recherche en Genre &amp; Langage \u00bb, (Maison de la Recherche, Universit\u00e9 Sorbonne Nouvelle, Paris), organis\u00e9e avec No\u00e9mie [&hellip;]<\/p>\n","protected":false},"author":1,"featured_media":0,"parent":0,"menu_order":0,"comment_status":"closed","ping_status":"closed","template":"","meta":{"footnotes":""},"class_list":["post-21","page","type-page","status-publish","hentry"],"_links":{"self":[{"href":"https:\/\/perso.atilf.fr\/ebeaumont\/wp-json\/wp\/v2\/pages\/21","targetHints":{"allow":["GET"]}}],"collection":[{"href":"https:\/\/perso.atilf.fr\/ebeaumont\/wp-json\/wp\/v2\/pages"}],"about":[{"href":"https:\/\/perso.atilf.fr\/ebeaumont\/wp-json\/wp\/v2\/types\/page"}],"author":[{"embeddable":true,"href":"https:\/\/perso.atilf.fr\/ebeaumont\/wp-json\/wp\/v2\/users\/1"}],"replies":[{"embeddable":true,"href":"https:\/\/perso.atilf.fr\/ebeaumont\/wp-json\/wp\/v2\/comments?post=21"}],"version-history":[{"count":14,"href":"https:\/\/perso.atilf.fr\/ebeaumont\/wp-json\/wp\/v2\/pages\/21\/revisions"}],"predecessor-version":[{"id":383,"href":"https:\/\/perso.atilf.fr\/ebeaumont\/wp-json\/wp\/v2\/pages\/21\/revisions\/383"}],"wp:attachment":[{"href":"https:\/\/perso.atilf.fr\/ebeaumont\/wp-json\/wp\/v2\/media?parent=21"}],"curies":[{"name":"wp","href":"https:\/\/api.w.org\/{rel}","templated":true}]}}