{"id":19,"date":"2015-06-29T13:43:50","date_gmt":"2015-06-29T12:43:50","guid":{"rendered":"https:\/\/apps.atilf.fr\/homepages\/buchi\/?page_id=19"},"modified":"2017-12-22T07:15:38","modified_gmt":"2017-12-22T06:15:38","slug":"animations","status":"publish","type":"page","link":"https:\/\/perso.atilf.fr\/ebuchi\/animations\/","title":{"rendered":"Animations"},"content":{"rendered":"<h3><span style=\"text-decoration: underline\">Responsabilit\u00e9 actuelle<\/span><\/h3>\n<p>Codirection du <em><a href=\"http:\/\/www.atilf.fr\/DERom\" target=\"_blank\" rel=\"noopener\">Dictionnaire \u00c9tymologique Roman<\/a><\/em> (D\u00c9Rom)<\/p>\n<h3><span style=\"text-decoration: underline\">Responsabilit\u00e9s pass\u00e9es<\/span><\/h3>\n<p><b>2013-2017.<\/b> Direction de l&rsquo;ATILF (UMR 7118 CNRS\/Universit\u00e9 de Lorraine)<\/p>\n<p><b>2006-2012.<\/b> Direction adjointe de l&rsquo;ATILF<\/p>\n<p><b>2004-2011.<\/b> Responsabilit\u00e9 scientifique de l&rsquo;\u00e9quipe \u00ab\u00a0Linguistique historique fran\u00e7aise et romane\u00a0\u00bb de l&rsquo;ATILF<\/p>\n<p><b>2001-2006.<\/b> Responsabilit\u00e9 du \u00ab\u00a0S\u00e9minaire de l&rsquo;ATILF\u00a0\u00bb<\/p>\n<p><b>2001-2003.<\/b> Codirection (avec Jean-Paul Chauveau) de l&rsquo;\u00e9quipe \u00ab\u00a0\u00c9tymologie et histoire du lexique\u00a0\u00bb de l&rsquo;ATILF<\/p>\n<p><b>1998-2001.<\/b> Responsabilit\u00e9 du projet d&rsquo;indexation du FEW (<i>Franz\u00f6sisches Etymologisches W\u00f6rterbuch<\/i>)<\/p>\n<p><b>1995-2000.<\/b> Direction de l&rsquo;\u00e9quipe fran\u00e7aise du projet PatRom (<i>Patronymica Romanica<\/i>)<\/p>\n","protected":false},"excerpt":{"rendered":"<p>Responsabilit\u00e9 actuelle Codirection du Dictionnaire \u00c9tymologique Roman (D\u00c9Rom) Responsabilit\u00e9s pass\u00e9es 2013-2017. Direction de l&rsquo;ATILF (UMR 7118 CNRS\/Universit\u00e9 de Lorraine) 2006-2012. Direction adjointe de l&rsquo;ATILF 2004-2011. Responsabilit\u00e9 scientifique de l&rsquo;\u00e9quipe \u00ab\u00a0Linguistique historique fran\u00e7aise et romane\u00a0\u00bb de l&rsquo;ATILF 2001-2006. Responsabilit\u00e9 du \u00ab\u00a0S\u00e9minaire de l&rsquo;ATILF\u00a0\u00bb 2001-2003. Codirection (avec Jean-Paul Chauveau) de l&rsquo;\u00e9quipe \u00ab\u00a0\u00c9tymologie et histoire du lexique\u00a0\u00bb de [&hellip;]<\/p>\n","protected":false},"author":1,"featured_media":0,"parent":0,"menu_order":0,"comment_status":"closed","ping_status":"closed","template":"","meta":{"footnotes":""},"class_list":["post-19","page","type-page","status-publish","hentry"],"_links":{"self":[{"href":"https:\/\/perso.atilf.fr\/ebuchi\/wp-json\/wp\/v2\/pages\/19","targetHints":{"allow":["GET"]}}],"collection":[{"href":"https:\/\/perso.atilf.fr\/ebuchi\/wp-json\/wp\/v2\/pages"}],"about":[{"href":"https:\/\/perso.atilf.fr\/ebuchi\/wp-json\/wp\/v2\/types\/page"}],"author":[{"embeddable":true,"href":"https:\/\/perso.atilf.fr\/ebuchi\/wp-json\/wp\/v2\/users\/1"}],"replies":[{"embeddable":true,"href":"https:\/\/perso.atilf.fr\/ebuchi\/wp-json\/wp\/v2\/comments?post=19"}],"version-history":[{"count":8,"href":"https:\/\/perso.atilf.fr\/ebuchi\/wp-json\/wp\/v2\/pages\/19\/revisions"}],"predecessor-version":[{"id":1161,"href":"https:\/\/perso.atilf.fr\/ebuchi\/wp-json\/wp\/v2\/pages\/19\/revisions\/1161"}],"wp:attachment":[{"href":"https:\/\/perso.atilf.fr\/ebuchi\/wp-json\/wp\/v2\/media?parent=19"}],"curies":[{"name":"wp","href":"https:\/\/api.w.org\/{rel}","templated":true}]}}