{"id":13,"date":"2015-06-29T13:43:15","date_gmt":"2015-06-29T12:43:15","guid":{"rendered":"https:\/\/apps.atilf.fr\/homepages\/?page_id=13"},"modified":"2025-11-18T12:34:27","modified_gmt":"2025-11-18T11:34:27","slug":"enseignement","status":"publish","type":"page","link":"https:\/\/perso.atilf.fr\/egermain\/enseignement\/","title":{"rendered":"Enseignement"},"content":{"rendered":"<h4><b>Universit\u00e9 Bordeaux Montaigne <\/b><\/h4>\n<p><span style=\"text-decoration: underline\">Master 1 DIFLES, ing\u00e9nieries de formation, contexte pluriels<\/span><\/p>\n<ul>\n<li><strong>Approche actionnelle <\/strong><br \/>\n(3h TD &#8211; 2023\/2024)<\/li>\n<li><strong>Litt\u00e9ratie et comp\u00e9tences de base <\/strong><br \/>\n(3h TD &#8211; 2023\/2024 et 6h TD &#8211; 2024\/2025)<\/li>\n<\/ul>\n<p><span style=\"text-decoration: underline\">Master 2 DIFLES, ing\u00e9nieries de formation, contexte pluriels<\/span><\/p>\n<ul>\n<li><strong>Enseignement aupr\u00e8s d&rsquo;adultes et entr\u00e9e dans l&rsquo;\u00e9crit <\/strong><br \/>\n(3h TD &#8211; 2023\/2024 et 6h TD &#8211; 2024\/2025)<\/li>\n<\/ul>\n<p><span style=\"text-decoration: underline\">DU Didactique du Fran\u00e7ais Langue \u00c9trang\u00e8re Seconde<\/span><\/p>\n<ul>\n<li><strong>Confrontation \u00e0 l&rsquo;enseignement <\/strong><br \/>\n(3h TD &#8211; 2023\/2024 et 6h TD &#8211; 2024\/2025)<\/li>\n<\/ul>\n<p>&nbsp;<\/p>\n<h4><b>IUT Bordeaux Montaigne<\/b><\/h4>\n<p><span style=\"text-decoration: underline\">BUT3 Animation Sociale et socioculturelle<\/span><\/p>\n<ul>\n<li><strong>Interculturalit\u00e9 : enjeux des ateliers de langue fran\u00e7aise <\/strong><br \/>\n(2h TD &#8211; 2024\/2025)<\/li>\n<\/ul>\n","protected":false},"excerpt":{"rendered":"<p>Universit\u00e9 Bordeaux Montaigne Master 1 DIFLES, ing\u00e9nieries de formation, contexte pluriels Approche actionnelle (3h TD &#8211; 2023\/2024) Litt\u00e9ratie et comp\u00e9tences de base (3h TD &#8211; 2023\/2024 et 6h TD &#8211; 2024\/2025) Master 2 DIFLES, ing\u00e9nieries de formation, contexte pluriels Enseignement aupr\u00e8s d&rsquo;adultes et entr\u00e9e dans l&rsquo;\u00e9crit (3h TD &#8211; 2023\/2024 et 6h TD &#8211; 2024\/2025) [&hellip;]<\/p>\n","protected":false},"author":1,"featured_media":0,"parent":0,"menu_order":0,"comment_status":"closed","ping_status":"closed","template":"","meta":{"footnotes":""},"class_list":["post-13","page","type-page","status-publish","hentry"],"_links":{"self":[{"href":"https:\/\/perso.atilf.fr\/egermain\/wp-json\/wp\/v2\/pages\/13","targetHints":{"allow":["GET"]}}],"collection":[{"href":"https:\/\/perso.atilf.fr\/egermain\/wp-json\/wp\/v2\/pages"}],"about":[{"href":"https:\/\/perso.atilf.fr\/egermain\/wp-json\/wp\/v2\/types\/page"}],"author":[{"embeddable":true,"href":"https:\/\/perso.atilf.fr\/egermain\/wp-json\/wp\/v2\/users\/1"}],"replies":[{"embeddable":true,"href":"https:\/\/perso.atilf.fr\/egermain\/wp-json\/wp\/v2\/comments?post=13"}],"version-history":[{"count":10,"href":"https:\/\/perso.atilf.fr\/egermain\/wp-json\/wp\/v2\/pages\/13\/revisions"}],"predecessor-version":[{"id":403,"href":"https:\/\/perso.atilf.fr\/egermain\/wp-json\/wp\/v2\/pages\/13\/revisions\/403"}],"wp:attachment":[{"href":"https:\/\/perso.atilf.fr\/egermain\/wp-json\/wp\/v2\/media?parent=13"}],"curies":[{"name":"wp","href":"https:\/\/api.w.org\/{rel}","templated":true}]}}