{"id":23,"date":"2015-06-29T13:44:14","date_gmt":"2015-06-29T12:44:14","guid":{"rendered":"https:\/\/apps.atilf.fr\/homepages\/?page_id=23"},"modified":"2021-05-21T16:01:28","modified_gmt":"2021-05-21T15:01:28","slug":"cv","status":"publish","type":"page","link":"https:\/\/perso.atilf.fr\/eguelycosta\/cv\/","title":{"rendered":"CV"},"content":{"rendered":"<h2>&#8212;&#8212;&#8212;&#8212;&#8212;<\/h2>\n<h2>Formation<\/h2>\n<p>2018 &#8211; Qualification aux fonctions de Ma\u00eetre de conf\u00e9rences en section 7, Sciences du Langage, linguistique et phon\u00e9tique g\u00e9n\u00e9rales.<\/p>\n<p>Formation \u00e0 l\u2019\u00e9valuation et la gestion de centre d\u2019examen de CELPE-BRAS, INEP (Instituto Nacional de Estudos e Pesquisas Educacionais An\u00edsio Teixeira), Brasilia, Br\u00e9sil.<\/p>\n<p>2017 &#8211; Habilitation \u00e0 l\u2019application de tests TOEFL-ITP et \u00e0 la gestion de centre d\u2019examen, Mastertest, en ligne.<\/p>\n<p>2014 &#8211; Revalidation du doctorat fran\u00e7ais par l\u2019UNICAMP, Universidade Estadual de Campinas, Br\u00e9sil.<\/p>\n<p>2013 &#8211; Qualification aux fonctions de Ma\u00eetre de conf\u00e9rences en section 7, Sciences du Langage, linguistique et phon\u00e9tique g\u00e9n\u00e9rales et en section 70, Sciences de l&rsquo;\u00e9ducation.<\/p>\n<p>2012 &#8211; Doctorat en Sciences du Langage, sp\u00e9cialit\u00e9 didactique des Langues, Universit\u00e9 de Lorraine, en convention CIFRE (Convention Industrielle de Formation par la Recherche) avec l\u2019entreprise International CY.<br \/>\nTitre de la th\u00e8se : \u00ab Distance transactionnelle et apprentissage autodirig\u00e9 de langue \u00e9trang\u00e8re avec soutien : ouverture, dialogue, autonomie et appropriation de dispositif de formation \u00bb, sous la direction de Sophie Bailly, soutenue le 5 juillet 2012. Mention tr\u00e8s honorable \u00e0 l\u2019unanimit\u00e9 du jury compos\u00e9 de Marie-Jos\u00e9 Barbot, Maud Ciekanski et Jean-Paul Narcy-Combes.<\/p>\n<p>2007 &#8211; Master 2 Recherche, Interactions, Sciences du Langage et Didactique des langues, Universit\u00e9 Nancy 2.<br \/>\nTitre du m\u00e9moire : \u00ab Internet et l\u2019autonomie : Un m\u00e9dia et un concept vers un m\u00eame id\u00e9al de l\u2019innovation pour l\u2019apprentissage du fran\u00e7ais langue \u00e9trang\u00e8re ? \u00bb, sous la direction de Sophie Bailly, mention tr\u00e8s bien.<\/p>\n<p>2005 &#8211; Habilitation \u00e0 la formation de correcteurs et d\u2019examinateurs du DELF et du DALF, Centre International d\u2019\u00c9tudes P\u00e9dagogiques, Rio de Janeiro, Br\u00e9sil.<\/p>\n<h2>Activit\u00e9s professionnelles principales<\/h2>\n<p>Depuis septembre 2020 &#8211; MCF en didactique des langues et plurilinguisme, INSPE de Lorraine et ATILF\/CNRS, Universit\u00e9 de Lorraine<\/p>\n<p>2020 &#8211; Cheffe de projet FLE et ing\u00e9nieure p\u00e9dagogique SIAL, Sorbonne Universit\u00e9.<\/p>\n<p>2014\/2019 &#8211; Enseignante en FLE et didactique des langues, D\u00e9partement Acad\u00e9mique de Langues Modernes (DALEM), Universidade Tecnol\u00f3gica Federal do Paran\u00e1, (UTFPR), Curitiba, Br\u00e9sil.<\/p>\n<p>2013\/2014 &#8211; Post-doctorante, Instituto de Estudos da Linguagem (IEL), UNICAMP, Universidade Estadual de Campinas, Br\u00e9sil.<\/p>\n<p>2012\/2013 &#8211; ATER (Attach\u00e9e Temporaire d&rsquo;Enseignement et de Recherches), UFR de Sciences du Langage, Universit\u00e9 de Lorraine.<\/p>\n<p>2012 &#8211; Ing\u00e9nieure de recherche, CNRS \/ ATILF \/ CRAPEL, Universit\u00e9 de Lorraine.<\/p>\n<p>2009\/2012 &#8211; Responsable R&amp;D, International Cy, Paris.<\/p>\n<p>2007\/2008 &#8211; Charg\u00e9e de mission p\u00e9dagogique, CNRS \/ ATILF \/ CRAPEL, Universit\u00e9 Nancy 2.<\/p>\n<p>2006\/2007 &#8211; Enseignante de FLE, CUEF, Universit\u00e9 de Grenoble (UGA) et DEFLE \/ CAFOL, Universit\u00e9 Nancy 2.<\/p>\n<p>2004\/2006 &#8211; Directrice d\u2019Alliance fran\u00e7aise, S\u00e3o Luis, Br\u00e9sil.<\/p>\n","protected":false},"excerpt":{"rendered":"<p>&#8212;&#8212;&#8212;&#8212;&#8212; Formation 2018 &#8211; Qualification aux fonctions de Ma\u00eetre de conf\u00e9rences en section 7, Sciences du Langage, linguistique et phon\u00e9tique g\u00e9n\u00e9rales. Formation \u00e0 l\u2019\u00e9valuation et la gestion de centre d\u2019examen de CELPE-BRAS, INEP (Instituto Nacional de Estudos e Pesquisas Educacionais &hellip; <a href=\"https:\/\/perso.atilf.fr\/eguelycosta\/cv\/\">Continuer la lecture <span class=\"meta-nav\">&rarr;<\/span><\/a><\/p>\n","protected":false},"author":1,"featured_media":0,"parent":0,"menu_order":0,"comment_status":"closed","ping_status":"closed","template":"","meta":{"footnotes":""},"class_list":["post-23","page","type-page","status-publish","hentry"],"_links":{"self":[{"href":"https:\/\/perso.atilf.fr\/eguelycosta\/wp-json\/wp\/v2\/pages\/23","targetHints":{"allow":["GET"]}}],"collection":[{"href":"https:\/\/perso.atilf.fr\/eguelycosta\/wp-json\/wp\/v2\/pages"}],"about":[{"href":"https:\/\/perso.atilf.fr\/eguelycosta\/wp-json\/wp\/v2\/types\/page"}],"author":[{"embeddable":true,"href":"https:\/\/perso.atilf.fr\/eguelycosta\/wp-json\/wp\/v2\/users\/1"}],"replies":[{"embeddable":true,"href":"https:\/\/perso.atilf.fr\/eguelycosta\/wp-json\/wp\/v2\/comments?post=23"}],"version-history":[{"count":11,"href":"https:\/\/perso.atilf.fr\/eguelycosta\/wp-json\/wp\/v2\/pages\/23\/revisions"}],"predecessor-version":[{"id":352,"href":"https:\/\/perso.atilf.fr\/eguelycosta\/wp-json\/wp\/v2\/pages\/23\/revisions\/352"}],"wp:attachment":[{"href":"https:\/\/perso.atilf.fr\/eguelycosta\/wp-json\/wp\/v2\/media?parent=23"}],"curies":[{"name":"wp","href":"https:\/\/api.w.org\/{rel}","templated":true}]}}