{"id":13,"date":"2015-06-29T13:43:15","date_gmt":"2015-06-29T12:43:15","guid":{"rendered":"https:\/\/apps.atilf.fr\/homepages\/frederiquebrinhenry\/?page_id=13"},"modified":"2026-02-13T13:55:12","modified_gmt":"2026-02-13T12:55:12","slug":"enseignement","status":"publish","type":"page","link":"https:\/\/perso.atilf.fr\/frederiquebrinhenry\/enseignement\/","title":{"rendered":"Enseignements principaux r\u00e9cents"},"content":{"rendered":"<div dir=\"ltr\">\n<p><b>2019-2026: Formation Continue des Orthophonistes :<\/b> Les \u00c9crits Professionnels et Scientifiques en Orthophonie \/ la direction de m\u00e9moire en orthophonie<\/p>\n<p>interventions en IFSI et M2 IPA (infirmier en pratiques avanc\u00e9es)<\/p>\n<p>L\u2019\u00c9ducation Th\u00e9rapeutique du Patient en orthophonie : aide au montage de programmes (Suisse)<\/p>\n<p><b>2014-2018: <\/b><b>Formation Continue des Orthophonistes: <\/b>l\u2019\u00c9ducation Th\u00e9rapeutique du Patient en orthophonie (Paris, Champagne, Pays de Loire, Rh\u00f4ne-Alpes, Languedoc&#8230;)<\/p>\n<p><strong>2016-2018<\/strong>: M2 Centres de formation des orthophonistes Strasbourg et Tours: L&rsquo;Education Th\u00e9rapeutique du Patient (UE 4.4)<\/p>\n<p>Interventions en M2 EMlex (Universit\u00e9 de Lorraine), et dans le DIU Sant\u00e9 Orale (universit\u00e9 de France-Comt\u00e9)<\/p>\n<p style=\"text-align: justify\"><b><span style=\"font-size: medium\">Encadrement de m\u00e9moires de recherche en orthophonie (les plus r\u00e9cents&#8230;)<br \/>\n<\/span><\/b><\/p>\n<ul style=\"text-align: justify\">\n<li style=\"text-align: justify\">Alv\u00e8s P. (2021) : Analyse des repr\u00e9sentations du normal au pathologique en orthophonie (Strasbourg)<\/li>\n<li>Demay P. et Lacoste D (2021) : \u00c9tat des lieux des pratiques professionnelles des orthophonistes en unit\u00e9 neurovasculaire en France. Co-direction S. Li\u00e9gey (Paris)<\/li>\n<li style=\"text-align: justify\">Dolveck M. (2019): \u00c9tude r\u00e9trospective monocentrique de la pertinence de la temporalit\u00e9 dans la description de l\u2019aphasie apr\u00e8s un accident vasculaire c\u00e9r\u00e9bral isch\u00e9mique<\/li>\n<li style=\"text-align: justify\">Lesage E. (2018) : Implication d\u2019un patient ressource aphasique en \u00e9ducation th\u00e9rapeutique du patient : \u00e9tat des lieux et analyse discursive th\u00e9matique<\/li>\n<li style=\"text-align: justify\">Pichelin L. (2018): mise au point d&rsquo;une proc\u00e9dure d&rsquo;attribution des mots-cl\u00e9s pour l&rsquo;indexation de la litt\u00e9rature scientifique en orthophonie<\/li>\n<li style=\"text-align: justify\">Lefort B (2018): effets de l\u2019\u00e9lectrostimulation dans les dysphagies d&rsquo;origine neurologique : une revue syst\u00e9matique. Co-direction V. Ruglio (Paris)<\/li>\n<li style=\"text-align: justify\">Leblic A. (2013) et Li\u00e9gey S. (2016): \u00c9tude de la compr\u00e9hension orale des phrases n\u00e9gatives complexes chez 4\u00a0 personnes c\u00e9r\u00e9brol\u00e9s\u00e9es. Co-direction F. Namer (Nancy)<\/li>\n<li style=\"text-align: justify\">Fr\u00e9minet M et Louvet P (2015): introduction de l&rsquo;\u00e9coute musicale dans la prise en charge orthophonique de la personne ayant pr\u00e9sent\u00e9 un AVC (Nancy)<\/li>\n<li style=\"text-align: justify\">Audart A (2014) : communiquer avec un aphasique s\u00e9v\u00e8re: action aupr\u00e8s du personnel soignant (Nancy)<\/li>\n<li style=\"text-align: justify\">Guille H. (2014) : \u00a0Int\u00e9r\u00eat de l&rsquo;intervention orthophonique \u00a0sur les repr\u00e9sentations cognitives de l\u2019acte de lecture chez les personnes illettr\u00e9es chercheurs de sens en situation de formation en entreprise (Nancy)<\/li>\n<li>Cesar Ch. (2013) : Impact d\u2019un programme d\u2019Education Th\u00e9rapeutique du Patient sur la communication et la qualit\u00e9 de vie de personnes aphasiques et leurs aidants (Nancy)<\/li>\n<\/ul>\n<p>&nbsp;<\/p>\n<\/div>\n","protected":false},"excerpt":{"rendered":"<p>2019-2026: Formation Continue des Orthophonistes : Les \u00c9crits Professionnels et Scientifiques en Orthophonie \/ la direction de m\u00e9moire en orthophonie interventions en IFSI et M2 IPA (infirmier en pratiques avanc\u00e9es) L\u2019\u00c9ducation Th\u00e9rapeutique du Patient en orthophonie : aide au montage &hellip; <a href=\"https:\/\/perso.atilf.fr\/frederiquebrinhenry\/enseignement\/\">Continuer la lecture <span class=\"meta-nav\">&rarr;<\/span><\/a><\/p>\n","protected":false},"author":1,"featured_media":0,"parent":0,"menu_order":0,"comment_status":"closed","ping_status":"closed","template":"","meta":{"footnotes":""},"class_list":["post-13","page","type-page","status-publish","hentry"],"_links":{"self":[{"href":"https:\/\/perso.atilf.fr\/frederiquebrinhenry\/wp-json\/wp\/v2\/pages\/13","targetHints":{"allow":["GET"]}}],"collection":[{"href":"https:\/\/perso.atilf.fr\/frederiquebrinhenry\/wp-json\/wp\/v2\/pages"}],"about":[{"href":"https:\/\/perso.atilf.fr\/frederiquebrinhenry\/wp-json\/wp\/v2\/types\/page"}],"author":[{"embeddable":true,"href":"https:\/\/perso.atilf.fr\/frederiquebrinhenry\/wp-json\/wp\/v2\/users\/1"}],"replies":[{"embeddable":true,"href":"https:\/\/perso.atilf.fr\/frederiquebrinhenry\/wp-json\/wp\/v2\/comments?post=13"}],"version-history":[{"count":28,"href":"https:\/\/perso.atilf.fr\/frederiquebrinhenry\/wp-json\/wp\/v2\/pages\/13\/revisions"}],"predecessor-version":[{"id":581,"href":"https:\/\/perso.atilf.fr\/frederiquebrinhenry\/wp-json\/wp\/v2\/pages\/13\/revisions\/581"}],"wp:attachment":[{"href":"https:\/\/perso.atilf.fr\/frederiquebrinhenry\/wp-json\/wp\/v2\/media?parent=13"}],"curies":[{"name":"wp","href":"https:\/\/api.w.org\/{rel}","templated":true}]}}