{"id":15,"date":"2015-06-29T13:43:26","date_gmt":"2015-06-29T12:43:26","guid":{"rendered":"https:\/\/apps.atilf.fr\/homepages\/frederiquebrinhenry\/?page_id=15"},"modified":"2026-02-13T13:53:40","modified_gmt":"2026-02-13T12:53:40","slug":"projets","status":"publish","type":"page","link":"https:\/\/perso.atilf.fr\/frederiquebrinhenry\/projets\/","title":{"rendered":"Missions d&rsquo;expertise"},"content":{"rendered":"<p style=\"text-align: justify\">2021 &#8211; 2026 :<\/p>\n<p style=\"text-align: justify\">Expertises de projets de recherche param\u00e9dicale interr\u00e9gionaux et nationaux<\/p>\n<p>Membre du r\u00e9seau interr\u00e9gional de recherche param\u00e9dicale<\/p>\n<p style=\"text-align: justify\">Reviewing articles scientifiques<\/p>\n<p style=\"text-align: justify\">Membre du comit\u00e9 scientifique de Fno Form<\/p>\n<p>Membre du bureau puis charg\u00e9e de mission identit\u00e9 professionnelle et recherche \u00e0 la F\u00e9d\u00e9ration Nationale des Orthophonistes (2019-2025)<\/p>\n<p style=\"text-align: justify\">2017-2021 :<\/p>\n<p>Expertises de projets de recherche param\u00e9dicale et d&rsquo;articles scientifiques (orthophonie, terminologie, ETP) pour la France et le Royaume Uni.<\/p>\n<p>Membre du Comit\u00e9 de Direction Scientifique du laboratoire ATILF<\/p>\n<p>Organisation du 4\u00e8me <strong>colloque de Recherche Clinique et Param\u00e9dicale<\/strong> du Centre Hospitalier de Bar-le-Duc le 10 octobre 2019<\/p>\n<p style=\"text-align: justify\">2015-2017 :<\/p>\n<p style=\"text-align: justify\">Organisation du 3\u00e8me <strong>colloque de Recherche Clinique et Param\u00e9dicale<\/strong> du Centre Hospitalier de Bar-le-Duc le 12 octobre 2017<\/p>\n<p style=\"text-align: justify\">Co-organisation du <b>colloque interr\u00e9gional de Recherche Param\u00e9dicale<\/b> \u00e0 Nancy le 31 mars 2016 avec l&rsquo;ANFH et l&rsquo;ARS Lorraine.<\/p>\n<p style=\"text-align: justify\">Membre du conseil scientifique des organismes de formation en orthophonie\u00a0: SOLFormation et FNO&rsquo;Form.<\/p>\n<p style=\"text-align: justify\">2013-2014 :<\/p>\n<p style=\"padding-left: 30px;text-align: justify\">Co-organisation du <b>2\u00e8me colloque interr\u00e9gional de Recherche Param\u00e9dicale<\/b> \u00e0 Bar-le-Duc le 27 novembre 2014 (http:\/\/www.girci-est.fr\/)<\/p>\n<p style=\"padding-left: 30px;text-align: justify\">Coordination d&rsquo;un num\u00e9ro sp\u00e9cial Education Th\u00e9rapeutique du Patient de la revue <b>R\u00e9\u00e9ducation Orthophonique<\/b> n\u00b0259<\/p>\n<p style=\"padding-left: 30px;text-align: justify\">Membre du comit\u00e9 scientifique\u00a0de la recherche-action <b>GEVA <\/b>volet psychologique (CNSA\/ APPEA)<\/p>\n<p style=\"padding-left: 30px;text-align: justify\">Relecture d&rsquo;article pour la revue <b>TRANEL<\/b>\u00a0et <b>A.N.A.E.,\u00a0<\/b>num\u00e9ro sp\u00e9cial de la revue <b>VERBUM<\/b>\u00a0 : La composition n\u00e9oclassique (coord. S. Lignon et F. Namer)<\/p>\n<p style=\"padding-left: 30px;text-align: justify\">Membre du jury du\u00a0<b>festival international audiovisuel en Orthophonie<\/b>, Nancy, 9,10 et 11 novembre 2013<\/p>\n<p>&nbsp;<\/p>\n<p style=\"text-align: justify\"><span lang=\"EN-GB\">2010-2014 : Participation au projet Europ\u00e9en <b>NetQues<\/b>\u00a0(2010-2013): Network for Tuning Standards and Quality of Education programmes in Speech and Language Therapy across Europe.<\/span><\/p>\n<p style=\"text-align: justify\">2012\u00a0: Participation au consortium\u00a0<b>Corpus Ecrits<\/b>, pilot\u00e9 par l&rsquo;Institut de Linguistique Fran\u00e7aise, groupe \u00ab\u00a0description collaborative de corpus et outils \u2013 m\u00e9tadonn\u00e9es\u00a0\u00bb.<\/p>\n<p style=\"text-align: justify\">2010 \u2013 2013\u00a0: Membre du groupe de travail sur le r\u00e9f\u00e9rentiel <b>Formation Initiale des Orthophonistes<\/b> en pr\u00e9paration aupr\u00e8s du Minist\u00e8re de la Sant\u00e9 et du Minist\u00e8re de l\u2019Enseignement Sup\u00e9rieur et de la Recherche.<\/p>\n<p style=\"text-align: justify\">2011\u00a0: Membre du <b>Conseil scientifique<\/b> du 25e Congr\u00e8s International des Orthophonistes organis\u00e9 le 30 septembre, 1er et 2 octobre 2011, Metz.<\/p>\n<p style=\"text-align: justify\">2007 et 2009\u00a0: Missions d\u2019expertise aupr\u00e8s de la <b>Haute Autorit\u00e9 de Sant\u00e9<\/b>\u00a0: examen de la nomenclature des actes pratiqu\u00e9s par des orthophonistes<\/p>\n<p>&nbsp;<\/p>\n<p style=\"text-align: justify\"><b><span style=\"font-size: medium\">autres comp\u00e9tences:<\/span><\/b><\/p>\n<p style=\"text-align: justify\">traductrice (anglais fran\u00e7ais) \u00a0pour le Comit\u00e9 Permanent de Liaison des Orthophonistes\/logop\u00e8des de l&rsquo;Union Europ\u00e9enne depuis 1988 (interpr\u00e9tariat cons\u00e9cutif jusqu&rsquo;en 2008)<\/p>\n","protected":false},"excerpt":{"rendered":"<p>2021 &#8211; 2026 : Expertises de projets de recherche param\u00e9dicale interr\u00e9gionaux et nationaux Membre du r\u00e9seau interr\u00e9gional de recherche param\u00e9dicale Reviewing articles scientifiques Membre du comit\u00e9 scientifique de Fno Form Membre du bureau puis charg\u00e9e de mission identit\u00e9 professionnelle et &hellip; <a href=\"https:\/\/perso.atilf.fr\/frederiquebrinhenry\/projets\/\">Continuer la lecture <span class=\"meta-nav\">&rarr;<\/span><\/a><\/p>\n","protected":false},"author":1,"featured_media":0,"parent":0,"menu_order":0,"comment_status":"closed","ping_status":"closed","template":"","meta":{"footnotes":""},"class_list":["post-15","page","type-page","status-publish","hentry"],"_links":{"self":[{"href":"https:\/\/perso.atilf.fr\/frederiquebrinhenry\/wp-json\/wp\/v2\/pages\/15","targetHints":{"allow":["GET"]}}],"collection":[{"href":"https:\/\/perso.atilf.fr\/frederiquebrinhenry\/wp-json\/wp\/v2\/pages"}],"about":[{"href":"https:\/\/perso.atilf.fr\/frederiquebrinhenry\/wp-json\/wp\/v2\/types\/page"}],"author":[{"embeddable":true,"href":"https:\/\/perso.atilf.fr\/frederiquebrinhenry\/wp-json\/wp\/v2\/users\/1"}],"replies":[{"embeddable":true,"href":"https:\/\/perso.atilf.fr\/frederiquebrinhenry\/wp-json\/wp\/v2\/comments?post=15"}],"version-history":[{"count":30,"href":"https:\/\/perso.atilf.fr\/frederiquebrinhenry\/wp-json\/wp\/v2\/pages\/15\/revisions"}],"predecessor-version":[{"id":579,"href":"https:\/\/perso.atilf.fr\/frederiquebrinhenry\/wp-json\/wp\/v2\/pages\/15\/revisions\/579"}],"wp:attachment":[{"href":"https:\/\/perso.atilf.fr\/frederiquebrinhenry\/wp-json\/wp\/v2\/media?parent=15"}],"curies":[{"name":"wp","href":"https:\/\/api.w.org\/{rel}","templated":true}]}}