{"id":19,"date":"2015-06-29T13:43:50","date_gmt":"2015-06-29T12:43:50","guid":{"rendered":"https:\/\/apps.atilf.fr\/homepages\/frederiquebrinhenry\/?page_id=19"},"modified":"2026-02-26T12:16:07","modified_gmt":"2026-02-26T11:16:07","slug":"animations","status":"publish","type":"page","link":"https:\/\/perso.atilf.fr\/frederiquebrinhenry\/animations\/","title":{"rendered":"Publications et Communications r\u00e9centes"},"content":{"rendered":"<div dir=\"ltr\">\n<p style=\"text-align: justify\"><b>Articles et chapitres d\u2019ouvrage, ouvrages<\/b><\/p>\n<p style=\"text-align: justify\"><b>2026 :<\/b><\/p>\n<ul>\n<li>Brin-Henry, F.,\u00a0 Le Clercq de Lannoy, T., Besan\u00e7on, R., Ferret, O., Tourille, J., Vieru, B. (2026). Annotation automatique des classes s\u00e9mantiques dans des comptes rendus de bilans orthophoniques : int\u00e9r\u00eat de la coop\u00e9ration entre terrain clinique et de recherche, <em>Terminologica<\/em>, actes de la conf\u00e9rence TOTh 2024.<\/li>\n<\/ul>\n<p style=\"text-align: justify\"><b>2025 :<\/b><\/p>\n<ul>\n<li>Brin-Henry, F., Roublot, P., &amp; Vacher, P. (2025). <em data-start=\"108\" data-end=\"162\">L\u2019aphasie \u00e0 l\u2019\u00e8re du num\u00e9rique : une revue narrative <\/em>[version fran\u00e7aise r\u00e9vis\u00e9e]. HAL. <a class=\"decorated-link cursor-pointer\" href=\"https:\/\/hal.science\/hal-05416911\" target=\"_new\" rel=\"noopener\" data-start=\"169\" data-end=\"201\">https:\/\/hal.science\/hal-05416911<\/a><\/li>\n<li>Brin-Henry, F., Roublot, P., &amp; Vacher, P. (2025). <em data-start=\"122\" data-end=\"170\">Aphasia in the digital era: A narrative review<\/em>. HAL. <a class=\"decorated-link cursor-pointer\" href=\"https:\/\/hal.science\/hal-05208286\" target=\"_new\" rel=\"noopener\" data-start=\"177\" data-end=\"209\">https:\/\/hal.science\/hal-05208286<\/a><\/li>\n<li>Brin-Henry, F. (2025) D\u00e9finir l&rsquo;identit\u00e9 professionnelle des orthophonistes : des savoirs uniques, un enjeu de taille. <em>Orthomagazine<\/em> Vol 31 &#8211; N\u00b0 176 (12-14). Elsevier-Masson.<\/li>\n<\/ul>\n<p><strong>2024 :<\/strong><\/p>\n<ul>\n<li>Brin-Henry, F. (Dir) (2024). <a href=\"https:\/\/www.college-francais-orthophonie.fr\/wp-content\/uploads\/2024\/07\/Orthophonie_identite-professionnelle-et-expertise_juin2024.pdf\">Orthophonie: Identit\u00e9 professionnelle et expertise<\/a>. De Boeck Sup\u00e9rieur. <b><\/b><\/li>\n<\/ul>\n<\/li>\n<p style=\"text-align: justify\"><b>2023 :<\/b><\/p>\n<\/ul>\n<ul>\n<li>Brin-Henry F., Namer F. (2023). Mesurer la similarit\u00e9 morphologique entre mot produit et mot attendu chez les adultes avec aphasie : \u00e9tude pilote. <em>Lexique<\/em> [En ligne], 33 | 2023, mis en ligne le 01 d\u00e9cembre 2023, <a href=\"https:\/\/www.peren-revues.fr\/lexique\/1077\">http:\/\/www.peren-revues.fr\/lexique\/1077<\/a><\/li>\n<li>Brin-Henry F., Dolveck M. (2023).\u00a0 De l\u2019int\u00e9r\u00eat d\u2019inclure la temporalit\u00e9 dans la description de l\u2019aphasie apr\u00e8s un AVC isch\u00e9mique. <em>Aphasie et domaines associ\u00e9s<\/em> N\u00b02\/2023 <a href=\"https:\/\/aphasie.org\/wp-content\/uploads\/2023\/12\/231205_Fachzeitschrift-1.pdf\">ISSN 1664-859<\/a><\/li>\n<li>Brin-Henry F., Flatet A. (2023). Une analyse des m\u00e9tadonn\u00e9es de la revue fran\u00e7aise R\u00e9\u00e9ducation orthophonique (1997-2018), <em>Humanit\u00e9s num\u00e9riques<\/em> [En ligne], 8 | 2023, mis en ligne le 01 d\u00e9cembre 2023. \u00a0<a href=\"https:\/\/journals-openedition-org.bases-doc.univ-lorraine.fr\/revuehn\/3699\">http:\/\/journals.openedition.org.bases-doc.univ-lorraine.fr\/revuehn\/3699<\/a><\/li>\n<li>Brin-Henry F. (2023). Education th\u00e9rapeutique du patient (ETP) et troubles neurocognitifs majeurs. <em>R\u00e9\u00e9ducation orthophonique<\/em>, n\u00b0 295, p.299-316<\/li>\n<\/ul>\n<p style=\"text-align: justify\"><b>2022 et 2021 :<\/b><\/p>\n<ul>\n<li>Brin-Henry F., (2022), Education Th\u00e9rapeutique du patient et orthophonie : ETP, in Sainson, C., Bollor\u00e9, C., &amp; Trauchessec, J. Neurologie et orthophonie : Prise en soin. De Boeck Sup\u00e9rieur<\/li>\n<li>Charlier R., Lavandier K., Evon P., Gory B., Brin-Henry F., Richard S. (2022). Pr\u00e9valence et caract\u00e9ristiques de la douleur chez les patients atteints de Scl\u00e9rose Lat\u00e9rale Amyotrophique : Etude observationnelle r\u00e9trospective monocentrique \u00e0 partir de 15 cas admis au Centre Hospitalier de Bar-le-Duc (Grand-Est, France). <em>Revue francophone internationale de recherche infirmi\u00e8re<\/em>.<\/li>\n<li>Brin-Henry F. &amp; Knittel ML. (2021) De qui parle-t-on \u2013 et comment \u2013 dans les comptes rendus de bilan orthophonique ? in Alexandrovska A. &amp; Meyer J-P (Dir) Nommer l\u2019Humain : descriptions, cat\u00e9gorisations, enjeux (collection Langages et Discours en d\u00e9bats). Ed L\u2019Harmattan.<\/li>\n<li>Brin-Henry, F., Courrier, C., Lederl\u00e9, E., &amp; Masy, V. (2021).\u00a0<i>Dictionnaire d&rsquo;orthophonie<\/i>. Ortho \u00e9dition.<\/li>\n<li>Brin-Henry F. &amp; Knittel ML. (2021) L\u2019usage des termes difficult\u00e9(s) et trouble(s) dans un corpus de comptes rendus de bilans orthophoniques. <em>L\u2019Entre-deux<\/em> n\u00b010, revue \u00e9lectronique du centre de recherches Textes et Cultures.<\/li>\n<li>Brin-Henry F., Costa R. &amp; Despres S. (2021) Construction collaborative d\u2019une ressource termino-ontologique pour le domaine de l\u2019orthophonie fond\u00e9e sur la temporalit\u00e9. <em>Terminologica<\/em>, Presses Universitaires de Savoie<\/li>\n<li>Le Clercq De Lannoy T., Besancon R., Ferret O., Tourille J., Brin-Henry F., Vieru B. (2022). Extraction et analyse de concepts m\u00e9dicaux dans un corpus de sp\u00e9cialit\u00e9 en orthophonie. In : Journ\u00e9es Jointes des Groupements de Recherche LIFT-TAL. CNRS, 2022. p. 99-108.<\/li>\n<li>Le Clercq De Lannoy T., Besancon R., Ferret O., Tourille J., Brin-Henry F., Vieru B. (2022). Strat\u00e9gies d\u2019adaptation pour la reconnaissance d\u2019entit\u00e9s m\u00e9dicales en fran\u00e7ais. TALN-RECITAL 2022.<\/li>\n<\/ul>\n<\/div>\n","protected":false},"excerpt":{"rendered":"<p>Articles et chapitres d\u2019ouvrage, ouvrages 2026 : Brin-Henry, F.,\u00a0 Le Clercq de Lannoy, T., Besan\u00e7on, R., Ferret, O., Tourille, J., Vieru, B. (2026). Annotation automatique des classes s\u00e9mantiques dans des comptes rendus de bilans orthophoniques : int\u00e9r\u00eat de la coop\u00e9ration &hellip; <a href=\"https:\/\/perso.atilf.fr\/frederiquebrinhenry\/animations\/\">Continuer la lecture <span class=\"meta-nav\">&rarr;<\/span><\/a><\/p>\n","protected":false},"author":1,"featured_media":0,"parent":0,"menu_order":0,"comment_status":"closed","ping_status":"closed","template":"","meta":{"footnotes":""},"class_list":["post-19","page","type-page","status-publish","hentry"],"_links":{"self":[{"href":"https:\/\/perso.atilf.fr\/frederiquebrinhenry\/wp-json\/wp\/v2\/pages\/19","targetHints":{"allow":["GET"]}}],"collection":[{"href":"https:\/\/perso.atilf.fr\/frederiquebrinhenry\/wp-json\/wp\/v2\/pages"}],"about":[{"href":"https:\/\/perso.atilf.fr\/frederiquebrinhenry\/wp-json\/wp\/v2\/types\/page"}],"author":[{"embeddable":true,"href":"https:\/\/perso.atilf.fr\/frederiquebrinhenry\/wp-json\/wp\/v2\/users\/1"}],"replies":[{"embeddable":true,"href":"https:\/\/perso.atilf.fr\/frederiquebrinhenry\/wp-json\/wp\/v2\/comments?post=19"}],"version-history":[{"count":97,"href":"https:\/\/perso.atilf.fr\/frederiquebrinhenry\/wp-json\/wp\/v2\/pages\/19\/revisions"}],"predecessor-version":[{"id":585,"href":"https:\/\/perso.atilf.fr\/frederiquebrinhenry\/wp-json\/wp\/v2\/pages\/19\/revisions\/585"}],"wp:attachment":[{"href":"https:\/\/perso.atilf.fr\/frederiquebrinhenry\/wp-json\/wp\/v2\/media?parent=19"}],"curies":[{"name":"wp","href":"https:\/\/api.w.org\/{rel}","templated":true}]}}