{"id":21,"date":"2015-06-29T13:44:07","date_gmt":"2015-06-29T12:44:07","guid":{"rendered":"https:\/\/apps.atilf.fr\/homepages\/frederiquebrinhenry\/?page_id=21"},"modified":"2015-09-17T14:02:17","modified_gmt":"2015-09-17T13:02:17","slug":"conferences-seminaires","status":"publish","type":"page","link":"https:\/\/perso.atilf.fr\/frederiquebrinhenry\/conferences-seminaires\/","title":{"rendered":"Responsabilit\u00e9s institutionnelles"},"content":{"rendered":"<div dir=\"ltr\">\n<p style=\"text-align: justify\">Depuis 2013\u00a0:<\/p>\n<p style=\"padding-left: 30px;text-align: justify\"><b>Chef de projet Recherche <\/b>: Responsable de la cellule recherche au sein d\u2019un \u00e9tablissement hospitalier, charg\u00e9e de projet recherche param\u00e9dicale,\u00a0soutien \u00e0 la recherche clinique de l&rsquo;\u00e9tablissement.<\/p>\n<p style=\"text-align: justify\">2009-2013\u00a0: <b>Directrice des Etudes<\/b> de l\u2019Ecole d\u2019Orthophonie de Lorraine :<\/p>\n<p style=\"padding-left: 30px;text-align: justify\"><i><span style=\"font-size: small\">Responsabilit\u00e9 de l\u2019organisation p\u00e9dagogique, Planification annuelle des emplois du temps (90 intervenants),<\/span><\/i><\/p>\n<p style=\"padding-left: 30px;text-align: justify\"><i><span style=\"font-size: small\">R\u00e9organisation compl\u00e8te du secr\u00e9tariat (outils informatiques et gestion des ressources humaines)\u00a0: encadrement de 2 adjoints administratifs.<\/span><\/i><\/p>\n<p style=\"padding-left: 30px;text-align: justify\"><i><span style=\"font-size: small\">Gestion des 160 \u00e9tudiants (accompagnement p\u00e9dagogique, organisation des 1200h de stages pratiques par \u00e9tudiant)<\/span><\/i><\/p>\n<p style=\"padding-left: 30px;text-align: justify\"><i><span style=\"font-size: small\">Repr\u00e9sentation aupr\u00e8s des instances, \u00e9tablissement de liens avec les laboratoires de recherche dans le cadre de la mise en place de l\u2019Universit\u00e9 de Lorraine.<\/span><\/i><\/p>\n<p style=\"padding-left: 30px;text-align: justify\"><i><span style=\"font-size: small\">Organisation de\u00a0 s\u00e9minaires \u00e0 destination des enseignants et ma\u00eetres de stage\u00a0:<\/span><\/i><\/p>\n<p style=\"padding-left: 60px;text-align: justify\"><span style=\"font-size: small\">\u00b7\u00a0\u00a0\u00a0\u00a0\u00a0\u00a0\u00a0\u00a0 <i>juin 2010\u00a0: Voix et Parole<\/i><\/span><\/p>\n<p style=\"padding-left: 60px;text-align: justify\"><span style=\"font-size: small\">\u00b7\u00a0\u00a0\u00a0\u00a0\u00a0\u00a0\u00a0\u00a0 <i>octobre 2010\u00a0: Ethique et orthophonie<\/i><\/span><\/p>\n<p style=\"padding-left: 60px;text-align: justify\"><span style=\"font-size: small\">\u00b7\u00a0\u00a0\u00a0\u00a0\u00a0\u00a0\u00a0\u00a0 <i>avril 2011: Inclusion et Handicap<\/i><\/span><\/p>\n<p style=\"padding-left: 60px;text-align: justify\"><span style=\"font-size: small\">\u00b7\u00a0\u00a0\u00a0\u00a0\u00a0\u00a0\u00a0\u00a0 <i>juin 2011 et juin 2012\u00a0: Direction de M\u00e9moire<\/i><\/span><\/p>\n<p style=\"padding-left: 60px;text-align: justify\"><span style=\"font-size: small\">\u00b7\u00a0\u00a0\u00a0\u00a0\u00a0\u00a0\u00a0\u00a0 <i>f\u00e9vrier 2012\u00a0: Veille Documentaire<\/i><\/span><\/p>\n<p style=\"padding-left: 30px;text-align: justify\"><span style=\"font-size: small\"><b><i>Depuis 2001\u00a0:<\/i><\/b><i> Direction de m\u00e9moires de recherche en Orthophonie\u00a0: Lyon\u00a02001 (Labatut J), Nancy 2005 (Plard A), Nancy 2010 (Jeannin E), Nancy 2011 (M\u00e9n\u00e9trier R.), Nancy 2012 (Pineau S., Huin C et Beaumont S., Marcilly C.), Nancy 2013 (C\u00e9sar Ch, Leblic A, Jeanpert H), Nancy 2014 (Audart A,Guille H).<\/i><\/span><\/p>\n<p style=\"text-align: justify\"><span style=\"font-size: small\"><b>\u00a0 \u00a0 \u00a0 \u00a0Membre du jury<\/b> des \u00e9preuves orales de l\u2019examen d\u2019aptitudes (concours d\u2019orthophonie) de la Facult\u00e9 de M\u00e9decine de Nancy.<\/span><\/p>\n<p style=\"text-align: justify\"><span style=\"font-size: small\">1997-2000 :\u00a0<\/span><\/p>\n<p style=\"padding-left: 30px;text-align: justify\"><span style=\"font-size: small\"><b>R\u00e9dactrice en chef<\/b> de la revue \u00e0 comit\u00e9 de lecture GLOSSA <a href=\"http:\/\/www.glossa.fr\/\" rel=\"nofollow\">http:\/\/www.glossa.fr\/<\/a><\/span><\/p>\n<\/div>\n","protected":false},"excerpt":{"rendered":"<p>Depuis 2013\u00a0: Chef de projet Recherche : Responsable de la cellule recherche au sein d\u2019un \u00e9tablissement hospitalier, charg\u00e9e de projet recherche param\u00e9dicale,\u00a0soutien \u00e0 la recherche clinique de l&rsquo;\u00e9tablissement. 2009-2013\u00a0: Directrice des Etudes de l\u2019Ecole d\u2019Orthophonie de Lorraine : Responsabilit\u00e9 de &hellip; <a href=\"https:\/\/perso.atilf.fr\/frederiquebrinhenry\/conferences-seminaires\/\">Continuer la lecture <span class=\"meta-nav\">&rarr;<\/span><\/a><\/p>\n","protected":false},"author":1,"featured_media":0,"parent":0,"menu_order":0,"comment_status":"closed","ping_status":"closed","template":"","meta":{"footnotes":""},"class_list":["post-21","page","type-page","status-publish","hentry"],"_links":{"self":[{"href":"https:\/\/perso.atilf.fr\/frederiquebrinhenry\/wp-json\/wp\/v2\/pages\/21","targetHints":{"allow":["GET"]}}],"collection":[{"href":"https:\/\/perso.atilf.fr\/frederiquebrinhenry\/wp-json\/wp\/v2\/pages"}],"about":[{"href":"https:\/\/perso.atilf.fr\/frederiquebrinhenry\/wp-json\/wp\/v2\/types\/page"}],"author":[{"embeddable":true,"href":"https:\/\/perso.atilf.fr\/frederiquebrinhenry\/wp-json\/wp\/v2\/users\/1"}],"replies":[{"embeddable":true,"href":"https:\/\/perso.atilf.fr\/frederiquebrinhenry\/wp-json\/wp\/v2\/comments?post=21"}],"version-history":[{"count":18,"href":"https:\/\/perso.atilf.fr\/frederiquebrinhenry\/wp-json\/wp\/v2\/pages\/21\/revisions"}],"predecessor-version":[{"id":237,"href":"https:\/\/perso.atilf.fr\/frederiquebrinhenry\/wp-json\/wp\/v2\/pages\/21\/revisions\/237"}],"wp:attachment":[{"href":"https:\/\/perso.atilf.fr\/frederiquebrinhenry\/wp-json\/wp\/v2\/media?parent=21"}],"curies":[{"name":"wp","href":"https:\/\/api.w.org\/{rel}","templated":true}]}}