{"id":35,"date":"2015-06-29T13:47:31","date_gmt":"2015-06-29T12:47:31","guid":{"rendered":"https:\/\/apps.atilf.fr\/homepages\/frederiquebrinhenry\/?page_id=35"},"modified":"2026-01-26T15:53:51","modified_gmt":"2026-01-26T14:53:51","slug":"accueil","status":"publish","type":"page","link":"https:\/\/perso.atilf.fr\/frederiquebrinhenry\/","title":{"rendered":"Accueil"},"content":{"rendered":"<p><b><span style=\"color: #666666\">Orthophoniste cadre de sant\u00e9 et\u00a0<\/span><\/b><b><span style=\"color: #666666\">Docteure en Sciences du Langage<\/span><\/b><\/p>\n<p><b>Chef de projet Charg\u00e9e de mission Recherche<\/b> au Centre Hospitalier de Bar-le-Duc (55)<\/p>\n<p>Exercice clinique salari\u00e9 en service hospitalier MPR et UNV,<\/p>\n<p>Membre du Laboratoire Analyse et Traitement Informatique de la Langue Fran\u00e7aise<span style=\"color: #444444;font-family: arial,sans-serif\"><b>\u00a0<\/b><\/span>ATILF\u2013 Universit\u00e9 de Lorraine, UMR 7118<\/p>\n<p><span style=\"text-decoration: underline\"><strong>Coordonn\u00e9es au laboratoire ATILF<\/strong><\/span><\/p>\n\n<table id=\"tablepress-4\" class=\"tablepress tablepress-id-4\">\n<tbody class=\"row-striping\">\n<tr class=\"row-1\">\n\t<td class=\"column-1\">\u00c9quipe<\/td><td class=\"column-2\">LEXIQUE<\/td>\n<\/tr>\n<tr class=\"row-2\">\n\t<td class=\"column-1\">Courriel<\/td><td class=\"column-2\"><a href=\"mailto:frederique.henry@atilf.fr\">frederique.henry@atilf.fr<\/a><\/td>\n<\/tr>\n<tr class=\"row-3\">\n\t<td class=\"column-1\">T\u00e9l\u00e9phone<\/td><td class=\"column-2\">+33 (0)3 54 50 51 12<\/td>\n<\/tr>\n<tr class=\"row-4\">\n\t<td class=\"column-1\">T\u00e9l\u00e9copie<\/td><td class=\"column-2\">+33 (0)3 83 97 24 56<\/td>\n<\/tr>\n<tr class=\"row-5\">\n\t<td class=\"column-1\">Lieu<\/td><td class=\"column-2\">Bureau S02- <a href=\"http:\/\/www.atilf.fr\/spip.php?article70\" target=\"_blank\">B\u00e2timent CNRS<\/a><\/td>\n<\/tr>\n<tr class=\"row-6\">\n\t<td class=\"column-1\">Adresse<\/td><td class=\"column-2\">ATILF (CNRS &amp; Universit\u00e9 de Lorraine) <br \/>\n44, avenue de la Lib\u00e9ration <br \/>\nB.P. 30687 <br \/>\n54063 Nancy Cedex<\/td>\n<\/tr>\n<\/tbody>\n<\/table>\n<!-- #tablepress-4 from cache -->\n<p><span style=\"text-decoration: underline\"><strong>Coordonn\u00e9es personnelles<\/strong><\/span><\/p>\n\n<table id=\"tablepress-5\" class=\"tablepress tablepress-id-5\">\n<tbody class=\"row-striping row-hover\">\n<tr class=\"row-1\">\n\t<td class=\"column-1\">email<\/td><td class=\"column-2\"><a href=\"mailto:fbhenry@orange.fr\">fbhenry@orange.fr<\/a><\/td>\n<\/tr>\n<\/tbody>\n<\/table>\n<!-- #tablepress-5 from cache -->\n<p><span style=\"text-decoration: underline\"><strong>\u00a0<\/strong><\/span><\/p>\n<p><span style=\"text-decoration: underline\"><strong>Formation universitaire<br \/>\n<\/strong><\/span><\/p>\n<p><b>2016<\/b><\/p>\n<p><b>DIU Neurovasculaire param\u00e9dical, <\/b>universit\u00e9 Paris Descartes<\/p>\n<p><b>2011\u00a0<\/b><\/p>\n<p><span style=\"font-size: medium\"><b>Doctorat en Sciences du Langage,\u00a0<\/b>th\u00e8se<b>\u00a0<\/b>soutenue le 18 novembre 2011<br \/>\n<\/span><i><span style=\"font-size: medium\">La terminologie cr\u00e9e-t-elle la pathologie\u00a0? le cas de la pratique clinique de la pose du diagnostic orthophonique.<\/span><\/i><\/p>\n<p><span style=\"font-size: medium\">Sous la direction de Richard DUDA, Professeur en Sciences du Langage,\u00a0\u00e9quipe CRAPEL du laboratoire ALTIF\/CNRS, UMR 7118 de l\u2019universit\u00e9 de Nancy 2<\/span><\/p>\n<p><span style=\"font-size: medium\">Mention tr\u00e8s honorable avec les f\u00e9licitations du jury<br \/>\nMembres du jury\u00a0: Richard Duda, Genevi\u00e8ve de Weck, Pierre Lerat, Jean-Paul Narcy-Combes.<br \/>\ndisponible sur HAL:\u00a0<\/span><a href=\"http:\/\/tel.archives-ouvertes.fr\/tel-00655952\/\" rel=\"nofollow\">http:\/\/tel.archives-ouvertes.fr\/tel-00655952\/<br \/>\n<\/a>qualification CNU 7e section<\/p>\n<p><b>1987<br \/>\n<i>European Certificate of Language Pathology<\/i><\/b>\u00a0d\u00e9livr\u00e9 par l&rsquo;Universit\u00e9 Libre de Bruxelles (Belgique).<\/p>\n<p><b>1985<br \/>\n<\/b><span style=\"font-size: medium\"><b>Certificat de Capacit\u00e9 d&rsquo;Orthophoniste<\/b>\u00a0d\u00e9livr\u00e9 par la facult\u00e9 de m\u00e9decine de Nancy 1<\/span><\/p>\n","protected":false},"excerpt":{"rendered":"<p>Orthophoniste cadre de sant\u00e9 et\u00a0Docteure en Sciences du Langage Chef de projet Charg\u00e9e de mission Recherche au Centre Hospitalier de Bar-le-Duc (55) Exercice clinique salari\u00e9 en service hospitalier MPR et UNV, Membre du Laboratoire Analyse et Traitement Informatique de la &hellip; <a href=\"https:\/\/perso.atilf.fr\/frederiquebrinhenry\/\">Continuer la lecture <span class=\"meta-nav\">&rarr;<\/span><\/a><\/p>\n","protected":false},"author":1,"featured_media":0,"parent":0,"menu_order":0,"comment_status":"closed","ping_status":"closed","template":"","meta":{"footnotes":""},"class_list":["post-35","page","type-page","status-publish","hentry"],"_links":{"self":[{"href":"https:\/\/perso.atilf.fr\/frederiquebrinhenry\/wp-json\/wp\/v2\/pages\/35","targetHints":{"allow":["GET"]}}],"collection":[{"href":"https:\/\/perso.atilf.fr\/frederiquebrinhenry\/wp-json\/wp\/v2\/pages"}],"about":[{"href":"https:\/\/perso.atilf.fr\/frederiquebrinhenry\/wp-json\/wp\/v2\/types\/page"}],"author":[{"embeddable":true,"href":"https:\/\/perso.atilf.fr\/frederiquebrinhenry\/wp-json\/wp\/v2\/users\/1"}],"replies":[{"embeddable":true,"href":"https:\/\/perso.atilf.fr\/frederiquebrinhenry\/wp-json\/wp\/v2\/comments?post=35"}],"version-history":[{"count":47,"href":"https:\/\/perso.atilf.fr\/frederiquebrinhenry\/wp-json\/wp\/v2\/pages\/35\/revisions"}],"predecessor-version":[{"id":565,"href":"https:\/\/perso.atilf.fr\/frederiquebrinhenry\/wp-json\/wp\/v2\/pages\/35\/revisions\/565"}],"wp:attachment":[{"href":"https:\/\/perso.atilf.fr\/frederiquebrinhenry\/wp-json\/wp\/v2\/media?parent=35"}],"curies":[{"name":"wp","href":"https:\/\/api.w.org\/{rel}","templated":true}]}}