{"id":13,"date":"2015-06-29T13:43:15","date_gmt":"2015-06-29T12:43:15","guid":{"rendered":"https:\/\/apps.atilf.fr\/homepages\/gmelison\/?page_id=13"},"modified":"2020-03-03T14:36:51","modified_gmt":"2020-03-03T13:36:51","slug":"enseignement","status":"publish","type":"page","link":"https:\/\/perso.atilf.fr\/ghirchwald\/enseignement\/","title":{"rendered":"Enseignement"},"content":{"rendered":"<p><span style=\"text-decoration: underline\"><strong>Contexte institutionnel<\/strong><\/span><\/p>\n<p><strong>Depuis 2009<\/strong> Ma\u00eetre de conf\u00e9rences en sciences de l\u2019information et de la communication (71<sup>e<\/sup>\u00a0section),\u00a0Universit\u00e9 de Lorraine<\/p>\n<p><strong>2008 \u2013 2009\u00a0<\/strong>Professeur de Lettres modernes, Universit\u00e9 de Franche-Comt\u00e9<\/p>\n<p><strong>2006 \u2013 2008<\/strong>\u00a0 ATER, Universit\u00e9 de Lorraine<\/p>\n<p><strong>1999 \u2013 2006<\/strong> Professeur de lettres modernes \u2013 titulaire rempla\u00e7ant, Acad\u00e9mie de Nancy-Metz<\/p>\n<p>&nbsp;<\/p>\n<p>&nbsp;<\/p>\n<p><span style=\"text-decoration: underline\"><strong>Enseignements<\/strong><\/span><\/p>\n<p>2016-2020\u00a0\u00a0\u00a0\u00a0\u00a0\u00a0 \u00a0 Double service soit 384 h \u00e9quivalent TD en tant que ma\u00eetre de conf\u00e9rences<\/p>\n<p>2009-2016\u00a0\u00a0\u00a0\u00a0\u00a0\u00a0\u00a0\u00a0 192 h \u00e9quivalent TD en tant que ma\u00eetre de conf\u00e9rences + entre 20 et 130h compl\u00e9mentaires<\/p>\n<p>2008 \u2013 2009\u00a0 \u00a0 \u00a0 384 h \u00e9quivalent TD en tant que PRCE<\/p>\n<p>2006 \u2013 2008\u00a0\u00a0\u00a0\u00a0 96 h \u00e9quivalent TD en tant qu\u2019ATER (demi-poste)<\/p>\n<p>&nbsp;<\/p>\n<p>&nbsp;<\/p>\n<p>Liste des cours<\/p>\n<p>En licence de lettres modernes (facult\u00e9 des lettres de Nancy)<\/p>\n<p>Humanit\u00e9s num\u00e9riques (L3\u00a0: CM)<\/p>\n<p>Enseignement en ligne de fran\u00e7ais (ERUDI)<\/p>\n<p>En DUT m\u00e9tiers du multim\u00e9dia et de l\u2019internet (MMI)<\/p>\n<p>Information et communication\u00a0; expression \u00e9crite et orale\u00a0; histoire des m\u00e9dias et de la presse du XIX<sup>e<\/sup> si\u00e8cle en particulier\u00a0; histoire de l\u2019art et s\u00e9miologie\u00a0; module compl\u00e9mentaire adaptations, influences, r\u00e9\u00e9critures, emprunts (AIRE)\u00a0; techniques de recherche d\u2019emploi\u00a0; gestion de projet<\/p>\n<p>2010 : En DUT informatique<\/p>\n<p>Cultures et soci\u00e9t\u00e9s\u00a0; communication et d\u00e9veloppement durable<\/p>\n<p>En licence professionnelle M\u00e9tiers du num\u00e9rique (MN)<\/p>\n<p>Techniques de recherche d\u2019emploi\u00a0; th\u00e9ories de la communication\u00a0; m\u00e9diation et publics<\/p>\n<p>En licence professionnelle tourisme et activit\u00e9s de montagne (TAM)<\/p>\n<p>Module de communication\u00a0; module d\u2019expression \u00e9crite et orale<\/p>\n<p>2016-2019 : En classe pr\u00e9paratoire universitaire (facult\u00e9 des sciences de Vandoeuvre)<\/p>\n<p>Modules de compl\u00e9ments de fran\u00e7ais\u00a0; culture g\u00e9n\u00e9rale, culture scientifique<\/p>\n<p>En Espagne (Universit\u00e9 de Murcie) en tant qu\u2019invit\u00e9e<\/p>\n<p><strong>Avril 2018<\/strong>\u00a0\u00a0\u00a0\u00a0\u00a0\u00a0\u00a0\u00a0\u00a0\u00a0 4 s\u00e9minaires sur la litt\u00e9rature au XIX<sup>e<\/sup> si\u00e8cle (niveau master)\u00a0: r\u00e9ception de la litt\u00e9rature fran\u00e7aise dans la presse \u00e9trang\u00e8re\u00a0; atelier d\u2019\u00e9criture\u00a0; lexicographie sur corpus informatis\u00e9s\u00a0; Alphonse Daudet et la presse.<\/p>\n<p>Depuis 2018\u00a0\u00a0\u00a0\u00a0\u00a0\u00a0\u00a0 R\u00e9f\u00e9rent langue fran\u00e7aise au laboratoire ATILF.<\/p>\n<p>Responsable rem\u00e9diation en orthographe \u00e0 l\u2019IUT de Saint-Di\u00e9-des-Vosges (plateforme Orthodidacte)<\/p>\n<p><span style=\"text-decoration: underline\"><strong>Direction et rapports de m\u00e9moires et de th\u00e8ses<\/strong><\/span><\/p>\n<p>2013-2017\u00a0\u00a0\u00a0\u00a0\u00a0\u00a0\u00a0\u00a0\u00a0\u00a0 Codirection de th\u00e8se avec l\u2019Universit\u00e9 de Murcie aux c\u00f4t\u00e9s des professeurs P. M\u00e9ndez Robles et C. Palacios Bernal, E. Jorge Martinez, <em>La Repr\u00e9sentation du quotidien dans l\u2019\u0153uvre narrative de Daudet<\/em>, th\u00e8se soutenue le 11 juillet 2017<\/p>\n<p>2018\u00a0\u00a0\u00a0\u00a0\u00a0\u00a0\u00a0\u00a0\u00a0\u00a0\u00a0\u00a0\u00a0\u00a0\u00a0\u00a0\u00a0\u00a0\u00a0 Rapporteur pour la th\u00e8se de M. Kafala, <em>Le R\u00f4le d\u2019Am\u00e9d\u00e9e Pichot dans l\u2019implantation d\u2019id\u00e9es litt\u00e9raires anglaises en France de 1825 \u00e0 1850<\/em>, dir. P.-J. Dufief, th\u00e8se soutenue le 10\u00a0d\u00e9cembre\u00a02018<\/p>\n<p>2017\u00a0\u00a0\u00a0\u00a0\u00a0\u00a0\u00a0\u00a0\u00a0\u00a0\u00a0\u00a0\u00a0\u00a0\u00a0\u00a0\u00a0\u00a0\u00a0 Rapporteur pour la th\u00e8se d\u2019E. B\u00e9d\u00e9e, <em>L\u2019Insurrection dans le roman du XIX<sup>e<\/sup> si\u00e8cle\u00a0: de Prosper M\u00e9rim\u00e9e \u00e0 Lucien Descaves<\/em>, dir. P.-J. Dufief, th\u00e8se soutenue le 15\u00a0d\u00e9cembre\u00a02017<\/p>\n<p>2016\u00a0\u00a0\u00a0\u00a0\u00a0\u00a0\u00a0\u00a0\u00a0\u00a0\u00a0\u00a0\u00a0\u00a0\u00a0\u00a0\u00a0\u00a0\u00a0 Rapporteur pour la th\u00e8se de C. Citron\u00a0: <em>L\u2019Imaginaire de la crise dans l\u2019\u0153uvre romanesque d\u2019Alphonse Daudet<\/em>, dir. A. del Lungo, th\u00e8se soutenue le 12 d\u00e9cembre 2016<\/p>\n","protected":false},"excerpt":{"rendered":"<p>Contexte institutionnel Depuis 2009 Ma\u00eetre de conf\u00e9rences en sciences de l\u2019information et de la communication (71e\u00a0section),\u00a0Universit\u00e9 de Lorraine 2008 \u2013 2009\u00a0Professeur de Lettres modernes, Universit\u00e9 de Franche-Comt\u00e9 2006 \u2013 2008\u00a0 ATER, Universit\u00e9 de Lorraine 1999 \u2013 2006 Professeur de lettres modernes \u2013 titulaire rempla\u00e7ant, Acad\u00e9mie de Nancy-Metz &nbsp; &nbsp; Enseignements 2016-2020\u00a0\u00a0\u00a0\u00a0\u00a0\u00a0 \u00a0 Double service soit [&hellip;]<\/p>\n","protected":false},"author":1,"featured_media":0,"parent":0,"menu_order":0,"comment_status":"closed","ping_status":"closed","template":"","meta":{"footnotes":""},"class_list":["post-13","page","type-page","status-publish","hentry"],"_links":{"self":[{"href":"https:\/\/perso.atilf.fr\/ghirchwald\/wp-json\/wp\/v2\/pages\/13","targetHints":{"allow":["GET"]}}],"collection":[{"href":"https:\/\/perso.atilf.fr\/ghirchwald\/wp-json\/wp\/v2\/pages"}],"about":[{"href":"https:\/\/perso.atilf.fr\/ghirchwald\/wp-json\/wp\/v2\/types\/page"}],"author":[{"embeddable":true,"href":"https:\/\/perso.atilf.fr\/ghirchwald\/wp-json\/wp\/v2\/users\/1"}],"replies":[{"embeddable":true,"href":"https:\/\/perso.atilf.fr\/ghirchwald\/wp-json\/wp\/v2\/comments?post=13"}],"version-history":[{"count":12,"href":"https:\/\/perso.atilf.fr\/ghirchwald\/wp-json\/wp\/v2\/pages\/13\/revisions"}],"predecessor-version":[{"id":249,"href":"https:\/\/perso.atilf.fr\/ghirchwald\/wp-json\/wp\/v2\/pages\/13\/revisions\/249"}],"wp:attachment":[{"href":"https:\/\/perso.atilf.fr\/ghirchwald\/wp-json\/wp\/v2\/media?parent=13"}],"curies":[{"name":"wp","href":"https:\/\/api.w.org\/{rel}","templated":true}]}}